{"id":109,"date":"2015-10-28T00:23:17","date_gmt":"2015-10-28T00:23:17","guid":{"rendered":"http:\/\/new.worklinkweb.com\/?page_id=109"},"modified":"2025-07-18T16:08:10","modified_gmt":"2025-07-18T20:08:10","slug":"resources","status":"publish","type":"page","link":"https:\/\/worklinkweb.com\/es\/juventud\/recursos\/","title":{"rendered":"Recursos"},"content":{"rendered":"<div class=\"wpb-content-wrapper\"><div class=\"vc_row wpb_row vc_row-fluid\"><div class=\"wpb_column vc_column_container vc_col-sm-12\"><div class=\"vc_column-inner\"><div class=\"wpb_wrapper\">\n\t<div class=\"wpb_text_column wpb_content_element\" >\n\t\t<div class=\"wpb_wrapper\">\n\t\t\t<p><img loading=\"lazy\" decoding=\"async\" class=\"alignright size-medium wp-image-4098\" src=\"https:\/\/worklinkweb.com\/wp-content\/uploads\/2021\/05\/AdobeStock_383187316-Students-800px-300x200.jpg\" alt=\"\" width=\"300\" height=\"200\" srcset=\"https:\/\/worklinkweb.com\/wp-content\/uploads\/2021\/05\/AdobeStock_383187316-Students-800px-300x200.jpg 300w, https:\/\/worklinkweb.com\/wp-content\/uploads\/2021\/05\/AdobeStock_383187316-Students-800px-768x512.jpg 768w, https:\/\/worklinkweb.com\/wp-content\/uploads\/2021\/05\/AdobeStock_383187316-Students-800px-16x12.jpg 16w, https:\/\/worklinkweb.com\/wp-content\/uploads\/2021\/05\/AdobeStock_383187316-Students-800px.jpg 800w\" sizes=\"auto, (max-width: 300px) 100vw, 300px\" \/>Comenzar un camino hacia su carrera puede implicar muchos pasos y una variedad de recursos. Si necesita m\u00e1s informaci\u00f3n sobre nuestros programas, utilice los enlaces de la izquierda. Los recursos adicionales a continuaci\u00f3n tambi\u00e9n pueden ayudarlo a encontrar un programa educativo, explorar opciones profesionales y planificar su pr\u00f3ximo paso.<\/p>\n<p>WorkLink also provides several resources for employers. If you are an employer interested in providing work experience, internships, apprenticeships, or job shadowing opportunities for youth ages 17-24, please contact Palmetto Youth Connections program manager Ann Marie Baker at (864) 634-8861 or <a href=\"mailto:annmarieb@eckerd.org\">annmarieb@eckerd.org<\/a> para obtener m\u00e1s ayuda.<\/p>\n\n\t\t<\/div>\n\t<\/div>\n<\/div><\/div><\/div><\/div><div class=\"vc_row wpb_row vc_row-fluid\"><div class=\"wpb_column vc_column_container vc_col-sm-4\"><div class=\"vc_column-inner\"><div class=\"wpb_wrapper\">\n\t<div class=\"wpb_text_column wpb_content_element\" >\n\t\t<div class=\"wpb_wrapper\">\n\t\t\t<h3>Educaci\u00f3n m\u00e1s alta<\/h3>\n<ul>\n<li><a href=\"http:\/\/www.tctc.edu\/\" target=\"_blank\" rel=\"noopener noreferrer\"><strong>Colegio T\u00e9cnico Tri-County<\/strong><\/a><strong><a href=\"http:\/\/www.gvltec.edu\/\"><br \/>\n<\/a><\/strong><\/li>\n<li><strong><a href=\"http:\/\/www.gvltec.edu\/\" target=\"_blank\" rel=\"noopener noreferrer\">Colegio T\u00e9cnico de Greenville<br \/>\n<\/a><\/strong><\/li>\n<li><strong><a href=\"http:\/\/www.andersonuniversity.edu\/\" target=\"_blank\" rel=\"noopener noreferrer\">Universidad de Anderson<br \/>\n<\/a><\/strong><\/li>\n<li><strong><a href=\"http:\/\/www.clemson.edu\/\" target=\"_blank\" rel=\"noopener noreferrer\">Universidad de Clemson<br \/>\n<\/a><\/strong><\/li>\n<li><strong><a href=\"http:\/\/www.swu.edu\/\" target=\"_blank\" rel=\"noopener noreferrer\">Universidad Wesleyana del Sur<br \/>\n<\/a><\/strong><\/li>\n<li><strong><a href=\"http:\/\/www.fafsa.gov\/\" target=\"_blank\" rel=\"noopener noreferrer\">Solicitud gratuita de ayuda federal para estudiantes (FAFSA)<\/a><\/strong><\/li>\n<\/ul>\n\n\t\t<\/div>\n\t<\/div>\n<\/div><\/div><\/div><div class=\"wpb_column vc_column_container vc_col-sm-4\"><div class=\"vc_column-inner\"><div class=\"wpb_wrapper\">\n\t<div class=\"wpb_text_column wpb_content_element\" >\n\t\t<div class=\"wpb_wrapper\">\n\t\t\t<h3>Examen de habilidades y GED<\/h3>\n<ul>\n<li><strong><a href=\"http:\/\/www.my-ged.com\" target=\"_blank\" rel=\"noopener noreferrer\">Sitio web de SC GED<\/a><br \/>\n<\/strong><\/li>\n<li><strong><a href=\"http:\/\/www.4tests.com\" target=\"_blank\" rel=\"noopener noreferrer\">Pruebas de pr\u00e1ctica<\/a><\/strong><\/li>\n<\/ul>\n\n\t\t<\/div>\n\t<\/div>\n<\/div><\/div><\/div><div class=\"wpb_column vc_column_container vc_col-sm-4\"><div class=\"vc_column-inner\"><div class=\"wpb_wrapper\">\n\t<div class=\"wpb_text_column wpb_content_element\" >\n\t\t<div class=\"wpb_wrapper\">\n\t\t\t<h3>Ramas militares<\/h3>\n<ul>\n<li><strong><a href=\"https:\/\/www.goarmy.com\/\" target=\"_blank\" rel=\"noopener noreferrer\">Ej\u00e9rcito<\/a><br \/>\n<\/strong><\/li>\n<li><strong><a href=\"https:\/\/www.airforce.com\/careers\" target=\"_blank\" rel=\"noopener noreferrer\">Fuerza Aerea<\/a><br \/>\n<\/strong><\/li>\n<li><strong><a href=\"https:\/\/www.gocoastguard.com\/Careers\" target=\"_blank\" rel=\"noopener noreferrer\">guardacostas<\/a><br \/>\n<\/strong><\/li>\n<li><strong><a href=\"https:\/\/www.marines.com\/\" target=\"_blank\" rel=\"noopener noreferrer\">Infanter\u00eda de marina<\/a><br \/>\n<\/strong><\/li>\n<li><strong><a href=\"http:\/\/www.navy.mil\" target=\"_blank\" rel=\"noopener noreferrer\">Armada<\/a><\/strong><\/li>\n<\/ul>\n\n\t\t<\/div>\n\t<\/div>\n<\/div><\/div><\/div><\/div><div class=\"vc_row wpb_row vc_row-fluid\"><div class=\"wpb_column vc_column_container vc_col-sm-12\"><div class=\"vc_column-inner\"><div class=\"wpb_wrapper\">\n\t<div class=\"wpb_text_column wpb_content_element\" >\n\t\t<div class=\"wpb_wrapper\">\n\t\t\t<h3>Exploraci\u00f3n de carrera<\/h3>\n<ul>\n<li><strong><a href=\"https:\/\/www.careeronestop.org\/Toolkit\/ACINet.aspx\" target=\"_blank\" rel=\"noopener noreferrer\"><img loading=\"lazy\" decoding=\"async\" class=\"alignright size-medium wp-image-4107\" src=\"https:\/\/worklinkweb.com\/wp-content\/uploads\/2021\/05\/AdobeStock_139977432-Students-800px-e1623164211174-300x205.jpg\" alt=\"\" width=\"300\" height=\"205\" srcset=\"https:\/\/worklinkweb.com\/wp-content\/uploads\/2021\/05\/AdobeStock_139977432-Students-800px-e1623164211174-300x205.jpg 300w, https:\/\/worklinkweb.com\/wp-content\/uploads\/2021\/05\/AdobeStock_139977432-Students-800px-e1623164211174-16x12.jpg 16w, https:\/\/worklinkweb.com\/wp-content\/uploads\/2021\/05\/AdobeStock_139977432-Students-800px-e1623164211174.jpg 369w\" sizes=\"auto, (max-width: 300px) 100vw, 300px\" \/>Career OneStop - Exploraci\u00f3n profesional<\/a><\/strong><strong><br \/>\n<\/strong><\/li>\n<li><strong><a href=\"http:\/\/www.kids.gov\" target=\"_blank\" rel=\"noopener noreferrer\">Kids.gov: el portal oficial para ni\u00f1os del gobierno de EE. UU.<\/a><\/strong><strong><br \/>\n<\/strong><\/li>\n<li><strong><a href=\"http:\/\/www.osha.gov\/SLTC\/teenworkers\/\" target=\"_blank\" rel=\"noopener noreferrer\">Trabajadores adolescentes<\/a><br \/>\n<\/strong><\/li>\n<li><strong><a href=\"http:\/\/www.osha.gov\/SLTC\/youth\/summerjobs\" target=\"_blank\" rel=\"noopener noreferrer\">Trabajos para estudiantes<\/a><br \/>\n<\/strong><\/li>\n<li><strong><a href=\"http:\/\/www.osha.gov\/SLTC\/youth\/summerjobs\" target=\"_blank\" rel=\"noopener noreferrer\">Trabajo de verano<\/a><br \/>\n<\/strong><\/li>\n<li><strong><a href=\"http:\/\/www.serve.gov\" target=\"_blank\" rel=\"noopener noreferrer\">Al servicio de nuestras comunidades<\/a><br \/>\n<\/strong><\/li>\n<li><strong><a href=\"http:\/\/www.youthrules.dol.gov\" target=\"_blank\" rel=\"noopener noreferrer\">Reglas para la juventud: preparaci\u00f3n de la fuerza laboral del siglo XXI<\/a><br \/>\n<\/strong><\/li>\n<li><strong><a href=\"http:\/\/www.readysc.org\" target=\"_blank\" rel=\"noopener noreferrer\">ReadySC<\/a><\/strong><\/li>\n<\/ul>\n\n\t\t<\/div>\n\t<\/div>\n<\/div><\/div><\/div><\/div>\n<\/div>","protected":false},"excerpt":{"rendered":"Starting down a path toward your career can take many steps and a variety of resources. If you need more information about our programs, please use the links to the...  <a class=\"excerpt-read-more\" href=\"https:\/\/worklinkweb.com\/es\/juventud\/recursos\/\" title=\"ReadResources\">Read more &raquo;<\/a>","protected":false},"author":1,"featured_media":0,"parent":96,"menu_order":0,"comment_status":"closed","ping_status":"closed","template":"page-youth.php","meta":{"footnotes":""},"class_list":["post-109","page","type-page","status-publish","hentry"],"yoast_head":"<!-- This site is optimized with the Yoast SEO plugin v27.6 - https:\/\/yoast.com\/product\/yoast-seo-wordpress\/ -->\n<title>Resources - SC Works Worklink<\/title>\n<meta name=\"robots\" content=\"index, follow, max-snippet:-1, max-image-preview:large, max-video-preview:-1\" \/>\n<link rel=\"canonical\" href=\"https:\/\/worklinkweb.com\/es\/youth\/resources\/\" \/>\n<meta property=\"og:locale\" content=\"es_MX\" \/>\n<meta property=\"og:type\" content=\"article\" \/>\n<meta property=\"og:title\" content=\"Resources - SC Works Worklink\" \/>\n<meta property=\"og:url\" content=\"https:\/\/worklinkweb.com\/es\/youth\/resources\/\" \/>\n<meta property=\"og:site_name\" content=\"SC Works Worklink\" \/>\n<meta property=\"article:publisher\" content=\"https:\/\/www.facebook.com\/SCWorksWorkLink\/\" \/>\n<meta property=\"article:modified_time\" content=\"2025-07-18T20:08:10+00:00\" \/>\n<meta property=\"og:image\" content=\"https:\/\/worklinkweb.com\/wp-content\/uploads\/2021\/05\/AdobeStock_383187316-Students-800px.jpg\" \/>\n\t<meta property=\"og:image:width\" content=\"800\" \/>\n\t<meta property=\"og:image:height\" content=\"533\" \/>\n\t<meta property=\"og:image:type\" content=\"image\/jpeg\" \/>\n<meta name=\"twitter:card\" content=\"summary_large_image\" \/>\n<meta name=\"twitter:site\" content=\"@SCWorksWorkLink\" \/>\n<meta name=\"twitter:label1\" content=\"Tiempo de lectura\" \/>\n\t<meta name=\"twitter:data1\" content=\"2 minutos\" \/>\n<script type=\"application\/ld+json\" class=\"yoast-schema-graph\">{\"@context\":\"https:\\\/\\\/schema.org\",\"@graph\":[{\"@type\":\"WebPage\",\"@id\":\"https:\\\/\\\/worklinkweb.com\\\/youth\\\/resources\\\/\",\"url\":\"https:\\\/\\\/worklinkweb.com\\\/youth\\\/resources\\\/\",\"name\":\"Resources - SC Works Worklink\",\"isPartOf\":{\"@id\":\"https:\\\/\\\/worklinkweb.com\\\/en\\\/#website\"},\"primaryImageOfPage\":{\"@id\":\"https:\\\/\\\/worklinkweb.com\\\/youth\\\/resources\\\/#primaryimage\"},\"image\":{\"@id\":\"https:\\\/\\\/worklinkweb.com\\\/youth\\\/resources\\\/#primaryimage\"},\"thumbnailUrl\":\"https:\\\/\\\/worklinkweb.com\\\/wp-content\\\/uploads\\\/2021\\\/05\\\/AdobeStock_383187316-Students-800px-300x200.jpg\",\"datePublished\":\"2015-10-28T00:23:17+00:00\",\"dateModified\":\"2025-07-18T20:08:10+00:00\",\"breadcrumb\":{\"@id\":\"https:\\\/\\\/worklinkweb.com\\\/youth\\\/resources\\\/#breadcrumb\"},\"inLanguage\":\"es\",\"potentialAction\":[{\"@type\":\"ReadAction\",\"target\":[\"https:\\\/\\\/worklinkweb.com\\\/youth\\\/resources\\\/\"]}]},{\"@type\":\"ImageObject\",\"inLanguage\":\"es\",\"@id\":\"https:\\\/\\\/worklinkweb.com\\\/youth\\\/resources\\\/#primaryimage\",\"url\":\"https:\\\/\\\/worklinkweb.com\\\/wp-content\\\/uploads\\\/2021\\\/05\\\/AdobeStock_383187316-Students-800px-300x200.jpg\",\"contentUrl\":\"https:\\\/\\\/worklinkweb.com\\\/wp-content\\\/uploads\\\/2021\\\/05\\\/AdobeStock_383187316-Students-800px-300x200.jpg\"},{\"@type\":\"BreadcrumbList\",\"@id\":\"https:\\\/\\\/worklinkweb.com\\\/youth\\\/resources\\\/#breadcrumb\",\"itemListElement\":[{\"@type\":\"ListItem\",\"position\":1,\"name\":\"Home\",\"item\":\"https:\\\/\\\/worklinkweb.com\\\/\"},{\"@type\":\"ListItem\",\"position\":2,\"name\":\"Youth\",\"item\":\"https:\\\/\\\/worklinkweb.com\\\/youth\\\/\"},{\"@type\":\"ListItem\",\"position\":3,\"name\":\"Resources\"}]},{\"@type\":\"WebSite\",\"@id\":\"https:\\\/\\\/worklinkweb.com\\\/en\\\/#website\",\"url\":\"https:\\\/\\\/worklinkweb.com\\\/en\\\/\",\"name\":\"SC Works Worklink\",\"description\":\"Bringing Employers &amp; Job Seekers Together\",\"publisher\":{\"@id\":\"https:\\\/\\\/worklinkweb.com\\\/en\\\/#organization\"},\"potentialAction\":[{\"@type\":\"SearchAction\",\"target\":{\"@type\":\"EntryPoint\",\"urlTemplate\":\"https:\\\/\\\/worklinkweb.com\\\/en\\\/?s={search_term_string}\"},\"query-input\":{\"@type\":\"PropertyValueSpecification\",\"valueRequired\":true,\"valueName\":\"search_term_string\"}}],\"inLanguage\":\"es\"},{\"@type\":\"Organization\",\"@id\":\"https:\\\/\\\/worklinkweb.com\\\/en\\\/#organization\",\"name\":\"SC Works Worklink\",\"url\":\"https:\\\/\\\/worklinkweb.com\\\/en\\\/\",\"logo\":{\"@type\":\"ImageObject\",\"inLanguage\":\"es\",\"@id\":\"https:\\\/\\\/worklinkweb.com\\\/en\\\/#\\\/schema\\\/logo\\\/image\\\/\",\"url\":\"https:\\\/\\\/worklinkweb.com\\\/wp-content\\\/uploads\\\/2021\\\/05\\\/logo.jpeg\",\"contentUrl\":\"https:\\\/\\\/worklinkweb.com\\\/wp-content\\\/uploads\\\/2021\\\/05\\\/logo.jpeg\",\"width\":582,\"height\":115,\"caption\":\"SC Works Worklink\"},\"image\":{\"@id\":\"https:\\\/\\\/worklinkweb.com\\\/en\\\/#\\\/schema\\\/logo\\\/image\\\/\"},\"sameAs\":[\"https:\\\/\\\/www.facebook.com\\\/SCWorksWorkLink\\\/\",\"https:\\\/\\\/x.com\\\/SCWorksWorkLink\",\"http:\\\/\\\/www.youtube.com\\\/user\\\/WorkLinkWeb\"]}]}<\/script>\n<!-- \/ Yoast SEO plugin. -->","yoast_head_json":{"title":"Recursos - SC Works Worklink","robots":{"index":"index","follow":"follow","max-snippet":"max-snippet:-1","max-image-preview":"max-image-preview:large","max-video-preview":"max-video-preview:-1"},"canonical":"https:\/\/worklinkweb.com\/es\/youth\/resources\/","og_locale":"es_MX","og_type":"article","og_title":"Resources - SC Works Worklink","og_url":"https:\/\/worklinkweb.com\/es\/youth\/resources\/","og_site_name":"SC Works Worklink","article_publisher":"https:\/\/www.facebook.com\/SCWorksWorkLink\/","article_modified_time":"2025-07-18T20:08:10+00:00","og_image":[{"width":800,"height":533,"url":"https:\/\/worklinkweb.com\/wp-content\/uploads\/2021\/05\/AdobeStock_383187316-Students-800px.jpg","type":"image\/jpeg"}],"twitter_card":"summary_large_image","twitter_site":"@SCWorksWorkLink","twitter_misc":{"Tiempo de lectura":"2 minutos"},"schema":{"@context":"https:\/\/schema.org","@graph":[{"@type":"WebPage","@id":"https:\/\/worklinkweb.com\/youth\/resources\/","url":"https:\/\/worklinkweb.com\/youth\/resources\/","name":"Recursos - SC Works Worklink","isPartOf":{"@id":"https:\/\/worklinkweb.com\/en\/#website"},"primaryImageOfPage":{"@id":"https:\/\/worklinkweb.com\/youth\/resources\/#primaryimage"},"image":{"@id":"https:\/\/worklinkweb.com\/youth\/resources\/#primaryimage"},"thumbnailUrl":"https:\/\/worklinkweb.com\/wp-content\/uploads\/2021\/05\/AdobeStock_383187316-Students-800px-300x200.jpg","datePublished":"2015-10-28T00:23:17+00:00","dateModified":"2025-07-18T20:08:10+00:00","breadcrumb":{"@id":"https:\/\/worklinkweb.com\/youth\/resources\/#breadcrumb"},"inLanguage":"es","potentialAction":[{"@type":"ReadAction","target":["https:\/\/worklinkweb.com\/youth\/resources\/"]}]},{"@type":"ImageObject","inLanguage":"es","@id":"https:\/\/worklinkweb.com\/youth\/resources\/#primaryimage","url":"https:\/\/worklinkweb.com\/wp-content\/uploads\/2021\/05\/AdobeStock_383187316-Students-800px-300x200.jpg","contentUrl":"https:\/\/worklinkweb.com\/wp-content\/uploads\/2021\/05\/AdobeStock_383187316-Students-800px-300x200.jpg"},{"@type":"BreadcrumbList","@id":"https:\/\/worklinkweb.com\/youth\/resources\/#breadcrumb","itemListElement":[{"@type":"ListItem","position":1,"name":"Home","item":"https:\/\/worklinkweb.com\/"},{"@type":"ListItem","position":2,"name":"Youth","item":"https:\/\/worklinkweb.com\/youth\/"},{"@type":"ListItem","position":3,"name":"Resources"}]},{"@type":"WebSite","@id":"https:\/\/worklinkweb.com\/en\/#website","url":"https:\/\/worklinkweb.com\/en\/","name":"SC Works Worklink","description":"Reunir a empleadores y solicitantes de empleo","publisher":{"@id":"https:\/\/worklinkweb.com\/en\/#organization"},"potentialAction":[{"@type":"SearchAction","target":{"@type":"EntryPoint","urlTemplate":"https:\/\/worklinkweb.com\/en\/?s={search_term_string}"},"query-input":{"@type":"PropertyValueSpecification","valueRequired":true,"valueName":"search_term_string"}}],"inLanguage":"es"},{"@type":"Organization","@id":"https:\/\/worklinkweb.com\/en\/#organization","name":"SC Works Worklink","url":"https:\/\/worklinkweb.com\/en\/","logo":{"@type":"ImageObject","inLanguage":"es","@id":"https:\/\/worklinkweb.com\/en\/#\/schema\/logo\/image\/","url":"https:\/\/worklinkweb.com\/wp-content\/uploads\/2021\/05\/logo.jpeg","contentUrl":"https:\/\/worklinkweb.com\/wp-content\/uploads\/2021\/05\/logo.jpeg","width":582,"height":115,"caption":"SC Works Worklink"},"image":{"@id":"https:\/\/worklinkweb.com\/en\/#\/schema\/logo\/image\/"},"sameAs":["https:\/\/www.facebook.com\/SCWorksWorkLink\/","https:\/\/x.com\/SCWorksWorkLink","http:\/\/www.youtube.com\/user\/WorkLinkWeb"]}]}},"_links":{"self":[{"href":"https:\/\/worklinkweb.com\/es\/wp-json\/wp\/v2\/pages\/109","targetHints":{"allow":["GET"]}}],"collection":[{"href":"https:\/\/worklinkweb.com\/es\/wp-json\/wp\/v2\/pages"}],"about":[{"href":"https:\/\/worklinkweb.com\/es\/wp-json\/wp\/v2\/types\/page"}],"author":[{"embeddable":true,"href":"https:\/\/worklinkweb.com\/es\/wp-json\/wp\/v2\/users\/1"}],"replies":[{"embeddable":true,"href":"https:\/\/worklinkweb.com\/es\/wp-json\/wp\/v2\/comments?post=109"}],"version-history":[{"count":7,"href":"https:\/\/worklinkweb.com\/es\/wp-json\/wp\/v2\/pages\/109\/revisions"}],"predecessor-version":[{"id":6691,"href":"https:\/\/worklinkweb.com\/es\/wp-json\/wp\/v2\/pages\/109\/revisions\/6691"}],"up":[{"embeddable":true,"href":"https:\/\/worklinkweb.com\/es\/wp-json\/wp\/v2\/pages\/96"}],"wp:attachment":[{"href":"https:\/\/worklinkweb.com\/es\/wp-json\/wp\/v2\/media?parent=109"}],"curies":[{"name":"wp","href":"https:\/\/api.w.org\/{rel}","templated":true}]}}