{"id":123,"date":"2015-10-28T00:44:05","date_gmt":"2015-10-28T00:44:05","guid":{"rendered":"http:\/\/new.worklinkweb.com\/?page_id=123"},"modified":"2023-10-31T10:15:39","modified_gmt":"2023-10-31T14:15:39","slug":"youth-committee","status":"publish","type":"page","link":"https:\/\/worklinkweb.com\/es\/juventud\/comite-de-juventud\/","title":{"rendered":"Miembros del comit\u00e9 de j\u00f3venes"},"content":{"rendered":"<p><img loading=\"lazy\" decoding=\"async\" class=\"alignright size-medium wp-image-4109\" src=\"https:\/\/worklinkweb.com\/wp-content\/uploads\/2021\/05\/AdobeStock_141825140-group-high-school-800px-e1623164779897-300x200.jpg\" alt=\"\" width=\"300\" height=\"200\" srcset=\"https:\/\/worklinkweb.com\/wp-content\/uploads\/2021\/05\/AdobeStock_141825140-group-high-school-800px-e1623164779897-300x200.jpg 300w, https:\/\/worklinkweb.com\/wp-content\/uploads\/2021\/05\/AdobeStock_141825140-group-high-school-800px-e1623164779897-768x512.jpg 768w, https:\/\/worklinkweb.com\/wp-content\/uploads\/2021\/05\/AdobeStock_141825140-group-high-school-800px-e1623164779897-16x12.jpg 16w, https:\/\/worklinkweb.com\/wp-content\/uploads\/2021\/05\/AdobeStock_141825140-group-high-school-800px-e1623164779897.jpg 800w\" sizes=\"auto, (max-width: 300px) 100vw, 300px\" \/>El Comit\u00e9 de J\u00f3venes de WorkLink sirve como arquitecto de la Junta de Desarrollo de la Fuerza Laboral para un sistema integral de prestaci\u00f3n de servicios para j\u00f3venes en los condados de Anderson, Oconee y Pickens. Facilitan la colaboraci\u00f3n y la prestaci\u00f3n de servicios para todos los j\u00f3venes, lo que conduce al \u00e9xito educativo, laboral y personal. Para m\u00e1s detalles, descargue nuestro <a href=\"https:\/\/www.worklinkweb.com\/wp-content\/uploads\/2021\/04\/2015-Youth-Strategic-Plan-FINAL-Rev.-2-Board-Approved-6-6-18-and-Rev-3-Approved-2-6-19.pdf\"><strong>Plan Estrat\u00e9gico del Comit\u00e9 de Juventud.<\/strong> <\/a>El Comit\u00e9 de J\u00f3venes es un subgrupo de WorkLink y es un mandato de la Ley de Oportunidades e Innovaci\u00f3n de la Fuerza Laboral (WIOA). Los miembros del Comit\u00e9 de la Juventud son hombres y mujeres voluntarios que tienen un inter\u00e9s especial o experiencia en la pol\u00edtica de la juventud.<\/p>\n<h3>Que hacemos<strong><br \/>\n<\/strong><\/h3>\n<ul>\n<li>Planificar y administrar los fondos para j\u00f3venes recibidos en la regi\u00f3n de WorkLink (condados de Anderson, Oconee y Pickens).<\/li>\n<li>Genere conciencia en la comunidad, demuestre liderazgo y aborde los problemas clave de desarrollo, educaci\u00f3n y empleo que afectan a los j\u00f3venes.<\/li>\n<li>Facilitar la coordinaci\u00f3n de actividades juveniles en la comunidad.<\/li>\n<li>Influir y apalancar otros fondos y servicios comunitarios para j\u00f3venes.<\/li>\n<li>Abordar las necesidades espec\u00edficas de los j\u00f3venes en la comunidad.<\/li>\n<li>Fomente nuevas ideas y trabaje para encontrar recursos adicionales para avanzar en su misi\u00f3n.<\/li>\n<\/ul>\n<h3>Declaraci\u00f3n de la visi\u00f3n<strong><br \/>\n<\/strong><\/h3>\n<ul>\n<li>Educar y preparar a los j\u00f3venes para la autosuficiencia en el trabajo y en la vida.<\/li>\n<\/ul>\n<h3>Misi\u00f3n del Comit\u00e9 de J\u00f3venes<strong><br \/>\n<\/strong><\/h3>\n<ul>\n<li>El Comit\u00e9 de J\u00f3venes de WorkLink facilita la colaboraci\u00f3n y la prestaci\u00f3n de servicios para todos los j\u00f3venes, lo que conduce al \u00e9xito educativo, laboral y personal.<\/li>\n<\/ul>\n<p>El Comit\u00e9 de J\u00f3venes se re\u00fane cada dos meses a trav\u00e9s de Zoom Conference Call.<\/p>\n<p><strong><span class=\"btn-youth\"><a href=\"https:\/\/worklinkweb.com\/es\/youth\/youth-committee-members\/\">Miembros del comit\u00e9 de j\u00f3venes<\/a><\/span><\/strong><\/p>\n<p><strong><span class=\"btn-youth\"><a href=\"http:\/\/www.worklinkweb.com\/wp-content\/uploads\/2021\/04\/2015-Youth-Strategic-Plan-FINAL-Rev.-2-Board-Approved-6-6-18-and-Rev-3-Approved-2-6-19.pdf\">Plan Estrat\u00e9gico del Comit\u00e9 de Juventud<\/a><\/span><\/strong><\/p>\n<p>&nbsp;<\/p>","protected":false},"excerpt":{"rendered":"<p>WorkLink\u2019s Youth Committee serves as the Workforce\u00a0Development Board\u2019s architect for a comprehensive youth service delivery system in Anderson, Oconee and Pickens counties. They facilitate collaboration and the delivery of services&#8230;  <a class=\"excerpt-read-more\" href=\"https:\/\/worklinkweb.com\/es\/juventud\/comite-de-juventud\/\" title=\"ReadYouth Committee Members\">Read more &raquo;<\/a><\/p>","protected":false},"author":1,"featured_media":0,"parent":96,"menu_order":0,"comment_status":"closed","ping_status":"closed","template":"page-youth.php","meta":{"footnotes":""},"class_list":["post-123","page","type-page","status-publish","hentry"],"yoast_head":"<!-- This site is optimized with the Yoast SEO plugin v27.4 - https:\/\/yoast.com\/product\/yoast-seo-wordpress\/ -->\n<title>Youth Committee Members - SC Works Worklink<\/title>\n<meta name=\"robots\" content=\"index, follow, max-snippet:-1, max-image-preview:large, max-video-preview:-1\" \/>\n<link rel=\"canonical\" href=\"https:\/\/worklinkweb.com\/es\/youth\/youth-committee\/\" \/>\n<meta property=\"og:locale\" content=\"es_MX\" \/>\n<meta property=\"og:type\" content=\"article\" \/>\n<meta property=\"og:title\" content=\"Youth Committee Members - SC Works Worklink\" \/>\n<meta property=\"og:description\" content=\"WorkLink\u2019s Youth Committee serves as the Workforce\u00a0Development Board\u2019s architect for a comprehensive youth service delivery system in Anderson, Oconee and Pickens counties. They facilitate collaboration and the delivery of services... Read more &raquo;\" \/>\n<meta property=\"og:url\" content=\"https:\/\/worklinkweb.com\/es\/youth\/youth-committee\/\" \/>\n<meta property=\"og:site_name\" content=\"SC Works Worklink\" \/>\n<meta property=\"article:publisher\" content=\"https:\/\/www.facebook.com\/SCWorksWorkLink\/\" \/>\n<meta property=\"article:modified_time\" content=\"2023-10-31T14:15:39+00:00\" \/>\n<meta property=\"og:image\" content=\"https:\/\/worklinkweb.com\/wp-content\/uploads\/2021\/05\/AdobeStock_141825140-group-high-school-800px-e1623164779897-300x200.jpg\" \/>\n<meta name=\"twitter:card\" content=\"summary_large_image\" \/>\n<meta name=\"twitter:site\" content=\"@SCWorksWorkLink\" \/>\n<meta name=\"twitter:label1\" content=\"Tiempo de lectura\" \/>\n\t<meta name=\"twitter:data1\" content=\"2 minutos\" \/>\n<script type=\"application\/ld+json\" class=\"yoast-schema-graph\">{\"@context\":\"https:\\\/\\\/schema.org\",\"@graph\":[{\"@type\":\"WebPage\",\"@id\":\"https:\\\/\\\/worklinkweb.com\\\/youth\\\/youth-committee\\\/\",\"url\":\"https:\\\/\\\/worklinkweb.com\\\/youth\\\/youth-committee\\\/\",\"name\":\"Youth Committee Members - SC Works Worklink\",\"isPartOf\":{\"@id\":\"https:\\\/\\\/worklinkweb.com\\\/en\\\/#website\"},\"primaryImageOfPage\":{\"@id\":\"https:\\\/\\\/worklinkweb.com\\\/youth\\\/youth-committee\\\/#primaryimage\"},\"image\":{\"@id\":\"https:\\\/\\\/worklinkweb.com\\\/youth\\\/youth-committee\\\/#primaryimage\"},\"thumbnailUrl\":\"https:\\\/\\\/worklinkweb.com\\\/wp-content\\\/uploads\\\/2021\\\/05\\\/AdobeStock_141825140-group-high-school-800px-e1623164779897-300x200.jpg\",\"datePublished\":\"2015-10-28T00:44:05+00:00\",\"dateModified\":\"2023-10-31T14:15:39+00:00\",\"breadcrumb\":{\"@id\":\"https:\\\/\\\/worklinkweb.com\\\/youth\\\/youth-committee\\\/#breadcrumb\"},\"inLanguage\":\"es\",\"potentialAction\":[{\"@type\":\"ReadAction\",\"target\":[\"https:\\\/\\\/worklinkweb.com\\\/youth\\\/youth-committee\\\/\"]}]},{\"@type\":\"ImageObject\",\"inLanguage\":\"es\",\"@id\":\"https:\\\/\\\/worklinkweb.com\\\/youth\\\/youth-committee\\\/#primaryimage\",\"url\":\"https:\\\/\\\/worklinkweb.com\\\/wp-content\\\/uploads\\\/2021\\\/05\\\/AdobeStock_141825140-group-high-school-800px-e1623164779897-300x200.jpg\",\"contentUrl\":\"https:\\\/\\\/worklinkweb.com\\\/wp-content\\\/uploads\\\/2021\\\/05\\\/AdobeStock_141825140-group-high-school-800px-e1623164779897-300x200.jpg\"},{\"@type\":\"BreadcrumbList\",\"@id\":\"https:\\\/\\\/worklinkweb.com\\\/youth\\\/youth-committee\\\/#breadcrumb\",\"itemListElement\":[{\"@type\":\"ListItem\",\"position\":1,\"name\":\"Home\",\"item\":\"https:\\\/\\\/worklinkweb.com\\\/\"},{\"@type\":\"ListItem\",\"position\":2,\"name\":\"Youth\",\"item\":\"https:\\\/\\\/worklinkweb.com\\\/youth\\\/\"},{\"@type\":\"ListItem\",\"position\":3,\"name\":\"Youth Committee Members\"}]},{\"@type\":\"WebSite\",\"@id\":\"https:\\\/\\\/worklinkweb.com\\\/en\\\/#website\",\"url\":\"https:\\\/\\\/worklinkweb.com\\\/en\\\/\",\"name\":\"SC Works Worklink\",\"description\":\"Bringing Employers &amp; Job Seekers Together\",\"publisher\":{\"@id\":\"https:\\\/\\\/worklinkweb.com\\\/en\\\/#organization\"},\"potentialAction\":[{\"@type\":\"SearchAction\",\"target\":{\"@type\":\"EntryPoint\",\"urlTemplate\":\"https:\\\/\\\/worklinkweb.com\\\/en\\\/?s={search_term_string}\"},\"query-input\":{\"@type\":\"PropertyValueSpecification\",\"valueRequired\":true,\"valueName\":\"search_term_string\"}}],\"inLanguage\":\"es\"},{\"@type\":\"Organization\",\"@id\":\"https:\\\/\\\/worklinkweb.com\\\/en\\\/#organization\",\"name\":\"SC Works Worklink\",\"url\":\"https:\\\/\\\/worklinkweb.com\\\/en\\\/\",\"logo\":{\"@type\":\"ImageObject\",\"inLanguage\":\"es\",\"@id\":\"https:\\\/\\\/worklinkweb.com\\\/en\\\/#\\\/schema\\\/logo\\\/image\\\/\",\"url\":\"https:\\\/\\\/worklinkweb.com\\\/wp-content\\\/uploads\\\/2021\\\/05\\\/logo.jpeg\",\"contentUrl\":\"https:\\\/\\\/worklinkweb.com\\\/wp-content\\\/uploads\\\/2021\\\/05\\\/logo.jpeg\",\"width\":582,\"height\":115,\"caption\":\"SC Works Worklink\"},\"image\":{\"@id\":\"https:\\\/\\\/worklinkweb.com\\\/en\\\/#\\\/schema\\\/logo\\\/image\\\/\"},\"sameAs\":[\"https:\\\/\\\/www.facebook.com\\\/SCWorksWorkLink\\\/\",\"https:\\\/\\\/x.com\\\/SCWorksWorkLink\",\"http:\\\/\\\/www.youtube.com\\\/user\\\/WorkLinkWeb\"]}]}<\/script>\n<!-- \/ Yoast SEO plugin. -->","yoast_head_json":{"title":"Miembros del Comit\u00e9 de J\u00f3venes - SC Works Worklink","robots":{"index":"index","follow":"follow","max-snippet":"max-snippet:-1","max-image-preview":"max-image-preview:large","max-video-preview":"max-video-preview:-1"},"canonical":"https:\/\/worklinkweb.com\/es\/youth\/youth-committee\/","og_locale":"es_MX","og_type":"article","og_title":"Youth Committee Members - SC Works Worklink","og_description":"WorkLink\u2019s Youth Committee serves as the Workforce\u00a0Development Board\u2019s architect for a comprehensive youth service delivery system in Anderson, Oconee and Pickens counties. They facilitate collaboration and the delivery of services... Read more &raquo;","og_url":"https:\/\/worklinkweb.com\/es\/youth\/youth-committee\/","og_site_name":"SC Works Worklink","article_publisher":"https:\/\/www.facebook.com\/SCWorksWorkLink\/","article_modified_time":"2023-10-31T14:15:39+00:00","og_image":[{"url":"https:\/\/worklinkweb.com\/wp-content\/uploads\/2021\/05\/AdobeStock_141825140-group-high-school-800px-e1623164779897-300x200.jpg","type":"","width":"","height":""}],"twitter_card":"summary_large_image","twitter_site":"@SCWorksWorkLink","twitter_misc":{"Tiempo de lectura":"2 minutos"},"schema":{"@context":"https:\/\/schema.org","@graph":[{"@type":"WebPage","@id":"https:\/\/worklinkweb.com\/youth\/youth-committee\/","url":"https:\/\/worklinkweb.com\/youth\/youth-committee\/","name":"Miembros del Comit\u00e9 de J\u00f3venes - SC Works Worklink","isPartOf":{"@id":"https:\/\/worklinkweb.com\/en\/#website"},"primaryImageOfPage":{"@id":"https:\/\/worklinkweb.com\/youth\/youth-committee\/#primaryimage"},"image":{"@id":"https:\/\/worklinkweb.com\/youth\/youth-committee\/#primaryimage"},"thumbnailUrl":"https:\/\/worklinkweb.com\/wp-content\/uploads\/2021\/05\/AdobeStock_141825140-group-high-school-800px-e1623164779897-300x200.jpg","datePublished":"2015-10-28T00:44:05+00:00","dateModified":"2023-10-31T14:15:39+00:00","breadcrumb":{"@id":"https:\/\/worklinkweb.com\/youth\/youth-committee\/#breadcrumb"},"inLanguage":"es","potentialAction":[{"@type":"ReadAction","target":["https:\/\/worklinkweb.com\/youth\/youth-committee\/"]}]},{"@type":"ImageObject","inLanguage":"es","@id":"https:\/\/worklinkweb.com\/youth\/youth-committee\/#primaryimage","url":"https:\/\/worklinkweb.com\/wp-content\/uploads\/2021\/05\/AdobeStock_141825140-group-high-school-800px-e1623164779897-300x200.jpg","contentUrl":"https:\/\/worklinkweb.com\/wp-content\/uploads\/2021\/05\/AdobeStock_141825140-group-high-school-800px-e1623164779897-300x200.jpg"},{"@type":"BreadcrumbList","@id":"https:\/\/worklinkweb.com\/youth\/youth-committee\/#breadcrumb","itemListElement":[{"@type":"ListItem","position":1,"name":"Home","item":"https:\/\/worklinkweb.com\/"},{"@type":"ListItem","position":2,"name":"Youth","item":"https:\/\/worklinkweb.com\/youth\/"},{"@type":"ListItem","position":3,"name":"Youth Committee Members"}]},{"@type":"WebSite","@id":"https:\/\/worklinkweb.com\/en\/#website","url":"https:\/\/worklinkweb.com\/en\/","name":"SC Works Worklink","description":"Reunir a empleadores y solicitantes de empleo","publisher":{"@id":"https:\/\/worklinkweb.com\/en\/#organization"},"potentialAction":[{"@type":"SearchAction","target":{"@type":"EntryPoint","urlTemplate":"https:\/\/worklinkweb.com\/en\/?s={search_term_string}"},"query-input":{"@type":"PropertyValueSpecification","valueRequired":true,"valueName":"search_term_string"}}],"inLanguage":"es"},{"@type":"Organization","@id":"https:\/\/worklinkweb.com\/en\/#organization","name":"SC Works Worklink","url":"https:\/\/worklinkweb.com\/en\/","logo":{"@type":"ImageObject","inLanguage":"es","@id":"https:\/\/worklinkweb.com\/en\/#\/schema\/logo\/image\/","url":"https:\/\/worklinkweb.com\/wp-content\/uploads\/2021\/05\/logo.jpeg","contentUrl":"https:\/\/worklinkweb.com\/wp-content\/uploads\/2021\/05\/logo.jpeg","width":582,"height":115,"caption":"SC Works Worklink"},"image":{"@id":"https:\/\/worklinkweb.com\/en\/#\/schema\/logo\/image\/"},"sameAs":["https:\/\/www.facebook.com\/SCWorksWorkLink\/","https:\/\/x.com\/SCWorksWorkLink","http:\/\/www.youtube.com\/user\/WorkLinkWeb"]}]}},"_links":{"self":[{"href":"https:\/\/worklinkweb.com\/es\/wp-json\/wp\/v2\/pages\/123","targetHints":{"allow":["GET"]}}],"collection":[{"href":"https:\/\/worklinkweb.com\/es\/wp-json\/wp\/v2\/pages"}],"about":[{"href":"https:\/\/worklinkweb.com\/es\/wp-json\/wp\/v2\/types\/page"}],"author":[{"embeddable":true,"href":"https:\/\/worklinkweb.com\/es\/wp-json\/wp\/v2\/users\/1"}],"replies":[{"embeddable":true,"href":"https:\/\/worklinkweb.com\/es\/wp-json\/wp\/v2\/comments?post=123"}],"version-history":[{"count":6,"href":"https:\/\/worklinkweb.com\/es\/wp-json\/wp\/v2\/pages\/123\/revisions"}],"predecessor-version":[{"id":5785,"href":"https:\/\/worklinkweb.com\/es\/wp-json\/wp\/v2\/pages\/123\/revisions\/5785"}],"up":[{"embeddable":true,"href":"https:\/\/worklinkweb.com\/es\/wp-json\/wp\/v2\/pages\/96"}],"wp:attachment":[{"href":"https:\/\/worklinkweb.com\/es\/wp-json\/wp\/v2\/media?parent=123"}],"curies":[{"name":"wp","href":"https:\/\/api.w.org\/{rel}","templated":true}]}}