{"id":146,"date":"2015-10-28T00:51:42","date_gmt":"2015-10-28T00:51:42","guid":{"rendered":"http:\/\/new.worklinkweb.com\/?page_id=146"},"modified":"2021-05-25T22:01:46","modified_gmt":"2021-05-26T02:01:46","slug":"adolescent-mother-achieves-dream-of-honor-grad","status":"publish","type":"page","link":"https:\/\/worklinkweb.com\/es\/juventud\/madre-adolescente-logra-el-sueno-de-honor-graduado\/","title":{"rendered":"Madre adolescente logra su graduaci\u00f3n de Dream of Honor"},"content":{"rendered":"<p><img loading=\"lazy\" decoding=\"async\" class=\"alignleft size-medium wp-image-147\" src=\"http:\/\/www.worklinkweb.com\/wp-content\/uploads\/2015\/10\/stormie-moore-224x300.jpeg\" alt=\"Stormie Moore\" width=\"224\" height=\"300\" \/>Nos complaci\u00f3 que la Sra. Moore asistiera a la reuni\u00f3n de la Junta del 30 de octubre para compartir su historia con los miembros de la Junta sobre c\u00f3mo Palmetto Youth Connections (PYC) la ayud\u00f3.<\/p>\n<p>La Sra. Moore se inscribi\u00f3 en PYC en 2008 como madre adolescente. Su objetivo era evitar convertirse en una estad\u00edstica, por lo que se inscribi\u00f3 en el Programa de Educaci\u00f3n para Adultos y Alfabetizaci\u00f3n Familiar para tomar clases de GED y obtener cr\u00e9dito por asistir a la escuela hasta los 17 a\u00f1os. Se qued\u00f3 estupefacta y alarmada cuando recibi\u00f3 la noticia de que hab\u00eda recibido un asiento en la clase. Fue all\u00ed donde la Sra. Moore conoci\u00f3 a la Entrenadora de Carrera de PYC, Christina Cobb, quien le explic\u00f3 el programa PYC y c\u00f3mo podr\u00eda ayudarla.<\/p>\n<p>Lo primero en la agenda era recibir su GED. La Sra. Moore tach\u00f3 eso de su lista en octubre de 2008 y r\u00e1pidamente pas\u00f3 a recibir su certificado de auxiliar de enfermer\u00eda en noviembre. Tambi\u00e9n se inscribi\u00f3 en una clase de flebotom\u00eda y terminolog\u00eda m\u00e9dica. La Sra. Moore tambi\u00e9n particip\u00f3 en el programa de trabajo de verano a trav\u00e9s de PYC que le permiti\u00f3 desarrollar habilidades laborales y t\u00e9cnicas de comunicaci\u00f3n profesional. Tambi\u00e9n complet\u00f3 una experiencia laboral a trav\u00e9s de PYC en el Centro de Aprendizaje de Educaci\u00f3n para Adultos de Pickens. Poco despu\u00e9s de completar su experiencia laboral, recibi\u00f3 una entrevista y un trabajo como CNA.<\/p>\n<p>Despu\u00e9s de comenzar su trabajo, la Sra. Moore estableci\u00f3 sus metas un poco m\u00e1s altas y se inscribi\u00f3 en el programa de enfermer\u00eda de Tri-County Technical College. Desde entonces, ha estado en la Lista del Decano, la Lista del Presidente, la Sociedad Nacional de Honor, Phi Theta Kappa, y est\u00e1 programada para graduarse en mayo de 2014 con honores.<\/p>\n<p>La Sra. Moore declar\u00f3 que sus esperanzas son haber podido demostrar que no todo el mundo tiene que ser una marca de conteo en una tabla en alg\u00fan lugar solo porque se toparon con un bache en el camino.<\/p>\n<p>Stormie ha obtenido recientemente un empleo de tiempo completo con Heartland Healthcare en Greenville y actualmente se desempe\u00f1a en el Consejo Juvenil de WorkLink como ex-joven participante del PYC.<\/p>\n<p>\u00a1Felicitaciones a la Sra. Moore por sus logros hasta ahora y le deseamos la mejor de las suertes en el futuro!<\/p>\n<p>Lea m\u00e1s sobre Stormie en el sitio web de Tri-County Technical College:\u00a0<a href=\"http:\/\/www.tctc.edu\/About_TCTC\/Media\/News_Releases\/Stormie_Moore_Reflects_on_Journey_from_High_School_Dropout_to_Honor_Grad.xml\" target=\"_blank\" rel=\"noopener noreferrer\">http:\/\/www.tctc.edu\/About_TCTC\/Media\/News_Releases\/Stormie_Moore_Reflects_on_Journey_from_High_School_Dropout_to_Honor_Grad.xml<\/a><\/p>","protected":false},"excerpt":{"rendered":"<p>We were pleased to have Ms. Moore attend the October 30 Board meeting to share her story with the Board Members about how Palmetto Youth Connections (PYC) helped her. Ms&#8230;.  <a class=\"excerpt-read-more\" href=\"https:\/\/worklinkweb.com\/es\/juventud\/madre-adolescente-logra-el-sueno-de-honor-graduado\/\" title=\"ReadAdolescent Mother Achieves Dream of Honor Grad\">Read more &raquo;<\/a><\/p>","protected":false},"author":1,"featured_media":0,"parent":96,"menu_order":0,"comment_status":"closed","ping_status":"closed","template":"page-youth.php","meta":{"footnotes":""},"class_list":["post-146","page","type-page","status-publish","hentry"],"yoast_head":"<!-- This site is optimized with the Yoast SEO plugin v27.4 - https:\/\/yoast.com\/product\/yoast-seo-wordpress\/ -->\n<title>Adolescent Mother Achieves Dream of Honor Grad - SC Works Worklink<\/title>\n<meta name=\"robots\" content=\"index, follow, max-snippet:-1, max-image-preview:large, max-video-preview:-1\" \/>\n<link rel=\"canonical\" href=\"https:\/\/worklinkweb.com\/es\/youth\/adolescent-mother-achieves-dream-of-honor-grad\/\" \/>\n<meta property=\"og:locale\" content=\"es_MX\" \/>\n<meta property=\"og:type\" content=\"article\" \/>\n<meta property=\"og:title\" content=\"Adolescent Mother Achieves Dream of Honor Grad - SC Works Worklink\" \/>\n<meta property=\"og:description\" content=\"We were pleased to have Ms. Moore attend the October 30 Board meeting to share her story with the Board Members about how Palmetto Youth Connections (PYC) helped her. Ms.... Read more &raquo;\" \/>\n<meta property=\"og:url\" content=\"https:\/\/worklinkweb.com\/es\/youth\/adolescent-mother-achieves-dream-of-honor-grad\/\" \/>\n<meta property=\"og:site_name\" content=\"SC Works Worklink\" \/>\n<meta property=\"article:publisher\" content=\"https:\/\/www.facebook.com\/SCWorksWorkLink\/\" \/>\n<meta property=\"article:modified_time\" content=\"2021-05-26T02:01:46+00:00\" \/>\n<meta property=\"og:image\" content=\"http:\/\/www.worklinkweb.com\/wp-content\/uploads\/2015\/10\/stormie-moore-224x300.jpeg\" \/>\n<meta name=\"twitter:card\" content=\"summary_large_image\" \/>\n<meta name=\"twitter:site\" content=\"@SCWorksWorkLink\" \/>\n<meta name=\"twitter:label1\" content=\"Tiempo de lectura\" \/>\n\t<meta name=\"twitter:data1\" content=\"2 minutos\" \/>\n<script type=\"application\/ld+json\" class=\"yoast-schema-graph\">{\"@context\":\"https:\\\/\\\/schema.org\",\"@graph\":[{\"@type\":\"WebPage\",\"@id\":\"https:\\\/\\\/worklinkweb.com\\\/youth\\\/adolescent-mother-achieves-dream-of-honor-grad\\\/\",\"url\":\"https:\\\/\\\/worklinkweb.com\\\/youth\\\/adolescent-mother-achieves-dream-of-honor-grad\\\/\",\"name\":\"Adolescent Mother Achieves Dream of Honor Grad - SC Works Worklink\",\"isPartOf\":{\"@id\":\"https:\\\/\\\/worklinkweb.com\\\/en\\\/#website\"},\"primaryImageOfPage\":{\"@id\":\"https:\\\/\\\/worklinkweb.com\\\/youth\\\/adolescent-mother-achieves-dream-of-honor-grad\\\/#primaryimage\"},\"image\":{\"@id\":\"https:\\\/\\\/worklinkweb.com\\\/youth\\\/adolescent-mother-achieves-dream-of-honor-grad\\\/#primaryimage\"},\"thumbnailUrl\":\"http:\\\/\\\/www.worklinkweb.com\\\/wp-content\\\/uploads\\\/2015\\\/10\\\/stormie-moore-224x300.jpeg\",\"datePublished\":\"2015-10-28T00:51:42+00:00\",\"dateModified\":\"2021-05-26T02:01:46+00:00\",\"breadcrumb\":{\"@id\":\"https:\\\/\\\/worklinkweb.com\\\/youth\\\/adolescent-mother-achieves-dream-of-honor-grad\\\/#breadcrumb\"},\"inLanguage\":\"es\",\"potentialAction\":[{\"@type\":\"ReadAction\",\"target\":[\"https:\\\/\\\/worklinkweb.com\\\/youth\\\/adolescent-mother-achieves-dream-of-honor-grad\\\/\"]}]},{\"@type\":\"ImageObject\",\"inLanguage\":\"es\",\"@id\":\"https:\\\/\\\/worklinkweb.com\\\/youth\\\/adolescent-mother-achieves-dream-of-honor-grad\\\/#primaryimage\",\"url\":\"http:\\\/\\\/www.worklinkweb.com\\\/wp-content\\\/uploads\\\/2015\\\/10\\\/stormie-moore-224x300.jpeg\",\"contentUrl\":\"http:\\\/\\\/www.worklinkweb.com\\\/wp-content\\\/uploads\\\/2015\\\/10\\\/stormie-moore-224x300.jpeg\"},{\"@type\":\"BreadcrumbList\",\"@id\":\"https:\\\/\\\/worklinkweb.com\\\/youth\\\/adolescent-mother-achieves-dream-of-honor-grad\\\/#breadcrumb\",\"itemListElement\":[{\"@type\":\"ListItem\",\"position\":1,\"name\":\"Home\",\"item\":\"https:\\\/\\\/worklinkweb.com\\\/\"},{\"@type\":\"ListItem\",\"position\":2,\"name\":\"Youth\",\"item\":\"https:\\\/\\\/worklinkweb.com\\\/youth\\\/\"},{\"@type\":\"ListItem\",\"position\":3,\"name\":\"Adolescent Mother Achieves Dream of Honor Grad\"}]},{\"@type\":\"WebSite\",\"@id\":\"https:\\\/\\\/worklinkweb.com\\\/en\\\/#website\",\"url\":\"https:\\\/\\\/worklinkweb.com\\\/en\\\/\",\"name\":\"SC Works Worklink\",\"description\":\"Bringing Employers &amp; Job Seekers Together\",\"publisher\":{\"@id\":\"https:\\\/\\\/worklinkweb.com\\\/en\\\/#organization\"},\"potentialAction\":[{\"@type\":\"SearchAction\",\"target\":{\"@type\":\"EntryPoint\",\"urlTemplate\":\"https:\\\/\\\/worklinkweb.com\\\/en\\\/?s={search_term_string}\"},\"query-input\":{\"@type\":\"PropertyValueSpecification\",\"valueRequired\":true,\"valueName\":\"search_term_string\"}}],\"inLanguage\":\"es\"},{\"@type\":\"Organization\",\"@id\":\"https:\\\/\\\/worklinkweb.com\\\/en\\\/#organization\",\"name\":\"SC Works Worklink\",\"url\":\"https:\\\/\\\/worklinkweb.com\\\/en\\\/\",\"logo\":{\"@type\":\"ImageObject\",\"inLanguage\":\"es\",\"@id\":\"https:\\\/\\\/worklinkweb.com\\\/en\\\/#\\\/schema\\\/logo\\\/image\\\/\",\"url\":\"https:\\\/\\\/worklinkweb.com\\\/wp-content\\\/uploads\\\/2021\\\/05\\\/logo.jpeg\",\"contentUrl\":\"https:\\\/\\\/worklinkweb.com\\\/wp-content\\\/uploads\\\/2021\\\/05\\\/logo.jpeg\",\"width\":582,\"height\":115,\"caption\":\"SC Works Worklink\"},\"image\":{\"@id\":\"https:\\\/\\\/worklinkweb.com\\\/en\\\/#\\\/schema\\\/logo\\\/image\\\/\"},\"sameAs\":[\"https:\\\/\\\/www.facebook.com\\\/SCWorksWorkLink\\\/\",\"https:\\\/\\\/x.com\\\/SCWorksWorkLink\",\"http:\\\/\\\/www.youtube.com\\\/user\\\/WorkLinkWeb\"]}]}<\/script>\n<!-- \/ Yoast SEO plugin. -->","yoast_head_json":{"title":"Madre adolescente logra el Graduado del Sue\u00f1o de Honor - SC Works Worklink","robots":{"index":"index","follow":"follow","max-snippet":"max-snippet:-1","max-image-preview":"max-image-preview:large","max-video-preview":"max-video-preview:-1"},"canonical":"https:\/\/worklinkweb.com\/es\/youth\/adolescent-mother-achieves-dream-of-honor-grad\/","og_locale":"es_MX","og_type":"article","og_title":"Adolescent Mother Achieves Dream of Honor Grad - SC Works Worklink","og_description":"We were pleased to have Ms. Moore attend the October 30 Board meeting to share her story with the Board Members about how Palmetto Youth Connections (PYC) helped her. Ms.... Read more &raquo;","og_url":"https:\/\/worklinkweb.com\/es\/youth\/adolescent-mother-achieves-dream-of-honor-grad\/","og_site_name":"SC Works Worklink","article_publisher":"https:\/\/www.facebook.com\/SCWorksWorkLink\/","article_modified_time":"2021-05-26T02:01:46+00:00","og_image":[{"url":"http:\/\/www.worklinkweb.com\/wp-content\/uploads\/2015\/10\/stormie-moore-224x300.jpeg","type":"","width":"","height":""}],"twitter_card":"summary_large_image","twitter_site":"@SCWorksWorkLink","twitter_misc":{"Tiempo de lectura":"2 minutos"},"schema":{"@context":"https:\/\/schema.org","@graph":[{"@type":"WebPage","@id":"https:\/\/worklinkweb.com\/youth\/adolescent-mother-achieves-dream-of-honor-grad\/","url":"https:\/\/worklinkweb.com\/youth\/adolescent-mother-achieves-dream-of-honor-grad\/","name":"Madre adolescente logra el Graduado del Sue\u00f1o de Honor - SC Works Worklink","isPartOf":{"@id":"https:\/\/worklinkweb.com\/en\/#website"},"primaryImageOfPage":{"@id":"https:\/\/worklinkweb.com\/youth\/adolescent-mother-achieves-dream-of-honor-grad\/#primaryimage"},"image":{"@id":"https:\/\/worklinkweb.com\/youth\/adolescent-mother-achieves-dream-of-honor-grad\/#primaryimage"},"thumbnailUrl":"http:\/\/www.worklinkweb.com\/wp-content\/uploads\/2015\/10\/stormie-moore-224x300.jpeg","datePublished":"2015-10-28T00:51:42+00:00","dateModified":"2021-05-26T02:01:46+00:00","breadcrumb":{"@id":"https:\/\/worklinkweb.com\/youth\/adolescent-mother-achieves-dream-of-honor-grad\/#breadcrumb"},"inLanguage":"es","potentialAction":[{"@type":"ReadAction","target":["https:\/\/worklinkweb.com\/youth\/adolescent-mother-achieves-dream-of-honor-grad\/"]}]},{"@type":"ImageObject","inLanguage":"es","@id":"https:\/\/worklinkweb.com\/youth\/adolescent-mother-achieves-dream-of-honor-grad\/#primaryimage","url":"http:\/\/www.worklinkweb.com\/wp-content\/uploads\/2015\/10\/stormie-moore-224x300.jpeg","contentUrl":"http:\/\/www.worklinkweb.com\/wp-content\/uploads\/2015\/10\/stormie-moore-224x300.jpeg"},{"@type":"BreadcrumbList","@id":"https:\/\/worklinkweb.com\/youth\/adolescent-mother-achieves-dream-of-honor-grad\/#breadcrumb","itemListElement":[{"@type":"ListItem","position":1,"name":"Home","item":"https:\/\/worklinkweb.com\/"},{"@type":"ListItem","position":2,"name":"Youth","item":"https:\/\/worklinkweb.com\/youth\/"},{"@type":"ListItem","position":3,"name":"Adolescent Mother Achieves Dream of Honor Grad"}]},{"@type":"WebSite","@id":"https:\/\/worklinkweb.com\/en\/#website","url":"https:\/\/worklinkweb.com\/en\/","name":"SC Works Worklink","description":"Reunir a empleadores y solicitantes de empleo","publisher":{"@id":"https:\/\/worklinkweb.com\/en\/#organization"},"potentialAction":[{"@type":"SearchAction","target":{"@type":"EntryPoint","urlTemplate":"https:\/\/worklinkweb.com\/en\/?s={search_term_string}"},"query-input":{"@type":"PropertyValueSpecification","valueRequired":true,"valueName":"search_term_string"}}],"inLanguage":"es"},{"@type":"Organization","@id":"https:\/\/worklinkweb.com\/en\/#organization","name":"SC Works Worklink","url":"https:\/\/worklinkweb.com\/en\/","logo":{"@type":"ImageObject","inLanguage":"es","@id":"https:\/\/worklinkweb.com\/en\/#\/schema\/logo\/image\/","url":"https:\/\/worklinkweb.com\/wp-content\/uploads\/2021\/05\/logo.jpeg","contentUrl":"https:\/\/worklinkweb.com\/wp-content\/uploads\/2021\/05\/logo.jpeg","width":582,"height":115,"caption":"SC Works Worklink"},"image":{"@id":"https:\/\/worklinkweb.com\/en\/#\/schema\/logo\/image\/"},"sameAs":["https:\/\/www.facebook.com\/SCWorksWorkLink\/","https:\/\/x.com\/SCWorksWorkLink","http:\/\/www.youtube.com\/user\/WorkLinkWeb"]}]}},"_links":{"self":[{"href":"https:\/\/worklinkweb.com\/es\/wp-json\/wp\/v2\/pages\/146","targetHints":{"allow":["GET"]}}],"collection":[{"href":"https:\/\/worklinkweb.com\/es\/wp-json\/wp\/v2\/pages"}],"about":[{"href":"https:\/\/worklinkweb.com\/es\/wp-json\/wp\/v2\/types\/page"}],"author":[{"embeddable":true,"href":"https:\/\/worklinkweb.com\/es\/wp-json\/wp\/v2\/users\/1"}],"replies":[{"embeddable":true,"href":"https:\/\/worklinkweb.com\/es\/wp-json\/wp\/v2\/comments?post=146"}],"version-history":[{"count":1,"href":"https:\/\/worklinkweb.com\/es\/wp-json\/wp\/v2\/pages\/146\/revisions"}],"predecessor-version":[{"id":4166,"href":"https:\/\/worklinkweb.com\/es\/wp-json\/wp\/v2\/pages\/146\/revisions\/4166"}],"up":[{"embeddable":true,"href":"https:\/\/worklinkweb.com\/es\/wp-json\/wp\/v2\/pages\/96"}],"wp:attachment":[{"href":"https:\/\/worklinkweb.com\/es\/wp-json\/wp\/v2\/media?parent=146"}],"curies":[{"name":"wp","href":"https:\/\/api.w.org\/{rel}","templated":true}]}}