{"id":149,"date":"2015-10-28T00:52:22","date_gmt":"2015-10-28T00:52:22","guid":{"rendered":"http:\/\/new.worklinkweb.com\/?page_id=149"},"modified":"2021-05-25T22:01:46","modified_gmt":"2021-05-26T02:01:46","slug":"adolescent-teen-achieves-success","status":"publish","type":"page","link":"https:\/\/worklinkweb.com\/es\/juventud\/adolescente-adolescente-logra-el-exito\/","title":{"rendered":"Adolescente adolescente logra el \u00e9xito"},"content":{"rendered":"<p><img loading=\"lazy\" decoding=\"async\" class=\"alignleft size-medium wp-image-150\" src=\"http:\/\/www.worklinkweb.com\/wp-content\/uploads\/2015\/10\/ARphoto-225x300.jpg\" alt=\"ARphoto\" width=\"225\" height=\"300\" \/>Fue a fines de febrero de 2011 cuando me enter\u00e9 de que yo, que entonces ten\u00eda 17 a\u00f1os de edad, estaba embarazada. Apenas puedo recordar c\u00f3mo me sent\u00ed debido a la ola de emociones que me golpe\u00f3. Pasaban tantas cosas que apenas pod\u00eda procesar lo que esto significaba para m\u00ed. Ya estaba tratando de averiguar c\u00f3mo me iba a graduar debido a tantos d\u00edas perdidos en la escuela. \u00bfIba a sentarme todo el verano en recuperaci\u00f3n de asistencia, embarazada? Sinceramente, ten\u00eda miedo de abandonar mi tendencia a la irresponsabilidad; hab\u00eda sido muy divertido estar libre de preocupaciones. \u00bfC\u00f3mo les iba a decir esto a mis padres? Adem\u00e1s de eso, mi novio y yo est\u00e1bamos pasando por problemas con nuestra relaci\u00f3n y mi vida social en la escuela secundaria. Hab\u00eda estado fuera de la escuela secundaria durante algunos a\u00f1os y ya hab\u00eda tenido una hija que pronto cumplir\u00eda dos a\u00f1os.<\/p>\n<p>Decid\u00ed que no volver\u00eda con TL Hanna; No pod\u00eda soportar la idea de caminar por los pasillos embarazada. Oficialmente fui un desertor. Comenc\u00e9 las clases en Anderson Adult Education ese a\u00f1o, todav\u00eda queriendo obtener mi diploma de escuela secundaria. Incluso entonces no puedo decir que estaba particularmente determinada hasta m\u00e1s tarde en mi embarazo cuando me di cuenta, &quot;Necesitas esto&quot;. Despu\u00e9s de mi mala experiencia laboral como camarera y cajera, nunca iba a ganar suficiente dinero para mantener a este beb\u00e9.<\/p>\n<p>Me inscrib\u00ed en el programa Palmetto Youth Connections y desde all\u00ed supe que iba a hacer algo por m\u00ed mismo, iba a hacer que mis padres se sintieran orgullosos de m\u00ed. Tuve a mi hijo, Landon, el 23 de noviembre de ese a\u00f1o. Obtuve los \u00faltimos cr\u00e9ditos que necesitaba para graduarme y recib\u00ed un diploma oficial de TL Hanna High School. Luego me convert\u00ed en elegible para ser parte del programa de \u201cexperiencia laboral\u201d de Palmetto Youth Connections para poder ganar experiencia para un curr\u00edculum adecuado y poder encontrar un trabajo que me permitiera mantener a mi nueva familia. Estaba ganando dinero por mi trabajo proporcionado por Henkels &amp; McCoy. Comenc\u00e9 a trabajar en el Centro de Educaci\u00f3n para Adultos como asistente de personal e hice varias tareas para ayudar en las instalaciones. Durante ese tiempo hab\u00eda comenzado una clase de Terminolog\u00eda M\u00e9dica con Anatom\u00eda y Fisiolog\u00eda, un requisito previo para ser T\u00e9cnico de Farmacia en Educaci\u00f3n Continua. Programa. Fue dif\u00edcil hacer malabares con las largas jornadas de trabajo y estudio, adem\u00e1s del tiempo de clase y la gesti\u00f3n del tiempo para pasar tiempo con mi familia. Mi tiempo en casa con mi familia se estaba volviendo bastante escaso y solo estaba all\u00ed durante las \u00faltimas horas de la noche y las primeras horas de la ma\u00f1ana. A\u00fan as\u00ed, puedo darme cuenta de que los sacrificios que har\u00e9 ahora dar\u00e1n sus frutos. Estaba invirtiendo el tiempo perdido de todos esos a\u00f1os de desperdiciar mi verdadero potencial.<\/p>\n<p>Complet\u00e9 la clase con un promedio de 97. Luego me inscrib\u00ed en el Programa de Tecnolog\u00eda de Farmacia. Mi objetivo en este programa de educaci\u00f3n continua era ganar un salario adecuado para mantener a una familia tan pronto como fuera posible. Nunca me di cuenta de la determinaci\u00f3n que esto tomar\u00eda realmente. Despu\u00e9s de que expir\u00f3 mi tiempo para el programa de experiencia laboral, un puesto como recepcionista en Educaci\u00f3n para Adultos estuvo disponible. Despu\u00e9s de una entrevista formal con el personal, determinaron que yo estaba mejor calificado para el puesto entre varios otros candidatos. Ahora soy un empleado del Distrito Escolar 5 de Anderson. Estoy en un horario de salario y recibo beneficios para este puesto. Disfruto el trabajo; Siento que puedo animar mucho a los estudiantes porque una vez estuve en su lugar.<\/p>\n<p>Actualmente estoy en mi segundo m\u00f3dulo de tres en mi Programa de Certificaci\u00f3n de T\u00e9cnico de Farmacia. Antes de completar el programa, debo obtener 252 horas de capacitaci\u00f3n cl\u00ednica bajo la supervisi\u00f3n de un farmac\u00e9utico con licencia en un entorno hospitalario y minorista. Comenc\u00e9 las horas en la farmacia del Hospital AnMed de Anderson en alg\u00fan momento del mes pasado. Mis d\u00edas son largos; Voy directamente del trabajo a la clase dos d\u00edas a la semana y luego a mi centro de capacitaci\u00f3n cl\u00ednica los d\u00edas que no estoy. Cuando se trata de eso, generalmente estoy fuera de casa un promedio de 12 a 15 horas seguidas cinco d\u00edas a la semana. Sin embargo, estoy agradecida por mis fines de semana, por lo que puedo pasar tiempo de calidad con mi familia y ocuparme del trabajo de la casa.<\/p>\n<p>Nunca hubiera podido estar ausente el tiempo que estuve sin el apoyo de mi novio, el padre de Landon. Debo m\u00e1s de lo que podr\u00eda decir con palabras a su apoyo a lo largo de este proceso. Es el padre m\u00e1s grande y paciente de Landon. Soy muy afortunado de tenerlo en nuestras vidas y sin \u00e9l los grandes logros que he tenido nunca hubieran sido posibles.<\/p>\n<p>El programa Palmetto Youth Connections ha puesto un innegable sentido de responsabilidad en mi vida. Desde el momento en que comenc\u00e9, sent\u00ed que iba a aprovechar al m\u00e1ximo la oportunidad que se me hab\u00eda dado. La ayuda econ\u00f3mica que recib\u00ed fue de gran importancia para las victorias que obtuve. Me dio los medios y la motivaci\u00f3n para llegar a donde estoy ahora, porque sin \u00e9l nunca hubiera podido comenzar mi programa de educaci\u00f3n continua. Nunca hubiera podido pagar el costo de transporte que necesito para mis largos viajes diarios. El apoyo de mi entrenador de carrera tambi\u00e9n fue un factor importante. Tener a alguien que se dedique a tu \u00e9xito es importante. Tengo la suerte de contar con el apoyo de mi familia junto con mi entrenador de carrera, pero a menudo hay j\u00f3venes que no cuentan con este apoyo de ninguna manera. El programa proporciona una calidad casi parecida a la de los padres que le da ese sentimiento de obligaci\u00f3n de defender lo que se hab\u00eda dedicado a cuando ingres\u00f3 por primera vez al programa. Es notable que exista un programa de este tipo donde esto se lleva a cabo y los miembros brindan su tiempo y dedicaci\u00f3n a los perfectos extra\u00f1os de la juventud de las comunidades.<\/p>\n<p>Hoy me va muy bien en mi programa y tambi\u00e9n en el trabajo. Estoy decidido a terminar este programa con los conocimientos necesarios para aprobar mi examen PTCB para poder convertirme en un t\u00e9cnico de farmacia certificado. Espero avanzar en mi carrera al comenzar alg\u00fan d\u00eda la escuela de farmacia. Al final, he logrado lo que realmente quer\u00eda de todo esto; He enorgullecido a mis padres y yo mismo me he convertido en un padre orgulloso al ver crecer a mi hijo y mostrarnos a todos lo brillante y hermoso que es. Nunca he tenido la percepci\u00f3n de madurez como la tengo ahora. Mis luchas se han convertido en victorias, y son peque\u00f1as en comparaci\u00f3n con lo que depara el futuro.<\/p>\n<p align=\"center\"><strong><em>Un agradecimiento especial a mi entrenadora de carrera, Rhonda Wengerd.<\/em><\/strong><\/p>","protected":false},"excerpt":{"rendered":"<p>It was late February 2011 when I learned that I, a then 17 year old high school senior, was pregnant.\u00a0 I can hardly remember how I felt because of the&#8230;  <a class=\"excerpt-read-more\" href=\"https:\/\/worklinkweb.com\/es\/juventud\/adolescente-adolescente-logra-el-exito\/\" title=\"ReadAdolescent Teen Achieves Success\">Read more &raquo;<\/a><\/p>","protected":false},"author":1,"featured_media":0,"parent":96,"menu_order":0,"comment_status":"closed","ping_status":"closed","template":"page-youth.php","meta":{"footnotes":""},"class_list":["post-149","page","type-page","status-publish","hentry"],"yoast_head":"<!-- This site is optimized with the Yoast SEO plugin v27.4 - https:\/\/yoast.com\/product\/yoast-seo-wordpress\/ -->\n<title>Adolescent Teen Achieves Success - SC Works Worklink<\/title>\n<meta name=\"robots\" content=\"index, follow, max-snippet:-1, max-image-preview:large, max-video-preview:-1\" \/>\n<link rel=\"canonical\" href=\"https:\/\/worklinkweb.com\/es\/youth\/adolescent-teen-achieves-success\/\" \/>\n<meta property=\"og:locale\" content=\"es_MX\" \/>\n<meta property=\"og:type\" content=\"article\" \/>\n<meta property=\"og:title\" content=\"Adolescent Teen Achieves Success - SC Works Worklink\" \/>\n<meta property=\"og:description\" content=\"It was late February 2011 when I learned that I, a then 17 year old high school senior, was pregnant.\u00a0 I can hardly remember how I felt because of the... Read more &raquo;\" \/>\n<meta property=\"og:url\" content=\"https:\/\/worklinkweb.com\/es\/youth\/adolescent-teen-achieves-success\/\" \/>\n<meta property=\"og:site_name\" content=\"SC Works Worklink\" \/>\n<meta property=\"article:publisher\" content=\"https:\/\/www.facebook.com\/SCWorksWorkLink\/\" \/>\n<meta property=\"article:modified_time\" content=\"2021-05-26T02:01:46+00:00\" \/>\n<meta property=\"og:image\" content=\"http:\/\/www.worklinkweb.com\/wp-content\/uploads\/2015\/10\/ARphoto-225x300.jpg\" \/>\n<meta name=\"twitter:card\" content=\"summary_large_image\" \/>\n<meta name=\"twitter:site\" content=\"@SCWorksWorkLink\" \/>\n<meta name=\"twitter:label1\" content=\"Tiempo de lectura\" \/>\n\t<meta name=\"twitter:data1\" content=\"6 minutos\" \/>\n<script type=\"application\/ld+json\" class=\"yoast-schema-graph\">{\"@context\":\"https:\\\/\\\/schema.org\",\"@graph\":[{\"@type\":\"WebPage\",\"@id\":\"https:\\\/\\\/worklinkweb.com\\\/youth\\\/adolescent-teen-achieves-success\\\/\",\"url\":\"https:\\\/\\\/worklinkweb.com\\\/youth\\\/adolescent-teen-achieves-success\\\/\",\"name\":\"Adolescent Teen Achieves Success - SC Works Worklink\",\"isPartOf\":{\"@id\":\"https:\\\/\\\/worklinkweb.com\\\/en\\\/#website\"},\"primaryImageOfPage\":{\"@id\":\"https:\\\/\\\/worklinkweb.com\\\/youth\\\/adolescent-teen-achieves-success\\\/#primaryimage\"},\"image\":{\"@id\":\"https:\\\/\\\/worklinkweb.com\\\/youth\\\/adolescent-teen-achieves-success\\\/#primaryimage\"},\"thumbnailUrl\":\"http:\\\/\\\/www.worklinkweb.com\\\/wp-content\\\/uploads\\\/2015\\\/10\\\/ARphoto-225x300.jpg\",\"datePublished\":\"2015-10-28T00:52:22+00:00\",\"dateModified\":\"2021-05-26T02:01:46+00:00\",\"breadcrumb\":{\"@id\":\"https:\\\/\\\/worklinkweb.com\\\/youth\\\/adolescent-teen-achieves-success\\\/#breadcrumb\"},\"inLanguage\":\"es\",\"potentialAction\":[{\"@type\":\"ReadAction\",\"target\":[\"https:\\\/\\\/worklinkweb.com\\\/youth\\\/adolescent-teen-achieves-success\\\/\"]}]},{\"@type\":\"ImageObject\",\"inLanguage\":\"es\",\"@id\":\"https:\\\/\\\/worklinkweb.com\\\/youth\\\/adolescent-teen-achieves-success\\\/#primaryimage\",\"url\":\"http:\\\/\\\/www.worklinkweb.com\\\/wp-content\\\/uploads\\\/2015\\\/10\\\/ARphoto-225x300.jpg\",\"contentUrl\":\"http:\\\/\\\/www.worklinkweb.com\\\/wp-content\\\/uploads\\\/2015\\\/10\\\/ARphoto-225x300.jpg\"},{\"@type\":\"BreadcrumbList\",\"@id\":\"https:\\\/\\\/worklinkweb.com\\\/youth\\\/adolescent-teen-achieves-success\\\/#breadcrumb\",\"itemListElement\":[{\"@type\":\"ListItem\",\"position\":1,\"name\":\"Home\",\"item\":\"https:\\\/\\\/worklinkweb.com\\\/\"},{\"@type\":\"ListItem\",\"position\":2,\"name\":\"Youth\",\"item\":\"https:\\\/\\\/worklinkweb.com\\\/youth\\\/\"},{\"@type\":\"ListItem\",\"position\":3,\"name\":\"Adolescent Teen Achieves Success\"}]},{\"@type\":\"WebSite\",\"@id\":\"https:\\\/\\\/worklinkweb.com\\\/en\\\/#website\",\"url\":\"https:\\\/\\\/worklinkweb.com\\\/en\\\/\",\"name\":\"SC Works Worklink\",\"description\":\"Bringing Employers &amp; Job Seekers Together\",\"publisher\":{\"@id\":\"https:\\\/\\\/worklinkweb.com\\\/en\\\/#organization\"},\"potentialAction\":[{\"@type\":\"SearchAction\",\"target\":{\"@type\":\"EntryPoint\",\"urlTemplate\":\"https:\\\/\\\/worklinkweb.com\\\/en\\\/?s={search_term_string}\"},\"query-input\":{\"@type\":\"PropertyValueSpecification\",\"valueRequired\":true,\"valueName\":\"search_term_string\"}}],\"inLanguage\":\"es\"},{\"@type\":\"Organization\",\"@id\":\"https:\\\/\\\/worklinkweb.com\\\/en\\\/#organization\",\"name\":\"SC Works Worklink\",\"url\":\"https:\\\/\\\/worklinkweb.com\\\/en\\\/\",\"logo\":{\"@type\":\"ImageObject\",\"inLanguage\":\"es\",\"@id\":\"https:\\\/\\\/worklinkweb.com\\\/en\\\/#\\\/schema\\\/logo\\\/image\\\/\",\"url\":\"https:\\\/\\\/worklinkweb.com\\\/wp-content\\\/uploads\\\/2021\\\/05\\\/logo.jpeg\",\"contentUrl\":\"https:\\\/\\\/worklinkweb.com\\\/wp-content\\\/uploads\\\/2021\\\/05\\\/logo.jpeg\",\"width\":582,\"height\":115,\"caption\":\"SC Works Worklink\"},\"image\":{\"@id\":\"https:\\\/\\\/worklinkweb.com\\\/en\\\/#\\\/schema\\\/logo\\\/image\\\/\"},\"sameAs\":[\"https:\\\/\\\/www.facebook.com\\\/SCWorksWorkLink\\\/\",\"https:\\\/\\\/x.com\\\/SCWorksWorkLink\",\"http:\\\/\\\/www.youtube.com\\\/user\\\/WorkLinkWeb\"]}]}<\/script>\n<!-- \/ Yoast SEO plugin. -->","yoast_head_json":{"title":"Adolescente adolescente logra el \u00e9xito - SC Works Worklink","robots":{"index":"index","follow":"follow","max-snippet":"max-snippet:-1","max-image-preview":"max-image-preview:large","max-video-preview":"max-video-preview:-1"},"canonical":"https:\/\/worklinkweb.com\/es\/youth\/adolescent-teen-achieves-success\/","og_locale":"es_MX","og_type":"article","og_title":"Adolescent Teen Achieves Success - SC Works Worklink","og_description":"It was late February 2011 when I learned that I, a then 17 year old high school senior, was pregnant.\u00a0 I can hardly remember how I felt because of the... Read more &raquo;","og_url":"https:\/\/worklinkweb.com\/es\/youth\/adolescent-teen-achieves-success\/","og_site_name":"SC Works Worklink","article_publisher":"https:\/\/www.facebook.com\/SCWorksWorkLink\/","article_modified_time":"2021-05-26T02:01:46+00:00","og_image":[{"url":"http:\/\/www.worklinkweb.com\/wp-content\/uploads\/2015\/10\/ARphoto-225x300.jpg","type":"","width":"","height":""}],"twitter_card":"summary_large_image","twitter_site":"@SCWorksWorkLink","twitter_misc":{"Tiempo de lectura":"6 minutos"},"schema":{"@context":"https:\/\/schema.org","@graph":[{"@type":"WebPage","@id":"https:\/\/worklinkweb.com\/youth\/adolescent-teen-achieves-success\/","url":"https:\/\/worklinkweb.com\/youth\/adolescent-teen-achieves-success\/","name":"Adolescente adolescente logra el \u00e9xito - SC Works Worklink","isPartOf":{"@id":"https:\/\/worklinkweb.com\/en\/#website"},"primaryImageOfPage":{"@id":"https:\/\/worklinkweb.com\/youth\/adolescent-teen-achieves-success\/#primaryimage"},"image":{"@id":"https:\/\/worklinkweb.com\/youth\/adolescent-teen-achieves-success\/#primaryimage"},"thumbnailUrl":"http:\/\/www.worklinkweb.com\/wp-content\/uploads\/2015\/10\/ARphoto-225x300.jpg","datePublished":"2015-10-28T00:52:22+00:00","dateModified":"2021-05-26T02:01:46+00:00","breadcrumb":{"@id":"https:\/\/worklinkweb.com\/youth\/adolescent-teen-achieves-success\/#breadcrumb"},"inLanguage":"es","potentialAction":[{"@type":"ReadAction","target":["https:\/\/worklinkweb.com\/youth\/adolescent-teen-achieves-success\/"]}]},{"@type":"ImageObject","inLanguage":"es","@id":"https:\/\/worklinkweb.com\/youth\/adolescent-teen-achieves-success\/#primaryimage","url":"http:\/\/www.worklinkweb.com\/wp-content\/uploads\/2015\/10\/ARphoto-225x300.jpg","contentUrl":"http:\/\/www.worklinkweb.com\/wp-content\/uploads\/2015\/10\/ARphoto-225x300.jpg"},{"@type":"BreadcrumbList","@id":"https:\/\/worklinkweb.com\/youth\/adolescent-teen-achieves-success\/#breadcrumb","itemListElement":[{"@type":"ListItem","position":1,"name":"Home","item":"https:\/\/worklinkweb.com\/"},{"@type":"ListItem","position":2,"name":"Youth","item":"https:\/\/worklinkweb.com\/youth\/"},{"@type":"ListItem","position":3,"name":"Adolescent Teen Achieves Success"}]},{"@type":"WebSite","@id":"https:\/\/worklinkweb.com\/en\/#website","url":"https:\/\/worklinkweb.com\/en\/","name":"SC Works Worklink","description":"Reunir a empleadores y solicitantes de empleo","publisher":{"@id":"https:\/\/worklinkweb.com\/en\/#organization"},"potentialAction":[{"@type":"SearchAction","target":{"@type":"EntryPoint","urlTemplate":"https:\/\/worklinkweb.com\/en\/?s={search_term_string}"},"query-input":{"@type":"PropertyValueSpecification","valueRequired":true,"valueName":"search_term_string"}}],"inLanguage":"es"},{"@type":"Organization","@id":"https:\/\/worklinkweb.com\/en\/#organization","name":"SC Works Worklink","url":"https:\/\/worklinkweb.com\/en\/","logo":{"@type":"ImageObject","inLanguage":"es","@id":"https:\/\/worklinkweb.com\/en\/#\/schema\/logo\/image\/","url":"https:\/\/worklinkweb.com\/wp-content\/uploads\/2021\/05\/logo.jpeg","contentUrl":"https:\/\/worklinkweb.com\/wp-content\/uploads\/2021\/05\/logo.jpeg","width":582,"height":115,"caption":"SC Works Worklink"},"image":{"@id":"https:\/\/worklinkweb.com\/en\/#\/schema\/logo\/image\/"},"sameAs":["https:\/\/www.facebook.com\/SCWorksWorkLink\/","https:\/\/x.com\/SCWorksWorkLink","http:\/\/www.youtube.com\/user\/WorkLinkWeb"]}]}},"_links":{"self":[{"href":"https:\/\/worklinkweb.com\/es\/wp-json\/wp\/v2\/pages\/149","targetHints":{"allow":["GET"]}}],"collection":[{"href":"https:\/\/worklinkweb.com\/es\/wp-json\/wp\/v2\/pages"}],"about":[{"href":"https:\/\/worklinkweb.com\/es\/wp-json\/wp\/v2\/types\/page"}],"author":[{"embeddable":true,"href":"https:\/\/worklinkweb.com\/es\/wp-json\/wp\/v2\/users\/1"}],"replies":[{"embeddable":true,"href":"https:\/\/worklinkweb.com\/es\/wp-json\/wp\/v2\/comments?post=149"}],"version-history":[{"count":1,"href":"https:\/\/worklinkweb.com\/es\/wp-json\/wp\/v2\/pages\/149\/revisions"}],"predecessor-version":[{"id":4167,"href":"https:\/\/worklinkweb.com\/es\/wp-json\/wp\/v2\/pages\/149\/revisions\/4167"}],"up":[{"embeddable":true,"href":"https:\/\/worklinkweb.com\/es\/wp-json\/wp\/v2\/pages\/96"}],"wp:attachment":[{"href":"https:\/\/worklinkweb.com\/es\/wp-json\/wp\/v2\/media?parent=149"}],"curies":[{"name":"wp","href":"https:\/\/api.w.org\/{rel}","templated":true}]}}