{"id":154,"date":"2015-10-28T00:58:09","date_gmt":"2015-10-28T00:58:09","guid":{"rendered":"http:\/\/new.worklinkweb.com\/?page_id=154"},"modified":"2023-07-10T10:31:58","modified_gmt":"2023-07-10T14:31:58","slug":"job-seekers","status":"publish","type":"page","link":"https:\/\/worklinkweb.com\/es\/solicitantes-de-empleo\/","title":{"rendered":"Solicitantes de empleo"},"content":{"rendered":"<div class=\"wpb-content-wrapper\"><div class=\"vc_row wpb_row vc_row-fluid\"><div class=\"wpb_column vc_column_container vc_col-sm-12\"><div class=\"vc_column-inner\"><div class=\"wpb_wrapper\">\n\t<div class=\"wpb_text_column wpb_content_element\" >\n\t\t<div class=\"wpb_wrapper\">\n\t\t\t<p><img loading=\"lazy\" decoding=\"async\" class=\"alignright wp-image-4100 size-medium\" src=\"https:\/\/worklinkweb.com\/wp-content\/uploads\/2021\/05\/AdobeStock_142263885-worker-in-production-800px-300x200.jpg\" alt=\"\" width=\"300\" height=\"200\" srcset=\"https:\/\/worklinkweb.com\/wp-content\/uploads\/2021\/05\/AdobeStock_142263885-worker-in-production-800px-300x200.jpg 300w, https:\/\/worklinkweb.com\/wp-content\/uploads\/2021\/05\/AdobeStock_142263885-worker-in-production-800px-768x512.jpg 768w, https:\/\/worklinkweb.com\/wp-content\/uploads\/2021\/05\/AdobeStock_142263885-worker-in-production-800px-16x12.jpg 16w, https:\/\/worklinkweb.com\/wp-content\/uploads\/2021\/05\/AdobeStock_142263885-worker-in-production-800px.jpg 800w\" sizes=\"auto, (max-width: 300px) 100vw, 300px\" \/><\/p>\n<p>Los SC Works Centers en Anderson, Clemson, Easley y Seneca ofrecen informaci\u00f3n, servicios, capacitaci\u00f3n y otras herramientas \u201cf\u00e1ciles de usar\u201d que necesita para encontrar su pr\u00f3ximo trabajo y avanzar en su carrera. Ya sea que est\u00e9 en transici\u00f3n, en la escuela, despedido de su trabajo, desempleado o tenga las habilidades y la educaci\u00f3n para hacer m\u00e1s de lo que requiere su puesto actual, podemos ayudarlo a obtener una base s\u00f3lida para su pr\u00f3ximo puesto o carrera o, en \u00faltima instancia, conectarse usted a un trabajo.<\/p>\n<p><strong>Nuestros servicios le ayudan a averiguar cu\u00e1les son sus habilidades, le brindan asistencia en la b\u00fasqueda de empleo y a desarrollar un plan para que vuelva a trabajar.<\/strong><\/p>\n\n\t\t<\/div>\n\t<\/div>\n<\/div><\/div><\/div><\/div><div class=\"vc_row wpb_row vc_row-fluid\"><div class=\"wpb_column vc_column_container vc_col-sm-12\"><div class=\"vc_column-inner\"><div class=\"wpb_wrapper\">\n\t<div class=\"wpb_text_column wpb_content_element\" >\n\t\t<div class=\"wpb_wrapper\">\n\t\t\t<h2>Ubicaciones de SC Works<\/h2>\n\n\t\t<\/div>\n\t<\/div>\n<\/div><\/div><\/div><\/div><div class=\"vc_row wpb_row vc_row-fluid\"><div class=\"wpb_column vc_column_container vc_col-sm-6\"><div class=\"vc_column-inner\"><div class=\"wpb_wrapper\">\n\t<div class=\"wpb_text_column wpb_content_element\" >\n\t\t<div class=\"wpb_wrapper\">\n\t\t\t<p><strong>SC trabaja Anderson\u00a0<\/strong><br \/>\n1428 Pearman Dairy Rd<br \/>\n(864) 642-0466 (TTY:711)<br \/>\nHorario: 8:30 - 5:00 M - V<\/p>\n\n\t\t<\/div>\n\t<\/div>\n<\/div><\/div><\/div><div class=\"wpb_column vc_column_container vc_col-sm-6\"><div class=\"vc_column-inner\"><div class=\"wpb_wrapper\">\n\t<div class=\"wpb_text_column wpb_content_element\" >\n\t\t<div class=\"wpb_wrapper\">\n\t\t\t<p><strong>SC Works Clemson <\/strong><br \/>\n1376 Tiger Blvd, Suite 102<br \/>\n(864) 643-0071 (TTY: 711)<br \/>\nHorario: 8:30 - 5:00 M - V<\/p>\n\n\t\t<\/div>\n\t<\/div>\n<\/div><\/div><\/div><\/div><div class=\"vc_row wpb_row vc_row-fluid\"><div class=\"wpb_column vc_column_container vc_col-sm-6\"><div class=\"vc_column-inner\"><div class=\"wpb_wrapper\">\n\t<div class=\"wpb_text_column wpb_content_element\" >\n\t\t<div class=\"wpb_wrapper\">\n\t\t\t<p><strong>SC Works Easley<\/strong><br \/>\nCentro de desarrollo QuickJobs<br \/>\nCampus de Easley<br \/>\nColegio T\u00e9cnico Tri-County<br \/>\n1776 Powdersville Road<br \/>\n(864) 220-8990 (TTY: 711)<br \/>\nHours: 8:30 &#8211; Noon, 1:00 &#8211; 5:00 M &#8211; Tu (closed for lunch)<\/p>\n\n\t\t<\/div>\n\t<\/div>\n<\/div><\/div><\/div><div class=\"wpb_column vc_column_container vc_col-sm-6\"><div class=\"vc_column-inner\"><div class=\"wpb_wrapper\">\n\t<div class=\"wpb_text_column wpb_content_element\" >\n\t\t<div class=\"wpb_wrapper\">\n\t\t\t<p><strong>SC Works Seneca<\/strong><br \/>\nCentro de desarrollo QuickJobs<br \/>\nColegio T\u00e9cnico Tri-County<br \/>\n104 Impulso vocacional<br \/>\n(864) 646-1741 (TTY: 711)<br \/>\nHours: 8:30 &#8211; 1:00, 2:00 &#8211; 5:00 M &#8211; F (closed for lunch)<\/p>\n\n\t\t<\/div>\n\t<\/div>\n<\/div><\/div><\/div><\/div><div class=\"vc_row wpb_row vc_row-fluid\"><div class=\"wpb_column vc_column_container vc_col-sm-12\"><div class=\"vc_column-inner\"><div class=\"wpb_wrapper\">\n\t<div class=\"wpb_text_column wpb_content_element\" >\n\t\t<div class=\"wpb_wrapper\">\n\t\t\t<h2>Puntos de acceso<\/h2>\n<p>SC Works WorkLink se asocia con varias agencias comunitarias para proporcionar puntos de acceso a los servicios de b\u00fasqueda de empleo. Como parte de la red SHARE, estos puntos de acceso ofrecen acceso a una computadora y muchos de los servicios profesionales que encontrar\u00e1 en los completos y sat\u00e9lites SC Works Workforce Centers en los condados de Anderson, Oconee y Pickens.<\/p>\n<p><img loading=\"lazy\" decoding=\"async\" class=\"size-medium wp-image-4422 alignright\" src=\"https:\/\/worklinkweb.com\/wp-content\/uploads\/2021\/06\/AdobeStock_202193944-man-standing-at-the-table-and-preparing-the-package-300x200.jpeg\" alt=\"\" width=\"300\" height=\"200\" srcset=\"https:\/\/worklinkweb.com\/wp-content\/uploads\/2021\/06\/AdobeStock_202193944-man-standing-at-the-table-and-preparing-the-package-300x200.jpeg 300w, https:\/\/worklinkweb.com\/wp-content\/uploads\/2021\/06\/AdobeStock_202193944-man-standing-at-the-table-and-preparing-the-package-768x512.jpeg 768w, https:\/\/worklinkweb.com\/wp-content\/uploads\/2021\/06\/AdobeStock_202193944-man-standing-at-the-table-and-preparing-the-package-16x12.jpeg 16w, https:\/\/worklinkweb.com\/wp-content\/uploads\/2021\/06\/AdobeStock_202193944-man-standing-at-the-table-and-preparing-the-package.jpeg 800w\" sizes=\"auto, (max-width: 300px) 100vw, 300px\" \/><\/p>\n<h3>Los puntos de acceso est\u00e1n disponibles en las siguientes ubicaciones:<\/h3>\n<p><strong>Educaci\u00f3n para adultos<\/strong><br \/>\nEducaci\u00f3n para adultos de Anderson - Distritos 1 y 2<br \/>\nCondado de Anderson (distritos 3, 4 y 5)<\/p>\n<p><strong>Biblioteca P\u00fablica <\/strong><br \/>\nCondado de Anderson<br \/>\nCondado de Oconee<br \/>\nCondado de Pickens<\/p>\n<p><strong>Otras Ubicaciones <\/strong><br \/>\nMinisterios Anderson Interfaith<br \/>\nFoothillls Pregnancy Care Center en el condado de Oconee<br \/>\nIndustrias de buena voluntad de Upstate \/ Midlands<br \/>\nPARTE del condado de Oconee<br \/>\nEl centro de ensue\u00f1o del condado de Pickens<br \/>\nThe Parenting Place - Condado de Pickens<br \/>\nUnited Way de Anderson<br \/>\nUnited Way de Oconee<br \/>\nUnited Way of Pickens<\/p>\n\n\t\t<\/div>\n\t<\/div>\n<\/div><\/div><\/div><\/div>\n<\/div>","protected":false},"excerpt":{"rendered":"The SC Works Centers in Anderson, Clemson, Easley and Seneca offer \"easy to use\" information, services, training and other tools you need to find your next job and move ahead...  <a class=\"excerpt-read-more\" href=\"https:\/\/worklinkweb.com\/es\/solicitantes-de-empleo\/\" title=\"ReadJob Seekers\">Read more &raquo;<\/a>","protected":false},"author":1,"featured_media":0,"parent":0,"menu_order":0,"comment_status":"closed","ping_status":"closed","template":"page-job-seekers.php","meta":{"footnotes":""},"class_list":["post-154","page","type-page","status-publish","hentry"],"yoast_head":"<!-- This site is optimized with the Yoast SEO plugin v27.4 - https:\/\/yoast.com\/product\/yoast-seo-wordpress\/ -->\n<title>Job Seekers - SC Works Worklink<\/title>\n<meta name=\"robots\" content=\"index, follow, max-snippet:-1, max-image-preview:large, max-video-preview:-1\" \/>\n<link rel=\"canonical\" href=\"https:\/\/worklinkweb.com\/es\/job-seekers\/\" \/>\n<meta property=\"og:locale\" content=\"es_MX\" \/>\n<meta property=\"og:type\" content=\"article\" \/>\n<meta property=\"og:title\" content=\"Job Seekers - SC Works Worklink\" \/>\n<meta property=\"og:url\" content=\"https:\/\/worklinkweb.com\/es\/job-seekers\/\" \/>\n<meta property=\"og:site_name\" content=\"SC Works Worklink\" \/>\n<meta property=\"article:publisher\" content=\"https:\/\/www.facebook.com\/SCWorksWorkLink\/\" \/>\n<meta property=\"article:modified_time\" content=\"2023-07-10T14:31:58+00:00\" \/>\n<meta property=\"og:image\" content=\"https:\/\/worklinkweb.com\/wp-content\/uploads\/2021\/05\/AdobeStock_142263885-worker-in-production-800px-300x200.jpg\" \/>\n<meta name=\"twitter:card\" content=\"summary_large_image\" \/>\n<meta name=\"twitter:site\" content=\"@SCWorksWorkLink\" \/>\n<meta name=\"twitter:label1\" content=\"Tiempo de lectura\" \/>\n\t<meta name=\"twitter:data1\" content=\"2 minutos\" \/>\n<script type=\"application\/ld+json\" class=\"yoast-schema-graph\">{\"@context\":\"https:\\\/\\\/schema.org\",\"@graph\":[{\"@type\":\"WebPage\",\"@id\":\"https:\\\/\\\/worklinkweb.com\\\/job-seekers\\\/\",\"url\":\"https:\\\/\\\/worklinkweb.com\\\/job-seekers\\\/\",\"name\":\"Job Seekers - SC Works Worklink\",\"isPartOf\":{\"@id\":\"https:\\\/\\\/worklinkweb.com\\\/en\\\/#website\"},\"primaryImageOfPage\":{\"@id\":\"https:\\\/\\\/worklinkweb.com\\\/job-seekers\\\/#primaryimage\"},\"image\":{\"@id\":\"https:\\\/\\\/worklinkweb.com\\\/job-seekers\\\/#primaryimage\"},\"thumbnailUrl\":\"https:\\\/\\\/worklinkweb.com\\\/wp-content\\\/uploads\\\/2021\\\/05\\\/AdobeStock_142263885-worker-in-production-800px-300x200.jpg\",\"datePublished\":\"2015-10-28T00:58:09+00:00\",\"dateModified\":\"2023-07-10T14:31:58+00:00\",\"breadcrumb\":{\"@id\":\"https:\\\/\\\/worklinkweb.com\\\/job-seekers\\\/#breadcrumb\"},\"inLanguage\":\"es\",\"potentialAction\":[{\"@type\":\"ReadAction\",\"target\":[\"https:\\\/\\\/worklinkweb.com\\\/job-seekers\\\/\"]}]},{\"@type\":\"ImageObject\",\"inLanguage\":\"es\",\"@id\":\"https:\\\/\\\/worklinkweb.com\\\/job-seekers\\\/#primaryimage\",\"url\":\"https:\\\/\\\/worklinkweb.com\\\/wp-content\\\/uploads\\\/2021\\\/05\\\/AdobeStock_142263885-worker-in-production-800px-300x200.jpg\",\"contentUrl\":\"https:\\\/\\\/worklinkweb.com\\\/wp-content\\\/uploads\\\/2021\\\/05\\\/AdobeStock_142263885-worker-in-production-800px-300x200.jpg\"},{\"@type\":\"BreadcrumbList\",\"@id\":\"https:\\\/\\\/worklinkweb.com\\\/job-seekers\\\/#breadcrumb\",\"itemListElement\":[{\"@type\":\"ListItem\",\"position\":1,\"name\":\"Home\",\"item\":\"https:\\\/\\\/worklinkweb.com\\\/\"},{\"@type\":\"ListItem\",\"position\":2,\"name\":\"Job Seekers\"}]},{\"@type\":\"WebSite\",\"@id\":\"https:\\\/\\\/worklinkweb.com\\\/en\\\/#website\",\"url\":\"https:\\\/\\\/worklinkweb.com\\\/en\\\/\",\"name\":\"SC Works Worklink\",\"description\":\"Bringing Employers &amp; Job Seekers Together\",\"publisher\":{\"@id\":\"https:\\\/\\\/worklinkweb.com\\\/en\\\/#organization\"},\"potentialAction\":[{\"@type\":\"SearchAction\",\"target\":{\"@type\":\"EntryPoint\",\"urlTemplate\":\"https:\\\/\\\/worklinkweb.com\\\/en\\\/?s={search_term_string}\"},\"query-input\":{\"@type\":\"PropertyValueSpecification\",\"valueRequired\":true,\"valueName\":\"search_term_string\"}}],\"inLanguage\":\"es\"},{\"@type\":\"Organization\",\"@id\":\"https:\\\/\\\/worklinkweb.com\\\/en\\\/#organization\",\"name\":\"SC Works Worklink\",\"url\":\"https:\\\/\\\/worklinkweb.com\\\/en\\\/\",\"logo\":{\"@type\":\"ImageObject\",\"inLanguage\":\"es\",\"@id\":\"https:\\\/\\\/worklinkweb.com\\\/en\\\/#\\\/schema\\\/logo\\\/image\\\/\",\"url\":\"https:\\\/\\\/worklinkweb.com\\\/wp-content\\\/uploads\\\/2021\\\/05\\\/logo.jpeg\",\"contentUrl\":\"https:\\\/\\\/worklinkweb.com\\\/wp-content\\\/uploads\\\/2021\\\/05\\\/logo.jpeg\",\"width\":582,\"height\":115,\"caption\":\"SC Works Worklink\"},\"image\":{\"@id\":\"https:\\\/\\\/worklinkweb.com\\\/en\\\/#\\\/schema\\\/logo\\\/image\\\/\"},\"sameAs\":[\"https:\\\/\\\/www.facebook.com\\\/SCWorksWorkLink\\\/\",\"https:\\\/\\\/x.com\\\/SCWorksWorkLink\",\"http:\\\/\\\/www.youtube.com\\\/user\\\/WorkLinkWeb\"]}]}<\/script>\n<!-- \/ Yoast SEO plugin. -->","yoast_head_json":{"title":"Solicitantes de empleo - SC Works Worklink","robots":{"index":"index","follow":"follow","max-snippet":"max-snippet:-1","max-image-preview":"max-image-preview:large","max-video-preview":"max-video-preview:-1"},"canonical":"https:\/\/worklinkweb.com\/es\/job-seekers\/","og_locale":"es_MX","og_type":"article","og_title":"Job Seekers - SC Works Worklink","og_url":"https:\/\/worklinkweb.com\/es\/job-seekers\/","og_site_name":"SC Works Worklink","article_publisher":"https:\/\/www.facebook.com\/SCWorksWorkLink\/","article_modified_time":"2023-07-10T14:31:58+00:00","og_image":[{"url":"https:\/\/worklinkweb.com\/wp-content\/uploads\/2021\/05\/AdobeStock_142263885-worker-in-production-800px-300x200.jpg","type":"","width":"","height":""}],"twitter_card":"summary_large_image","twitter_site":"@SCWorksWorkLink","twitter_misc":{"Tiempo de lectura":"2 minutos"},"schema":{"@context":"https:\/\/schema.org","@graph":[{"@type":"WebPage","@id":"https:\/\/worklinkweb.com\/job-seekers\/","url":"https:\/\/worklinkweb.com\/job-seekers\/","name":"Solicitantes de empleo - SC Works Worklink","isPartOf":{"@id":"https:\/\/worklinkweb.com\/en\/#website"},"primaryImageOfPage":{"@id":"https:\/\/worklinkweb.com\/job-seekers\/#primaryimage"},"image":{"@id":"https:\/\/worklinkweb.com\/job-seekers\/#primaryimage"},"thumbnailUrl":"https:\/\/worklinkweb.com\/wp-content\/uploads\/2021\/05\/AdobeStock_142263885-worker-in-production-800px-300x200.jpg","datePublished":"2015-10-28T00:58:09+00:00","dateModified":"2023-07-10T14:31:58+00:00","breadcrumb":{"@id":"https:\/\/worklinkweb.com\/job-seekers\/#breadcrumb"},"inLanguage":"es","potentialAction":[{"@type":"ReadAction","target":["https:\/\/worklinkweb.com\/job-seekers\/"]}]},{"@type":"ImageObject","inLanguage":"es","@id":"https:\/\/worklinkweb.com\/job-seekers\/#primaryimage","url":"https:\/\/worklinkweb.com\/wp-content\/uploads\/2021\/05\/AdobeStock_142263885-worker-in-production-800px-300x200.jpg","contentUrl":"https:\/\/worklinkweb.com\/wp-content\/uploads\/2021\/05\/AdobeStock_142263885-worker-in-production-800px-300x200.jpg"},{"@type":"BreadcrumbList","@id":"https:\/\/worklinkweb.com\/job-seekers\/#breadcrumb","itemListElement":[{"@type":"ListItem","position":1,"name":"Home","item":"https:\/\/worklinkweb.com\/"},{"@type":"ListItem","position":2,"name":"Job Seekers"}]},{"@type":"WebSite","@id":"https:\/\/worklinkweb.com\/en\/#website","url":"https:\/\/worklinkweb.com\/en\/","name":"SC Works Worklink","description":"Reunir a empleadores y solicitantes de empleo","publisher":{"@id":"https:\/\/worklinkweb.com\/en\/#organization"},"potentialAction":[{"@type":"SearchAction","target":{"@type":"EntryPoint","urlTemplate":"https:\/\/worklinkweb.com\/en\/?s={search_term_string}"},"query-input":{"@type":"PropertyValueSpecification","valueRequired":true,"valueName":"search_term_string"}}],"inLanguage":"es"},{"@type":"Organization","@id":"https:\/\/worklinkweb.com\/en\/#organization","name":"SC Works Worklink","url":"https:\/\/worklinkweb.com\/en\/","logo":{"@type":"ImageObject","inLanguage":"es","@id":"https:\/\/worklinkweb.com\/en\/#\/schema\/logo\/image\/","url":"https:\/\/worklinkweb.com\/wp-content\/uploads\/2021\/05\/logo.jpeg","contentUrl":"https:\/\/worklinkweb.com\/wp-content\/uploads\/2021\/05\/logo.jpeg","width":582,"height":115,"caption":"SC Works Worklink"},"image":{"@id":"https:\/\/worklinkweb.com\/en\/#\/schema\/logo\/image\/"},"sameAs":["https:\/\/www.facebook.com\/SCWorksWorkLink\/","https:\/\/x.com\/SCWorksWorkLink","http:\/\/www.youtube.com\/user\/WorkLinkWeb"]}]}},"_links":{"self":[{"href":"https:\/\/worklinkweb.com\/es\/wp-json\/wp\/v2\/pages\/154","targetHints":{"allow":["GET"]}}],"collection":[{"href":"https:\/\/worklinkweb.com\/es\/wp-json\/wp\/v2\/pages"}],"about":[{"href":"https:\/\/worklinkweb.com\/es\/wp-json\/wp\/v2\/types\/page"}],"author":[{"embeddable":true,"href":"https:\/\/worklinkweb.com\/es\/wp-json\/wp\/v2\/users\/1"}],"replies":[{"embeddable":true,"href":"https:\/\/worklinkweb.com\/es\/wp-json\/wp\/v2\/comments?post=154"}],"version-history":[{"count":15,"href":"https:\/\/worklinkweb.com\/es\/wp-json\/wp\/v2\/pages\/154\/revisions"}],"predecessor-version":[{"id":5715,"href":"https:\/\/worklinkweb.com\/es\/wp-json\/wp\/v2\/pages\/154\/revisions\/5715"}],"wp:attachment":[{"href":"https:\/\/worklinkweb.com\/es\/wp-json\/wp\/v2\/media?parent=154"}],"curies":[{"name":"wp","href":"https:\/\/api.w.org\/{rel}","templated":true}]}}