{"id":165,"date":"2015-10-28T01:06:39","date_gmt":"2015-10-28T01:06:39","guid":{"rendered":"http:\/\/new.worklinkweb.com\/?page_id=165"},"modified":"2023-11-08T14:39:17","modified_gmt":"2023-11-08T19:39:17","slug":"veterans","status":"publish","type":"page","link":"https:\/\/worklinkweb.com\/es\/solicitantes-de-empleo\/veteranos\/","title":{"rendered":"Veteranos"},"content":{"rendered":"<div class=\"wpb-content-wrapper\"><div class=\"vc_row wpb_row vc_row-fluid\"><div class=\"wpb_column vc_column_container vc_col-sm-12\"><div class=\"vc_column-inner\"><div class=\"wpb_wrapper\">\n\t<div class=\"wpb_text_column wpb_content_element\" >\n\t\t<div class=\"wpb_wrapper\">\n\t\t\t<h3>Servicios para veteranos<\/h3>\n<p><img loading=\"lazy\" decoding=\"async\" class=\"alignright wp-image-4429\" src=\"https:\/\/worklinkweb.com\/wp-content\/uploads\/2021\/06\/AdobeStock_177755339-older-guy-300x200.jpeg\" alt=\"\" width=\"286\" height=\"190\" srcset=\"https:\/\/worklinkweb.com\/wp-content\/uploads\/2021\/06\/AdobeStock_177755339-older-guy-300x200.jpeg 300w, https:\/\/worklinkweb.com\/wp-content\/uploads\/2021\/06\/AdobeStock_177755339-older-guy-768x513.jpeg 768w, https:\/\/worklinkweb.com\/wp-content\/uploads\/2021\/06\/AdobeStock_177755339-older-guy-16x12.jpeg 16w, https:\/\/worklinkweb.com\/wp-content\/uploads\/2021\/06\/AdobeStock_177755339-older-guy.jpeg 800w\" sizes=\"auto, (max-width: 286px) 100vw, 286px\" \/>Los representantes de SC Works est\u00e1n disponibles en el SC Works Center durante toda la semana para ayudar a los veteranos en la transici\u00f3n a la fuerza laboral.<\/p>\n<p>Los Especialistas de Alcance de Veteranos Locales y los Especialistas de Alcance de Veteranos Discapacitados (DVOP, por sus siglas en ingl\u00e9s) est\u00e1n capacitados para brindar servicios de empleo prioritarios e intensivos a todos los veteranos, incluido entrenamiento de carrera grupal e individual, referencias laborales, ayuda para la preparaci\u00f3n de curr\u00edculums, ferias de carreras y talleres de b\u00fasqueda de trabajo, programas de capacitaci\u00f3n laboral y referencias a servicios de capacitaci\u00f3n.<\/p>\n<h4>Recursos para veteranos<\/h4>\n<p><img loading=\"lazy\" decoding=\"async\" class=\"alignright wp-image-4205 size-medium\" src=\"https:\/\/worklinkweb.com\/wp-content\/uploads\/2021\/05\/AdobeStock_246439234-Prosthetic-Leg-800px-e1623165307984-286x300.jpg\" alt=\"\" width=\"286\" height=\"300\" srcset=\"https:\/\/worklinkweb.com\/wp-content\/uploads\/2021\/05\/AdobeStock_246439234-Prosthetic-Leg-800px-e1623165307984-286x300.jpg 286w, https:\/\/worklinkweb.com\/wp-content\/uploads\/2021\/05\/AdobeStock_246439234-Prosthetic-Leg-800px-e1623165307984-11x12.jpg 11w, https:\/\/worklinkweb.com\/wp-content\/uploads\/2021\/05\/AdobeStock_246439234-Prosthetic-Leg-800px-e1623165307984.jpg 508w\" sizes=\"auto, (max-width: 286px) 100vw, 286px\" \/><\/p>\n<ul>\n<li><strong><a href=\"https:\/\/ope.sc.gov\/\" target=\"_blank\" rel=\"noopener\">Empleo Operation Palmetto<\/a><\/strong><\/li>\n<li><strong><a href=\"https:\/\/www.dol.gov\/agencies\/vets\/programs\/tap\" target=\"_blank\" rel=\"noopener\">Programa de asistencia a la transici\u00f3n<\/a><\/strong><\/li>\n<li><strong><a href=\"https:\/\/www.che.sc.gov\/students-families-and-military\/military-and-veterans\" target=\"_blank\" rel=\"noopener\">Montgomery GI Bill<\/a><\/strong><\/li>\n<li><strong><a href=\"https:\/\/www.benefits.va.gov\/VOW\/\" target=\"_blank\" rel=\"noopener\">La Ley VOW<\/a><\/strong><\/li>\n<li><strong><a href=\"https:\/\/benefits.va.gov\/gibill\/\" target=\"_blank\" rel=\"noopener\">En el trabajo de formaci\u00f3n<\/a><\/strong><\/li>\n<li><strong><a href=\"http:\/\/www.va.gov\/\" target=\"_blank\" rel=\"noopener\">Departamento de Asuntos de Veteranos de EE. UU.<\/a><\/strong><\/li>\n<li><strong><a href=\"https:\/\/www.careeronestop.org\/resourcesfor\/veteran\/veteran.aspx\" target=\"_blank\" rel=\"noopener\">Centro de transici\u00f3n militar y de veteranos<\/a><\/strong><\/li>\n<li><strong><a href=\"https:\/\/www.veteranscrisisline.net\/\" target=\"_blank\" rel=\"noopener\">L\u00ednea de crisis para veteranos<\/a><\/strong><\/li>\n<\/ul>\n<h4>Veterans receive priority of service.<\/h4>\n<p><strong>Como un &quot;\u00a1Gracias!&quot; para su servicio, los Veteranos y los c\u00f3nyuges elegibles reciben prioridad de servicio al ingresar a los SC Works Centers.<\/strong><\/p>\n<p>Nuestros SC Works Centers dan prioridad de servicio a los veteranos y los c\u00f3nyuges elegibles. Esta pol\u00edtica de servicio se alinea con la Ley de trabajos para veteranos y garantiza que <span style=\"text-decoration: underline;\">aquellos que han servido a nuestro pa\u00eds se mueven al frente de la l\u00ednea de servicios de empleo y capacitaci\u00f3n.<\/span><\/p>\n<h4>\u00bfQui\u00e9n califica como veterano?<\/h4>\n<p>Un veterano se define como &quot;una persona que sirvi\u00f3 en el servicio militar, naval o a\u00e9reo activo, y que fue dado de baja o liberado en condiciones distintas a las deshonrosas&quot;.<\/p>\n<p>El servicio activo incluye el servicio de tiempo completo en el componente de la Guardia Nacional o la Reserva, adem\u00e1s del servicio de tiempo completo con fines de entrenamiento. Los c\u00f3nyuges tambi\u00e9n pueden estar cubiertos por esta pol\u00edtica si cumplen con uno de varios criterios.<\/p>\n<p>Los veteranos y sus c\u00f3nyuges deben cumplir con los requisitos de elegibilidad del programa. Para obtener m\u00e1s informaci\u00f3n, comun\u00edquese con o visite su SC Works Center local.<\/p>\n<p><span class=\"btn-job-seekers\">Lea una historia de \u00e9xito: <a href=\"https:\/\/worklinkweb.com\/es\/new\/job-seekers\/veteran-continues-to-serve-others\/\"><strong>El veterano contin\u00faa sirviendo a los dem\u00e1s<\/strong><\/a><\/span><\/p>\n\n\t\t<\/div>\n\t<\/div>\n<\/div><\/div><\/div><\/div>\n<\/div>","protected":false},"excerpt":{"rendered":"Veteran Services SC Works representatives are available in the SC Works Center throughout the week to help veterans transition into the workforce. Local Veteran Outreach Specialists and Disabled Veteran Outreach...  <a class=\"excerpt-read-more\" href=\"https:\/\/worklinkweb.com\/es\/solicitantes-de-empleo\/veteranos\/\" title=\"ReadVeterans\">Read more &raquo;<\/a>","protected":false},"author":1,"featured_media":0,"parent":154,"menu_order":0,"comment_status":"closed","ping_status":"closed","template":"page-job-seekers.php","meta":{"footnotes":""},"class_list":["post-165","page","type-page","status-publish","hentry"],"yoast_head":"<!-- This site is optimized with the Yoast SEO plugin v27.6 - https:\/\/yoast.com\/product\/yoast-seo-wordpress\/ -->\n<title>Veterans - SC Works Worklink<\/title>\n<meta name=\"robots\" content=\"index, follow, max-snippet:-1, max-image-preview:large, max-video-preview:-1\" \/>\n<link rel=\"canonical\" href=\"https:\/\/worklinkweb.com\/es\/job-seekers\/veterans\/\" \/>\n<meta property=\"og:locale\" content=\"es_MX\" \/>\n<meta property=\"og:type\" content=\"article\" \/>\n<meta property=\"og:title\" content=\"Veterans - SC Works Worklink\" \/>\n<meta property=\"og:url\" content=\"https:\/\/worklinkweb.com\/es\/job-seekers\/veterans\/\" \/>\n<meta property=\"og:site_name\" content=\"SC Works Worklink\" \/>\n<meta property=\"article:publisher\" content=\"https:\/\/www.facebook.com\/SCWorksWorkLink\/\" \/>\n<meta property=\"article:modified_time\" content=\"2023-11-08T19:39:17+00:00\" \/>\n<meta property=\"og:image\" content=\"https:\/\/worklinkweb.com\/wp-content\/uploads\/2021\/06\/AdobeStock_177755339-older-guy-300x200.jpeg\" \/>\n<meta name=\"twitter:card\" content=\"summary_large_image\" \/>\n<meta name=\"twitter:site\" content=\"@SCWorksWorkLink\" \/>\n<meta name=\"twitter:label1\" content=\"Tiempo de lectura\" \/>\n\t<meta name=\"twitter:data1\" content=\"2 minutos\" \/>\n<script type=\"application\/ld+json\" class=\"yoast-schema-graph\">{\"@context\":\"https:\\\/\\\/schema.org\",\"@graph\":[{\"@type\":\"WebPage\",\"@id\":\"https:\\\/\\\/worklinkweb.com\\\/job-seekers\\\/veterans\\\/\",\"url\":\"https:\\\/\\\/worklinkweb.com\\\/job-seekers\\\/veterans\\\/\",\"name\":\"Veterans - SC Works Worklink\",\"isPartOf\":{\"@id\":\"https:\\\/\\\/worklinkweb.com\\\/en\\\/#website\"},\"primaryImageOfPage\":{\"@id\":\"https:\\\/\\\/worklinkweb.com\\\/job-seekers\\\/veterans\\\/#primaryimage\"},\"image\":{\"@id\":\"https:\\\/\\\/worklinkweb.com\\\/job-seekers\\\/veterans\\\/#primaryimage\"},\"thumbnailUrl\":\"https:\\\/\\\/worklinkweb.com\\\/wp-content\\\/uploads\\\/2021\\\/06\\\/AdobeStock_177755339-older-guy-300x200.jpeg\",\"datePublished\":\"2015-10-28T01:06:39+00:00\",\"dateModified\":\"2023-11-08T19:39:17+00:00\",\"breadcrumb\":{\"@id\":\"https:\\\/\\\/worklinkweb.com\\\/job-seekers\\\/veterans\\\/#breadcrumb\"},\"inLanguage\":\"es\",\"potentialAction\":[{\"@type\":\"ReadAction\",\"target\":[\"https:\\\/\\\/worklinkweb.com\\\/job-seekers\\\/veterans\\\/\"]}]},{\"@type\":\"ImageObject\",\"inLanguage\":\"es\",\"@id\":\"https:\\\/\\\/worklinkweb.com\\\/job-seekers\\\/veterans\\\/#primaryimage\",\"url\":\"https:\\\/\\\/worklinkweb.com\\\/wp-content\\\/uploads\\\/2021\\\/06\\\/AdobeStock_177755339-older-guy-300x200.jpeg\",\"contentUrl\":\"https:\\\/\\\/worklinkweb.com\\\/wp-content\\\/uploads\\\/2021\\\/06\\\/AdobeStock_177755339-older-guy-300x200.jpeg\"},{\"@type\":\"BreadcrumbList\",\"@id\":\"https:\\\/\\\/worklinkweb.com\\\/job-seekers\\\/veterans\\\/#breadcrumb\",\"itemListElement\":[{\"@type\":\"ListItem\",\"position\":1,\"name\":\"Home\",\"item\":\"https:\\\/\\\/worklinkweb.com\\\/\"},{\"@type\":\"ListItem\",\"position\":2,\"name\":\"Job Seekers\",\"item\":\"https:\\\/\\\/worklinkweb.com\\\/job-seekers\\\/\"},{\"@type\":\"ListItem\",\"position\":3,\"name\":\"Veterans\"}]},{\"@type\":\"WebSite\",\"@id\":\"https:\\\/\\\/worklinkweb.com\\\/en\\\/#website\",\"url\":\"https:\\\/\\\/worklinkweb.com\\\/en\\\/\",\"name\":\"SC Works Worklink\",\"description\":\"Bringing Employers &amp; Job Seekers Together\",\"publisher\":{\"@id\":\"https:\\\/\\\/worklinkweb.com\\\/en\\\/#organization\"},\"potentialAction\":[{\"@type\":\"SearchAction\",\"target\":{\"@type\":\"EntryPoint\",\"urlTemplate\":\"https:\\\/\\\/worklinkweb.com\\\/en\\\/?s={search_term_string}\"},\"query-input\":{\"@type\":\"PropertyValueSpecification\",\"valueRequired\":true,\"valueName\":\"search_term_string\"}}],\"inLanguage\":\"es\"},{\"@type\":\"Organization\",\"@id\":\"https:\\\/\\\/worklinkweb.com\\\/en\\\/#organization\",\"name\":\"SC Works Worklink\",\"url\":\"https:\\\/\\\/worklinkweb.com\\\/en\\\/\",\"logo\":{\"@type\":\"ImageObject\",\"inLanguage\":\"es\",\"@id\":\"https:\\\/\\\/worklinkweb.com\\\/en\\\/#\\\/schema\\\/logo\\\/image\\\/\",\"url\":\"https:\\\/\\\/worklinkweb.com\\\/wp-content\\\/uploads\\\/2021\\\/05\\\/logo.jpeg\",\"contentUrl\":\"https:\\\/\\\/worklinkweb.com\\\/wp-content\\\/uploads\\\/2021\\\/05\\\/logo.jpeg\",\"width\":582,\"height\":115,\"caption\":\"SC Works Worklink\"},\"image\":{\"@id\":\"https:\\\/\\\/worklinkweb.com\\\/en\\\/#\\\/schema\\\/logo\\\/image\\\/\"},\"sameAs\":[\"https:\\\/\\\/www.facebook.com\\\/SCWorksWorkLink\\\/\",\"https:\\\/\\\/x.com\\\/SCWorksWorkLink\",\"http:\\\/\\\/www.youtube.com\\\/user\\\/WorkLinkWeb\"]}]}<\/script>\n<!-- \/ Yoast SEO plugin. -->","yoast_head_json":{"title":"Veteranos - SC Works Worklink","robots":{"index":"index","follow":"follow","max-snippet":"max-snippet:-1","max-image-preview":"max-image-preview:large","max-video-preview":"max-video-preview:-1"},"canonical":"https:\/\/worklinkweb.com\/es\/job-seekers\/veterans\/","og_locale":"es_MX","og_type":"article","og_title":"Veterans - SC Works Worklink","og_url":"https:\/\/worklinkweb.com\/es\/job-seekers\/veterans\/","og_site_name":"SC Works Worklink","article_publisher":"https:\/\/www.facebook.com\/SCWorksWorkLink\/","article_modified_time":"2023-11-08T19:39:17+00:00","og_image":[{"url":"https:\/\/worklinkweb.com\/wp-content\/uploads\/2021\/06\/AdobeStock_177755339-older-guy-300x200.jpeg","type":"","width":"","height":""}],"twitter_card":"summary_large_image","twitter_site":"@SCWorksWorkLink","twitter_misc":{"Tiempo de lectura":"2 minutos"},"schema":{"@context":"https:\/\/schema.org","@graph":[{"@type":"WebPage","@id":"https:\/\/worklinkweb.com\/job-seekers\/veterans\/","url":"https:\/\/worklinkweb.com\/job-seekers\/veterans\/","name":"Veteranos - SC Works Worklink","isPartOf":{"@id":"https:\/\/worklinkweb.com\/en\/#website"},"primaryImageOfPage":{"@id":"https:\/\/worklinkweb.com\/job-seekers\/veterans\/#primaryimage"},"image":{"@id":"https:\/\/worklinkweb.com\/job-seekers\/veterans\/#primaryimage"},"thumbnailUrl":"https:\/\/worklinkweb.com\/wp-content\/uploads\/2021\/06\/AdobeStock_177755339-older-guy-300x200.jpeg","datePublished":"2015-10-28T01:06:39+00:00","dateModified":"2023-11-08T19:39:17+00:00","breadcrumb":{"@id":"https:\/\/worklinkweb.com\/job-seekers\/veterans\/#breadcrumb"},"inLanguage":"es","potentialAction":[{"@type":"ReadAction","target":["https:\/\/worklinkweb.com\/job-seekers\/veterans\/"]}]},{"@type":"ImageObject","inLanguage":"es","@id":"https:\/\/worklinkweb.com\/job-seekers\/veterans\/#primaryimage","url":"https:\/\/worklinkweb.com\/wp-content\/uploads\/2021\/06\/AdobeStock_177755339-older-guy-300x200.jpeg","contentUrl":"https:\/\/worklinkweb.com\/wp-content\/uploads\/2021\/06\/AdobeStock_177755339-older-guy-300x200.jpeg"},{"@type":"BreadcrumbList","@id":"https:\/\/worklinkweb.com\/job-seekers\/veterans\/#breadcrumb","itemListElement":[{"@type":"ListItem","position":1,"name":"Home","item":"https:\/\/worklinkweb.com\/"},{"@type":"ListItem","position":2,"name":"Job Seekers","item":"https:\/\/worklinkweb.com\/job-seekers\/"},{"@type":"ListItem","position":3,"name":"Veterans"}]},{"@type":"WebSite","@id":"https:\/\/worklinkweb.com\/en\/#website","url":"https:\/\/worklinkweb.com\/en\/","name":"SC Works Worklink","description":"Reunir a empleadores y solicitantes de empleo","publisher":{"@id":"https:\/\/worklinkweb.com\/en\/#organization"},"potentialAction":[{"@type":"SearchAction","target":{"@type":"EntryPoint","urlTemplate":"https:\/\/worklinkweb.com\/en\/?s={search_term_string}"},"query-input":{"@type":"PropertyValueSpecification","valueRequired":true,"valueName":"search_term_string"}}],"inLanguage":"es"},{"@type":"Organization","@id":"https:\/\/worklinkweb.com\/en\/#organization","name":"SC Works Worklink","url":"https:\/\/worklinkweb.com\/en\/","logo":{"@type":"ImageObject","inLanguage":"es","@id":"https:\/\/worklinkweb.com\/en\/#\/schema\/logo\/image\/","url":"https:\/\/worklinkweb.com\/wp-content\/uploads\/2021\/05\/logo.jpeg","contentUrl":"https:\/\/worklinkweb.com\/wp-content\/uploads\/2021\/05\/logo.jpeg","width":582,"height":115,"caption":"SC Works Worklink"},"image":{"@id":"https:\/\/worklinkweb.com\/en\/#\/schema\/logo\/image\/"},"sameAs":["https:\/\/www.facebook.com\/SCWorksWorkLink\/","https:\/\/x.com\/SCWorksWorkLink","http:\/\/www.youtube.com\/user\/WorkLinkWeb"]}]}},"_links":{"self":[{"href":"https:\/\/worklinkweb.com\/es\/wp-json\/wp\/v2\/pages\/165","targetHints":{"allow":["GET"]}}],"collection":[{"href":"https:\/\/worklinkweb.com\/es\/wp-json\/wp\/v2\/pages"}],"about":[{"href":"https:\/\/worklinkweb.com\/es\/wp-json\/wp\/v2\/types\/page"}],"author":[{"embeddable":true,"href":"https:\/\/worklinkweb.com\/es\/wp-json\/wp\/v2\/users\/1"}],"replies":[{"embeddable":true,"href":"https:\/\/worklinkweb.com\/es\/wp-json\/wp\/v2\/comments?post=165"}],"version-history":[{"count":12,"href":"https:\/\/worklinkweb.com\/es\/wp-json\/wp\/v2\/pages\/165\/revisions"}],"predecessor-version":[{"id":5862,"href":"https:\/\/worklinkweb.com\/es\/wp-json\/wp\/v2\/pages\/165\/revisions\/5862"}],"up":[{"embeddable":true,"href":"https:\/\/worklinkweb.com\/es\/wp-json\/wp\/v2\/pages\/154"}],"wp:attachment":[{"href":"https:\/\/worklinkweb.com\/es\/wp-json\/wp\/v2\/media?parent=165"}],"curies":[{"name":"wp","href":"https:\/\/api.w.org\/{rel}","templated":true}]}}