{"id":167,"date":"2015-10-28T01:06:21","date_gmt":"2015-10-28T01:06:21","guid":{"rendered":"http:\/\/new.worklinkweb.com\/?page_id=167"},"modified":"2021-05-25T22:01:27","modified_gmt":"2021-05-26T02:01:27","slug":"veteran-continues-to-serve-others","status":"publish","type":"page","link":"https:\/\/worklinkweb.com\/es\/solicitantes-de-empleo\/veterano-sigue-sirviendo-a-otros\/","title":{"rendered":"El veterano contin\u00faa sirviendo a los dem\u00e1s"},"content":{"rendered":"<p><img loading=\"lazy\" decoding=\"async\" class=\"alignright size-medium wp-image-168\" src=\"http:\/\/www.worklinkweb.com\/wp-content\/uploads\/2015\/10\/susan_stockton-300x196.jpg\" alt=\"susan_stockton\" width=\"300\" height=\"196\" \/>Susan Stockton, representante local de empleo para veteranos del OneStop Workforce Center en Liberty, refiere constantemente a los veteranos al programa Workforce Investment Act (WIA). Como veterana, ha experimentado los beneficios del programa y elogia la forma en que funciona WIA.<\/p>\n<p>\u201cEs un v\u00ednculo entre el programa WIA y los participantes\u201d, dijo. \u201cNo eres un n\u00famero. Eres un ser humano y te tratan de esa manera. Se se\u00f1alan sus fortalezas y ellos trabajan con usted uno a uno para ayudarlo a encontrar las respuestas &quot;.<\/p>\n<p>En el caso de Stockton, ten\u00eda una amplia experiencia en servicio al cliente, habiendo trabajado durante muchos a\u00f1os para la ciudad de Orangeburg para el Departamento de Servicios P\u00fablicos, como compradora de Parts Inc. y como gerente de oficina y agente de compras en Parts Place, Inc. Cuando el negocio cerr\u00f3 en 2008, se encontr\u00f3 desempleada y buscando un nuevo desaf\u00edo. Se inscribi\u00f3 en el programa WIA en junio de 2009 para obtener ayuda con las habilidades de b\u00fasqueda de empleo.<\/p>\n<p>Uno de los primeros lugares en los que encontr\u00f3 ayuda y una conexi\u00f3n fue a trav\u00e9s de los talleres gratuitos que se ofrecen en OneStop, que describe como &quot;c\u00f3modos y edificantes&quot;. Tambi\u00e9n busc\u00f3 trabajos a trav\u00e9s de su base de datos en l\u00ednea,\u00a0<a href=\"http:\/\/jobs.scworks.org\/\" target=\"_blank\" rel=\"noopener noreferrer\"><strong>jobs.scworks.org<\/strong><\/a>.<\/p>\n<p>Cuando un puesto estuvo disponible en el Liberty OneStop Workforce Center para un Representante Local de Empleo para Veteranos, Stockton cumpli\u00f3 con el requisito de ser un veterano con experiencia en servicio al cliente. Se desempe\u00f1\u00f3 en servicio activo en la Fuerza A\u00e9rea de los Estados Unidos de 1970 a 1973 como especialista administrativa. Inici\u00f3 su nuevo cargo en enero de 2010.<\/p>\n<p>Mediante la Ley de Inversi\u00f3n en la Fuerza Laboral, la Junta de Inversi\u00f3n en la Fuerza Laboral de WorkLink da prioridad al servicio a los veteranos y c\u00f3nyuges elegibles. Esta pol\u00edtica de servicio se alinea con la Ley de Empleos para Veteranos y asegura que aquellos que han servido a nuestro pa\u00eds pasen al frente de la l\u00ednea de servicios de empleo y capacitaci\u00f3n.<\/p>\n<p>&quot;Siento que los veteranos merecen un respeto adicional&quot;, dijo Stockton. \u201cCada vez que ayudo a un compa\u00f1ero veterano a encontrar un empleo gratificante, siento que todav\u00eda estoy sirviendo a mi pa\u00eds\u201d.<\/p>","protected":false},"excerpt":{"rendered":"<p>Susan Stockton, a Local Veteran\u2019s Employment Representative with the OneStop Workforce Center in Liberty, constantly refers veterans to the Workforce Investment Act (WIA) program.\u00a0 As a veteran herself, she\u2019s experienced&#8230;  <a class=\"excerpt-read-more\" href=\"https:\/\/worklinkweb.com\/es\/solicitantes-de-empleo\/veterano-sigue-sirviendo-a-otros\/\" title=\"ReadVeteran Continues to Serve Others\">Read more &raquo;<\/a><\/p>","protected":false},"author":1,"featured_media":0,"parent":154,"menu_order":0,"comment_status":"closed","ping_status":"closed","template":"page-job-seekers.php","meta":{"footnotes":""},"class_list":["post-167","page","type-page","status-publish","hentry"],"yoast_head":"<!-- This site is optimized with the Yoast SEO plugin v27.6 - https:\/\/yoast.com\/product\/yoast-seo-wordpress\/ -->\n<title>Veteran Continues to Serve Others - SC Works Worklink<\/title>\n<meta name=\"robots\" content=\"index, follow, max-snippet:-1, max-image-preview:large, max-video-preview:-1\" \/>\n<link rel=\"canonical\" href=\"https:\/\/worklinkweb.com\/es\/job-seekers\/veteran-continues-to-serve-others\/\" \/>\n<meta property=\"og:locale\" content=\"es_MX\" \/>\n<meta property=\"og:type\" content=\"article\" \/>\n<meta property=\"og:title\" content=\"Veteran Continues to Serve Others - SC Works Worklink\" \/>\n<meta property=\"og:description\" content=\"Susan Stockton, a Local Veteran\u2019s Employment Representative with the OneStop Workforce Center in Liberty, constantly refers veterans to the Workforce Investment Act (WIA) program.\u00a0 As a veteran herself, she\u2019s experienced... Read more &raquo;\" \/>\n<meta property=\"og:url\" content=\"https:\/\/worklinkweb.com\/es\/job-seekers\/veteran-continues-to-serve-others\/\" \/>\n<meta property=\"og:site_name\" content=\"SC Works Worklink\" \/>\n<meta property=\"article:publisher\" content=\"https:\/\/www.facebook.com\/SCWorksWorkLink\/\" \/>\n<meta property=\"article:modified_time\" content=\"2021-05-26T02:01:27+00:00\" \/>\n<meta property=\"og:image\" content=\"http:\/\/www.worklinkweb.com\/wp-content\/uploads\/2015\/10\/susan_stockton-300x196.jpg\" \/>\n<meta name=\"twitter:card\" content=\"summary_large_image\" \/>\n<meta name=\"twitter:site\" content=\"@SCWorksWorkLink\" \/>\n<meta name=\"twitter:label1\" content=\"Tiempo de lectura\" \/>\n\t<meta name=\"twitter:data1\" content=\"2 minutos\" \/>\n<script type=\"application\/ld+json\" class=\"yoast-schema-graph\">{\"@context\":\"https:\\\/\\\/schema.org\",\"@graph\":[{\"@type\":\"WebPage\",\"@id\":\"https:\\\/\\\/worklinkweb.com\\\/job-seekers\\\/veteran-continues-to-serve-others\\\/\",\"url\":\"https:\\\/\\\/worklinkweb.com\\\/job-seekers\\\/veteran-continues-to-serve-others\\\/\",\"name\":\"Veteran Continues to Serve Others - SC Works Worklink\",\"isPartOf\":{\"@id\":\"https:\\\/\\\/worklinkweb.com\\\/en\\\/#website\"},\"primaryImageOfPage\":{\"@id\":\"https:\\\/\\\/worklinkweb.com\\\/job-seekers\\\/veteran-continues-to-serve-others\\\/#primaryimage\"},\"image\":{\"@id\":\"https:\\\/\\\/worklinkweb.com\\\/job-seekers\\\/veteran-continues-to-serve-others\\\/#primaryimage\"},\"thumbnailUrl\":\"http:\\\/\\\/www.worklinkweb.com\\\/wp-content\\\/uploads\\\/2015\\\/10\\\/susan_stockton-300x196.jpg\",\"datePublished\":\"2015-10-28T01:06:21+00:00\",\"dateModified\":\"2021-05-26T02:01:27+00:00\",\"breadcrumb\":{\"@id\":\"https:\\\/\\\/worklinkweb.com\\\/job-seekers\\\/veteran-continues-to-serve-others\\\/#breadcrumb\"},\"inLanguage\":\"es\",\"potentialAction\":[{\"@type\":\"ReadAction\",\"target\":[\"https:\\\/\\\/worklinkweb.com\\\/job-seekers\\\/veteran-continues-to-serve-others\\\/\"]}]},{\"@type\":\"ImageObject\",\"inLanguage\":\"es\",\"@id\":\"https:\\\/\\\/worklinkweb.com\\\/job-seekers\\\/veteran-continues-to-serve-others\\\/#primaryimage\",\"url\":\"http:\\\/\\\/www.worklinkweb.com\\\/wp-content\\\/uploads\\\/2015\\\/10\\\/susan_stockton-300x196.jpg\",\"contentUrl\":\"http:\\\/\\\/www.worklinkweb.com\\\/wp-content\\\/uploads\\\/2015\\\/10\\\/susan_stockton-300x196.jpg\"},{\"@type\":\"BreadcrumbList\",\"@id\":\"https:\\\/\\\/worklinkweb.com\\\/job-seekers\\\/veteran-continues-to-serve-others\\\/#breadcrumb\",\"itemListElement\":[{\"@type\":\"ListItem\",\"position\":1,\"name\":\"Home\",\"item\":\"https:\\\/\\\/worklinkweb.com\\\/\"},{\"@type\":\"ListItem\",\"position\":2,\"name\":\"Job Seekers\",\"item\":\"https:\\\/\\\/worklinkweb.com\\\/job-seekers\\\/\"},{\"@type\":\"ListItem\",\"position\":3,\"name\":\"Veteran Continues to Serve Others\"}]},{\"@type\":\"WebSite\",\"@id\":\"https:\\\/\\\/worklinkweb.com\\\/en\\\/#website\",\"url\":\"https:\\\/\\\/worklinkweb.com\\\/en\\\/\",\"name\":\"SC Works Worklink\",\"description\":\"Bringing Employers &amp; Job Seekers Together\",\"publisher\":{\"@id\":\"https:\\\/\\\/worklinkweb.com\\\/en\\\/#organization\"},\"potentialAction\":[{\"@type\":\"SearchAction\",\"target\":{\"@type\":\"EntryPoint\",\"urlTemplate\":\"https:\\\/\\\/worklinkweb.com\\\/en\\\/?s={search_term_string}\"},\"query-input\":{\"@type\":\"PropertyValueSpecification\",\"valueRequired\":true,\"valueName\":\"search_term_string\"}}],\"inLanguage\":\"es\"},{\"@type\":\"Organization\",\"@id\":\"https:\\\/\\\/worklinkweb.com\\\/en\\\/#organization\",\"name\":\"SC Works Worklink\",\"url\":\"https:\\\/\\\/worklinkweb.com\\\/en\\\/\",\"logo\":{\"@type\":\"ImageObject\",\"inLanguage\":\"es\",\"@id\":\"https:\\\/\\\/worklinkweb.com\\\/en\\\/#\\\/schema\\\/logo\\\/image\\\/\",\"url\":\"https:\\\/\\\/worklinkweb.com\\\/wp-content\\\/uploads\\\/2021\\\/05\\\/logo.jpeg\",\"contentUrl\":\"https:\\\/\\\/worklinkweb.com\\\/wp-content\\\/uploads\\\/2021\\\/05\\\/logo.jpeg\",\"width\":582,\"height\":115,\"caption\":\"SC Works Worklink\"},\"image\":{\"@id\":\"https:\\\/\\\/worklinkweb.com\\\/en\\\/#\\\/schema\\\/logo\\\/image\\\/\"},\"sameAs\":[\"https:\\\/\\\/www.facebook.com\\\/SCWorksWorkLink\\\/\",\"https:\\\/\\\/x.com\\\/SCWorksWorkLink\",\"http:\\\/\\\/www.youtube.com\\\/user\\\/WorkLinkWeb\"]}]}<\/script>\n<!-- \/ Yoast SEO plugin. -->","yoast_head_json":{"title":"Veterano contin\u00faa sirviendo a otros - SC Works Worklink","robots":{"index":"index","follow":"follow","max-snippet":"max-snippet:-1","max-image-preview":"max-image-preview:large","max-video-preview":"max-video-preview:-1"},"canonical":"https:\/\/worklinkweb.com\/es\/job-seekers\/veteran-continues-to-serve-others\/","og_locale":"es_MX","og_type":"article","og_title":"Veteran Continues to Serve Others - SC Works Worklink","og_description":"Susan Stockton, a Local Veteran\u2019s Employment Representative with the OneStop Workforce Center in Liberty, constantly refers veterans to the Workforce Investment Act (WIA) program.\u00a0 As a veteran herself, she\u2019s experienced... Read more &raquo;","og_url":"https:\/\/worklinkweb.com\/es\/job-seekers\/veteran-continues-to-serve-others\/","og_site_name":"SC Works Worklink","article_publisher":"https:\/\/www.facebook.com\/SCWorksWorkLink\/","article_modified_time":"2021-05-26T02:01:27+00:00","og_image":[{"url":"http:\/\/www.worklinkweb.com\/wp-content\/uploads\/2015\/10\/susan_stockton-300x196.jpg","type":"","width":"","height":""}],"twitter_card":"summary_large_image","twitter_site":"@SCWorksWorkLink","twitter_misc":{"Tiempo de lectura":"2 minutos"},"schema":{"@context":"https:\/\/schema.org","@graph":[{"@type":"WebPage","@id":"https:\/\/worklinkweb.com\/job-seekers\/veteran-continues-to-serve-others\/","url":"https:\/\/worklinkweb.com\/job-seekers\/veteran-continues-to-serve-others\/","name":"Veterano contin\u00faa sirviendo a otros - SC Works Worklink","isPartOf":{"@id":"https:\/\/worklinkweb.com\/en\/#website"},"primaryImageOfPage":{"@id":"https:\/\/worklinkweb.com\/job-seekers\/veteran-continues-to-serve-others\/#primaryimage"},"image":{"@id":"https:\/\/worklinkweb.com\/job-seekers\/veteran-continues-to-serve-others\/#primaryimage"},"thumbnailUrl":"http:\/\/www.worklinkweb.com\/wp-content\/uploads\/2015\/10\/susan_stockton-300x196.jpg","datePublished":"2015-10-28T01:06:21+00:00","dateModified":"2021-05-26T02:01:27+00:00","breadcrumb":{"@id":"https:\/\/worklinkweb.com\/job-seekers\/veteran-continues-to-serve-others\/#breadcrumb"},"inLanguage":"es","potentialAction":[{"@type":"ReadAction","target":["https:\/\/worklinkweb.com\/job-seekers\/veteran-continues-to-serve-others\/"]}]},{"@type":"ImageObject","inLanguage":"es","@id":"https:\/\/worklinkweb.com\/job-seekers\/veteran-continues-to-serve-others\/#primaryimage","url":"http:\/\/www.worklinkweb.com\/wp-content\/uploads\/2015\/10\/susan_stockton-300x196.jpg","contentUrl":"http:\/\/www.worklinkweb.com\/wp-content\/uploads\/2015\/10\/susan_stockton-300x196.jpg"},{"@type":"BreadcrumbList","@id":"https:\/\/worklinkweb.com\/job-seekers\/veteran-continues-to-serve-others\/#breadcrumb","itemListElement":[{"@type":"ListItem","position":1,"name":"Home","item":"https:\/\/worklinkweb.com\/"},{"@type":"ListItem","position":2,"name":"Job Seekers","item":"https:\/\/worklinkweb.com\/job-seekers\/"},{"@type":"ListItem","position":3,"name":"Veteran Continues to Serve Others"}]},{"@type":"WebSite","@id":"https:\/\/worklinkweb.com\/en\/#website","url":"https:\/\/worklinkweb.com\/en\/","name":"SC Works Worklink","description":"Reunir a empleadores y solicitantes de empleo","publisher":{"@id":"https:\/\/worklinkweb.com\/en\/#organization"},"potentialAction":[{"@type":"SearchAction","target":{"@type":"EntryPoint","urlTemplate":"https:\/\/worklinkweb.com\/en\/?s={search_term_string}"},"query-input":{"@type":"PropertyValueSpecification","valueRequired":true,"valueName":"search_term_string"}}],"inLanguage":"es"},{"@type":"Organization","@id":"https:\/\/worklinkweb.com\/en\/#organization","name":"SC Works Worklink","url":"https:\/\/worklinkweb.com\/en\/","logo":{"@type":"ImageObject","inLanguage":"es","@id":"https:\/\/worklinkweb.com\/en\/#\/schema\/logo\/image\/","url":"https:\/\/worklinkweb.com\/wp-content\/uploads\/2021\/05\/logo.jpeg","contentUrl":"https:\/\/worklinkweb.com\/wp-content\/uploads\/2021\/05\/logo.jpeg","width":582,"height":115,"caption":"SC Works Worklink"},"image":{"@id":"https:\/\/worklinkweb.com\/en\/#\/schema\/logo\/image\/"},"sameAs":["https:\/\/www.facebook.com\/SCWorksWorkLink\/","https:\/\/x.com\/SCWorksWorkLink","http:\/\/www.youtube.com\/user\/WorkLinkWeb"]}]}},"_links":{"self":[{"href":"https:\/\/worklinkweb.com\/es\/wp-json\/wp\/v2\/pages\/167","targetHints":{"allow":["GET"]}}],"collection":[{"href":"https:\/\/worklinkweb.com\/es\/wp-json\/wp\/v2\/pages"}],"about":[{"href":"https:\/\/worklinkweb.com\/es\/wp-json\/wp\/v2\/types\/page"}],"author":[{"embeddable":true,"href":"https:\/\/worklinkweb.com\/es\/wp-json\/wp\/v2\/users\/1"}],"replies":[{"embeddable":true,"href":"https:\/\/worklinkweb.com\/es\/wp-json\/wp\/v2\/comments?post=167"}],"version-history":[{"count":1,"href":"https:\/\/worklinkweb.com\/es\/wp-json\/wp\/v2\/pages\/167\/revisions"}],"predecessor-version":[{"id":4163,"href":"https:\/\/worklinkweb.com\/es\/wp-json\/wp\/v2\/pages\/167\/revisions\/4163"}],"up":[{"embeddable":true,"href":"https:\/\/worklinkweb.com\/es\/wp-json\/wp\/v2\/pages\/154"}],"wp:attachment":[{"href":"https:\/\/worklinkweb.com\/es\/wp-json\/wp\/v2\/media?parent=167"}],"curies":[{"name":"wp","href":"https:\/\/api.w.org\/{rel}","templated":true}]}}