{"id":172,"date":"2015-10-28T01:09:51","date_gmt":"2015-10-28T01:09:51","guid":{"rendered":"http:\/\/new.worklinkweb.com\/?page_id=172"},"modified":"2023-11-27T15:46:58","modified_gmt":"2023-11-27T20:46:58","slug":"adults","status":"publish","type":"page","link":"https:\/\/worklinkweb.com\/es\/solicitantes-de-empleo\/adultos\/","title":{"rendered":"Servicios de carrera"},"content":{"rendered":"<div class=\"wpb-content-wrapper\"><div class=\"vc_row wpb_row vc_row-fluid\"><\/div><div class=\"wpb_column vc_column_container vc_col-sm-12\"><div class=\"vc_column-inner\"><div class=\"wpb_wrapper\"><\/div><\/div><\/div>\n\t<div class=\"wpb_text_column wpb_content_element\" >\n\t\t<div class=\"wpb_wrapper\">\n\t\t\t\n\t\t<\/div>\n\t<\/div>\n<h2>\u00a1Tu pr\u00f3xima carrera comienza aqu\u00ed!<\/h2>\n<p><img loading=\"lazy\" decoding=\"async\" class=\"alignright wp-image-4105 size-medium\" src=\"https:\/\/worklinkweb.com\/wp-content\/uploads\/2021\/05\/AdobeStock_117970224-Nurse-800px-e1623165511795-296x300.jpg\" alt=\"\" width=\"296\" height=\"300\" srcset=\"https:\/\/worklinkweb.com\/wp-content\/uploads\/2021\/05\/AdobeStock_117970224-Nurse-800px-e1623165511795-296x300.jpg 296w, https:\/\/worklinkweb.com\/wp-content\/uploads\/2021\/05\/AdobeStock_117970224-Nurse-800px-e1623165511795-12x12.jpg 12w, https:\/\/worklinkweb.com\/wp-content\/uploads\/2021\/05\/AdobeStock_117970224-Nurse-800px-e1623165511795.jpg 526w\" sizes=\"auto, (max-width: 296px) 100vw, 296px\" \/>Tu primer paso es <strong><a title=\"Registrarse\" href=\"https:\/\/jobs.scworks.org\/vosnet\/Default.aspx\" target=\"_blank\" rel=\"noopener noreferrer\">Registrarse<\/a><\/strong> con los Centros de Obras SC.<\/p>\n<h3>Inicie su b\u00fasqueda de empleo -<br \/>\nRecursos para solicitantes de empleo<\/h3>\n<p>Pase por un SC Works Center para usar nuestro laboratorio de computaci\u00f3n para buscar trabajo. Contamos con un esc\u00e1ner, m\u00e1quina de fax, impresoras y personal capacitado para ayudarlo con su b\u00fasqueda de trabajo.<\/p>\n<ul>\n<li>Busque vacantes y publique su curr\u00edculum desde cualquier lugar conveniente yendo a<a href=\"http:\/\/jobs.scworks.org\" target=\"_blank\" rel=\"noopener\"><strong> Servicios en l\u00ednea de SC Works<\/strong><\/a><\/li>\n<li>\u00bfNo est\u00e1s seguro de qu\u00e9 hacer despu\u00e9s? Echa un vistazo a nuestro\u00a0<a href=\"http:\/\/www.worklinkweb.com\/wp-content\/uploads\/2020\/03\/Job-Seeker-Pathway.pdf\" target=\"_blank\" rel=\"noopener\"><strong>Ruta del buscador de empleo.<\/strong><\/a><\/li>\n<li>Explorar <a href=\"http:\/\/careeronestop.org\" target=\"_blank\" rel=\"noopener\"><strong>Opciones de carrera<\/strong><\/a><\/li>\n<li>Eche un vistazo a estos<strong> <a href=\"http:\/\/www.worklinkweb.com\/wp-content\/uploads\/2020\/03\/Job-Hunting-Tips-and-Websites.pdf\" target=\"_blank\" rel=\"noopener\">Consejos para la b\u00fasqueda de empleo y sitios web<\/a><\/strong><\/li>\n<li>Mira estos <strong><a href=\"http:\/\/worksc.org\/\" target=\"_blank\" rel=\"noopener\">Consejos y sugerencias para personas que buscan empleo<\/a><\/strong><\/li>\n<li>\u00bfNecesitas un correo electr\u00f3nico? Aqu\u00ed est\u00e1n algunas <strong><a href=\"http:\/\/www.worklinkweb.com\/wp-content\/uploads\/2020\/03\/EMAIL-BASICS.pdf\" target=\"_blank\" rel=\"noopener\">Conceptos b\u00e1sicos del correo electr\u00f3nico<\/a><\/strong> sobre c\u00f3mo configurar su cuenta de correo electr\u00f3nico.<\/li>\n<li>Adicional <a href=\"https:\/\/scworks.org\/jobseeker\" target=\"_blank\" rel=\"noopener\"><strong>Demandante de empleo<\/strong><\/a> informaci\u00f3n<\/li>\n<\/ul>\n<h4>Asistencia personalizada para la b\u00fasqueda de empleo<\/h4>\n<p>Los SC Works Centers ofrecen asistencia personalizada a trav\u00e9s de nuestros socios. Nuestros servicios est\u00e1n disponibles para todos los solicitantes de empleo.<\/p>\n<p><strong><img loading=\"lazy\" decoding=\"async\" class=\"alignright size-medium wp-image-4477\" src=\"https:\/\/worklinkweb.com\/wp-content\/uploads\/2021\/06\/AdobeStock_57528888-Korean-300x254.jpg\" alt=\"\" width=\"300\" height=\"254\" srcset=\"https:\/\/worklinkweb.com\/wp-content\/uploads\/2021\/06\/AdobeStock_57528888-Korean-300x254.jpg 300w, https:\/\/worklinkweb.com\/wp-content\/uploads\/2021\/06\/AdobeStock_57528888-Korean-768x651.jpg 768w, https:\/\/worklinkweb.com\/wp-content\/uploads\/2021\/06\/AdobeStock_57528888-Korean-14x12.jpg 14w, https:\/\/worklinkweb.com\/wp-content\/uploads\/2021\/06\/AdobeStock_57528888-Korean.jpg 800w\" sizes=\"auto, (max-width: 300px) 100vw, 300px\" \/>Lo que ofrecemos:<\/strong><\/p>\n<ul>\n<li>Servicios de asesoramiento y planificaci\u00f3n profesional<\/li>\n<li>Revisi\u00f3n de curr\u00edculum y carta de presentaci\u00f3n<\/li>\n<li>Consejos y t\u00e9cnicas para buscar trabajo<\/li>\n<li>Simulacros de entrevistas<\/li>\n<li><a href=\"\/es\/calendar\/\" target=\"_blank\" rel=\"noopener\"><strong>Talleres de desarrollo profesional<\/strong> <\/a><\/li>\n<li>Ferias de empleo y eventos de contrataci\u00f3n<\/li>\n<li>Informaci\u00f3n general sobre ofertas de trabajo<\/li>\n<li>Oportunidades de formaci\u00f3n y financiaci\u00f3n de becas.<\/li>\n<li>Informaci\u00f3n general sobre asistencia de emergencia<\/li>\n<li><strong><a href=\"http:\/\/www.careeronestop.org\/ExploreCareers\/assessments\/self-assessments.aspx\" target=\"_blank\" rel=\"noopener noreferrer\">Intereses y habilidades profesionales<\/a><\/strong><\/li>\n<\/ul>\n<p>Los consejeros est\u00e1n disponibles para ayudarlo con sus pr\u00f3ximos pasos.<\/p>\n<h3>Informaci\u00f3n del seguro de desempleo<\/h3>\n<p><strong>Recursos r\u00e1pidos:<\/strong><\/p>\n<ul>\n<li>Informaci\u00f3n general sobre <strong><a href=\"https:\/\/www.dew.sc.gov\/\" target=\"_blank\" rel=\"noopener\">Beneficio del seguro de desempleo<\/a><span style=\"font-weight: normal;\">\u00a0en Carolina del Sur<\/span>s<\/strong><\/li>\n<li><a href=\"https:\/\/www.youtube.com\/channel\/UChlual2_-yRuKdgTwcIMmLQ\" target=\"_blank\" rel=\"noopener\"><strong>Canal de YouTube de SC DEW<\/strong><\/a>\u00a0- demuestra c\u00f3mo presentar reclamaciones, tanto inicialmente como semanalmente; incluye videos para aut\u00f3nomos y empleadores<\/li>\n<\/ul>\n<h4>C\u00f3mo comenzar a solicitar el seguro de desempleo en Carolina del Sur<\/h4>\n<p><strong>\u00bfC\u00f3mo solicito los beneficios?<\/strong><\/p>\n<p>El proceso del Seguro de Desempleo se completa a trav\u00e9s de un portal en l\u00ednea de autoservicio que se puede realizar en cualquier computadora con conexi\u00f3n a Internet.<\/p>\n<p>Primero debe presentar un reclamo de beneficios estatales por desempleo visitando\u00a0<a href=\"http:\/\/www.dew.sc.gov\/\"><strong>www.dew.sc.gov<\/strong><\/a>\u00a0y haciendo clic en el <em>&quot;Inicio de sesi\u00f3n de MyBenefits&quot;<\/em> ubicado en la esquina superior derecha de la p\u00e1gina de inicio.<\/p>\n<ul>\n<li>Si ya solicit\u00f3 beneficios por desempleo y recuerda sus credenciales, inicie sesi\u00f3n con su nombre de usuario y contrase\u00f1a.<\/li>\n<li>Si ya solicit\u00f3 beneficios por desempleo y no recuerda sus credenciales, haga clic en <em>&quot;Olvid\u00e9 nombre de usuario \/ contrase\u00f1a&quot;<\/em> Enlace.<\/li>\n<li>Si es la primera vez que solicita beneficios por desempleo, haga clic en el <em>&quot;Soy nuevo aqu\u00ed. Necesito registrarme ahora &quot;<\/em> Enlace.<\/li>\n<\/ul>\n<p><strong>Recursos paso a paso para el proceso de reclamos individuales<\/strong><\/p>\n<ul>\n<li><strong>Paso 1. Cree un nombre de usuario y contrase\u00f1a<\/strong><br \/>\nImprimible<strong>\u00a0<a href=\"https:\/\/www.dew.sc.gov\/sites\/dew\/files\/Documents\/threat_extractedUnemployment%20Benefits%20User%20Guide%20Long_IAL2%20Liveness_ADA%20(1).pdf\" target=\"_blank\" rel=\"noopener\">Instrucciones en PDF<\/a>\u00a0 \u00a0\u00a0<a href=\"https:\/\/www.youtube.com\/watch?v=n8O8ItZWUMM\" target=\"_blank\" rel=\"noopener\">Instrucciones de video<\/a><\/strong><\/li>\n<li><strong>Paso 2. Reg\u00edstrese para obtener una cuenta<\/strong><br \/>\nImprimible\u00a0<strong><a href=\"https:\/\/www.dew.sc.gov\/sites\/dew\/files\/Documents\/Register%20Your%20New%20MyBenefits%20Portal%20Account_Final%20Web%20Version.pdf\" target=\"_blank\" rel=\"noopener\">Instrucciones en PDF<\/a>\u00a0\u00a0 \u00a0<a href=\"https:\/\/www.youtube.com\/watch?v=vQ9aQ7KlmO4\">Instrucciones de video<\/a><\/strong><\/li>\n<li><strong>Paso 3. Presentar una nueva reclamaci\u00f3n<\/strong><br \/>\nImprimible\u00a0<strong><a href=\"https:\/\/www.dew.sc.gov\/sites\/dew\/files\/Documents\/CSS%20Claim%20Filing_Final%20Web%20Version.pdf\" target=\"_blank\" rel=\"noopener\">Instrucciones en PDF<\/a>\u00a0 \u00a0\u00a0<a href=\"https:\/\/www.youtube.com\/watch?v=Fcx0jUCMCa0&amp;feature=youtu.be\">Instrucciones de video<\/a><\/strong><\/li>\n<li><strong>Paso 4. Presente su reclamo cada semana<\/strong><br \/>\nImprimible\u00a0<a href=\"https:\/\/www.dew.sc.gov\/sites\/dew\/files\/Documents\/CSS%20Weekly%20Certification_Final%20Web%20Version.pdf\" target=\"_blank\" rel=\"noopener\">PDF<strong> Instrucciones<\/strong><\/a><strong>\u00a0\u00a0\u00a0\u00a0<\/strong><a href=\"https:\/\/www.youtube.com\/watch?v=VY_I8BLKo84&amp;t=0s\" target=\"_blank\" rel=\"noopener\"><strong>Instrucciones de video<\/strong><\/a><\/li>\n<\/ul>\n<p><strong>Tutorial imprimible<\/strong>\u00a0-\u00a0<strong><a href=\"http:\/\/www.worklinkweb.com\/wp-content\/uploads\/2020\/03\/EMAIL-BASICS.pdf\">C\u00f3mo crear una direcci\u00f3n de correo electr\u00f3nico<\/a><\/strong><\/p>\n<p>Siga al Departamento de Empleo y Fuerza Laboral de Carolina del Sur en Facebook: @scdepartmentofemploymentandworkforce<\/p>\n<\/div>","protected":false},"excerpt":{"rendered":"<p>Your next Career starts here! Your first step is Register with the SC Works Centers. Jump Start Your Job Search &#8211; Resources for Job Seekers Stop by an SC Works&#8230;  <a class=\"excerpt-read-more\" href=\"https:\/\/worklinkweb.com\/es\/solicitantes-de-empleo\/adultos\/\" title=\"ReadCareer Services\">Read more &raquo;<\/a><\/p>","protected":false},"author":1,"featured_media":0,"parent":154,"menu_order":0,"comment_status":"closed","ping_status":"closed","template":"page-job-seekers.php","meta":{"footnotes":""},"class_list":["post-172","page","type-page","status-publish","hentry"],"yoast_head":"<!-- This site is optimized with the Yoast SEO plugin v27.4 - https:\/\/yoast.com\/product\/yoast-seo-wordpress\/ -->\n<title>Career Services - SC Works Worklink<\/title>\n<meta name=\"robots\" content=\"index, follow, max-snippet:-1, max-image-preview:large, max-video-preview:-1\" \/>\n<link rel=\"canonical\" href=\"https:\/\/worklinkweb.com\/es\/job-seekers\/adults\/\" \/>\n<meta property=\"og:locale\" content=\"es_MX\" \/>\n<meta property=\"og:type\" content=\"article\" \/>\n<meta property=\"og:title\" content=\"Career Services - SC Works Worklink\" \/>\n<meta property=\"og:description\" content=\"Your next Career starts here! Your first step is Register with the SC Works Centers. Jump Start Your Job Search &#8211; Resources for Job Seekers Stop by an SC Works... Read more &raquo;\" \/>\n<meta property=\"og:url\" content=\"https:\/\/worklinkweb.com\/es\/job-seekers\/adults\/\" \/>\n<meta property=\"og:site_name\" content=\"SC Works Worklink\" \/>\n<meta property=\"article:publisher\" content=\"https:\/\/www.facebook.com\/SCWorksWorkLink\/\" \/>\n<meta property=\"article:modified_time\" content=\"2023-11-27T20:46:58+00:00\" \/>\n<meta property=\"og:image\" content=\"https:\/\/worklinkweb.com\/wp-content\/uploads\/2021\/05\/AdobeStock_117970224-Nurse-800px-e1623165511795-296x300.jpg\" \/>\n<meta name=\"twitter:card\" content=\"summary_large_image\" \/>\n<meta name=\"twitter:site\" content=\"@SCWorksWorkLink\" \/>\n<meta name=\"twitter:label1\" content=\"Tiempo de lectura\" \/>\n\t<meta name=\"twitter:data1\" content=\"3 minutos\" \/>\n<script type=\"application\/ld+json\" class=\"yoast-schema-graph\">{\"@context\":\"https:\\\/\\\/schema.org\",\"@graph\":[{\"@type\":\"WebPage\",\"@id\":\"https:\\\/\\\/worklinkweb.com\\\/job-seekers\\\/adults\\\/\",\"url\":\"https:\\\/\\\/worklinkweb.com\\\/job-seekers\\\/adults\\\/\",\"name\":\"Career Services - SC Works Worklink\",\"isPartOf\":{\"@id\":\"https:\\\/\\\/worklinkweb.com\\\/en\\\/#website\"},\"primaryImageOfPage\":{\"@id\":\"https:\\\/\\\/worklinkweb.com\\\/job-seekers\\\/adults\\\/#primaryimage\"},\"image\":{\"@id\":\"https:\\\/\\\/worklinkweb.com\\\/job-seekers\\\/adults\\\/#primaryimage\"},\"thumbnailUrl\":\"https:\\\/\\\/worklinkweb.com\\\/wp-content\\\/uploads\\\/2021\\\/05\\\/AdobeStock_117970224-Nurse-800px-e1623165511795-296x300.jpg\",\"datePublished\":\"2015-10-28T01:09:51+00:00\",\"dateModified\":\"2023-11-27T20:46:58+00:00\",\"breadcrumb\":{\"@id\":\"https:\\\/\\\/worklinkweb.com\\\/job-seekers\\\/adults\\\/#breadcrumb\"},\"inLanguage\":\"es\",\"potentialAction\":[{\"@type\":\"ReadAction\",\"target\":[\"https:\\\/\\\/worklinkweb.com\\\/job-seekers\\\/adults\\\/\"]}]},{\"@type\":\"ImageObject\",\"inLanguage\":\"es\",\"@id\":\"https:\\\/\\\/worklinkweb.com\\\/job-seekers\\\/adults\\\/#primaryimage\",\"url\":\"https:\\\/\\\/worklinkweb.com\\\/wp-content\\\/uploads\\\/2021\\\/05\\\/AdobeStock_117970224-Nurse-800px-e1623165511795-296x300.jpg\",\"contentUrl\":\"https:\\\/\\\/worklinkweb.com\\\/wp-content\\\/uploads\\\/2021\\\/05\\\/AdobeStock_117970224-Nurse-800px-e1623165511795-296x300.jpg\"},{\"@type\":\"BreadcrumbList\",\"@id\":\"https:\\\/\\\/worklinkweb.com\\\/job-seekers\\\/adults\\\/#breadcrumb\",\"itemListElement\":[{\"@type\":\"ListItem\",\"position\":1,\"name\":\"Home\",\"item\":\"https:\\\/\\\/worklinkweb.com\\\/\"},{\"@type\":\"ListItem\",\"position\":2,\"name\":\"Job Seekers\",\"item\":\"https:\\\/\\\/worklinkweb.com\\\/job-seekers\\\/\"},{\"@type\":\"ListItem\",\"position\":3,\"name\":\"Career Services\"}]},{\"@type\":\"WebSite\",\"@id\":\"https:\\\/\\\/worklinkweb.com\\\/en\\\/#website\",\"url\":\"https:\\\/\\\/worklinkweb.com\\\/en\\\/\",\"name\":\"SC Works Worklink\",\"description\":\"Bringing Employers &amp; Job Seekers Together\",\"publisher\":{\"@id\":\"https:\\\/\\\/worklinkweb.com\\\/en\\\/#organization\"},\"potentialAction\":[{\"@type\":\"SearchAction\",\"target\":{\"@type\":\"EntryPoint\",\"urlTemplate\":\"https:\\\/\\\/worklinkweb.com\\\/en\\\/?s={search_term_string}\"},\"query-input\":{\"@type\":\"PropertyValueSpecification\",\"valueRequired\":true,\"valueName\":\"search_term_string\"}}],\"inLanguage\":\"es\"},{\"@type\":\"Organization\",\"@id\":\"https:\\\/\\\/worklinkweb.com\\\/en\\\/#organization\",\"name\":\"SC Works Worklink\",\"url\":\"https:\\\/\\\/worklinkweb.com\\\/en\\\/\",\"logo\":{\"@type\":\"ImageObject\",\"inLanguage\":\"es\",\"@id\":\"https:\\\/\\\/worklinkweb.com\\\/en\\\/#\\\/schema\\\/logo\\\/image\\\/\",\"url\":\"https:\\\/\\\/worklinkweb.com\\\/wp-content\\\/uploads\\\/2021\\\/05\\\/logo.jpeg\",\"contentUrl\":\"https:\\\/\\\/worklinkweb.com\\\/wp-content\\\/uploads\\\/2021\\\/05\\\/logo.jpeg\",\"width\":582,\"height\":115,\"caption\":\"SC Works Worklink\"},\"image\":{\"@id\":\"https:\\\/\\\/worklinkweb.com\\\/en\\\/#\\\/schema\\\/logo\\\/image\\\/\"},\"sameAs\":[\"https:\\\/\\\/www.facebook.com\\\/SCWorksWorkLink\\\/\",\"https:\\\/\\\/x.com\\\/SCWorksWorkLink\",\"http:\\\/\\\/www.youtube.com\\\/user\\\/WorkLinkWeb\"]}]}<\/script>\n<!-- \/ Yoast SEO plugin. -->","yoast_head_json":{"title":"Servicios profesionales - SC Works Worklink","robots":{"index":"index","follow":"follow","max-snippet":"max-snippet:-1","max-image-preview":"max-image-preview:large","max-video-preview":"max-video-preview:-1"},"canonical":"https:\/\/worklinkweb.com\/es\/job-seekers\/adults\/","og_locale":"es_MX","og_type":"article","og_title":"Career Services - SC Works Worklink","og_description":"Your next Career starts here! Your first step is Register with the SC Works Centers. Jump Start Your Job Search &#8211; Resources for Job Seekers Stop by an SC Works... Read more &raquo;","og_url":"https:\/\/worklinkweb.com\/es\/job-seekers\/adults\/","og_site_name":"SC Works Worklink","article_publisher":"https:\/\/www.facebook.com\/SCWorksWorkLink\/","article_modified_time":"2023-11-27T20:46:58+00:00","og_image":[{"url":"https:\/\/worklinkweb.com\/wp-content\/uploads\/2021\/05\/AdobeStock_117970224-Nurse-800px-e1623165511795-296x300.jpg","type":"","width":"","height":""}],"twitter_card":"summary_large_image","twitter_site":"@SCWorksWorkLink","twitter_misc":{"Tiempo de lectura":"3 minutos"},"schema":{"@context":"https:\/\/schema.org","@graph":[{"@type":"WebPage","@id":"https:\/\/worklinkweb.com\/job-seekers\/adults\/","url":"https:\/\/worklinkweb.com\/job-seekers\/adults\/","name":"Servicios profesionales - SC Works Worklink","isPartOf":{"@id":"https:\/\/worklinkweb.com\/en\/#website"},"primaryImageOfPage":{"@id":"https:\/\/worklinkweb.com\/job-seekers\/adults\/#primaryimage"},"image":{"@id":"https:\/\/worklinkweb.com\/job-seekers\/adults\/#primaryimage"},"thumbnailUrl":"https:\/\/worklinkweb.com\/wp-content\/uploads\/2021\/05\/AdobeStock_117970224-Nurse-800px-e1623165511795-296x300.jpg","datePublished":"2015-10-28T01:09:51+00:00","dateModified":"2023-11-27T20:46:58+00:00","breadcrumb":{"@id":"https:\/\/worklinkweb.com\/job-seekers\/adults\/#breadcrumb"},"inLanguage":"es","potentialAction":[{"@type":"ReadAction","target":["https:\/\/worklinkweb.com\/job-seekers\/adults\/"]}]},{"@type":"ImageObject","inLanguage":"es","@id":"https:\/\/worklinkweb.com\/job-seekers\/adults\/#primaryimage","url":"https:\/\/worklinkweb.com\/wp-content\/uploads\/2021\/05\/AdobeStock_117970224-Nurse-800px-e1623165511795-296x300.jpg","contentUrl":"https:\/\/worklinkweb.com\/wp-content\/uploads\/2021\/05\/AdobeStock_117970224-Nurse-800px-e1623165511795-296x300.jpg"},{"@type":"BreadcrumbList","@id":"https:\/\/worklinkweb.com\/job-seekers\/adults\/#breadcrumb","itemListElement":[{"@type":"ListItem","position":1,"name":"Home","item":"https:\/\/worklinkweb.com\/"},{"@type":"ListItem","position":2,"name":"Job Seekers","item":"https:\/\/worklinkweb.com\/job-seekers\/"},{"@type":"ListItem","position":3,"name":"Career Services"}]},{"@type":"WebSite","@id":"https:\/\/worklinkweb.com\/en\/#website","url":"https:\/\/worklinkweb.com\/en\/","name":"SC Works Worklink","description":"Reunir a empleadores y solicitantes de empleo","publisher":{"@id":"https:\/\/worklinkweb.com\/en\/#organization"},"potentialAction":[{"@type":"SearchAction","target":{"@type":"EntryPoint","urlTemplate":"https:\/\/worklinkweb.com\/en\/?s={search_term_string}"},"query-input":{"@type":"PropertyValueSpecification","valueRequired":true,"valueName":"search_term_string"}}],"inLanguage":"es"},{"@type":"Organization","@id":"https:\/\/worklinkweb.com\/en\/#organization","name":"SC Works Worklink","url":"https:\/\/worklinkweb.com\/en\/","logo":{"@type":"ImageObject","inLanguage":"es","@id":"https:\/\/worklinkweb.com\/en\/#\/schema\/logo\/image\/","url":"https:\/\/worklinkweb.com\/wp-content\/uploads\/2021\/05\/logo.jpeg","contentUrl":"https:\/\/worklinkweb.com\/wp-content\/uploads\/2021\/05\/logo.jpeg","width":582,"height":115,"caption":"SC Works Worklink"},"image":{"@id":"https:\/\/worklinkweb.com\/en\/#\/schema\/logo\/image\/"},"sameAs":["https:\/\/www.facebook.com\/SCWorksWorkLink\/","https:\/\/x.com\/SCWorksWorkLink","http:\/\/www.youtube.com\/user\/WorkLinkWeb"]}]}},"_links":{"self":[{"href":"https:\/\/worklinkweb.com\/es\/wp-json\/wp\/v2\/pages\/172","targetHints":{"allow":["GET"]}}],"collection":[{"href":"https:\/\/worklinkweb.com\/es\/wp-json\/wp\/v2\/pages"}],"about":[{"href":"https:\/\/worklinkweb.com\/es\/wp-json\/wp\/v2\/types\/page"}],"author":[{"embeddable":true,"href":"https:\/\/worklinkweb.com\/es\/wp-json\/wp\/v2\/users\/1"}],"replies":[{"embeddable":true,"href":"https:\/\/worklinkweb.com\/es\/wp-json\/wp\/v2\/comments?post=172"}],"version-history":[{"count":17,"href":"https:\/\/worklinkweb.com\/es\/wp-json\/wp\/v2\/pages\/172\/revisions"}],"predecessor-version":[{"id":5894,"href":"https:\/\/worklinkweb.com\/es\/wp-json\/wp\/v2\/pages\/172\/revisions\/5894"}],"up":[{"embeddable":true,"href":"https:\/\/worklinkweb.com\/es\/wp-json\/wp\/v2\/pages\/154"}],"wp:attachment":[{"href":"https:\/\/worklinkweb.com\/es\/wp-json\/wp\/v2\/media?parent=172"}],"curies":[{"name":"wp","href":"https:\/\/api.w.org\/{rel}","templated":true}]}}