{"id":178,"date":"2015-10-28T01:14:46","date_gmt":"2015-10-28T01:14:46","guid":{"rendered":"http:\/\/new.worklinkweb.com\/?page_id=178"},"modified":"2025-08-05T11:05:17","modified_gmt":"2025-08-05T15:05:17","slug":"training-services","status":"publish","type":"page","link":"https:\/\/worklinkweb.com\/es\/solicitantes-de-empleo\/servicios-de-entrenamiento\/","title":{"rendered":"Servicios de entrenamiento"},"content":{"rendered":"<div class=\"wpb-content-wrapper\"><div class=\"vc_row wpb_row vc_row-fluid\"><div class=\"wpb_column vc_column_container vc_col-sm-12\"><div class=\"vc_column-inner\"><div class=\"wpb_wrapper\">\n\t<div class=\"wpb_text_column wpb_content_element\" >\n\t\t<div class=\"wpb_wrapper\">\n\t\t\t<h3>Recursos de capacitaci\u00f3n para solicitantes de empleo<\/h3>\n<p><img loading=\"lazy\" decoding=\"async\" class=\"alignright wp-image-4103 size-medium\" src=\"https:\/\/worklinkweb.com\/wp-content\/uploads\/2021\/05\/AdobeStock_256303205-Disabled-Worker-800px-e1623165670976-300x260.jpg\" alt=\"\" width=\"300\" height=\"260\" srcset=\"https:\/\/worklinkweb.com\/wp-content\/uploads\/2021\/05\/AdobeStock_256303205-Disabled-Worker-800px-e1623165670976-300x260.jpg 300w, https:\/\/worklinkweb.com\/wp-content\/uploads\/2021\/05\/AdobeStock_256303205-Disabled-Worker-800px-e1623165670976-14x12.jpg 14w, https:\/\/worklinkweb.com\/wp-content\/uploads\/2021\/05\/AdobeStock_256303205-Disabled-Worker-800px-e1623165670976.jpg 616w\" sizes=\"auto, (max-width: 300px) 100vw, 300px\" \/>\u00bfEst\u00e1s buscando nuevas habilidades? \u00bfNecesitas formaci\u00f3n? Inf\u00f3rmese sobre los servicios de formaci\u00f3n y empleo gratuitos disponibles en el lugar donde vive.<\/p>\n<p><strong>Las becas est\u00e1n disponibles a trav\u00e9s del Programa WIOA de SC Works Centers.<\/strong><\/p>\n<p>Ll\u00e1menos hoy al (864) 643-0071 (TTY 711) para averiguar si puede recibir becas para capacitaci\u00f3n.<\/p>\n<h4>\u00bfQu\u00e9 tipos de formaci\u00f3n est\u00e1n disponibles?<\/h4>\n<p>Los SC Works Centers ofrecen tres tipos de formaci\u00f3n a clientes cualificados:<\/p>\n<ul>\n<li><em><strong>Entrenamiento b\u00e1sico<\/strong><\/em> - Obtenga un GED o fortalezca sus habilidades b\u00e1sicas de matem\u00e1ticas, ingl\u00e9s o lectura.<\/li>\n<li><em><strong>Formaci\u00f3n ocupacional \/ vocacional<\/strong><\/em> - Capac\u00edtese en las habilidades necesarias para los trabajos en demanda hoy.<\/li>\n<li><em><strong>En el trabajo de formaci\u00f3n<\/strong><\/em> - Recibir capacitaci\u00f3n de un empleador local en las habilidades necesarias para un trabajo en particular a trav\u00e9s de programas de capacitaci\u00f3n en el trabajo u oportunidades de aprendizaje.<\/li>\n<\/ul>\n<p>Adem\u00e1s de esto, su SC Works Center local ofrece talleres sobre habilidades para entrevistas, solicitud de ayuda financiera, t\u00e9cnicas de b\u00fasqueda de empleo y redacci\u00f3n de un curr\u00edculum. Los temas var\u00edan seg\u00fan la ubicaci\u00f3n.<\/p>\n<h4>\u00bfQu\u00e9 tipo de formaci\u00f3n necesito?<\/h4>\n<p><img loading=\"lazy\" decoding=\"async\" class=\"alignright size-medium wp-image-4471\" src=\"https:\/\/worklinkweb.com\/wp-content\/uploads\/2021\/06\/AdobeStock_175816345-nursing-home-300x233.jpg\" alt=\"\" width=\"300\" height=\"233\" srcset=\"https:\/\/worklinkweb.com\/wp-content\/uploads\/2021\/06\/AdobeStock_175816345-nursing-home-300x233.jpg 300w, https:\/\/worklinkweb.com\/wp-content\/uploads\/2021\/06\/AdobeStock_175816345-nursing-home-768x596.jpg 768w, https:\/\/worklinkweb.com\/wp-content\/uploads\/2021\/06\/AdobeStock_175816345-nursing-home-16x12.jpg 16w, https:\/\/worklinkweb.com\/wp-content\/uploads\/2021\/06\/AdobeStock_175816345-nursing-home.jpg 800w\" sizes=\"auto, (max-width: 300px) 100vw, 300px\" \/>\u00bfNo est\u00e1s seguro de qu\u00e9 tipo de formaci\u00f3n necesitas? Comun\u00edquese con el centro de trabajo de SC m\u00e1s cercano para una evaluaci\u00f3n de habilidades sin costo.<\/p>\n<p>Mientras tanto, explore qu\u00e9 trabajos tienen un futuro prometedor, cu\u00e1les ofrecen mejores salarios y cu\u00e1les tienen m\u00e1s vacantes.<\/p>\n<ul>\n<li>Verificar\u00a0<strong><span style=\"text-decoration: underline;\"><a href=\"https:\/\/www.mynextmove.org\/\">MyNextMove<\/a><\/span><\/strong>.<\/li>\n<li>Explorar <strong><u><a href=\"https:\/\/jobs.scworks.org\/vosnet\/Default.aspx\">Informaci\u00f3n del mercado laboral<\/a><\/u><\/strong>\u00a0para los trabajos disponibles donde vive.<\/li>\n<\/ul>\n<h4>\u00bfD\u00f3nde puedo capacitarme?<\/h4>\n<p>Encontrar <strong><a href=\"https:\/\/scpath.org\/\"><span style=\"text-decoration: underline;\">Proveedores de formaci\u00f3n elegibles<\/span><\/a><\/strong> en Carolina del Sur.<\/p>\n<p>La Lista de proveedores de capacitaci\u00f3n elegibles es la fuente m\u00e1s completa y \u00fanica en todo el estado que enumera proveedores de capacitaci\u00f3n calificados, incluidas ubicaciones, tarifas, programas, ocupaciones y programas de aprendizaje. Su SC Works Center local puede ayudarlo a identificar las escuelas elegibles para recibir capacitaci\u00f3n.<\/p>\n<h4>\u00bfHay becas o fondos disponibles para ayudar a pagar la capacitaci\u00f3n?<\/h4>\n<p><strong>Informaci\u00f3n del programa WIOA y becas de capacitaci\u00f3n<\/strong><\/p>\n<p>Si est\u00e1 interesado en trabajar con un entrenador de carrera o en obtener m\u00e1s informaci\u00f3n sobre becas de capacitaci\u00f3n, los servicios de WIOA est\u00e1n disponibles en persona y por tel\u00e9fono.<\/p>\n<p><strong>Asista a una Orientaci\u00f3n de obras de SC. <\/strong>Hacer clic <a href=\"https:\/\/acrobat.adobe.com\/id\/urn:aaid:sc:VA6C2:7aa54baf-7173-476a-8833-8ff1f597e40e\"><strong>AQU\u00cd<\/strong><\/a><strong>\u00a0<\/strong>para saber c\u00f3mo registrarse.<\/p>\n<p><strong>Llame a un coach de carrera cerca de usted hoy:<\/strong><\/p>\n<table>\n<tbody>\n<tr>\n<td width=\"133\"><strong>Entrenadores de carrera<\/strong><\/td>\n<td width=\"133\"><strong>N\u00famero de tel\u00e9fono<\/strong><\/td>\n<\/tr>\n<tr>\n<td width=\"133\">Anderson SC Works<\/td>\n<td width=\"133\">(864) 508-0214 y (864) 499-1624<\/td>\n<\/tr>\n<tr>\n<td width=\"133\">Obras de Clemson &amp; Easley SC<\/td>\n<td width=\"133\">(864)\u00a0364-0579<\/td>\n<\/tr>\n<tr>\n<td width=\"133\">Obras de Seneca SC<\/td>\n<td width=\"133\">(864)\u00a0207-6719<\/td>\n<\/tr>\n<tr>\n<td colspan=\"2\">Puede comunicarse con todos los n\u00fameros de tel\u00e9fono de voz utilizando equipo TTY \/ TTD a trav\u00e9s del servicio de retransmisi\u00f3n de Carolina del Sur al 711.<\/td>\n<\/tr>\n<\/tbody>\n<\/table>\n<h4><\/h4>\n<h4>Obtenga m\u00e1s informaci\u00f3n sobre las becas de capacitaci\u00f3n y WIOA<\/h4>\n<ul>\n<li><strong><a href=\"http:\/\/www.worklinkweb.com\/wp-content\/uploads\/2020\/03\/WIOA-Program-Description-Handout.pdf\">Folleto de descripci\u00f3n del programa WIOA<\/a><\/strong><\/li>\n<li><strong><a href=\"https:\/\/worklinkweb.com\/wp-content\/uploads\/2023\/11\/WIOA-Next-Steps-Revised-11012023.pdf\" target=\"_blank\" rel=\"noopener\">Pr\u00f3ximos pasos de WIOA: documentaci\u00f3n de la aplicaci\u00f3n<\/a><\/strong><\/li>\n<li><strong><a href=\"http:\/\/www.worklinkweb.com\/wp-content\/uploads\/2020\/03\/WIOA-Assessment-Flyer.pdf\">Folleto de evaluaci\u00f3n de WIOA<\/a><\/strong><\/li>\n<li><strong><a href=\"http:\/\/www.worklinkweb.com\/wp-content\/uploads\/2020\/03\/WIOA-Scholarship-Flyer.pdf\">Folleto de becas de WIOA<\/a><\/strong><\/li>\n<li><a href=\"http:\/\/www.worklinkweb.com\/wp-content\/uploads\/2020\/03\/WIOA-Training-Options.pdf\"><strong>Opciones de formaci\u00f3n de WIOA<\/strong><\/a><\/li>\n<li><strong><a href=\"https:\/\/careertraining.ed2go.com\/cconline\/\" target=\"_blank\" rel=\"noopener\">Casa abierta en Tri-County Technical College<\/a><\/strong><\/li>\n<\/ul>\n<p>Si ya est\u00e1 trabajando con un asesor profesional, ll\u00e1melo para conocer sus pr\u00f3ximos pasos.<\/p>\n<p><a href=\"https:\/\/www.scworks.org\/taa.asp\"><strong>Ley de asistencia para el ajuste comercial<\/strong><\/a> - Ayuda a los trabajadores que han perdido su trabajo o tienen horas reducidas debido al aumento de las importaciones.<\/p>\n<p><strong><a href=\"https:\/\/worklinkweb.com\/es\/job-seekers\/veterans\/\">Programas de capacitaci\u00f3n y empleo para veteranos<\/a>\u00a0&#8211; <\/strong>Ayuda a los veteranos y a quienes est\u00e1n en transici\u00f3n del servicio militar al trabajo civil.<\/p>\n<h4>Otros recursos de financiaci\u00f3n pueden estar disponibles a trav\u00e9s de estos socios.<\/h4>\n<ul>\n<li>Educaci\u00f3n para adultos<\/li>\n<li>Ministerios Anderson Interfaith<\/li>\n<li>Industrias de buena voluntad<\/li>\n<li>Rehabilitaci\u00f3n vocacional SC<\/li>\n<li>Colegio T\u00e9cnico Tri-County<\/li>\n<\/ul>\n\n\t\t<\/div>\n\t<\/div>\n<\/div><\/div><\/div><\/div>\n<\/div>","protected":false},"excerpt":{"rendered":"Training Resources for Job Seekers Are you looking for new skills? Do you need training? Find out about no-fee employment and training services available\u00a0where you live. Scholarships are available through...  <a class=\"excerpt-read-more\" href=\"https:\/\/worklinkweb.com\/es\/solicitantes-de-empleo\/servicios-de-entrenamiento\/\" title=\"ReadTraining Services\">Read more &raquo;<\/a>","protected":false},"author":1,"featured_media":0,"parent":154,"menu_order":0,"comment_status":"closed","ping_status":"closed","template":"page-job-seekers.php","meta":{"footnotes":""},"class_list":["post-178","page","type-page","status-publish","hentry"],"yoast_head":"<!-- This site is optimized with the Yoast SEO plugin v27.6 - https:\/\/yoast.com\/product\/yoast-seo-wordpress\/ -->\n<title>Training Services - SC Works Worklink<\/title>\n<meta name=\"robots\" content=\"index, follow, max-snippet:-1, max-image-preview:large, max-video-preview:-1\" \/>\n<link rel=\"canonical\" href=\"https:\/\/worklinkweb.com\/es\/job-seekers\/training-services\/\" \/>\n<meta property=\"og:locale\" content=\"es_MX\" \/>\n<meta property=\"og:type\" content=\"article\" \/>\n<meta property=\"og:title\" content=\"Training Services - SC Works Worklink\" \/>\n<meta property=\"og:url\" content=\"https:\/\/worklinkweb.com\/es\/job-seekers\/training-services\/\" \/>\n<meta property=\"og:site_name\" content=\"SC Works Worklink\" \/>\n<meta property=\"article:publisher\" content=\"https:\/\/www.facebook.com\/SCWorksWorkLink\/\" \/>\n<meta property=\"article:modified_time\" content=\"2025-08-05T15:05:17+00:00\" \/>\n<meta property=\"og:image\" content=\"https:\/\/worklinkweb.com\/wp-content\/uploads\/2021\/05\/AdobeStock_256303205-Disabled-Worker-800px-e1623165670976.jpg\" \/>\n\t<meta property=\"og:image:width\" content=\"616\" \/>\n\t<meta property=\"og:image:height\" content=\"533\" \/>\n\t<meta property=\"og:image:type\" content=\"image\/jpeg\" \/>\n<meta name=\"twitter:card\" content=\"summary_large_image\" \/>\n<meta name=\"twitter:site\" content=\"@SCWorksWorkLink\" \/>\n<meta name=\"twitter:label1\" content=\"Tiempo de lectura\" \/>\n\t<meta name=\"twitter:data1\" content=\"3 minutos\" \/>\n<script type=\"application\/ld+json\" class=\"yoast-schema-graph\">{\"@context\":\"https:\\\/\\\/schema.org\",\"@graph\":[{\"@type\":\"WebPage\",\"@id\":\"https:\\\/\\\/worklinkweb.com\\\/job-seekers\\\/training-services\\\/\",\"url\":\"https:\\\/\\\/worklinkweb.com\\\/job-seekers\\\/training-services\\\/\",\"name\":\"Training Services - SC Works Worklink\",\"isPartOf\":{\"@id\":\"https:\\\/\\\/worklinkweb.com\\\/en\\\/#website\"},\"primaryImageOfPage\":{\"@id\":\"https:\\\/\\\/worklinkweb.com\\\/job-seekers\\\/training-services\\\/#primaryimage\"},\"image\":{\"@id\":\"https:\\\/\\\/worklinkweb.com\\\/job-seekers\\\/training-services\\\/#primaryimage\"},\"thumbnailUrl\":\"https:\\\/\\\/worklinkweb.com\\\/wp-content\\\/uploads\\\/2021\\\/05\\\/AdobeStock_256303205-Disabled-Worker-800px-e1623165670976-300x260.jpg\",\"datePublished\":\"2015-10-28T01:14:46+00:00\",\"dateModified\":\"2025-08-05T15:05:17+00:00\",\"breadcrumb\":{\"@id\":\"https:\\\/\\\/worklinkweb.com\\\/job-seekers\\\/training-services\\\/#breadcrumb\"},\"inLanguage\":\"es\",\"potentialAction\":[{\"@type\":\"ReadAction\",\"target\":[\"https:\\\/\\\/worklinkweb.com\\\/job-seekers\\\/training-services\\\/\"]}]},{\"@type\":\"ImageObject\",\"inLanguage\":\"es\",\"@id\":\"https:\\\/\\\/worklinkweb.com\\\/job-seekers\\\/training-services\\\/#primaryimage\",\"url\":\"https:\\\/\\\/worklinkweb.com\\\/wp-content\\\/uploads\\\/2021\\\/05\\\/AdobeStock_256303205-Disabled-Worker-800px-e1623165670976-300x260.jpg\",\"contentUrl\":\"https:\\\/\\\/worklinkweb.com\\\/wp-content\\\/uploads\\\/2021\\\/05\\\/AdobeStock_256303205-Disabled-Worker-800px-e1623165670976-300x260.jpg\"},{\"@type\":\"BreadcrumbList\",\"@id\":\"https:\\\/\\\/worklinkweb.com\\\/job-seekers\\\/training-services\\\/#breadcrumb\",\"itemListElement\":[{\"@type\":\"ListItem\",\"position\":1,\"name\":\"Home\",\"item\":\"https:\\\/\\\/worklinkweb.com\\\/\"},{\"@type\":\"ListItem\",\"position\":2,\"name\":\"Job Seekers\",\"item\":\"https:\\\/\\\/worklinkweb.com\\\/job-seekers\\\/\"},{\"@type\":\"ListItem\",\"position\":3,\"name\":\"Training Services\"}]},{\"@type\":\"WebSite\",\"@id\":\"https:\\\/\\\/worklinkweb.com\\\/en\\\/#website\",\"url\":\"https:\\\/\\\/worklinkweb.com\\\/en\\\/\",\"name\":\"SC Works Worklink\",\"description\":\"Bringing Employers &amp; Job Seekers Together\",\"publisher\":{\"@id\":\"https:\\\/\\\/worklinkweb.com\\\/en\\\/#organization\"},\"potentialAction\":[{\"@type\":\"SearchAction\",\"target\":{\"@type\":\"EntryPoint\",\"urlTemplate\":\"https:\\\/\\\/worklinkweb.com\\\/en\\\/?s={search_term_string}\"},\"query-input\":{\"@type\":\"PropertyValueSpecification\",\"valueRequired\":true,\"valueName\":\"search_term_string\"}}],\"inLanguage\":\"es\"},{\"@type\":\"Organization\",\"@id\":\"https:\\\/\\\/worklinkweb.com\\\/en\\\/#organization\",\"name\":\"SC Works Worklink\",\"url\":\"https:\\\/\\\/worklinkweb.com\\\/en\\\/\",\"logo\":{\"@type\":\"ImageObject\",\"inLanguage\":\"es\",\"@id\":\"https:\\\/\\\/worklinkweb.com\\\/en\\\/#\\\/schema\\\/logo\\\/image\\\/\",\"url\":\"https:\\\/\\\/worklinkweb.com\\\/wp-content\\\/uploads\\\/2021\\\/05\\\/logo.jpeg\",\"contentUrl\":\"https:\\\/\\\/worklinkweb.com\\\/wp-content\\\/uploads\\\/2021\\\/05\\\/logo.jpeg\",\"width\":582,\"height\":115,\"caption\":\"SC Works Worklink\"},\"image\":{\"@id\":\"https:\\\/\\\/worklinkweb.com\\\/en\\\/#\\\/schema\\\/logo\\\/image\\\/\"},\"sameAs\":[\"https:\\\/\\\/www.facebook.com\\\/SCWorksWorkLink\\\/\",\"https:\\\/\\\/x.com\\\/SCWorksWorkLink\",\"http:\\\/\\\/www.youtube.com\\\/user\\\/WorkLinkWeb\"]}]}<\/script>\n<!-- \/ Yoast SEO plugin. -->","yoast_head_json":{"title":"Servicios de formaci\u00f3n - SC Works Worklink","robots":{"index":"index","follow":"follow","max-snippet":"max-snippet:-1","max-image-preview":"max-image-preview:large","max-video-preview":"max-video-preview:-1"},"canonical":"https:\/\/worklinkweb.com\/es\/job-seekers\/training-services\/","og_locale":"es_MX","og_type":"article","og_title":"Training Services - SC Works Worklink","og_url":"https:\/\/worklinkweb.com\/es\/job-seekers\/training-services\/","og_site_name":"SC Works Worklink","article_publisher":"https:\/\/www.facebook.com\/SCWorksWorkLink\/","article_modified_time":"2025-08-05T15:05:17+00:00","og_image":[{"width":616,"height":533,"url":"https:\/\/worklinkweb.com\/wp-content\/uploads\/2021\/05\/AdobeStock_256303205-Disabled-Worker-800px-e1623165670976.jpg","type":"image\/jpeg"}],"twitter_card":"summary_large_image","twitter_site":"@SCWorksWorkLink","twitter_misc":{"Tiempo de lectura":"3 minutos"},"schema":{"@context":"https:\/\/schema.org","@graph":[{"@type":"WebPage","@id":"https:\/\/worklinkweb.com\/job-seekers\/training-services\/","url":"https:\/\/worklinkweb.com\/job-seekers\/training-services\/","name":"Servicios de formaci\u00f3n - SC Works Worklink","isPartOf":{"@id":"https:\/\/worklinkweb.com\/en\/#website"},"primaryImageOfPage":{"@id":"https:\/\/worklinkweb.com\/job-seekers\/training-services\/#primaryimage"},"image":{"@id":"https:\/\/worklinkweb.com\/job-seekers\/training-services\/#primaryimage"},"thumbnailUrl":"https:\/\/worklinkweb.com\/wp-content\/uploads\/2021\/05\/AdobeStock_256303205-Disabled-Worker-800px-e1623165670976-300x260.jpg","datePublished":"2015-10-28T01:14:46+00:00","dateModified":"2025-08-05T15:05:17+00:00","breadcrumb":{"@id":"https:\/\/worklinkweb.com\/job-seekers\/training-services\/#breadcrumb"},"inLanguage":"es","potentialAction":[{"@type":"ReadAction","target":["https:\/\/worklinkweb.com\/job-seekers\/training-services\/"]}]},{"@type":"ImageObject","inLanguage":"es","@id":"https:\/\/worklinkweb.com\/job-seekers\/training-services\/#primaryimage","url":"https:\/\/worklinkweb.com\/wp-content\/uploads\/2021\/05\/AdobeStock_256303205-Disabled-Worker-800px-e1623165670976-300x260.jpg","contentUrl":"https:\/\/worklinkweb.com\/wp-content\/uploads\/2021\/05\/AdobeStock_256303205-Disabled-Worker-800px-e1623165670976-300x260.jpg"},{"@type":"BreadcrumbList","@id":"https:\/\/worklinkweb.com\/job-seekers\/training-services\/#breadcrumb","itemListElement":[{"@type":"ListItem","position":1,"name":"Home","item":"https:\/\/worklinkweb.com\/"},{"@type":"ListItem","position":2,"name":"Job Seekers","item":"https:\/\/worklinkweb.com\/job-seekers\/"},{"@type":"ListItem","position":3,"name":"Training Services"}]},{"@type":"WebSite","@id":"https:\/\/worklinkweb.com\/en\/#website","url":"https:\/\/worklinkweb.com\/en\/","name":"SC Works Worklink","description":"Reunir a empleadores y solicitantes de empleo","publisher":{"@id":"https:\/\/worklinkweb.com\/en\/#organization"},"potentialAction":[{"@type":"SearchAction","target":{"@type":"EntryPoint","urlTemplate":"https:\/\/worklinkweb.com\/en\/?s={search_term_string}"},"query-input":{"@type":"PropertyValueSpecification","valueRequired":true,"valueName":"search_term_string"}}],"inLanguage":"es"},{"@type":"Organization","@id":"https:\/\/worklinkweb.com\/en\/#organization","name":"SC Works Worklink","url":"https:\/\/worklinkweb.com\/en\/","logo":{"@type":"ImageObject","inLanguage":"es","@id":"https:\/\/worklinkweb.com\/en\/#\/schema\/logo\/image\/","url":"https:\/\/worklinkweb.com\/wp-content\/uploads\/2021\/05\/logo.jpeg","contentUrl":"https:\/\/worklinkweb.com\/wp-content\/uploads\/2021\/05\/logo.jpeg","width":582,"height":115,"caption":"SC Works Worklink"},"image":{"@id":"https:\/\/worklinkweb.com\/en\/#\/schema\/logo\/image\/"},"sameAs":["https:\/\/www.facebook.com\/SCWorksWorkLink\/","https:\/\/x.com\/SCWorksWorkLink","http:\/\/www.youtube.com\/user\/WorkLinkWeb"]}]}},"_links":{"self":[{"href":"https:\/\/worklinkweb.com\/es\/wp-json\/wp\/v2\/pages\/178","targetHints":{"allow":["GET"]}}],"collection":[{"href":"https:\/\/worklinkweb.com\/es\/wp-json\/wp\/v2\/pages"}],"about":[{"href":"https:\/\/worklinkweb.com\/es\/wp-json\/wp\/v2\/types\/page"}],"author":[{"embeddable":true,"href":"https:\/\/worklinkweb.com\/es\/wp-json\/wp\/v2\/users\/1"}],"replies":[{"embeddable":true,"href":"https:\/\/worklinkweb.com\/es\/wp-json\/wp\/v2\/comments?post=178"}],"version-history":[{"count":19,"href":"https:\/\/worklinkweb.com\/es\/wp-json\/wp\/v2\/pages\/178\/revisions"}],"predecessor-version":[{"id":6701,"href":"https:\/\/worklinkweb.com\/es\/wp-json\/wp\/v2\/pages\/178\/revisions\/6701"}],"up":[{"embeddable":true,"href":"https:\/\/worklinkweb.com\/es\/wp-json\/wp\/v2\/pages\/154"}],"wp:attachment":[{"href":"https:\/\/worklinkweb.com\/es\/wp-json\/wp\/v2\/media?parent=178"}],"curies":[{"name":"wp","href":"https:\/\/api.w.org\/{rel}","templated":true}]}}