{"id":183,"date":"2015-10-28T01:16:12","date_gmt":"2015-10-28T01:16:12","guid":{"rendered":"http:\/\/new.worklinkweb.com\/?page_id=183"},"modified":"2025-08-20T10:12:39","modified_gmt":"2025-08-20T14:12:39","slug":"workshops","status":"publish","type":"page","link":"https:\/\/worklinkweb.com\/es\/solicitantes-de-empleo\/talleres-de-trabajo\/","title":{"rendered":"Talleres de trabajo"},"content":{"rendered":"<div class=\"wpb-content-wrapper\"><div class=\"vc_row wpb_row vc_row-fluid\"><div class=\"wpb_column vc_column_container vc_col-sm-12\"><div class=\"vc_column-inner\"><div class=\"wpb_wrapper\">\n\t<div class=\"wpb_text_column wpb_content_element\" >\n\t\t<div class=\"wpb_wrapper\">\n\t\t\t<p class=\"style2\">Los SC Works Centres ofrecen varios talleres para ayudar a los solicitantes de empleo en su b\u00fasqueda de empleo. Los talleres son GRATUITOS y ABIERTOS al p\u00fablico. Reg\u00edstrese temprano para confirmar su espacio en la clase. El espacio es limitado.<\/p>\n<p><img loading=\"lazy\" decoding=\"async\" class=\"size-medium wp-image-4476 alignright\" src=\"https:\/\/worklinkweb.com\/wp-content\/uploads\/2021\/06\/AdobeStock_162748196-Job-seekers-300x222.jpg\" alt=\"\" width=\"300\" height=\"222\" srcset=\"https:\/\/worklinkweb.com\/wp-content\/uploads\/2021\/06\/AdobeStock_162748196-Job-seekers-300x222.jpg 300w, https:\/\/worklinkweb.com\/wp-content\/uploads\/2021\/06\/AdobeStock_162748196-Job-seekers-768x569.jpg 768w, https:\/\/worklinkweb.com\/wp-content\/uploads\/2021\/06\/AdobeStock_162748196-Job-seekers-16x12.jpg 16w, https:\/\/worklinkweb.com\/wp-content\/uploads\/2021\/06\/AdobeStock_162748196-Job-seekers.jpg 800w\" sizes=\"auto, (max-width: 300px) 100vw, 300px\" \/><\/p>\n<p>Estos son algunos de los talleres que se ofrecen:<\/p>\n<p><strong>Conceptos b\u00e1sicos de inform\u00e1tica<\/strong> - \u00bfDominas el mouse y el teclado? Computer Basics proporciona una introducci\u00f3n a los conceptos inform\u00e1ticos y al sistema operativo Windows. Este es un excelente taller para nuevos usuarios de computadoras. Requisito previo: Mousing y teclado b\u00e1sico o conocimientos equivalentes.<\/p>\n<p><strong>Rat\u00f3n de computadora y teclado b\u00e1sico<\/strong> - \u00bfNuevo en computadoras? Aprenda c\u00f3mo funciona un mouse con la pr\u00e1ctica pr\u00e1ctica y comience a desarrollar buenas t\u00e9cnicas de teclado aprendiendo el teclado y la colocaci\u00f3n adecuada de los dedos.<\/p>\n<p><strong>Hacer m\u00e1s con menos<\/strong> - Ayude a que los ingresos de su hogar lleguen m\u00e1s lejos aprendiendo c\u00f3mo hacer m\u00e1s con menos. Recibir\u00e1 excelentes consejos sobre c\u00f3mo crear un plan que se ajuste a su presupuesto.<\/p>\n<p><strong>Email for the Absolute Beginner<\/strong> - Aprenda a configurar una cuenta de correo electr\u00f3nico y a enviar y responder correos electr\u00f3nicos. REQUISITOS PREVIOS: Uso del rat\u00f3n y teclado b\u00e1sico, conocimientos b\u00e1sicos de inform\u00e1tica e Internet o conocimientos equivalentes.<\/p>\n<p><strong>Taller de eliminaci\u00f3n de antecedentes penales y perdones<\/strong> - El taller est\u00e1 dise\u00f1ado para proporcionar informaci\u00f3n sobre las disposiciones de la ley estatal para la eliminaci\u00f3n de antecedentes penales de un arresto o sobre la posibilidad de un indulto por un delito penal pasado.<\/p>\n<p><strong>Seguimiento r\u00e1pido de su b\u00fasqueda de empleo<\/strong> - Acelere su b\u00fasqueda de empleo. Aprenda c\u00f3mo y d\u00f3nde buscar el trabajo que desea. \u00a1Este taller lo ayudar\u00e1 a aumentar su confianza, a sentirse bien consigo mismo y le proporcionar\u00e1 la base que necesita para buscar con \u00e9xito el trabajo que se merece!<\/p>\n<p><strong>Internet y b\u00fasqueda de empleo<\/strong> - Recibir\u00e1 pr\u00e1ctica pr\u00e1ctica y consejos para usar Internet para buscar trabajo. PRERREQUISITO: Conocimientos b\u00e1sicos de inform\u00e1tica o conocimientos equivalentes.<\/p>\n<p><strong>Entrevistas de trabajo y entrevistas exitosas<\/strong> - \u00a1Solo tienes una oportunidad de causar una gran primera impresi\u00f3n! \u00a1Aseg\u00farese de asistir a este taller para tener una entrevista ganadora!<\/p>\n<p><strong>Reanudar la redacci\u00f3n: Parte 1, Preparaci\u00f3n<\/strong> - Aprenda lo que necesita para escribir un curr\u00edculum para que pueda comenzar a recopilar su informaci\u00f3n para estar bien encaminado hacia un excelente curr\u00edculum. PRERREQUISITO: Usar Microsoft Word o conocimiento equivalente.<\/p>\n<p><strong>Reanudar la redacci\u00f3n: Parte 2, Redacci\u00f3n<\/strong> - Una vez que tenga toda la informaci\u00f3n para su curr\u00edculum, aprender\u00e1 c\u00f3mo formatearlo para que se adapte mejor al trabajo que desea y merece. REQUISITO PREVIO: Reanudar la redacci\u00f3n: Parte 1.<\/p>\n<p><strong>Usando Microsoft Word<\/strong> - Aprenda los conceptos b\u00e1sicos del uso de Word para que pueda preparar su curr\u00edculum y escribir cartas de presentaci\u00f3n y de agradecimiento. REQUISITO PREVIO: Conceptos b\u00e1sicos de inform\u00e1tica o conocimientos equivalentes<\/p>\n<p><strong>Solicitudes de empleo ganadoras \/ Solicitudes de empleo en l\u00ednea<\/strong> - Aprenda lo que se necesita para asegurarse de que su solicitud de empleo sea notada y, adem\u00e1s, recibir\u00e1 pr\u00e1ctica pr\u00e1ctica para solicitar puestos de trabajo en l\u00ednea.<\/p>\n<p><strong>ENL\u00cdSTATE AHORA. Llame al (864) 643-0071 TTY: 711.<\/strong><\/p>\n\n\t\t<\/div>\n\t<\/div>\n<\/div><\/div><\/div><\/div>\n<\/div>","protected":false},"excerpt":{"rendered":"The SC Works Centers offer several workshops to aid jobseekers in their job search. Workshops are FREE and OPEN to the public. Please register early to confirm your space in...  <a class=\"excerpt-read-more\" href=\"https:\/\/worklinkweb.com\/es\/solicitantes-de-empleo\/talleres-de-trabajo\/\" title=\"ReadWorkshops\">Read more &raquo;<\/a>","protected":false},"author":1,"featured_media":0,"parent":154,"menu_order":0,"comment_status":"closed","ping_status":"closed","template":"page-job-seekers.php","meta":{"footnotes":""},"class_list":["post-183","page","type-page","status-publish","hentry"],"yoast_head":"<!-- This site is optimized with the Yoast SEO plugin v27.4 - https:\/\/yoast.com\/product\/yoast-seo-wordpress\/ -->\n<title>Workshops - SC Works Worklink<\/title>\n<meta name=\"robots\" content=\"index, follow, max-snippet:-1, max-image-preview:large, max-video-preview:-1\" \/>\n<link rel=\"canonical\" href=\"https:\/\/worklinkweb.com\/es\/job-seekers\/workshops\/\" \/>\n<meta property=\"og:locale\" content=\"es_MX\" \/>\n<meta property=\"og:type\" content=\"article\" \/>\n<meta property=\"og:title\" content=\"Workshops - SC Works Worklink\" \/>\n<meta property=\"og:url\" content=\"https:\/\/worklinkweb.com\/es\/job-seekers\/workshops\/\" \/>\n<meta property=\"og:site_name\" content=\"SC Works Worklink\" \/>\n<meta property=\"article:publisher\" content=\"https:\/\/www.facebook.com\/SCWorksWorkLink\/\" \/>\n<meta property=\"article:modified_time\" content=\"2025-08-20T14:12:39+00:00\" \/>\n<meta property=\"og:image\" content=\"https:\/\/worklinkweb.com\/wp-content\/uploads\/2021\/06\/AdobeStock_162748196-Job-seekers.jpg\" \/>\n\t<meta property=\"og:image:width\" content=\"800\" \/>\n\t<meta property=\"og:image:height\" content=\"593\" \/>\n\t<meta property=\"og:image:type\" content=\"image\/jpeg\" \/>\n<meta name=\"twitter:card\" content=\"summary_large_image\" \/>\n<meta name=\"twitter:site\" content=\"@SCWorksWorkLink\" \/>\n<meta name=\"twitter:label1\" content=\"Tiempo de lectura\" \/>\n\t<meta name=\"twitter:data1\" content=\"3 minutos\" \/>\n<script type=\"application\/ld+json\" class=\"yoast-schema-graph\">{\"@context\":\"https:\\\/\\\/schema.org\",\"@graph\":[{\"@type\":\"WebPage\",\"@id\":\"https:\\\/\\\/worklinkweb.com\\\/job-seekers\\\/workshops\\\/\",\"url\":\"https:\\\/\\\/worklinkweb.com\\\/job-seekers\\\/workshops\\\/\",\"name\":\"Workshops - SC Works Worklink\",\"isPartOf\":{\"@id\":\"https:\\\/\\\/worklinkweb.com\\\/en\\\/#website\"},\"primaryImageOfPage\":{\"@id\":\"https:\\\/\\\/worklinkweb.com\\\/job-seekers\\\/workshops\\\/#primaryimage\"},\"image\":{\"@id\":\"https:\\\/\\\/worklinkweb.com\\\/job-seekers\\\/workshops\\\/#primaryimage\"},\"thumbnailUrl\":\"https:\\\/\\\/worklinkweb.com\\\/wp-content\\\/uploads\\\/2021\\\/06\\\/AdobeStock_162748196-Job-seekers-300x222.jpg\",\"datePublished\":\"2015-10-28T01:16:12+00:00\",\"dateModified\":\"2025-08-20T14:12:39+00:00\",\"breadcrumb\":{\"@id\":\"https:\\\/\\\/worklinkweb.com\\\/job-seekers\\\/workshops\\\/#breadcrumb\"},\"inLanguage\":\"es\",\"potentialAction\":[{\"@type\":\"ReadAction\",\"target\":[\"https:\\\/\\\/worklinkweb.com\\\/job-seekers\\\/workshops\\\/\"]}]},{\"@type\":\"ImageObject\",\"inLanguage\":\"es\",\"@id\":\"https:\\\/\\\/worklinkweb.com\\\/job-seekers\\\/workshops\\\/#primaryimage\",\"url\":\"https:\\\/\\\/worklinkweb.com\\\/wp-content\\\/uploads\\\/2021\\\/06\\\/AdobeStock_162748196-Job-seekers-300x222.jpg\",\"contentUrl\":\"https:\\\/\\\/worklinkweb.com\\\/wp-content\\\/uploads\\\/2021\\\/06\\\/AdobeStock_162748196-Job-seekers-300x222.jpg\"},{\"@type\":\"BreadcrumbList\",\"@id\":\"https:\\\/\\\/worklinkweb.com\\\/job-seekers\\\/workshops\\\/#breadcrumb\",\"itemListElement\":[{\"@type\":\"ListItem\",\"position\":1,\"name\":\"Home\",\"item\":\"https:\\\/\\\/worklinkweb.com\\\/\"},{\"@type\":\"ListItem\",\"position\":2,\"name\":\"Job Seekers\",\"item\":\"https:\\\/\\\/worklinkweb.com\\\/job-seekers\\\/\"},{\"@type\":\"ListItem\",\"position\":3,\"name\":\"Workshops\"}]},{\"@type\":\"WebSite\",\"@id\":\"https:\\\/\\\/worklinkweb.com\\\/en\\\/#website\",\"url\":\"https:\\\/\\\/worklinkweb.com\\\/en\\\/\",\"name\":\"SC Works Worklink\",\"description\":\"Bringing Employers &amp; Job Seekers Together\",\"publisher\":{\"@id\":\"https:\\\/\\\/worklinkweb.com\\\/en\\\/#organization\"},\"potentialAction\":[{\"@type\":\"SearchAction\",\"target\":{\"@type\":\"EntryPoint\",\"urlTemplate\":\"https:\\\/\\\/worklinkweb.com\\\/en\\\/?s={search_term_string}\"},\"query-input\":{\"@type\":\"PropertyValueSpecification\",\"valueRequired\":true,\"valueName\":\"search_term_string\"}}],\"inLanguage\":\"es\"},{\"@type\":\"Organization\",\"@id\":\"https:\\\/\\\/worklinkweb.com\\\/en\\\/#organization\",\"name\":\"SC Works Worklink\",\"url\":\"https:\\\/\\\/worklinkweb.com\\\/en\\\/\",\"logo\":{\"@type\":\"ImageObject\",\"inLanguage\":\"es\",\"@id\":\"https:\\\/\\\/worklinkweb.com\\\/en\\\/#\\\/schema\\\/logo\\\/image\\\/\",\"url\":\"https:\\\/\\\/worklinkweb.com\\\/wp-content\\\/uploads\\\/2021\\\/05\\\/logo.jpeg\",\"contentUrl\":\"https:\\\/\\\/worklinkweb.com\\\/wp-content\\\/uploads\\\/2021\\\/05\\\/logo.jpeg\",\"width\":582,\"height\":115,\"caption\":\"SC Works Worklink\"},\"image\":{\"@id\":\"https:\\\/\\\/worklinkweb.com\\\/en\\\/#\\\/schema\\\/logo\\\/image\\\/\"},\"sameAs\":[\"https:\\\/\\\/www.facebook.com\\\/SCWorksWorkLink\\\/\",\"https:\\\/\\\/x.com\\\/SCWorksWorkLink\",\"http:\\\/\\\/www.youtube.com\\\/user\\\/WorkLinkWeb\"]}]}<\/script>\n<!-- \/ Yoast SEO plugin. -->","yoast_head_json":{"title":"Talleres - SC Works Worklink","robots":{"index":"index","follow":"follow","max-snippet":"max-snippet:-1","max-image-preview":"max-image-preview:large","max-video-preview":"max-video-preview:-1"},"canonical":"https:\/\/worklinkweb.com\/es\/job-seekers\/workshops\/","og_locale":"es_MX","og_type":"article","og_title":"Workshops - SC Works Worklink","og_url":"https:\/\/worklinkweb.com\/es\/job-seekers\/workshops\/","og_site_name":"SC Works Worklink","article_publisher":"https:\/\/www.facebook.com\/SCWorksWorkLink\/","article_modified_time":"2025-08-20T14:12:39+00:00","og_image":[{"width":800,"height":593,"url":"https:\/\/worklinkweb.com\/wp-content\/uploads\/2021\/06\/AdobeStock_162748196-Job-seekers.jpg","type":"image\/jpeg"}],"twitter_card":"summary_large_image","twitter_site":"@SCWorksWorkLink","twitter_misc":{"Tiempo de lectura":"3 minutos"},"schema":{"@context":"https:\/\/schema.org","@graph":[{"@type":"WebPage","@id":"https:\/\/worklinkweb.com\/job-seekers\/workshops\/","url":"https:\/\/worklinkweb.com\/job-seekers\/workshops\/","name":"Talleres - SC Works Worklink","isPartOf":{"@id":"https:\/\/worklinkweb.com\/en\/#website"},"primaryImageOfPage":{"@id":"https:\/\/worklinkweb.com\/job-seekers\/workshops\/#primaryimage"},"image":{"@id":"https:\/\/worklinkweb.com\/job-seekers\/workshops\/#primaryimage"},"thumbnailUrl":"https:\/\/worklinkweb.com\/wp-content\/uploads\/2021\/06\/AdobeStock_162748196-Job-seekers-300x222.jpg","datePublished":"2015-10-28T01:16:12+00:00","dateModified":"2025-08-20T14:12:39+00:00","breadcrumb":{"@id":"https:\/\/worklinkweb.com\/job-seekers\/workshops\/#breadcrumb"},"inLanguage":"es","potentialAction":[{"@type":"ReadAction","target":["https:\/\/worklinkweb.com\/job-seekers\/workshops\/"]}]},{"@type":"ImageObject","inLanguage":"es","@id":"https:\/\/worklinkweb.com\/job-seekers\/workshops\/#primaryimage","url":"https:\/\/worklinkweb.com\/wp-content\/uploads\/2021\/06\/AdobeStock_162748196-Job-seekers-300x222.jpg","contentUrl":"https:\/\/worklinkweb.com\/wp-content\/uploads\/2021\/06\/AdobeStock_162748196-Job-seekers-300x222.jpg"},{"@type":"BreadcrumbList","@id":"https:\/\/worklinkweb.com\/job-seekers\/workshops\/#breadcrumb","itemListElement":[{"@type":"ListItem","position":1,"name":"Home","item":"https:\/\/worklinkweb.com\/"},{"@type":"ListItem","position":2,"name":"Job Seekers","item":"https:\/\/worklinkweb.com\/job-seekers\/"},{"@type":"ListItem","position":3,"name":"Workshops"}]},{"@type":"WebSite","@id":"https:\/\/worklinkweb.com\/en\/#website","url":"https:\/\/worklinkweb.com\/en\/","name":"SC Works Worklink","description":"Reunir a empleadores y solicitantes de empleo","publisher":{"@id":"https:\/\/worklinkweb.com\/en\/#organization"},"potentialAction":[{"@type":"SearchAction","target":{"@type":"EntryPoint","urlTemplate":"https:\/\/worklinkweb.com\/en\/?s={search_term_string}"},"query-input":{"@type":"PropertyValueSpecification","valueRequired":true,"valueName":"search_term_string"}}],"inLanguage":"es"},{"@type":"Organization","@id":"https:\/\/worklinkweb.com\/en\/#organization","name":"SC Works Worklink","url":"https:\/\/worklinkweb.com\/en\/","logo":{"@type":"ImageObject","inLanguage":"es","@id":"https:\/\/worklinkweb.com\/en\/#\/schema\/logo\/image\/","url":"https:\/\/worklinkweb.com\/wp-content\/uploads\/2021\/05\/logo.jpeg","contentUrl":"https:\/\/worklinkweb.com\/wp-content\/uploads\/2021\/05\/logo.jpeg","width":582,"height":115,"caption":"SC Works Worklink"},"image":{"@id":"https:\/\/worklinkweb.com\/en\/#\/schema\/logo\/image\/"},"sameAs":["https:\/\/www.facebook.com\/SCWorksWorkLink\/","https:\/\/x.com\/SCWorksWorkLink","http:\/\/www.youtube.com\/user\/WorkLinkWeb"]}]}},"_links":{"self":[{"href":"https:\/\/worklinkweb.com\/es\/wp-json\/wp\/v2\/pages\/183","targetHints":{"allow":["GET"]}}],"collection":[{"href":"https:\/\/worklinkweb.com\/es\/wp-json\/wp\/v2\/pages"}],"about":[{"href":"https:\/\/worklinkweb.com\/es\/wp-json\/wp\/v2\/types\/page"}],"author":[{"embeddable":true,"href":"https:\/\/worklinkweb.com\/es\/wp-json\/wp\/v2\/users\/1"}],"replies":[{"embeddable":true,"href":"https:\/\/worklinkweb.com\/es\/wp-json\/wp\/v2\/comments?post=183"}],"version-history":[{"count":5,"href":"https:\/\/worklinkweb.com\/es\/wp-json\/wp\/v2\/pages\/183\/revisions"}],"predecessor-version":[{"id":6901,"href":"https:\/\/worklinkweb.com\/es\/wp-json\/wp\/v2\/pages\/183\/revisions\/6901"}],"up":[{"embeddable":true,"href":"https:\/\/worklinkweb.com\/es\/wp-json\/wp\/v2\/pages\/154"}],"wp:attachment":[{"href":"https:\/\/worklinkweb.com\/es\/wp-json\/wp\/v2\/media?parent=183"}],"curies":[{"name":"wp","href":"https:\/\/api.w.org\/{rel}","templated":true}]}}