{"id":200,"date":"2015-10-28T01:26:48","date_gmt":"2015-10-28T01:26:48","guid":{"rendered":"http:\/\/new.worklinkweb.com\/?page_id=200"},"modified":"2024-01-22T12:04:47","modified_gmt":"2024-01-22T17:04:47","slug":"community-resources","status":"publish","type":"page","link":"https:\/\/worklinkweb.com\/es\/solicitantes-de-empleo\/recursos-de-la-comunidad\/","title":{"rendered":"Recursos de la comunidad"},"content":{"rendered":"<p>Las agencias asociadas en la comunidad tambi\u00e9n se han unido para satisfacer las necesidades adicionales de los usuarios de SC Works.<\/p>\n<h4>Socios de OneStop<\/h4>\n<ul>\n<li><strong>Educaci\u00f3n para adultos<\/strong>\u00a0- alfabetizaci\u00f3n, GED \/ diploma de escuela secundaria, habilidades inform\u00e1ticas, matem\u00e1ticas y actualizaci\u00f3n de lectura\n<ul>\n<li><a href=\"http:\/\/www.andersonctc.org\/\" target=\"_blank\" rel=\"noopener\"><strong>Anderson 1 y 2<\/strong><\/a><strong>\u00a0<\/strong><\/li>\n<li><a href=\"http:\/\/www.anderson5.net\/\" target=\"_blank\" rel=\"noopener\"><strong>Anderson 3, 4 y 5<\/strong><\/a><strong>\u00a0<\/strong><\/li>\n<li><a href=\"https:\/\/alc.pickens.k12.sc.us\/\" target=\"_blank\" rel=\"noopener\"><strong>Condado de Pickens<\/strong><\/a><strong>\u00a0<\/strong><\/li>\n<li><a href=\"https:\/\/ae.sdoc.org\/\" target=\"_blank\" rel=\"noopener\"><strong>Condado de Oconee<\/strong><\/a><strong>\u00a0<\/strong><\/li>\n<\/ul>\n<\/li>\n<li><a href=\"http:\/\/sharesc.org\/\" target=\"_blank\" rel=\"noopener\"><strong>Subvenci\u00f3n en bloque para servicios comunitarios<\/strong><\/a>\u00a0- asistencia con las facturas<\/li>\n<li><a href=\"https:\/\/dss.sc.gov\/\" target=\"_blank\" rel=\"noopener\"><strong>Departamento de Servicios Sociales<\/strong><\/a>\u00a0- cupones de alimentos<\/li>\n<li><a href=\"http:\/\/www.dew.sc.gov\/\" target=\"_blank\" rel=\"noopener\"><strong>Departamento de Empleo y Fuerza Laboral<\/strong><\/a>\u00a0- prestaciones por desempleo, asistencia para la b\u00fasqueda de empleo, servicios para veteranos<\/li>\n<li><a href=\"http:\/\/portal.hud.gov\/portal\/page\/portal\/HUD\" target=\"_blank\" rel=\"noopener\"><strong>Vivienda y Desarrollo Urbano<\/strong><\/a>\u00a0- alojamiento<\/li>\n<li><a href=\"http:\/\/bamberg.jobcorps.gov\/\" target=\"_blank\" rel=\"noopener\"><strong>Job Corps<\/strong><\/a>\u00a0- J\u00f3venes de 16 a 21 a\u00f1os, GED \/ Diploma de escuela secundaria mientras viven en un campus<\/li>\n<li><a href=\"http:\/\/www.telamon.org\/\" target=\"_blank\" rel=\"noopener\"><strong>Trabajadores agr\u00edcolas migrantes y estacionales<\/strong><\/a>\u00a0- ayuda a los trabajadores agr\u00edcolas desempleados<\/li>\n<li><a href=\"http:\/\/www.aarp.org\/states\/sc\/\" target=\"_blank\" rel=\"noopener\"><strong>Trabajadores mayores del T\u00edtulo V<\/strong><\/a> \u2013 AARP employment program for 55 and older<\/li>\n<li><a href=\"http:\/\/www.goodwillsc.org\/\" target=\"_blank\" rel=\"noopener\"><strong>Trabajadores mayores del T\u00edtulo V<\/strong><\/a> &#8211; Goodwill Industries<\/li>\n<li><a href=\"http:\/\/www.tctc.edu\/\" target=\"_blank\" rel=\"noopener\"><strong>Colegio T\u00e9cnico Tri-County<\/strong><\/a>\u00a0- oportunidades educativas<\/li>\n<li><a href=\"http:\/\/www.scvrd.net\/index.html\" target=\"_blank\" rel=\"noopener\"><strong>Rehabilitacion vocacional<\/strong><\/a>\u00a0- asistencia para personas con discapacidad<\/li>\n<\/ul>\n<h4>Otros socios comunitarios<\/h4>\n<ul>\n<li><img loading=\"lazy\" decoding=\"async\" class=\"size-medium wp-image-4480 alignright\" src=\"https:\/\/worklinkweb.com\/wp-content\/uploads\/2021\/06\/AdobeStock_261825863-Black-Mgr-300x238.jpg\" alt=\"\" width=\"300\" height=\"238\" srcset=\"https:\/\/worklinkweb.com\/wp-content\/uploads\/2021\/06\/AdobeStock_261825863-Black-Mgr-300x238.jpg 300w, https:\/\/worklinkweb.com\/wp-content\/uploads\/2021\/06\/AdobeStock_261825863-Black-Mgr-768x609.jpg 768w, https:\/\/worklinkweb.com\/wp-content\/uploads\/2021\/06\/AdobeStock_261825863-Black-Mgr-16x12.jpg 16w, https:\/\/worklinkweb.com\/wp-content\/uploads\/2021\/06\/AdobeStock_261825863-Black-Mgr.jpg 800w\" sizes=\"auto, (max-width: 300px) 100vw, 300px\" \/><strong>Desarrollo economico<\/strong><br \/>\n<a href=\"http:\/\/www.alliancepickens.com\/\" target=\"_blank\" rel=\"noopener\"><strong>Pickens de la Alianza<\/strong><\/a><strong><br \/>\n<\/strong><a href=\"https:\/\/acedsc.org\/\" target=\"_blank\" rel=\"noopener\"><strong>Desarrollo econ\u00f3mico del condado de Anderson<\/strong><\/a><strong><br \/>\n<\/strong><a href=\"https:\/\/investoconeesc.com\/\" target=\"_blank\" rel=\"noopener\"><strong>Comisi\u00f3n de Desarrollo Econ\u00f3mico de Oconee<\/strong><\/a><strong><br \/>\n<\/strong><a href=\"http:\/\/www.upstatealliance.com\/\" target=\"_blank\" rel=\"noopener\"><strong>Alianza Upstate SC<\/strong><\/a><\/li>\n<li><strong>La v\u00eda unida<br \/>\n<\/strong><a href=\"http:\/\/www.unitedwayofanderson.org\/\" target=\"_blank\" rel=\"noopener\"><strong>Anderson<\/strong><\/a><strong><br \/>\n<\/strong><a href=\"http:\/\/www.oconeeunitedway.org\/\" target=\"_blank\" rel=\"noopener\"><strong>Oconee<\/strong><\/a><strong><br \/>\n<\/strong><a href=\"http:\/\/www.uwpickens.org\/\" target=\"_blank\" rel=\"noopener\"><strong>Pickens<\/strong><\/a><\/li>\n<li><strong>Bibliotecas<br \/>\n<\/strong><a href=\"http:\/\/www.andersonlibrary.org\/default.htm\" target=\"_blank\" rel=\"noopener\"><strong>Sistema de bibliotecas del condado de Anderson<\/strong><\/a><strong><br \/>\n<\/strong><a href=\"https:\/\/pickenscountylibrarysystem.com\/\" target=\"_blank\" rel=\"noopener\"><strong>Sistema de bibliotecas del condado de Pickens<\/strong><\/a><strong><br \/>\n<\/strong><a href=\"https:\/\/oconeelibrary.org\/\" target=\"_blank\" rel=\"noopener\"><strong>Biblioteca p\u00fablica del condado de Oconee<\/strong><\/a><\/li>\n<li><strong>Distritos escolares en los condados de Anderson, Oconee y Pickens<br \/>\n<\/strong><a href=\"http:\/\/www.anderson1.k12.sc.us\/\" target=\"_blank\" rel=\"noopener\"><strong>Distrito Escolar Uno de Anderson<\/strong><\/a><strong><br \/>\n<\/strong><a href=\"https:\/\/www.anderson2.org\/\" target=\"_blank\" rel=\"noopener\"><strong>Distrito Escolar Dos de Anderson<\/strong><\/a><strong><br \/>\n<\/strong><a href=\"http:\/\/www.anderson3.k12.sc.us\/\" target=\"_blank\" rel=\"noopener\"><strong>Distrito Escolar Tres de Anderson<\/strong><\/a><strong><br \/>\n<\/strong><a href=\"https:\/\/www.anderson4.org\/\" target=\"_blank\" rel=\"noopener\"><strong>Distrito Escolar Cuatro de Anderson<\/strong><\/a><strong><br \/>\n<\/strong><a href=\"http:\/\/www.anderson5.net\/\" target=\"_blank\" rel=\"noopener\"><strong>Distrito Escolar Cinco de Anderson<\/strong><\/a><strong><br \/>\n<\/strong><a href=\"http:\/\/www.oconee.k12.sc.us\/\" target=\"_blank\" rel=\"noopener\"><strong>Distrito escolar del condado de Oconee<\/strong><\/a><strong><br \/>\n<\/strong><a href=\"http:\/\/www.pickens.k12.sc.us\/\" target=\"_blank\" rel=\"noopener\"><strong>Distrito escolar del condado de Pickens<\/strong><\/a><\/li>\n<li><strong>Norte del estado de Carolina del Sur - Informaci\u00f3n general<br \/>\n<\/strong><a href=\"http:\/\/www.sciway.net\/\" target=\"_blank\" rel=\"noopener\"><strong>SCIWAY - Autopista de la informaci\u00f3n de Carolina del Sur<\/strong><\/a><strong><br \/>\n<\/strong><a href=\"http:\/\/www.scacog.org\/\" target=\"_blank\" rel=\"noopener\"><strong>Consejo de Gobiernos de los Apalaches<\/strong><\/a><strong>\u00a0- informaci\u00f3n sobre Upstate SC<\/strong><\/li>\n<\/ul>\n<h4>Recursos para socios: imprimibles<\/h4>\n<ul>\n<li><strong><a href=\"http:\/\/www.worklinkweb.com\/wp-content\/uploads\/2020\/03\/Community-Resources-Anderson-2.pdf\" target=\"_blank\" rel=\"noopener\">Recursos comunitarios Anderson<\/a><\/strong><\/li>\n<li><strong><a href=\"http:\/\/www.worklinkweb.com\/wp-content\/uploads\/2020\/03\/Community-Resources-Oconee-2.pdf\" target=\"_blank\" rel=\"noopener\">Recursos comunitarios Oconee<\/a><\/strong><\/li>\n<li><strong><a href=\"http:\/\/www.worklinkweb.com\/wp-content\/uploads\/2020\/03\/Community-Resources-Pickens-1.pdf\">Pickens de recursos comunitarios<\/a><\/strong><\/li>\n<li><strong><a href=\"http:\/\/www.worklinkweb.com\/wp-content\/uploads\/2020\/03\/Community-Resources-What-is-211.pdf\" target=\"_blank\" rel=\"noopener\">Recursos comunitarios Marque 2-1-1\u00a0<\/a><\/strong><\/li>\n<li><strong><a href=\"http:\/\/www.worklinkweb.com\/wp-content\/uploads\/2020\/03\/Health-Insurance-Options-after-job-loss.pdf\" target=\"_blank\" rel=\"noopener\">Opciones de seguro m\u00e9dico despu\u00e9s de la p\u00e9rdida del trabajo<\/a>\u00a0 - Dirija sus preguntas al\u00a0<a href=\"https:\/\/www.doi.sc.gov\/948\/COVID-19\" target=\"_blank\" rel=\"noopener\">Departamento de Seguros de Carolina del Sur.<\/a><\/strong><\/li>\n<\/ul>\n<h3>Recursos de salud mental<\/h3>\n<p>Recursos para ayudar a tranquilizar su mente durante la pandemia de COVID-19.<\/p>\n<ul>\n<li><strong><a href=\"https:\/\/www.cdc.gov\/mentalhealth\/cope-with-stress\/index.html\" target=\"_blank\" rel=\"noopener\">Manejar la ansiedad y el estr\u00e9s<\/a>\u00a0<\/strong>- Centro para el Control de Enfermedades (CDC)<\/li>\n<li><strong><a href=\"https:\/\/www.samhsa.gov\/find-help\/disaster-distress-helpline\/warning-signs-risk-factors\" target=\"_blank\" rel=\"noopener\">Se\u00f1ales de advertencia y factores de riesgo de angustia emocional<\/a><\/strong>\u00a0- SAMHSA<\/li>\n<li><strong><a href=\"https:\/\/adaa.org\/finding-help\/mobile-apps\" target=\"_blank\" rel=\"noopener\">Aplicaciones telef\u00f3nicas para ayudar con la ansiedad y la depresi\u00f3n<\/a><\/strong>\u00a0<em>(algunos son gratis, otros son de pago)\u00a0<\/em>- Asociaci\u00f3n Estadounidense de Ansiedad y Depresi\u00f3n<\/li>\n<\/ul>\n<p><strong><em>N\u00fameros de referencia r\u00e1pida de salud mental<\/em><\/strong><\/p>\n<ul>\n<li><a href=\"http:\/\/www.thehotline.org\/\" target=\"_blank\" rel=\"noopener\"><strong>L\u00ednea directa nacional contra la violencia dom\u00e9stica<\/strong><\/a>\u00a0- apoyo a las personas que sufren violencia dom\u00e9stica.\n<ul>\n<li>Marcar:\u00a0<strong>1\u2212800\u2212799\u22127233 - <\/strong>TTY 1\u2212800\u2212787\u22123224<\/li>\n<\/ul>\n<\/li>\n<li><strong><a href=\"http:\/\/suicidepreventionlifeline.org\/\" target=\"_blank\" rel=\"noopener\">L\u00ednea de vida nacional para la prevenci\u00f3n del suicidio<\/a><\/strong>\u00a0- apoyo a personas con angustia emocional.\n<ul>\n<li>Marcar:\u00a0<strong>1-800-273-TALK (8255) - <\/strong>TTY: 1-800-799-4889<\/li>\n<\/ul>\n<\/li>\n<li><strong><a href=\"https:\/\/www.samhsa.gov\/find-help\/national-helpline\" target=\"_blank\" rel=\"noopener\">L\u00ednea de ayuda nacional de SAMHSA<\/a><\/strong>\u00a0- apoyo para personas que enfrentan el abuso de sustancias u otras condiciones de salud mental.\n<ul>\n<li>Marcar:\u00a0<strong>1-800-662-HELP (4357) - <\/strong>TTY: 1-800-487-4889<\/li>\n<\/ul>\n<\/li>\n<li><strong><a href=\"https:\/\/www.veteranscrisisline.net\/\" target=\"_blank\" rel=\"noopener\">L\u00ednea de crisis para veteranos<\/a><\/strong>\u00a0- apoyo a los veteranos y sus seres queridos\n<ul>\n<li>Marcar:\u00a0<strong>1-800-273-TALK (8255) - <\/strong>TTY: 1-800-799-4889<\/li>\n<\/ul>\n<\/li>\n<\/ul>\n<p><strong>Socios,<\/strong> if your agency is missing and you would like to be listed here, please contact the Clemson SC Works Center at (864) 643-0071 and request to speak to the Center Manager.<\/p>","protected":false},"excerpt":{"rendered":"<p>Partner Agencies in the community have also come together to meet additional needs of the SC Works Users. OneStop Partners Adult Education\u00a0\u2013 literacy, GED\/High School Diploma, computer skills, math and&#8230;  <a class=\"excerpt-read-more\" href=\"https:\/\/worklinkweb.com\/es\/solicitantes-de-empleo\/recursos-de-la-comunidad\/\" title=\"ReadCommunity Resources\">Read more &raquo;<\/a><\/p>","protected":false},"author":1,"featured_media":0,"parent":154,"menu_order":0,"comment_status":"closed","ping_status":"closed","template":"page-job-seekers.php","meta":{"footnotes":""},"class_list":["post-200","page","type-page","status-publish","hentry"],"yoast_head":"<!-- This site is optimized with the Yoast SEO plugin v27.4 - https:\/\/yoast.com\/product\/yoast-seo-wordpress\/ -->\n<title>Community Resources - SC Works Worklink<\/title>\n<meta name=\"robots\" content=\"index, follow, max-snippet:-1, max-image-preview:large, max-video-preview:-1\" \/>\n<link rel=\"canonical\" href=\"https:\/\/worklinkweb.com\/es\/job-seekers\/community-resources\/\" \/>\n<meta property=\"og:locale\" content=\"es_MX\" \/>\n<meta property=\"og:type\" content=\"article\" \/>\n<meta property=\"og:title\" content=\"Community Resources - SC Works Worklink\" \/>\n<meta property=\"og:description\" content=\"Partner Agencies in the community have also come together to meet additional needs of the SC Works Users. OneStop Partners Adult Education\u00a0\u2013 literacy, GED\/High School Diploma, computer skills, math and... Read more &raquo;\" \/>\n<meta property=\"og:url\" content=\"https:\/\/worklinkweb.com\/es\/job-seekers\/community-resources\/\" \/>\n<meta property=\"og:site_name\" content=\"SC Works Worklink\" \/>\n<meta property=\"article:publisher\" content=\"https:\/\/www.facebook.com\/SCWorksWorkLink\/\" \/>\n<meta property=\"article:modified_time\" content=\"2024-01-22T17:04:47+00:00\" \/>\n<meta property=\"og:image\" content=\"https:\/\/worklinkweb.com\/wp-content\/uploads\/2021\/06\/AdobeStock_261825863-Black-Mgr-300x238.jpg\" \/>\n<meta name=\"twitter:card\" content=\"summary_large_image\" \/>\n<meta name=\"twitter:site\" content=\"@SCWorksWorkLink\" \/>\n<meta name=\"twitter:label1\" content=\"Tiempo de lectura\" \/>\n\t<meta name=\"twitter:data1\" content=\"2 minutos\" \/>\n<script type=\"application\/ld+json\" class=\"yoast-schema-graph\">{\"@context\":\"https:\\\/\\\/schema.org\",\"@graph\":[{\"@type\":\"WebPage\",\"@id\":\"https:\\\/\\\/worklinkweb.com\\\/job-seekers\\\/community-resources\\\/\",\"url\":\"https:\\\/\\\/worklinkweb.com\\\/job-seekers\\\/community-resources\\\/\",\"name\":\"Community Resources - SC Works Worklink\",\"isPartOf\":{\"@id\":\"https:\\\/\\\/worklinkweb.com\\\/en\\\/#website\"},\"primaryImageOfPage\":{\"@id\":\"https:\\\/\\\/worklinkweb.com\\\/job-seekers\\\/community-resources\\\/#primaryimage\"},\"image\":{\"@id\":\"https:\\\/\\\/worklinkweb.com\\\/job-seekers\\\/community-resources\\\/#primaryimage\"},\"thumbnailUrl\":\"https:\\\/\\\/worklinkweb.com\\\/wp-content\\\/uploads\\\/2021\\\/06\\\/AdobeStock_261825863-Black-Mgr-300x238.jpg\",\"datePublished\":\"2015-10-28T01:26:48+00:00\",\"dateModified\":\"2024-01-22T17:04:47+00:00\",\"breadcrumb\":{\"@id\":\"https:\\\/\\\/worklinkweb.com\\\/job-seekers\\\/community-resources\\\/#breadcrumb\"},\"inLanguage\":\"es\",\"potentialAction\":[{\"@type\":\"ReadAction\",\"target\":[\"https:\\\/\\\/worklinkweb.com\\\/job-seekers\\\/community-resources\\\/\"]}]},{\"@type\":\"ImageObject\",\"inLanguage\":\"es\",\"@id\":\"https:\\\/\\\/worklinkweb.com\\\/job-seekers\\\/community-resources\\\/#primaryimage\",\"url\":\"https:\\\/\\\/worklinkweb.com\\\/wp-content\\\/uploads\\\/2021\\\/06\\\/AdobeStock_261825863-Black-Mgr-300x238.jpg\",\"contentUrl\":\"https:\\\/\\\/worklinkweb.com\\\/wp-content\\\/uploads\\\/2021\\\/06\\\/AdobeStock_261825863-Black-Mgr-300x238.jpg\"},{\"@type\":\"BreadcrumbList\",\"@id\":\"https:\\\/\\\/worklinkweb.com\\\/job-seekers\\\/community-resources\\\/#breadcrumb\",\"itemListElement\":[{\"@type\":\"ListItem\",\"position\":1,\"name\":\"Home\",\"item\":\"https:\\\/\\\/worklinkweb.com\\\/\"},{\"@type\":\"ListItem\",\"position\":2,\"name\":\"Job Seekers\",\"item\":\"https:\\\/\\\/worklinkweb.com\\\/job-seekers\\\/\"},{\"@type\":\"ListItem\",\"position\":3,\"name\":\"Community Resources\"}]},{\"@type\":\"WebSite\",\"@id\":\"https:\\\/\\\/worklinkweb.com\\\/en\\\/#website\",\"url\":\"https:\\\/\\\/worklinkweb.com\\\/en\\\/\",\"name\":\"SC Works Worklink\",\"description\":\"Bringing Employers &amp; Job Seekers Together\",\"publisher\":{\"@id\":\"https:\\\/\\\/worklinkweb.com\\\/en\\\/#organization\"},\"potentialAction\":[{\"@type\":\"SearchAction\",\"target\":{\"@type\":\"EntryPoint\",\"urlTemplate\":\"https:\\\/\\\/worklinkweb.com\\\/en\\\/?s={search_term_string}\"},\"query-input\":{\"@type\":\"PropertyValueSpecification\",\"valueRequired\":true,\"valueName\":\"search_term_string\"}}],\"inLanguage\":\"es\"},{\"@type\":\"Organization\",\"@id\":\"https:\\\/\\\/worklinkweb.com\\\/en\\\/#organization\",\"name\":\"SC Works Worklink\",\"url\":\"https:\\\/\\\/worklinkweb.com\\\/en\\\/\",\"logo\":{\"@type\":\"ImageObject\",\"inLanguage\":\"es\",\"@id\":\"https:\\\/\\\/worklinkweb.com\\\/en\\\/#\\\/schema\\\/logo\\\/image\\\/\",\"url\":\"https:\\\/\\\/worklinkweb.com\\\/wp-content\\\/uploads\\\/2021\\\/05\\\/logo.jpeg\",\"contentUrl\":\"https:\\\/\\\/worklinkweb.com\\\/wp-content\\\/uploads\\\/2021\\\/05\\\/logo.jpeg\",\"width\":582,\"height\":115,\"caption\":\"SC Works Worklink\"},\"image\":{\"@id\":\"https:\\\/\\\/worklinkweb.com\\\/en\\\/#\\\/schema\\\/logo\\\/image\\\/\"},\"sameAs\":[\"https:\\\/\\\/www.facebook.com\\\/SCWorksWorkLink\\\/\",\"https:\\\/\\\/x.com\\\/SCWorksWorkLink\",\"http:\\\/\\\/www.youtube.com\\\/user\\\/WorkLinkWeb\"]}]}<\/script>\n<!-- \/ Yoast SEO plugin. -->","yoast_head_json":{"title":"Recursos comunitarios - SC Works Worklink","robots":{"index":"index","follow":"follow","max-snippet":"max-snippet:-1","max-image-preview":"max-image-preview:large","max-video-preview":"max-video-preview:-1"},"canonical":"https:\/\/worklinkweb.com\/es\/job-seekers\/community-resources\/","og_locale":"es_MX","og_type":"article","og_title":"Community Resources - SC Works Worklink","og_description":"Partner Agencies in the community have also come together to meet additional needs of the SC Works Users. OneStop Partners Adult Education\u00a0\u2013 literacy, GED\/High School Diploma, computer skills, math and... Read more &raquo;","og_url":"https:\/\/worklinkweb.com\/es\/job-seekers\/community-resources\/","og_site_name":"SC Works Worklink","article_publisher":"https:\/\/www.facebook.com\/SCWorksWorkLink\/","article_modified_time":"2024-01-22T17:04:47+00:00","og_image":[{"url":"https:\/\/worklinkweb.com\/wp-content\/uploads\/2021\/06\/AdobeStock_261825863-Black-Mgr-300x238.jpg","type":"","width":"","height":""}],"twitter_card":"summary_large_image","twitter_site":"@SCWorksWorkLink","twitter_misc":{"Tiempo de lectura":"2 minutos"},"schema":{"@context":"https:\/\/schema.org","@graph":[{"@type":"WebPage","@id":"https:\/\/worklinkweb.com\/job-seekers\/community-resources\/","url":"https:\/\/worklinkweb.com\/job-seekers\/community-resources\/","name":"Recursos comunitarios - SC Works Worklink","isPartOf":{"@id":"https:\/\/worklinkweb.com\/en\/#website"},"primaryImageOfPage":{"@id":"https:\/\/worklinkweb.com\/job-seekers\/community-resources\/#primaryimage"},"image":{"@id":"https:\/\/worklinkweb.com\/job-seekers\/community-resources\/#primaryimage"},"thumbnailUrl":"https:\/\/worklinkweb.com\/wp-content\/uploads\/2021\/06\/AdobeStock_261825863-Black-Mgr-300x238.jpg","datePublished":"2015-10-28T01:26:48+00:00","dateModified":"2024-01-22T17:04:47+00:00","breadcrumb":{"@id":"https:\/\/worklinkweb.com\/job-seekers\/community-resources\/#breadcrumb"},"inLanguage":"es","potentialAction":[{"@type":"ReadAction","target":["https:\/\/worklinkweb.com\/job-seekers\/community-resources\/"]}]},{"@type":"ImageObject","inLanguage":"es","@id":"https:\/\/worklinkweb.com\/job-seekers\/community-resources\/#primaryimage","url":"https:\/\/worklinkweb.com\/wp-content\/uploads\/2021\/06\/AdobeStock_261825863-Black-Mgr-300x238.jpg","contentUrl":"https:\/\/worklinkweb.com\/wp-content\/uploads\/2021\/06\/AdobeStock_261825863-Black-Mgr-300x238.jpg"},{"@type":"BreadcrumbList","@id":"https:\/\/worklinkweb.com\/job-seekers\/community-resources\/#breadcrumb","itemListElement":[{"@type":"ListItem","position":1,"name":"Home","item":"https:\/\/worklinkweb.com\/"},{"@type":"ListItem","position":2,"name":"Job Seekers","item":"https:\/\/worklinkweb.com\/job-seekers\/"},{"@type":"ListItem","position":3,"name":"Community Resources"}]},{"@type":"WebSite","@id":"https:\/\/worklinkweb.com\/en\/#website","url":"https:\/\/worklinkweb.com\/en\/","name":"SC Works Worklink","description":"Reunir a empleadores y solicitantes de empleo","publisher":{"@id":"https:\/\/worklinkweb.com\/en\/#organization"},"potentialAction":[{"@type":"SearchAction","target":{"@type":"EntryPoint","urlTemplate":"https:\/\/worklinkweb.com\/en\/?s={search_term_string}"},"query-input":{"@type":"PropertyValueSpecification","valueRequired":true,"valueName":"search_term_string"}}],"inLanguage":"es"},{"@type":"Organization","@id":"https:\/\/worklinkweb.com\/en\/#organization","name":"SC Works Worklink","url":"https:\/\/worklinkweb.com\/en\/","logo":{"@type":"ImageObject","inLanguage":"es","@id":"https:\/\/worklinkweb.com\/en\/#\/schema\/logo\/image\/","url":"https:\/\/worklinkweb.com\/wp-content\/uploads\/2021\/05\/logo.jpeg","contentUrl":"https:\/\/worklinkweb.com\/wp-content\/uploads\/2021\/05\/logo.jpeg","width":582,"height":115,"caption":"SC Works Worklink"},"image":{"@id":"https:\/\/worklinkweb.com\/en\/#\/schema\/logo\/image\/"},"sameAs":["https:\/\/www.facebook.com\/SCWorksWorkLink\/","https:\/\/x.com\/SCWorksWorkLink","http:\/\/www.youtube.com\/user\/WorkLinkWeb"]}]}},"_links":{"self":[{"href":"https:\/\/worklinkweb.com\/es\/wp-json\/wp\/v2\/pages\/200","targetHints":{"allow":["GET"]}}],"collection":[{"href":"https:\/\/worklinkweb.com\/es\/wp-json\/wp\/v2\/pages"}],"about":[{"href":"https:\/\/worklinkweb.com\/es\/wp-json\/wp\/v2\/types\/page"}],"author":[{"embeddable":true,"href":"https:\/\/worklinkweb.com\/es\/wp-json\/wp\/v2\/users\/1"}],"replies":[{"embeddable":true,"href":"https:\/\/worklinkweb.com\/es\/wp-json\/wp\/v2\/comments?post=200"}],"version-history":[{"count":19,"href":"https:\/\/worklinkweb.com\/es\/wp-json\/wp\/v2\/pages\/200\/revisions"}],"predecessor-version":[{"id":5975,"href":"https:\/\/worklinkweb.com\/es\/wp-json\/wp\/v2\/pages\/200\/revisions\/5975"}],"up":[{"embeddable":true,"href":"https:\/\/worklinkweb.com\/es\/wp-json\/wp\/v2\/pages\/154"}],"wp:attachment":[{"href":"https:\/\/worklinkweb.com\/es\/wp-json\/wp\/v2\/media?parent=200"}],"curies":[{"name":"wp","href":"https:\/\/api.w.org\/{rel}","templated":true}]}}