{"id":226,"date":"2015-10-28T01:43:54","date_gmt":"2015-10-28T01:43:54","guid":{"rendered":"http:\/\/new.worklinkweb.com\/?page_id=226"},"modified":"2023-11-14T14:51:22","modified_gmt":"2023-11-14T19:51:22","slug":"employers","status":"publish","type":"page","link":"https:\/\/worklinkweb.com\/es\/empleadores\/","title":{"rendered":"Empleadores"},"content":{"rendered":"<p>La Junta de Desarrollo de la Fuerza Laboral de WorkLink ofrece una variedad de servicios comerciales a la regi\u00f3n de los tres condados de los condados de Anderson, Oconee y Pickens a trav\u00e9s de la Ley de Oportunidad e Innovaci\u00f3n de la Fuerza Laboral (WIOA) y los Centros de Trabajo de SC. Los empleadores se benefician de los servicios empresariales personalizados para las necesidades de cada empresa individual, desde asistencia en formaci\u00f3n hasta cuestiones de recursos humanos. WorkLink proporciona los recursos para ayudarlo a monitorear el mercado laboral, expandir su negocio, mejorar la efectividad de su inversi\u00f3n en capacitaci\u00f3n y responder r\u00e1pidamente a cambios potencialmente adversos en la empresa.<\/p>\n<p><img loading=\"lazy\" decoding=\"async\" class=\"alignright size-medium wp-image-4412\" src=\"https:\/\/worklinkweb.com\/wp-content\/uploads\/2021\/06\/AdobeStock_170180536_Preview-300x200.jpeg\" alt=\"\" width=\"300\" height=\"200\" srcset=\"https:\/\/worklinkweb.com\/wp-content\/uploads\/2021\/06\/AdobeStock_170180536_Preview-300x200.jpeg 300w, https:\/\/worklinkweb.com\/wp-content\/uploads\/2021\/06\/AdobeStock_170180536_Preview-768x512.jpeg 768w, https:\/\/worklinkweb.com\/wp-content\/uploads\/2021\/06\/AdobeStock_170180536_Preview-16x12.jpeg 16w, https:\/\/worklinkweb.com\/wp-content\/uploads\/2021\/06\/AdobeStock_170180536_Preview.jpeg 1000w\" sizes=\"auto, (max-width: 300px) 100vw, 300px\" \/>La capacitaci\u00f3n est\u00e1 disponible para las nuevas contrataciones y los trabajadores titulares con reembolso o costos reducidos para las empresas que cumplen con los requisitos de elegibilidad para cada programa. A trav\u00e9s de asociaciones con organizaciones locales y estatales, WorkLink puede ofrecer una variedad de opciones de capacitaci\u00f3n y brindar servicios adicionales para ayudarlo a evaluar a sus solicitantes utilizando la Prueba estandarizada de educaci\u00f3n b\u00e1sica para adultos (TABE) y la evaluaci\u00f3n WIN.<\/p>\n<p>To learn more about WIOA Business Services, contact WorkLink at (864) 643-0071.<\/p>\n<p>Servicio de retransmisi\u00f3n Marque 711 (TTY).<\/p>","protected":false},"excerpt":{"rendered":"<p>WorkLink Workforce Development\u00a0Board offers an array of business services to the Tri-County region of Anderson, Oconee, and Pickens counties through the Workforce Innovation and Opportunity\u00a0Act (WIOA) and SC Works Centers&#8230;.  <a class=\"excerpt-read-more\" href=\"https:\/\/worklinkweb.com\/es\/empleadores\/\" title=\"ReadEmployers\">Read more &raquo;<\/a><\/p>","protected":false},"author":1,"featured_media":0,"parent":0,"menu_order":0,"comment_status":"closed","ping_status":"closed","template":"page-employers.php","meta":{"footnotes":""},"class_list":["post-226","page","type-page","status-publish","hentry"],"yoast_head":"<!-- This site is optimized with the Yoast SEO plugin v27.4 - https:\/\/yoast.com\/product\/yoast-seo-wordpress\/ -->\n<title>Employers - SC Works Worklink<\/title>\n<meta name=\"robots\" content=\"index, follow, max-snippet:-1, max-image-preview:large, max-video-preview:-1\" \/>\n<link rel=\"canonical\" href=\"https:\/\/worklinkweb.com\/es\/employers\/\" \/>\n<meta property=\"og:locale\" content=\"es_MX\" \/>\n<meta property=\"og:type\" content=\"article\" \/>\n<meta property=\"og:title\" content=\"Employers - SC Works Worklink\" \/>\n<meta property=\"og:description\" content=\"WorkLink Workforce Development\u00a0Board offers an array of business services to the Tri-County region of Anderson, Oconee, and Pickens counties through the Workforce Innovation and Opportunity\u00a0Act (WIOA) and SC Works Centers.... Read more &raquo;\" \/>\n<meta property=\"og:url\" content=\"https:\/\/worklinkweb.com\/es\/employers\/\" \/>\n<meta property=\"og:site_name\" content=\"SC Works Worklink\" \/>\n<meta property=\"article:publisher\" content=\"https:\/\/www.facebook.com\/SCWorksWorkLink\/\" \/>\n<meta property=\"article:modified_time\" content=\"2023-11-14T19:51:22+00:00\" \/>\n<meta property=\"og:image\" content=\"https:\/\/worklinkweb.com\/wp-content\/uploads\/2021\/06\/AdobeStock_170180536_Preview-300x200.jpeg\" \/>\n<meta name=\"twitter:card\" content=\"summary_large_image\" \/>\n<meta name=\"twitter:site\" content=\"@SCWorksWorkLink\" \/>\n<meta name=\"twitter:label1\" content=\"Tiempo de lectura\" \/>\n\t<meta name=\"twitter:data1\" content=\"1 minuto\" \/>\n<script type=\"application\/ld+json\" class=\"yoast-schema-graph\">{\"@context\":\"https:\\\/\\\/schema.org\",\"@graph\":[{\"@type\":\"WebPage\",\"@id\":\"https:\\\/\\\/worklinkweb.com\\\/employers\\\/\",\"url\":\"https:\\\/\\\/worklinkweb.com\\\/employers\\\/\",\"name\":\"Employers - SC Works Worklink\",\"isPartOf\":{\"@id\":\"https:\\\/\\\/worklinkweb.com\\\/en\\\/#website\"},\"primaryImageOfPage\":{\"@id\":\"https:\\\/\\\/worklinkweb.com\\\/employers\\\/#primaryimage\"},\"image\":{\"@id\":\"https:\\\/\\\/worklinkweb.com\\\/employers\\\/#primaryimage\"},\"thumbnailUrl\":\"https:\\\/\\\/worklinkweb.com\\\/wp-content\\\/uploads\\\/2021\\\/06\\\/AdobeStock_170180536_Preview-300x200.jpeg\",\"datePublished\":\"2015-10-28T01:43:54+00:00\",\"dateModified\":\"2023-11-14T19:51:22+00:00\",\"breadcrumb\":{\"@id\":\"https:\\\/\\\/worklinkweb.com\\\/employers\\\/#breadcrumb\"},\"inLanguage\":\"es\",\"potentialAction\":[{\"@type\":\"ReadAction\",\"target\":[\"https:\\\/\\\/worklinkweb.com\\\/employers\\\/\"]}]},{\"@type\":\"ImageObject\",\"inLanguage\":\"es\",\"@id\":\"https:\\\/\\\/worklinkweb.com\\\/employers\\\/#primaryimage\",\"url\":\"https:\\\/\\\/worklinkweb.com\\\/wp-content\\\/uploads\\\/2021\\\/06\\\/AdobeStock_170180536_Preview-300x200.jpeg\",\"contentUrl\":\"https:\\\/\\\/worklinkweb.com\\\/wp-content\\\/uploads\\\/2021\\\/06\\\/AdobeStock_170180536_Preview-300x200.jpeg\"},{\"@type\":\"BreadcrumbList\",\"@id\":\"https:\\\/\\\/worklinkweb.com\\\/employers\\\/#breadcrumb\",\"itemListElement\":[{\"@type\":\"ListItem\",\"position\":1,\"name\":\"Home\",\"item\":\"https:\\\/\\\/worklinkweb.com\\\/\"},{\"@type\":\"ListItem\",\"position\":2,\"name\":\"Employers\"}]},{\"@type\":\"WebSite\",\"@id\":\"https:\\\/\\\/worklinkweb.com\\\/en\\\/#website\",\"url\":\"https:\\\/\\\/worklinkweb.com\\\/en\\\/\",\"name\":\"SC Works Worklink\",\"description\":\"Bringing Employers &amp; Job Seekers Together\",\"publisher\":{\"@id\":\"https:\\\/\\\/worklinkweb.com\\\/en\\\/#organization\"},\"potentialAction\":[{\"@type\":\"SearchAction\",\"target\":{\"@type\":\"EntryPoint\",\"urlTemplate\":\"https:\\\/\\\/worklinkweb.com\\\/en\\\/?s={search_term_string}\"},\"query-input\":{\"@type\":\"PropertyValueSpecification\",\"valueRequired\":true,\"valueName\":\"search_term_string\"}}],\"inLanguage\":\"es\"},{\"@type\":\"Organization\",\"@id\":\"https:\\\/\\\/worklinkweb.com\\\/en\\\/#organization\",\"name\":\"SC Works Worklink\",\"url\":\"https:\\\/\\\/worklinkweb.com\\\/en\\\/\",\"logo\":{\"@type\":\"ImageObject\",\"inLanguage\":\"es\",\"@id\":\"https:\\\/\\\/worklinkweb.com\\\/en\\\/#\\\/schema\\\/logo\\\/image\\\/\",\"url\":\"https:\\\/\\\/worklinkweb.com\\\/wp-content\\\/uploads\\\/2021\\\/05\\\/logo.jpeg\",\"contentUrl\":\"https:\\\/\\\/worklinkweb.com\\\/wp-content\\\/uploads\\\/2021\\\/05\\\/logo.jpeg\",\"width\":582,\"height\":115,\"caption\":\"SC Works Worklink\"},\"image\":{\"@id\":\"https:\\\/\\\/worklinkweb.com\\\/en\\\/#\\\/schema\\\/logo\\\/image\\\/\"},\"sameAs\":[\"https:\\\/\\\/www.facebook.com\\\/SCWorksWorkLink\\\/\",\"https:\\\/\\\/x.com\\\/SCWorksWorkLink\",\"http:\\\/\\\/www.youtube.com\\\/user\\\/WorkLinkWeb\"]}]}<\/script>\n<!-- \/ Yoast SEO plugin. -->","yoast_head_json":{"title":"Empleadores - SC Works Worklink","robots":{"index":"index","follow":"follow","max-snippet":"max-snippet:-1","max-image-preview":"max-image-preview:large","max-video-preview":"max-video-preview:-1"},"canonical":"https:\/\/worklinkweb.com\/es\/employers\/","og_locale":"es_MX","og_type":"article","og_title":"Employers - SC Works Worklink","og_description":"WorkLink Workforce Development\u00a0Board offers an array of business services to the Tri-County region of Anderson, Oconee, and Pickens counties through the Workforce Innovation and Opportunity\u00a0Act (WIOA) and SC Works Centers.... Read more &raquo;","og_url":"https:\/\/worklinkweb.com\/es\/employers\/","og_site_name":"SC Works Worklink","article_publisher":"https:\/\/www.facebook.com\/SCWorksWorkLink\/","article_modified_time":"2023-11-14T19:51:22+00:00","og_image":[{"url":"https:\/\/worklinkweb.com\/wp-content\/uploads\/2021\/06\/AdobeStock_170180536_Preview-300x200.jpeg","type":"","width":"","height":""}],"twitter_card":"summary_large_image","twitter_site":"@SCWorksWorkLink","twitter_misc":{"Tiempo de lectura":"1 minuto"},"schema":{"@context":"https:\/\/schema.org","@graph":[{"@type":"WebPage","@id":"https:\/\/worklinkweb.com\/employers\/","url":"https:\/\/worklinkweb.com\/employers\/","name":"Empleadores - SC Works Worklink","isPartOf":{"@id":"https:\/\/worklinkweb.com\/en\/#website"},"primaryImageOfPage":{"@id":"https:\/\/worklinkweb.com\/employers\/#primaryimage"},"image":{"@id":"https:\/\/worklinkweb.com\/employers\/#primaryimage"},"thumbnailUrl":"https:\/\/worklinkweb.com\/wp-content\/uploads\/2021\/06\/AdobeStock_170180536_Preview-300x200.jpeg","datePublished":"2015-10-28T01:43:54+00:00","dateModified":"2023-11-14T19:51:22+00:00","breadcrumb":{"@id":"https:\/\/worklinkweb.com\/employers\/#breadcrumb"},"inLanguage":"es","potentialAction":[{"@type":"ReadAction","target":["https:\/\/worklinkweb.com\/employers\/"]}]},{"@type":"ImageObject","inLanguage":"es","@id":"https:\/\/worklinkweb.com\/employers\/#primaryimage","url":"https:\/\/worklinkweb.com\/wp-content\/uploads\/2021\/06\/AdobeStock_170180536_Preview-300x200.jpeg","contentUrl":"https:\/\/worklinkweb.com\/wp-content\/uploads\/2021\/06\/AdobeStock_170180536_Preview-300x200.jpeg"},{"@type":"BreadcrumbList","@id":"https:\/\/worklinkweb.com\/employers\/#breadcrumb","itemListElement":[{"@type":"ListItem","position":1,"name":"Home","item":"https:\/\/worklinkweb.com\/"},{"@type":"ListItem","position":2,"name":"Employers"}]},{"@type":"WebSite","@id":"https:\/\/worklinkweb.com\/en\/#website","url":"https:\/\/worklinkweb.com\/en\/","name":"SC Works Worklink","description":"Reunir a empleadores y solicitantes de empleo","publisher":{"@id":"https:\/\/worklinkweb.com\/en\/#organization"},"potentialAction":[{"@type":"SearchAction","target":{"@type":"EntryPoint","urlTemplate":"https:\/\/worklinkweb.com\/en\/?s={search_term_string}"},"query-input":{"@type":"PropertyValueSpecification","valueRequired":true,"valueName":"search_term_string"}}],"inLanguage":"es"},{"@type":"Organization","@id":"https:\/\/worklinkweb.com\/en\/#organization","name":"SC Works Worklink","url":"https:\/\/worklinkweb.com\/en\/","logo":{"@type":"ImageObject","inLanguage":"es","@id":"https:\/\/worklinkweb.com\/en\/#\/schema\/logo\/image\/","url":"https:\/\/worklinkweb.com\/wp-content\/uploads\/2021\/05\/logo.jpeg","contentUrl":"https:\/\/worklinkweb.com\/wp-content\/uploads\/2021\/05\/logo.jpeg","width":582,"height":115,"caption":"SC Works Worklink"},"image":{"@id":"https:\/\/worklinkweb.com\/en\/#\/schema\/logo\/image\/"},"sameAs":["https:\/\/www.facebook.com\/SCWorksWorkLink\/","https:\/\/x.com\/SCWorksWorkLink","http:\/\/www.youtube.com\/user\/WorkLinkWeb"]}]}},"_links":{"self":[{"href":"https:\/\/worklinkweb.com\/es\/wp-json\/wp\/v2\/pages\/226","targetHints":{"allow":["GET"]}}],"collection":[{"href":"https:\/\/worklinkweb.com\/es\/wp-json\/wp\/v2\/pages"}],"about":[{"href":"https:\/\/worklinkweb.com\/es\/wp-json\/wp\/v2\/types\/page"}],"author":[{"embeddable":true,"href":"https:\/\/worklinkweb.com\/es\/wp-json\/wp\/v2\/users\/1"}],"replies":[{"embeddable":true,"href":"https:\/\/worklinkweb.com\/es\/wp-json\/wp\/v2\/comments?post=226"}],"version-history":[{"count":6,"href":"https:\/\/worklinkweb.com\/es\/wp-json\/wp\/v2\/pages\/226\/revisions"}],"predecessor-version":[{"id":5877,"href":"https:\/\/worklinkweb.com\/es\/wp-json\/wp\/v2\/pages\/226\/revisions\/5877"}],"wp:attachment":[{"href":"https:\/\/worklinkweb.com\/es\/wp-json\/wp\/v2\/media?parent=226"}],"curies":[{"name":"wp","href":"https:\/\/api.w.org\/{rel}","templated":true}]}}