{"id":241,"date":"2015-10-28T01:54:34","date_gmt":"2015-10-28T01:54:34","guid":{"rendered":"http:\/\/new.worklinkweb.com\/?page_id=241"},"modified":"2026-03-27T16:46:47","modified_gmt":"2026-03-27T20:46:47","slug":"training","status":"publish","type":"page","link":"https:\/\/worklinkweb.com\/es\/empleadores\/capacitacion\/","title":{"rendered":"Capacitaci\u00f3n"},"content":{"rendered":"<div class=\"wpb-content-wrapper\"><div class=\"vc_row wpb_row vc_row-fluid\"><div class=\"wpb_column vc_column_container vc_col-sm-12\"><div class=\"vc_column-inner\"><div class=\"wpb_wrapper\">\n\t<div class=\"wpb_text_column wpb_content_element\" >\n\t\t<div class=\"wpb_wrapper\">\n\t\t\t<p>SC Works ofrece varias oportunidades que los empleadores pueden utilizar para volver a capacitar a su fuerza laboral o capacitar a un nuevo empleado.<\/p>\n<h3>Capacitaci\u00f3n para trabajadores titulares<\/h3>\n<p><img loading=\"lazy\" decoding=\"async\" class=\"alignright size-medium wp-image-4419\" src=\"https:\/\/worklinkweb.com\/wp-content\/uploads\/2021\/06\/AdobeStock_334129608-african-american-disabled-employee--300x200.jpeg\" alt=\"\" width=\"300\" height=\"200\" srcset=\"https:\/\/worklinkweb.com\/wp-content\/uploads\/2021\/06\/AdobeStock_334129608-african-american-disabled-employee--300x200.jpeg 300w, https:\/\/worklinkweb.com\/wp-content\/uploads\/2021\/06\/AdobeStock_334129608-african-american-disabled-employee--768x513.jpeg 768w, https:\/\/worklinkweb.com\/wp-content\/uploads\/2021\/06\/AdobeStock_334129608-african-american-disabled-employee--16x12.jpeg 16w, https:\/\/worklinkweb.com\/wp-content\/uploads\/2021\/06\/AdobeStock_334129608-african-american-disabled-employee-.jpeg 800w\" sizes=\"auto, (max-width: 300px) 100vw, 300px\" \/><\/p>\n<p><strong><a href=\"https:\/\/worklinkweb.com\/es\/about-worklink\/apply-for-incumbent-worker-training-grants\/\">Apply for Incumbent Worker Training Funds<\/a><\/strong><\/p>\n<p>La Capacitaci\u00f3n para trabajadores titulares (IWT) proporciona recursos para que las empresas capaciten a los trabajadores actualmente empleados en un esfuerzo por mantener la competitividad de las empresas y los trabajadores. IWT financia la capacitaci\u00f3n necesaria en los negocios actuales debido a la expansi\u00f3n, nueva tecnolog\u00eda, reequipamiento, nuevos servicios \/ l\u00edneas de productos y nueva estructura organizacional o como parte de una estrategia de aversi\u00f3n al despido. IWT tambi\u00e9n puede financiar la capacitaci\u00f3n en nuevos negocios si esos trabajos no son elegibles para recibir asistencia a trav\u00e9s de readySC \u2122. Sin embargo, habr\u00e1 un per\u00edodo de espera de 120 d\u00edas para empresas nuevas o en expansi\u00f3n que hayan desplazado a trabajadores a otras partes de los Estados Unidos.<\/p>\n<p>Las empresas que tienen al menos un empleado de tiempo completo y est\u00e1n al d\u00eda con todas las obligaciones fiscales estatales pueden recibir reembolsos por gastos de capacitaci\u00f3n que van desde habilidades acad\u00e9micas b\u00e1sicas hasta habilidades espec\u00edficas de la empresa y certificaciones de la industria.<\/p>\n<p>WorkLink solicita solicitudes anualmente. Vuelva a consultar aqu\u00ed para conocer las solicitudes actuales.<\/p>\n<p>To learn more about the IWT Program or to inquire if WorkLink is currently accepting IWT Applications, contact Victoria Britton at (864) 646-5898 or via email at jcampbell@worklinkweb.com.<\/p>\n<h3>En el trabajo de formaci\u00f3n<\/h3>\n<p><img loading=\"lazy\" decoding=\"async\" class=\"alignright size-medium wp-image-4473\" src=\"https:\/\/worklinkweb.com\/wp-content\/uploads\/2021\/06\/AdobeStock_85425915-girl-trucker-300x232.jpg\" alt=\"\" width=\"300\" height=\"232\" srcset=\"https:\/\/worklinkweb.com\/wp-content\/uploads\/2021\/06\/AdobeStock_85425915-girl-trucker-300x232.jpg 300w, https:\/\/worklinkweb.com\/wp-content\/uploads\/2021\/06\/AdobeStock_85425915-girl-trucker-16x12.jpg 16w, https:\/\/worklinkweb.com\/wp-content\/uploads\/2021\/06\/AdobeStock_85425915-girl-trucker.jpg 701w\" sizes=\"auto, (max-width: 300px) 100vw, 300px\" \/>La capacitaci\u00f3n en el trabajo puede ayudar a las empresas con el costo de contratar y capacitar a nuevos empleados.<\/p>\n<p>OJT ayuda a las empresas ...<\/p>\n<ul>\n<li>Encuentre trabajadores de calidad y evite costosos errores de contrataci\u00f3n<\/li>\n<li>Ahorre dinero examinando y evaluando nuevos reclutas<\/li>\n<li>Ahorre dinero capacitando a nuevos empleados<\/li>\n<li>Reducir la facturaci\u00f3n<\/li>\n<\/ul>\n<h4>\u00bfQu\u00e9 tipo de trabajos califican para trabajos de OJT?<\/h4>\n<p>Los contratos de OJT se han redactado para una amplia variedad de trabajos, incluidos muchos en estas industrias:<\/p>\n<p><img loading=\"lazy\" decoding=\"async\" class=\"size-medium wp-image-4423 alignright\" src=\"https:\/\/worklinkweb.com\/wp-content\/uploads\/2021\/06\/AdobeStock_113707628-team-is-working-and-looking-a-tablet-300x200.jpeg\" sizes=\"auto, (max-width: 300px) 100vw, 300px\" srcset=\"https:\/\/worklinkweb.com\/wp-content\/uploads\/2021\/06\/AdobeStock_113707628-team-is-working-and-looking-a-tablet-300x200.jpeg 300w, https:\/\/worklinkweb.com\/wp-content\/uploads\/2021\/06\/AdobeStock_113707628-team-is-working-and-looking-a-tablet-768x512.jpeg 768w, https:\/\/worklinkweb.com\/wp-content\/uploads\/2021\/06\/AdobeStock_113707628-team-is-working-and-looking-a-tablet-16x12.jpeg 16w, https:\/\/worklinkweb.com\/wp-content\/uploads\/2021\/06\/AdobeStock_113707628-team-is-working-and-looking-a-tablet.jpeg 800w\" alt=\"\" width=\"300\" height=\"200\" \/><\/p>\n<ul>\n<li>Fabricaci\u00f3n avanzada<\/li>\n<li>Cuidado de la salud<\/li>\n<li>Automotor<\/li>\n<li>Hospitalidad<\/li>\n<li>Biotecnolog\u00eda<\/li>\n<li>Informaci\u00f3n<\/li>\n<li>Tecnolog\u00eda de construcci\u00f3n<\/li>\n<li>Energ\u00eda<\/li>\n<li>Venta minorista<\/li>\n<li>Servicios financieros<\/li>\n<li>Transporte<\/li>\n<\/ul>\n<h4>\u00bfQu\u00e9 costes de formaci\u00f3n pagar\u00e1 el programa OJT?<\/h4>\n<p>The OJT Program will pay either 50% (for companies with more than 250 employees) or 75% (for companies with 1 to 250 employees) of a worker s wages during a training period of up to 480 hours (12 weeks). The length of the training period varies according to the skill level required for the job.<\/p>\n<p><strong>Ejemplo<\/strong><br \/>\nA contract for a machine operator that requires 480 hours of training and pays $15 per hour would result in a $5,400 reimbursement (of a total of $7,200 in paid wages) for a small employer or a reimbursement of $3,600 for a large employer.<\/p>\n<p>On-the-Job Training (OJT) is available to defray the cost of training new employees. WorkLink will reimburse a company for 50 to 75 percent of the training wages for six to 12 weeks of training new hires who are eligible for WIOA services.<\/p>\n<p>Contact Lillian Cleveland for more information at (864) 506-1055 or via email: lcleveland@eckerd.org.<\/p>\n<h3>Aprendizajes<\/h3>\n<p>Apprenticeship Carolina trabaja para garantizar que todos los empleadores de Carolina del Sur tengan acceso a la informaci\u00f3n y la asistencia t\u00e9cnica que necesitan para crear programas de aprendizaje registrados impulsados por la demanda. Sin costo para el empleador, los consultores de aprendizaje est\u00e1n disponibles para guiar a las empresas a trav\u00e9s del proceso de desarrollo del aprendizaje registrado desde la informaci\u00f3n inicial hasta el reconocimiento total en el Sistema de aprendizaje registrado nacional.<\/p>\n<h4>\u00bfQu\u00e9 es el aprendizaje?<\/h4>\n<p>Los aprendizajes son un modelo de capacitaci\u00f3n en el que se gana mientras se aprende que combina capacitaci\u00f3n estructurada en el trabajo, educaci\u00f3n relacionada con el trabajo y una progresi\u00f3n salarial escalable.<\/p>\n<p>Para obtener m\u00e1s informaci\u00f3n, visite: <strong><a href=\"http:\/\/www.apprenticeshipcarolina.com\/about.html\">Aprendizaje Carolina<\/a><\/strong><\/p>\n<h3>Otros recursos<\/h3>\n<h4>Asociaci\u00f3n de extensi\u00f3n de fabricaci\u00f3n de SC (SCMEP)<\/h4>\n<p>Encuentre ayuda para revisar su plan de negocios y sus procesos, y determine cu\u00e1les son sus necesidades de capacitaci\u00f3n.<\/p>\n<p>Para obtener m\u00e1s informaci\u00f3n, visite: <a href=\"http:\/\/scmep.org\"><strong>scmep.org<\/strong><\/a><\/p>\n\n\t\t<\/div>\n\t<\/div>\n<\/div><\/div><\/div><\/div>\n<\/div>","protected":false},"excerpt":{"rendered":"SC Works offers various opportunities employers can use to re-train their workforce or train a new employee. Incumbent Worker Training Apply for Incumbent Worker Training Funds Incumbent Worker Training (IWT)...  <a class=\"excerpt-read-more\" href=\"https:\/\/worklinkweb.com\/es\/empleadores\/capacitacion\/\" title=\"ReadTraining\">Read more &raquo;<\/a>","protected":false},"author":1,"featured_media":0,"parent":226,"menu_order":0,"comment_status":"closed","ping_status":"closed","template":"page-employers.php","meta":{"footnotes":""},"class_list":["post-241","page","type-page","status-publish","hentry"],"yoast_head":"<!-- This site is optimized with the Yoast SEO plugin v27.4 - https:\/\/yoast.com\/product\/yoast-seo-wordpress\/ -->\n<title>Training - SC Works Worklink<\/title>\n<meta name=\"robots\" content=\"index, follow, max-snippet:-1, max-image-preview:large, max-video-preview:-1\" \/>\n<link rel=\"canonical\" href=\"https:\/\/worklinkweb.com\/es\/employers\/training\/\" \/>\n<meta property=\"og:locale\" content=\"es_MX\" \/>\n<meta property=\"og:type\" content=\"article\" \/>\n<meta property=\"og:title\" content=\"Training - SC Works Worklink\" \/>\n<meta property=\"og:url\" content=\"https:\/\/worklinkweb.com\/es\/employers\/training\/\" \/>\n<meta property=\"og:site_name\" content=\"SC Works Worklink\" \/>\n<meta property=\"article:publisher\" content=\"https:\/\/www.facebook.com\/SCWorksWorkLink\/\" \/>\n<meta property=\"article:modified_time\" content=\"2026-03-27T20:46:47+00:00\" \/>\n<meta property=\"og:image\" content=\"https:\/\/worklinkweb.com\/wp-content\/uploads\/2021\/06\/AdobeStock_334129608-african-american-disabled-employee-.jpeg\" \/>\n\t<meta property=\"og:image:width\" content=\"800\" \/>\n\t<meta property=\"og:image:height\" content=\"534\" \/>\n\t<meta property=\"og:image:type\" content=\"image\/jpeg\" \/>\n<meta name=\"twitter:card\" content=\"summary_large_image\" \/>\n<meta name=\"twitter:site\" content=\"@SCWorksWorkLink\" \/>\n<meta name=\"twitter:label1\" content=\"Tiempo de lectura\" \/>\n\t<meta name=\"twitter:data1\" content=\"4 minutos\" \/>\n<script type=\"application\/ld+json\" class=\"yoast-schema-graph\">{\"@context\":\"https:\\\/\\\/schema.org\",\"@graph\":[{\"@type\":\"WebPage\",\"@id\":\"https:\\\/\\\/worklinkweb.com\\\/employers\\\/training\\\/\",\"url\":\"https:\\\/\\\/worklinkweb.com\\\/employers\\\/training\\\/\",\"name\":\"Training - SC Works Worklink\",\"isPartOf\":{\"@id\":\"https:\\\/\\\/worklinkweb.com\\\/en\\\/#website\"},\"primaryImageOfPage\":{\"@id\":\"https:\\\/\\\/worklinkweb.com\\\/employers\\\/training\\\/#primaryimage\"},\"image\":{\"@id\":\"https:\\\/\\\/worklinkweb.com\\\/employers\\\/training\\\/#primaryimage\"},\"thumbnailUrl\":\"https:\\\/\\\/worklinkweb.com\\\/wp-content\\\/uploads\\\/2021\\\/06\\\/AdobeStock_334129608-african-american-disabled-employee--300x200.jpeg\",\"datePublished\":\"2015-10-28T01:54:34+00:00\",\"dateModified\":\"2026-03-27T20:46:47+00:00\",\"breadcrumb\":{\"@id\":\"https:\\\/\\\/worklinkweb.com\\\/employers\\\/training\\\/#breadcrumb\"},\"inLanguage\":\"es\",\"potentialAction\":[{\"@type\":\"ReadAction\",\"target\":[\"https:\\\/\\\/worklinkweb.com\\\/employers\\\/training\\\/\"]}]},{\"@type\":\"ImageObject\",\"inLanguage\":\"es\",\"@id\":\"https:\\\/\\\/worklinkweb.com\\\/employers\\\/training\\\/#primaryimage\",\"url\":\"https:\\\/\\\/worklinkweb.com\\\/wp-content\\\/uploads\\\/2021\\\/06\\\/AdobeStock_334129608-african-american-disabled-employee--300x200.jpeg\",\"contentUrl\":\"https:\\\/\\\/worklinkweb.com\\\/wp-content\\\/uploads\\\/2021\\\/06\\\/AdobeStock_334129608-african-american-disabled-employee--300x200.jpeg\"},{\"@type\":\"BreadcrumbList\",\"@id\":\"https:\\\/\\\/worklinkweb.com\\\/employers\\\/training\\\/#breadcrumb\",\"itemListElement\":[{\"@type\":\"ListItem\",\"position\":1,\"name\":\"Home\",\"item\":\"https:\\\/\\\/worklinkweb.com\\\/\"},{\"@type\":\"ListItem\",\"position\":2,\"name\":\"Employers\",\"item\":\"https:\\\/\\\/worklinkweb.com\\\/employers\\\/\"},{\"@type\":\"ListItem\",\"position\":3,\"name\":\"Training\"}]},{\"@type\":\"WebSite\",\"@id\":\"https:\\\/\\\/worklinkweb.com\\\/en\\\/#website\",\"url\":\"https:\\\/\\\/worklinkweb.com\\\/en\\\/\",\"name\":\"SC Works Worklink\",\"description\":\"Bringing Employers &amp; Job Seekers Together\",\"publisher\":{\"@id\":\"https:\\\/\\\/worklinkweb.com\\\/en\\\/#organization\"},\"potentialAction\":[{\"@type\":\"SearchAction\",\"target\":{\"@type\":\"EntryPoint\",\"urlTemplate\":\"https:\\\/\\\/worklinkweb.com\\\/en\\\/?s={search_term_string}\"},\"query-input\":{\"@type\":\"PropertyValueSpecification\",\"valueRequired\":true,\"valueName\":\"search_term_string\"}}],\"inLanguage\":\"es\"},{\"@type\":\"Organization\",\"@id\":\"https:\\\/\\\/worklinkweb.com\\\/en\\\/#organization\",\"name\":\"SC Works Worklink\",\"url\":\"https:\\\/\\\/worklinkweb.com\\\/en\\\/\",\"logo\":{\"@type\":\"ImageObject\",\"inLanguage\":\"es\",\"@id\":\"https:\\\/\\\/worklinkweb.com\\\/en\\\/#\\\/schema\\\/logo\\\/image\\\/\",\"url\":\"https:\\\/\\\/worklinkweb.com\\\/wp-content\\\/uploads\\\/2021\\\/05\\\/logo.jpeg\",\"contentUrl\":\"https:\\\/\\\/worklinkweb.com\\\/wp-content\\\/uploads\\\/2021\\\/05\\\/logo.jpeg\",\"width\":582,\"height\":115,\"caption\":\"SC Works Worklink\"},\"image\":{\"@id\":\"https:\\\/\\\/worklinkweb.com\\\/en\\\/#\\\/schema\\\/logo\\\/image\\\/\"},\"sameAs\":[\"https:\\\/\\\/www.facebook.com\\\/SCWorksWorkLink\\\/\",\"https:\\\/\\\/x.com\\\/SCWorksWorkLink\",\"http:\\\/\\\/www.youtube.com\\\/user\\\/WorkLinkWeb\"]}]}<\/script>\n<!-- \/ Yoast SEO plugin. -->","yoast_head_json":{"title":"Capacitaci\u00f3n - SC Works Worklink","robots":{"index":"index","follow":"follow","max-snippet":"max-snippet:-1","max-image-preview":"max-image-preview:large","max-video-preview":"max-video-preview:-1"},"canonical":"https:\/\/worklinkweb.com\/es\/employers\/training\/","og_locale":"es_MX","og_type":"article","og_title":"Training - SC Works Worklink","og_url":"https:\/\/worklinkweb.com\/es\/employers\/training\/","og_site_name":"SC Works Worklink","article_publisher":"https:\/\/www.facebook.com\/SCWorksWorkLink\/","article_modified_time":"2026-03-27T20:46:47+00:00","og_image":[{"width":800,"height":534,"url":"https:\/\/worklinkweb.com\/wp-content\/uploads\/2021\/06\/AdobeStock_334129608-african-american-disabled-employee-.jpeg","type":"image\/jpeg"}],"twitter_card":"summary_large_image","twitter_site":"@SCWorksWorkLink","twitter_misc":{"Tiempo de lectura":"4 minutos"},"schema":{"@context":"https:\/\/schema.org","@graph":[{"@type":"WebPage","@id":"https:\/\/worklinkweb.com\/employers\/training\/","url":"https:\/\/worklinkweb.com\/employers\/training\/","name":"Capacitaci\u00f3n - SC Works Worklink","isPartOf":{"@id":"https:\/\/worklinkweb.com\/en\/#website"},"primaryImageOfPage":{"@id":"https:\/\/worklinkweb.com\/employers\/training\/#primaryimage"},"image":{"@id":"https:\/\/worklinkweb.com\/employers\/training\/#primaryimage"},"thumbnailUrl":"https:\/\/worklinkweb.com\/wp-content\/uploads\/2021\/06\/AdobeStock_334129608-african-american-disabled-employee--300x200.jpeg","datePublished":"2015-10-28T01:54:34+00:00","dateModified":"2026-03-27T20:46:47+00:00","breadcrumb":{"@id":"https:\/\/worklinkweb.com\/employers\/training\/#breadcrumb"},"inLanguage":"es","potentialAction":[{"@type":"ReadAction","target":["https:\/\/worklinkweb.com\/employers\/training\/"]}]},{"@type":"ImageObject","inLanguage":"es","@id":"https:\/\/worklinkweb.com\/employers\/training\/#primaryimage","url":"https:\/\/worklinkweb.com\/wp-content\/uploads\/2021\/06\/AdobeStock_334129608-african-american-disabled-employee--300x200.jpeg","contentUrl":"https:\/\/worklinkweb.com\/wp-content\/uploads\/2021\/06\/AdobeStock_334129608-african-american-disabled-employee--300x200.jpeg"},{"@type":"BreadcrumbList","@id":"https:\/\/worklinkweb.com\/employers\/training\/#breadcrumb","itemListElement":[{"@type":"ListItem","position":1,"name":"Home","item":"https:\/\/worklinkweb.com\/"},{"@type":"ListItem","position":2,"name":"Employers","item":"https:\/\/worklinkweb.com\/employers\/"},{"@type":"ListItem","position":3,"name":"Training"}]},{"@type":"WebSite","@id":"https:\/\/worklinkweb.com\/en\/#website","url":"https:\/\/worklinkweb.com\/en\/","name":"SC Works Worklink","description":"Reunir a empleadores y solicitantes de empleo","publisher":{"@id":"https:\/\/worklinkweb.com\/en\/#organization"},"potentialAction":[{"@type":"SearchAction","target":{"@type":"EntryPoint","urlTemplate":"https:\/\/worklinkweb.com\/en\/?s={search_term_string}"},"query-input":{"@type":"PropertyValueSpecification","valueRequired":true,"valueName":"search_term_string"}}],"inLanguage":"es"},{"@type":"Organization","@id":"https:\/\/worklinkweb.com\/en\/#organization","name":"SC Works Worklink","url":"https:\/\/worklinkweb.com\/en\/","logo":{"@type":"ImageObject","inLanguage":"es","@id":"https:\/\/worklinkweb.com\/en\/#\/schema\/logo\/image\/","url":"https:\/\/worklinkweb.com\/wp-content\/uploads\/2021\/05\/logo.jpeg","contentUrl":"https:\/\/worklinkweb.com\/wp-content\/uploads\/2021\/05\/logo.jpeg","width":582,"height":115,"caption":"SC Works Worklink"},"image":{"@id":"https:\/\/worklinkweb.com\/en\/#\/schema\/logo\/image\/"},"sameAs":["https:\/\/www.facebook.com\/SCWorksWorkLink\/","https:\/\/x.com\/SCWorksWorkLink","http:\/\/www.youtube.com\/user\/WorkLinkWeb"]}]}},"_links":{"self":[{"href":"https:\/\/worklinkweb.com\/es\/wp-json\/wp\/v2\/pages\/241","targetHints":{"allow":["GET"]}}],"collection":[{"href":"https:\/\/worklinkweb.com\/es\/wp-json\/wp\/v2\/pages"}],"about":[{"href":"https:\/\/worklinkweb.com\/es\/wp-json\/wp\/v2\/types\/page"}],"author":[{"embeddable":true,"href":"https:\/\/worklinkweb.com\/es\/wp-json\/wp\/v2\/users\/1"}],"replies":[{"embeddable":true,"href":"https:\/\/worklinkweb.com\/es\/wp-json\/wp\/v2\/comments?post=241"}],"version-history":[{"count":24,"href":"https:\/\/worklinkweb.com\/es\/wp-json\/wp\/v2\/pages\/241\/revisions"}],"predecessor-version":[{"id":7105,"href":"https:\/\/worklinkweb.com\/es\/wp-json\/wp\/v2\/pages\/241\/revisions\/7105"}],"up":[{"embeddable":true,"href":"https:\/\/worklinkweb.com\/es\/wp-json\/wp\/v2\/pages\/226"}],"wp:attachment":[{"href":"https:\/\/worklinkweb.com\/es\/wp-json\/wp\/v2\/media?parent=241"}],"curies":[{"name":"wp","href":"https:\/\/api.w.org\/{rel}","templated":true}]}}