{"id":257,"date":"2015-10-28T02:06:20","date_gmt":"2015-10-28T02:06:20","guid":{"rendered":"http:\/\/new.worklinkweb.com\/?page_id=257"},"modified":"2026-03-27T16:28:11","modified_gmt":"2026-03-27T20:28:11","slug":"incumbent-worker-training","status":"publish","type":"page","link":"https:\/\/worklinkweb.com\/es\/empleadores\/formacion-trabajador-titular\/","title":{"rendered":"Capacitaci\u00f3n para trabajadores titulares"},"content":{"rendered":"<div class=\"wpb-content-wrapper\"><div class=\"vc_row wpb_row vc_row-fluid\"><div class=\"wpb_column vc_column_container vc_col-sm-12\"><div class=\"vc_column-inner\"><div class=\"wpb_wrapper\">\n\t<div class=\"wpb_text_column wpb_content_element\" >\n\t\t<div class=\"wpb_wrapper\">\n\t\t\t<p><strong><a href=\"https:\/\/worklinkweb.com\/es\/about-worklink\/apply-for-incumbent-worker-training-grants\/\">Apply for Incumbent Worker Training Funding<\/a><\/strong><\/p>\n<p><a href=\"https:\/\/worklinkweb.com\/wp-content\/uploads\/2023\/04\/Sample-IWT-Forms-Blank.pdf\">Sample Incumbent Worker Training Forms (Blank)<\/a><\/p>\n\n\t\t<\/div>\n\t<\/div>\n<\/div><\/div><\/div><\/div><div class=\"vc_row wpb_row vc_row-fluid\"><div class=\"wpb_column vc_column_container vc_col-sm-12\"><div class=\"vc_column-inner\"><div class=\"wpb_wrapper\">\n\t<div class=\"wpb_text_column wpb_content_element\" >\n\t\t<div class=\"wpb_wrapper\">\n\t\t\t<p>La Capacitaci\u00f3n para trabajadores titulares (IWT) proporciona recursos para que las empresas capaciten a los trabajadores actualmente empleados en un esfuerzo por mantener la competitividad de las empresas y los trabajadores. IWT financia la capacitaci\u00f3n necesaria en los negocios actuales debido a la expansi\u00f3n, nueva tecnolog\u00eda, reequipamiento, nuevos servicios \/ l\u00edneas de productos y nueva estructura organizacional o como parte de una estrategia de aversi\u00f3n al despido. IWT tambi\u00e9n puede financiar la capacitaci\u00f3n en nuevos negocios si esos trabajos no son elegibles para recibir asistencia a trav\u00e9s de readySC \u2122. Sin embargo, habr\u00e1 un per\u00edodo de espera de 120 d\u00edas para empresas nuevas o en expansi\u00f3n que hayan desplazado a trabajadores a otras partes de los Estados Unidos.<img loading=\"lazy\" decoding=\"async\" class=\"alignright size-full wp-image-4061\" src=\"https:\/\/worklinkweb.com\/wp-content\/uploads\/2021\/05\/Worklink-Biz-3.jpg\" alt=\"\" width=\"359\" height=\"206\" srcset=\"https:\/\/worklinkweb.com\/wp-content\/uploads\/2021\/05\/Worklink-Biz-3.jpg 359w, https:\/\/worklinkweb.com\/wp-content\/uploads\/2021\/05\/Worklink-Biz-3-300x172.jpg 300w, https:\/\/worklinkweb.com\/wp-content\/uploads\/2021\/05\/Worklink-Biz-3-16x9.jpg 16w\" sizes=\"auto, (max-width: 359px) 100vw, 359px\" \/><\/p>\n<p>Las empresas que tienen al menos un empleado de tiempo completo y est\u00e1n al d\u00eda con todas las obligaciones fiscales estatales pueden recibir reembolsos por gastos de capacitaci\u00f3n que van desde habilidades acad\u00e9micas b\u00e1sicas hasta habilidades espec\u00edficas de la empresa y certificaciones de la industria.<\/p>\n<p>WorkLink solicits applications annually. <strong>To learn more about the IWT Program or to inquire if WorkLink is currently accepting IWT Applications, contact Victoria Britton at vbritton@worklinkweb.com<\/strong><\/p>\n\n\t\t<\/div>\n\t<\/div>\n<\/div><\/div><\/div><\/div>\n<\/div>","protected":false},"excerpt":{"rendered":"Apply for Incumbent Worker Training Funding Sample Incumbent Worker Training Forms (Blank) Incumbent Worker Training (IWT) provides resources for businesses to train currently employed workers in an effort to keep...  <a class=\"excerpt-read-more\" href=\"https:\/\/worklinkweb.com\/es\/empleadores\/formacion-trabajador-titular\/\" title=\"ReadIncumbent Worker Training\">Read more &raquo;<\/a>","protected":false},"author":1,"featured_media":0,"parent":226,"menu_order":0,"comment_status":"closed","ping_status":"closed","template":"page-employers.php","meta":{"footnotes":""},"class_list":["post-257","page","type-page","status-publish","hentry"],"yoast_head":"<!-- This site is optimized with the Yoast SEO plugin v27.4 - https:\/\/yoast.com\/product\/yoast-seo-wordpress\/ -->\n<title>Incumbent Worker Training - SC Works Worklink<\/title>\n<meta name=\"robots\" content=\"index, follow, max-snippet:-1, max-image-preview:large, max-video-preview:-1\" \/>\n<link rel=\"canonical\" href=\"https:\/\/worklinkweb.com\/es\/employers\/incumbent-worker-training\/\" \/>\n<meta property=\"og:locale\" content=\"es_MX\" \/>\n<meta property=\"og:type\" content=\"article\" \/>\n<meta property=\"og:title\" content=\"Incumbent Worker Training - SC Works Worklink\" \/>\n<meta property=\"og:url\" content=\"https:\/\/worklinkweb.com\/es\/employers\/incumbent-worker-training\/\" \/>\n<meta property=\"og:site_name\" content=\"SC Works Worklink\" \/>\n<meta property=\"article:publisher\" content=\"https:\/\/www.facebook.com\/SCWorksWorkLink\/\" \/>\n<meta property=\"article:modified_time\" content=\"2026-03-27T20:28:11+00:00\" \/>\n<meta property=\"og:image\" content=\"https:\/\/worklinkweb.com\/wp-content\/uploads\/2021\/05\/Worklink-Biz-3.jpg\" \/>\n\t<meta property=\"og:image:width\" content=\"359\" \/>\n\t<meta property=\"og:image:height\" content=\"206\" \/>\n\t<meta property=\"og:image:type\" content=\"image\/jpeg\" \/>\n<meta name=\"twitter:card\" content=\"summary_large_image\" \/>\n<meta name=\"twitter:site\" content=\"@SCWorksWorkLink\" \/>\n<meta name=\"twitter:label1\" content=\"Tiempo de lectura\" \/>\n\t<meta name=\"twitter:data1\" content=\"1 minuto\" \/>\n<script type=\"application\/ld+json\" class=\"yoast-schema-graph\">{\"@context\":\"https:\\\/\\\/schema.org\",\"@graph\":[{\"@type\":\"WebPage\",\"@id\":\"https:\\\/\\\/worklinkweb.com\\\/employers\\\/incumbent-worker-training\\\/\",\"url\":\"https:\\\/\\\/worklinkweb.com\\\/employers\\\/incumbent-worker-training\\\/\",\"name\":\"Incumbent Worker Training - SC Works Worklink\",\"isPartOf\":{\"@id\":\"https:\\\/\\\/worklinkweb.com\\\/en\\\/#website\"},\"primaryImageOfPage\":{\"@id\":\"https:\\\/\\\/worklinkweb.com\\\/employers\\\/incumbent-worker-training\\\/#primaryimage\"},\"image\":{\"@id\":\"https:\\\/\\\/worklinkweb.com\\\/employers\\\/incumbent-worker-training\\\/#primaryimage\"},\"thumbnailUrl\":\"https:\\\/\\\/worklinkweb.com\\\/wp-content\\\/uploads\\\/2021\\\/05\\\/Worklink-Biz-3.jpg\",\"datePublished\":\"2015-10-28T02:06:20+00:00\",\"dateModified\":\"2026-03-27T20:28:11+00:00\",\"breadcrumb\":{\"@id\":\"https:\\\/\\\/worklinkweb.com\\\/employers\\\/incumbent-worker-training\\\/#breadcrumb\"},\"inLanguage\":\"es\",\"potentialAction\":[{\"@type\":\"ReadAction\",\"target\":[\"https:\\\/\\\/worklinkweb.com\\\/employers\\\/incumbent-worker-training\\\/\"]}]},{\"@type\":\"ImageObject\",\"inLanguage\":\"es\",\"@id\":\"https:\\\/\\\/worklinkweb.com\\\/employers\\\/incumbent-worker-training\\\/#primaryimage\",\"url\":\"https:\\\/\\\/worklinkweb.com\\\/wp-content\\\/uploads\\\/2021\\\/05\\\/Worklink-Biz-3.jpg\",\"contentUrl\":\"https:\\\/\\\/worklinkweb.com\\\/wp-content\\\/uploads\\\/2021\\\/05\\\/Worklink-Biz-3.jpg\"},{\"@type\":\"BreadcrumbList\",\"@id\":\"https:\\\/\\\/worklinkweb.com\\\/employers\\\/incumbent-worker-training\\\/#breadcrumb\",\"itemListElement\":[{\"@type\":\"ListItem\",\"position\":1,\"name\":\"Home\",\"item\":\"https:\\\/\\\/worklinkweb.com\\\/\"},{\"@type\":\"ListItem\",\"position\":2,\"name\":\"Employers\",\"item\":\"https:\\\/\\\/worklinkweb.com\\\/employers\\\/\"},{\"@type\":\"ListItem\",\"position\":3,\"name\":\"Incumbent Worker Training\"}]},{\"@type\":\"WebSite\",\"@id\":\"https:\\\/\\\/worklinkweb.com\\\/en\\\/#website\",\"url\":\"https:\\\/\\\/worklinkweb.com\\\/en\\\/\",\"name\":\"SC Works Worklink\",\"description\":\"Bringing Employers &amp; Job Seekers Together\",\"publisher\":{\"@id\":\"https:\\\/\\\/worklinkweb.com\\\/en\\\/#organization\"},\"potentialAction\":[{\"@type\":\"SearchAction\",\"target\":{\"@type\":\"EntryPoint\",\"urlTemplate\":\"https:\\\/\\\/worklinkweb.com\\\/en\\\/?s={search_term_string}\"},\"query-input\":{\"@type\":\"PropertyValueSpecification\",\"valueRequired\":true,\"valueName\":\"search_term_string\"}}],\"inLanguage\":\"es\"},{\"@type\":\"Organization\",\"@id\":\"https:\\\/\\\/worklinkweb.com\\\/en\\\/#organization\",\"name\":\"SC Works Worklink\",\"url\":\"https:\\\/\\\/worklinkweb.com\\\/en\\\/\",\"logo\":{\"@type\":\"ImageObject\",\"inLanguage\":\"es\",\"@id\":\"https:\\\/\\\/worklinkweb.com\\\/en\\\/#\\\/schema\\\/logo\\\/image\\\/\",\"url\":\"https:\\\/\\\/worklinkweb.com\\\/wp-content\\\/uploads\\\/2021\\\/05\\\/logo.jpeg\",\"contentUrl\":\"https:\\\/\\\/worklinkweb.com\\\/wp-content\\\/uploads\\\/2021\\\/05\\\/logo.jpeg\",\"width\":582,\"height\":115,\"caption\":\"SC Works Worklink\"},\"image\":{\"@id\":\"https:\\\/\\\/worklinkweb.com\\\/en\\\/#\\\/schema\\\/logo\\\/image\\\/\"},\"sameAs\":[\"https:\\\/\\\/www.facebook.com\\\/SCWorksWorkLink\\\/\",\"https:\\\/\\\/x.com\\\/SCWorksWorkLink\",\"http:\\\/\\\/www.youtube.com\\\/user\\\/WorkLinkWeb\"]}]}<\/script>\n<!-- \/ Yoast SEO plugin. -->","yoast_head_json":{"title":"Capacitaci\u00f3n para trabajadores titulares - SC Works Worklink","robots":{"index":"index","follow":"follow","max-snippet":"max-snippet:-1","max-image-preview":"max-image-preview:large","max-video-preview":"max-video-preview:-1"},"canonical":"https:\/\/worklinkweb.com\/es\/employers\/incumbent-worker-training\/","og_locale":"es_MX","og_type":"article","og_title":"Incumbent Worker Training - SC Works Worklink","og_url":"https:\/\/worklinkweb.com\/es\/employers\/incumbent-worker-training\/","og_site_name":"SC Works Worklink","article_publisher":"https:\/\/www.facebook.com\/SCWorksWorkLink\/","article_modified_time":"2026-03-27T20:28:11+00:00","og_image":[{"width":359,"height":206,"url":"https:\/\/worklinkweb.com\/wp-content\/uploads\/2021\/05\/Worklink-Biz-3.jpg","type":"image\/jpeg"}],"twitter_card":"summary_large_image","twitter_site":"@SCWorksWorkLink","twitter_misc":{"Tiempo de lectura":"1 minuto"},"schema":{"@context":"https:\/\/schema.org","@graph":[{"@type":"WebPage","@id":"https:\/\/worklinkweb.com\/employers\/incumbent-worker-training\/","url":"https:\/\/worklinkweb.com\/employers\/incumbent-worker-training\/","name":"Capacitaci\u00f3n para trabajadores titulares - SC Works Worklink","isPartOf":{"@id":"https:\/\/worklinkweb.com\/en\/#website"},"primaryImageOfPage":{"@id":"https:\/\/worklinkweb.com\/employers\/incumbent-worker-training\/#primaryimage"},"image":{"@id":"https:\/\/worklinkweb.com\/employers\/incumbent-worker-training\/#primaryimage"},"thumbnailUrl":"https:\/\/worklinkweb.com\/wp-content\/uploads\/2021\/05\/Worklink-Biz-3.jpg","datePublished":"2015-10-28T02:06:20+00:00","dateModified":"2026-03-27T20:28:11+00:00","breadcrumb":{"@id":"https:\/\/worklinkweb.com\/employers\/incumbent-worker-training\/#breadcrumb"},"inLanguage":"es","potentialAction":[{"@type":"ReadAction","target":["https:\/\/worklinkweb.com\/employers\/incumbent-worker-training\/"]}]},{"@type":"ImageObject","inLanguage":"es","@id":"https:\/\/worklinkweb.com\/employers\/incumbent-worker-training\/#primaryimage","url":"https:\/\/worklinkweb.com\/wp-content\/uploads\/2021\/05\/Worklink-Biz-3.jpg","contentUrl":"https:\/\/worklinkweb.com\/wp-content\/uploads\/2021\/05\/Worklink-Biz-3.jpg"},{"@type":"BreadcrumbList","@id":"https:\/\/worklinkweb.com\/employers\/incumbent-worker-training\/#breadcrumb","itemListElement":[{"@type":"ListItem","position":1,"name":"Home","item":"https:\/\/worklinkweb.com\/"},{"@type":"ListItem","position":2,"name":"Employers","item":"https:\/\/worklinkweb.com\/employers\/"},{"@type":"ListItem","position":3,"name":"Incumbent Worker Training"}]},{"@type":"WebSite","@id":"https:\/\/worklinkweb.com\/en\/#website","url":"https:\/\/worklinkweb.com\/en\/","name":"SC Works Worklink","description":"Reunir a empleadores y solicitantes de empleo","publisher":{"@id":"https:\/\/worklinkweb.com\/en\/#organization"},"potentialAction":[{"@type":"SearchAction","target":{"@type":"EntryPoint","urlTemplate":"https:\/\/worklinkweb.com\/en\/?s={search_term_string}"},"query-input":{"@type":"PropertyValueSpecification","valueRequired":true,"valueName":"search_term_string"}}],"inLanguage":"es"},{"@type":"Organization","@id":"https:\/\/worklinkweb.com\/en\/#organization","name":"SC Works Worklink","url":"https:\/\/worklinkweb.com\/en\/","logo":{"@type":"ImageObject","inLanguage":"es","@id":"https:\/\/worklinkweb.com\/en\/#\/schema\/logo\/image\/","url":"https:\/\/worklinkweb.com\/wp-content\/uploads\/2021\/05\/logo.jpeg","contentUrl":"https:\/\/worklinkweb.com\/wp-content\/uploads\/2021\/05\/logo.jpeg","width":582,"height":115,"caption":"SC Works Worklink"},"image":{"@id":"https:\/\/worklinkweb.com\/en\/#\/schema\/logo\/image\/"},"sameAs":["https:\/\/www.facebook.com\/SCWorksWorkLink\/","https:\/\/x.com\/SCWorksWorkLink","http:\/\/www.youtube.com\/user\/WorkLinkWeb"]}]}},"_links":{"self":[{"href":"https:\/\/worklinkweb.com\/es\/wp-json\/wp\/v2\/pages\/257","targetHints":{"allow":["GET"]}}],"collection":[{"href":"https:\/\/worklinkweb.com\/es\/wp-json\/wp\/v2\/pages"}],"about":[{"href":"https:\/\/worklinkweb.com\/es\/wp-json\/wp\/v2\/types\/page"}],"author":[{"embeddable":true,"href":"https:\/\/worklinkweb.com\/es\/wp-json\/wp\/v2\/users\/1"}],"replies":[{"embeddable":true,"href":"https:\/\/worklinkweb.com\/es\/wp-json\/wp\/v2\/comments?post=257"}],"version-history":[{"count":8,"href":"https:\/\/worklinkweb.com\/es\/wp-json\/wp\/v2\/pages\/257\/revisions"}],"predecessor-version":[{"id":7099,"href":"https:\/\/worklinkweb.com\/es\/wp-json\/wp\/v2\/pages\/257\/revisions\/7099"}],"up":[{"embeddable":true,"href":"https:\/\/worklinkweb.com\/es\/wp-json\/wp\/v2\/pages\/226"}],"wp:attachment":[{"href":"https:\/\/worklinkweb.com\/es\/wp-json\/wp\/v2\/media?parent=257"}],"curies":[{"name":"wp","href":"https:\/\/api.w.org\/{rel}","templated":true}]}}