{"id":277,"date":"2015-10-28T02:15:04","date_gmt":"2015-10-28T02:15:04","guid":{"rendered":"http:\/\/new.worklinkweb.com\/?page_id=277"},"modified":"2023-11-06T11:30:40","modified_gmt":"2023-11-06T16:30:40","slug":"win-learning","status":"publish","type":"page","link":"https:\/\/worklinkweb.com\/es\/empleadores\/ganar-aprender\/","title":{"rendered":"GANAR Aprendizaje"},"content":{"rendered":"<div class=\"wpb-content-wrapper\"><div class=\"vc_row wpb_row vc_row-fluid\"><div class=\"wpb_column vc_column_container vc_col-sm-12\"><div class=\"vc_column-inner\"><div class=\"wpb_wrapper\">\n\t<div class=\"wpb_text_column wpb_content_element\" >\n\t\t<div class=\"wpb_wrapper\">\n\t\t\t<p><img loading=\"lazy\" decoding=\"async\" class=\"alignright size-medium wp-image-4106\" src=\"https:\/\/worklinkweb.com\/wp-content\/uploads\/2021\/05\/AdobeStock_124112340-Manager-with-girl-warehouse-800px-300x200.jpg\" alt=\"\" width=\"300\" height=\"200\" srcset=\"https:\/\/worklinkweb.com\/wp-content\/uploads\/2021\/05\/AdobeStock_124112340-Manager-with-girl-warehouse-800px-300x200.jpg 300w, https:\/\/worklinkweb.com\/wp-content\/uploads\/2021\/05\/AdobeStock_124112340-Manager-with-girl-warehouse-800px-768x512.jpg 768w, https:\/\/worklinkweb.com\/wp-content\/uploads\/2021\/05\/AdobeStock_124112340-Manager-with-girl-warehouse-800px-16x12.jpg 16w, https:\/\/worklinkweb.com\/wp-content\/uploads\/2021\/05\/AdobeStock_124112340-Manager-with-girl-warehouse-800px.jpg 800w\" sizes=\"auto, (max-width: 300px) 100vw, 300px\" \/>El Departamento de Empleo y Fuerza Laboral de Carolina del Sur colabor\u00f3 con <strong><a href=\"https:\/\/www.winlearning.com\/About\/State-Partnerships\/SC\/south-carolina-partnership\" target=\"_blank\" rel=\"noopener\">GANAR Aprendizaje<\/a><\/strong> en 2018 para presentar el plan de estudios de preparaci\u00f3n profesional con visi\u00f3n de futuro, la evaluaci\u00f3n y la soluci\u00f3n de acreditaci\u00f3n para el sistema de la fuerza laboral estatal y sus socios, incluido el Technical College System, el Departamento de Educaci\u00f3n de Adultos, el Departamento de Correcciones, el Departamento de Justicia Juvenil, el Departamento de Rehabilitaci\u00f3n Vocacional, organizaciones comunitarias y empleadores. La finalizaci\u00f3n exitosa de las evaluaciones resulta en la Credencial de Listo para Trabajar de Carolina del Sur y \/ o la Credencial de Habilidades Blandas Esenciales de Carolina del Sur. Ambas credenciales est\u00e1n patrocinadas por el estado y son reconocidas por empleadores en todo el estado. Adem\u00e1s de los servicios de curr\u00edculo, evaluaci\u00f3n y acreditaci\u00f3n, WIN Learning proporciona planificaci\u00f3n de implementaci\u00f3n; marketing, capacitaci\u00f3n y asistencia t\u00e9cnica de las partes interesadas; y gesti\u00f3n e informes de datos.<\/p>\n<p>WIN Learning tambi\u00e9n ofrece servicios de an\u00e1lisis de puestos de WIN, que vinculan los est\u00e1ndares de evaluaci\u00f3n y las credenciales resultantes a los requisitos de contrataci\u00f3n y capacitaci\u00f3n del empleador. Para m\u00e1s informaci\u00f3n visite <a href=\"https:\/\/www.winlearning.com\/south-carolina\" target=\"_blank\" rel=\"noopener\"><strong>WIN Learning - Carolina del Sur<\/strong><\/a>.<\/p>\n\n\t\t<\/div>\n\t<\/div>\n<\/div><\/div><\/div><\/div>\n<\/div>","protected":false},"excerpt":{"rendered":"The South Carolina Department of Employment and Workforce collaborated with WIN Learning in 2018 to introduce the forward-thinking career readiness curriculum, assessment, and credentialing solution for the state workforce system...  <a class=\"excerpt-read-more\" href=\"https:\/\/worklinkweb.com\/es\/empleadores\/ganar-aprender\/\" title=\"ReadWIN Learning\">Read more &raquo;<\/a>","protected":false},"author":1,"featured_media":0,"parent":226,"menu_order":0,"comment_status":"closed","ping_status":"closed","template":"page-employers.php","meta":{"footnotes":""},"class_list":["post-277","page","type-page","status-publish","hentry"],"yoast_head":"<!-- This site is optimized with the Yoast SEO plugin v27.4 - https:\/\/yoast.com\/product\/yoast-seo-wordpress\/ -->\n<title>WIN Learning - SC Works Worklink<\/title>\n<meta name=\"robots\" content=\"index, follow, max-snippet:-1, max-image-preview:large, max-video-preview:-1\" \/>\n<link rel=\"canonical\" href=\"https:\/\/worklinkweb.com\/es\/employers\/win-learning\/\" \/>\n<meta property=\"og:locale\" content=\"es_MX\" \/>\n<meta property=\"og:type\" content=\"article\" \/>\n<meta property=\"og:title\" content=\"WIN Learning - SC Works Worklink\" \/>\n<meta property=\"og:url\" content=\"https:\/\/worklinkweb.com\/es\/employers\/win-learning\/\" \/>\n<meta property=\"og:site_name\" content=\"SC Works Worklink\" \/>\n<meta property=\"article:publisher\" content=\"https:\/\/www.facebook.com\/SCWorksWorkLink\/\" \/>\n<meta property=\"article:modified_time\" content=\"2023-11-06T16:30:40+00:00\" \/>\n<meta property=\"og:image\" content=\"https:\/\/worklinkweb.com\/wp-content\/uploads\/2021\/05\/AdobeStock_124112340-Manager-with-girl-warehouse-800px-300x200.jpg\" \/>\n<meta name=\"twitter:card\" content=\"summary_large_image\" \/>\n<meta name=\"twitter:site\" content=\"@SCWorksWorkLink\" \/>\n<meta name=\"twitter:label1\" content=\"Tiempo de lectura\" \/>\n\t<meta name=\"twitter:data1\" content=\"1 minuto\" \/>\n<script type=\"application\/ld+json\" class=\"yoast-schema-graph\">{\"@context\":\"https:\\\/\\\/schema.org\",\"@graph\":[{\"@type\":\"WebPage\",\"@id\":\"https:\\\/\\\/worklinkweb.com\\\/employers\\\/win-learning\\\/\",\"url\":\"https:\\\/\\\/worklinkweb.com\\\/employers\\\/win-learning\\\/\",\"name\":\"WIN Learning - SC Works Worklink\",\"isPartOf\":{\"@id\":\"https:\\\/\\\/worklinkweb.com\\\/en\\\/#website\"},\"primaryImageOfPage\":{\"@id\":\"https:\\\/\\\/worklinkweb.com\\\/employers\\\/win-learning\\\/#primaryimage\"},\"image\":{\"@id\":\"https:\\\/\\\/worklinkweb.com\\\/employers\\\/win-learning\\\/#primaryimage\"},\"thumbnailUrl\":\"https:\\\/\\\/worklinkweb.com\\\/wp-content\\\/uploads\\\/2021\\\/05\\\/AdobeStock_124112340-Manager-with-girl-warehouse-800px-300x200.jpg\",\"datePublished\":\"2015-10-28T02:15:04+00:00\",\"dateModified\":\"2023-11-06T16:30:40+00:00\",\"breadcrumb\":{\"@id\":\"https:\\\/\\\/worklinkweb.com\\\/employers\\\/win-learning\\\/#breadcrumb\"},\"inLanguage\":\"es\",\"potentialAction\":[{\"@type\":\"ReadAction\",\"target\":[\"https:\\\/\\\/worklinkweb.com\\\/employers\\\/win-learning\\\/\"]}]},{\"@type\":\"ImageObject\",\"inLanguage\":\"es\",\"@id\":\"https:\\\/\\\/worklinkweb.com\\\/employers\\\/win-learning\\\/#primaryimage\",\"url\":\"https:\\\/\\\/worklinkweb.com\\\/wp-content\\\/uploads\\\/2021\\\/05\\\/AdobeStock_124112340-Manager-with-girl-warehouse-800px-300x200.jpg\",\"contentUrl\":\"https:\\\/\\\/worklinkweb.com\\\/wp-content\\\/uploads\\\/2021\\\/05\\\/AdobeStock_124112340-Manager-with-girl-warehouse-800px-300x200.jpg\"},{\"@type\":\"BreadcrumbList\",\"@id\":\"https:\\\/\\\/worklinkweb.com\\\/employers\\\/win-learning\\\/#breadcrumb\",\"itemListElement\":[{\"@type\":\"ListItem\",\"position\":1,\"name\":\"Home\",\"item\":\"https:\\\/\\\/worklinkweb.com\\\/\"},{\"@type\":\"ListItem\",\"position\":2,\"name\":\"Employers\",\"item\":\"https:\\\/\\\/worklinkweb.com\\\/employers\\\/\"},{\"@type\":\"ListItem\",\"position\":3,\"name\":\"WIN Learning\"}]},{\"@type\":\"WebSite\",\"@id\":\"https:\\\/\\\/worklinkweb.com\\\/en\\\/#website\",\"url\":\"https:\\\/\\\/worklinkweb.com\\\/en\\\/\",\"name\":\"SC Works Worklink\",\"description\":\"Bringing Employers &amp; Job Seekers Together\",\"publisher\":{\"@id\":\"https:\\\/\\\/worklinkweb.com\\\/en\\\/#organization\"},\"potentialAction\":[{\"@type\":\"SearchAction\",\"target\":{\"@type\":\"EntryPoint\",\"urlTemplate\":\"https:\\\/\\\/worklinkweb.com\\\/en\\\/?s={search_term_string}\"},\"query-input\":{\"@type\":\"PropertyValueSpecification\",\"valueRequired\":true,\"valueName\":\"search_term_string\"}}],\"inLanguage\":\"es\"},{\"@type\":\"Organization\",\"@id\":\"https:\\\/\\\/worklinkweb.com\\\/en\\\/#organization\",\"name\":\"SC Works Worklink\",\"url\":\"https:\\\/\\\/worklinkweb.com\\\/en\\\/\",\"logo\":{\"@type\":\"ImageObject\",\"inLanguage\":\"es\",\"@id\":\"https:\\\/\\\/worklinkweb.com\\\/en\\\/#\\\/schema\\\/logo\\\/image\\\/\",\"url\":\"https:\\\/\\\/worklinkweb.com\\\/wp-content\\\/uploads\\\/2021\\\/05\\\/logo.jpeg\",\"contentUrl\":\"https:\\\/\\\/worklinkweb.com\\\/wp-content\\\/uploads\\\/2021\\\/05\\\/logo.jpeg\",\"width\":582,\"height\":115,\"caption\":\"SC Works Worklink\"},\"image\":{\"@id\":\"https:\\\/\\\/worklinkweb.com\\\/en\\\/#\\\/schema\\\/logo\\\/image\\\/\"},\"sameAs\":[\"https:\\\/\\\/www.facebook.com\\\/SCWorksWorkLink\\\/\",\"https:\\\/\\\/x.com\\\/SCWorksWorkLink\",\"http:\\\/\\\/www.youtube.com\\\/user\\\/WorkLinkWeb\"]}]}<\/script>\n<!-- \/ Yoast SEO plugin. -->","yoast_head_json":{"title":"Aprendizaje WIN - SC Works Worklink","robots":{"index":"index","follow":"follow","max-snippet":"max-snippet:-1","max-image-preview":"max-image-preview:large","max-video-preview":"max-video-preview:-1"},"canonical":"https:\/\/worklinkweb.com\/es\/employers\/win-learning\/","og_locale":"es_MX","og_type":"article","og_title":"WIN Learning - SC Works Worklink","og_url":"https:\/\/worklinkweb.com\/es\/employers\/win-learning\/","og_site_name":"SC Works Worklink","article_publisher":"https:\/\/www.facebook.com\/SCWorksWorkLink\/","article_modified_time":"2023-11-06T16:30:40+00:00","og_image":[{"url":"https:\/\/worklinkweb.com\/wp-content\/uploads\/2021\/05\/AdobeStock_124112340-Manager-with-girl-warehouse-800px-300x200.jpg","type":"","width":"","height":""}],"twitter_card":"summary_large_image","twitter_site":"@SCWorksWorkLink","twitter_misc":{"Tiempo de lectura":"1 minuto"},"schema":{"@context":"https:\/\/schema.org","@graph":[{"@type":"WebPage","@id":"https:\/\/worklinkweb.com\/employers\/win-learning\/","url":"https:\/\/worklinkweb.com\/employers\/win-learning\/","name":"Aprendizaje WIN - SC Works Worklink","isPartOf":{"@id":"https:\/\/worklinkweb.com\/en\/#website"},"primaryImageOfPage":{"@id":"https:\/\/worklinkweb.com\/employers\/win-learning\/#primaryimage"},"image":{"@id":"https:\/\/worklinkweb.com\/employers\/win-learning\/#primaryimage"},"thumbnailUrl":"https:\/\/worklinkweb.com\/wp-content\/uploads\/2021\/05\/AdobeStock_124112340-Manager-with-girl-warehouse-800px-300x200.jpg","datePublished":"2015-10-28T02:15:04+00:00","dateModified":"2023-11-06T16:30:40+00:00","breadcrumb":{"@id":"https:\/\/worklinkweb.com\/employers\/win-learning\/#breadcrumb"},"inLanguage":"es","potentialAction":[{"@type":"ReadAction","target":["https:\/\/worklinkweb.com\/employers\/win-learning\/"]}]},{"@type":"ImageObject","inLanguage":"es","@id":"https:\/\/worklinkweb.com\/employers\/win-learning\/#primaryimage","url":"https:\/\/worklinkweb.com\/wp-content\/uploads\/2021\/05\/AdobeStock_124112340-Manager-with-girl-warehouse-800px-300x200.jpg","contentUrl":"https:\/\/worklinkweb.com\/wp-content\/uploads\/2021\/05\/AdobeStock_124112340-Manager-with-girl-warehouse-800px-300x200.jpg"},{"@type":"BreadcrumbList","@id":"https:\/\/worklinkweb.com\/employers\/win-learning\/#breadcrumb","itemListElement":[{"@type":"ListItem","position":1,"name":"Home","item":"https:\/\/worklinkweb.com\/"},{"@type":"ListItem","position":2,"name":"Employers","item":"https:\/\/worklinkweb.com\/employers\/"},{"@type":"ListItem","position":3,"name":"WIN Learning"}]},{"@type":"WebSite","@id":"https:\/\/worklinkweb.com\/en\/#website","url":"https:\/\/worklinkweb.com\/en\/","name":"SC Works Worklink","description":"Reunir a empleadores y solicitantes de empleo","publisher":{"@id":"https:\/\/worklinkweb.com\/en\/#organization"},"potentialAction":[{"@type":"SearchAction","target":{"@type":"EntryPoint","urlTemplate":"https:\/\/worklinkweb.com\/en\/?s={search_term_string}"},"query-input":{"@type":"PropertyValueSpecification","valueRequired":true,"valueName":"search_term_string"}}],"inLanguage":"es"},{"@type":"Organization","@id":"https:\/\/worklinkweb.com\/en\/#organization","name":"SC Works Worklink","url":"https:\/\/worklinkweb.com\/en\/","logo":{"@type":"ImageObject","inLanguage":"es","@id":"https:\/\/worklinkweb.com\/en\/#\/schema\/logo\/image\/","url":"https:\/\/worklinkweb.com\/wp-content\/uploads\/2021\/05\/logo.jpeg","contentUrl":"https:\/\/worklinkweb.com\/wp-content\/uploads\/2021\/05\/logo.jpeg","width":582,"height":115,"caption":"SC Works Worklink"},"image":{"@id":"https:\/\/worklinkweb.com\/en\/#\/schema\/logo\/image\/"},"sameAs":["https:\/\/www.facebook.com\/SCWorksWorkLink\/","https:\/\/x.com\/SCWorksWorkLink","http:\/\/www.youtube.com\/user\/WorkLinkWeb"]}]}},"_links":{"self":[{"href":"https:\/\/worklinkweb.com\/es\/wp-json\/wp\/v2\/pages\/277","targetHints":{"allow":["GET"]}}],"collection":[{"href":"https:\/\/worklinkweb.com\/es\/wp-json\/wp\/v2\/pages"}],"about":[{"href":"https:\/\/worklinkweb.com\/es\/wp-json\/wp\/v2\/types\/page"}],"author":[{"embeddable":true,"href":"https:\/\/worklinkweb.com\/es\/wp-json\/wp\/v2\/users\/1"}],"replies":[{"embeddable":true,"href":"https:\/\/worklinkweb.com\/es\/wp-json\/wp\/v2\/comments?post=277"}],"version-history":[{"count":6,"href":"https:\/\/worklinkweb.com\/es\/wp-json\/wp\/v2\/pages\/277\/revisions"}],"predecessor-version":[{"id":5825,"href":"https:\/\/worklinkweb.com\/es\/wp-json\/wp\/v2\/pages\/277\/revisions\/5825"}],"up":[{"embeddable":true,"href":"https:\/\/worklinkweb.com\/es\/wp-json\/wp\/v2\/pages\/226"}],"wp:attachment":[{"href":"https:\/\/worklinkweb.com\/es\/wp-json\/wp\/v2\/media?parent=277"}],"curies":[{"name":"wp","href":"https:\/\/api.w.org\/{rel}","templated":true}]}}