{"id":282,"date":"2015-10-28T02:20:12","date_gmt":"2015-10-28T02:20:12","guid":{"rendered":"http:\/\/new.worklinkweb.com\/?page_id=282"},"modified":"2023-11-07T14:47:58","modified_gmt":"2023-11-07T19:47:58","slug":"downsizing","status":"publish","type":"page","link":"https:\/\/worklinkweb.com\/es\/empleadores\/reduccion-de-personal\/","title":{"rendered":"Reducci\u00f3n"},"content":{"rendered":"<div class=\"wpb-content-wrapper\"><div class=\"vc_row wpb_row vc_row-fluid\"><div class=\"wpb_column vc_column_container vc_col-sm-12\"><div class=\"vc_column-inner\"><div class=\"wpb_wrapper\">\n\t<div class=\"wpb_text_column wpb_content_element\" >\n\t\t<div class=\"wpb_wrapper\">\n\t\t\t<p>Si cree que su negocio puede estar reduciendo su tama\u00f1o o incluso cerrando sus puertas, SC Works puede ayudarlo.<\/p>\n<h2><\/h2>\n<h3><img loading=\"lazy\" decoding=\"async\" class=\"alignright size-medium wp-image-4417\" src=\"https:\/\/worklinkweb.com\/wp-content\/uploads\/2021\/06\/AdobeStock_202193944_Preview-300x200.jpeg\" alt=\"\" width=\"300\" height=\"200\" srcset=\"https:\/\/worklinkweb.com\/wp-content\/uploads\/2021\/06\/AdobeStock_202193944_Preview-300x200.jpeg 300w, https:\/\/worklinkweb.com\/wp-content\/uploads\/2021\/06\/AdobeStock_202193944_Preview-768x512.jpeg 768w, https:\/\/worklinkweb.com\/wp-content\/uploads\/2021\/06\/AdobeStock_202193944_Preview-16x12.jpeg 16w, https:\/\/worklinkweb.com\/wp-content\/uploads\/2021\/06\/AdobeStock_202193944_Preview.jpeg 1000w\" sizes=\"auto, (max-width: 300px) 100vw, 300px\" \/>Recursos del empleador para la aversi\u00f3n al despido<\/h3>\n<ul>\n<li><strong><a href=\"http:\/\/www.scmep.org\/\" target=\"_blank\" rel=\"noopener noreferrer\">Pruebe la aversi\u00f3n al despido a trav\u00e9s de las revisiones de SCMEP<\/a><\/strong><\/li>\n<li><strong><a href=\"https:\/\/worklinkweb.com\/es\/employers\/incumbent-worker-training\/\" target=\"_blank\" rel=\"noopener\">Solicitar capacitaci\u00f3n para trabajadores titulares<\/a><\/strong><\/li>\n<\/ul>\n<p>Hable con su Oficina de Desarrollo Econ\u00f3mico local para discutir otras posibles soluciones:<\/p>\n<ul>\n<li><strong><a href=\"https:\/\/acedsc.org\/\" target=\"_blank\" rel=\"noopener noreferrer\">Condado de Anderson<\/a><\/strong><\/li>\n<li><strong><a href=\"http:\/\/investoconeesc.com\/\" target=\"_blank\" rel=\"noopener noreferrer\">Condado de Oconee<\/a><\/strong><\/li>\n<li><strong><a href=\"http:\/\/www.alliancepickens.com\/\" target=\"_blank\" rel=\"noopener noreferrer\">Condado de Pickens<\/a><\/strong><\/li>\n<\/ul>\n<h3>Recursos del empleador cuando ocurren despidos<\/h3>\n<h4>Servicios de respuesta r\u00e1pida<\/h4>\n<p><img loading=\"lazy\" decoding=\"async\" class=\"alignright size-medium wp-image-4479\" src=\"https:\/\/worklinkweb.com\/wp-content\/uploads\/2021\/06\/AdobeStock_339823920-2Black-girls-300x221.jpg\" alt=\"\" width=\"300\" height=\"221\" srcset=\"https:\/\/worklinkweb.com\/wp-content\/uploads\/2021\/06\/AdobeStock_339823920-2Black-girls-300x221.jpg 300w, https:\/\/worklinkweb.com\/wp-content\/uploads\/2021\/06\/AdobeStock_339823920-2Black-girls-768x566.jpg 768w, https:\/\/worklinkweb.com\/wp-content\/uploads\/2021\/06\/AdobeStock_339823920-2Black-girls-16x12.jpg 16w, https:\/\/worklinkweb.com\/wp-content\/uploads\/2021\/06\/AdobeStock_339823920-2Black-girls.jpg 800w\" sizes=\"auto, (max-width: 300px) 100vw, 300px\" \/>Obtenga asistencia en el lugar las 24 horas del d\u00eda para ayudar a los trabajadores despedidos a conseguir trabajo, capacitaci\u00f3n y apoyo a los ingresos si es elegible. Estamos preparados para brindar servicios de Respuesta R\u00e1pida independientemente de la causa del despido o cierre.<\/p>\n<p>Rapid Response, un servicio de intercambio de informaci\u00f3n para empleados y empleadores, agiliza el acceso al sistema y los servicios de la fuerza laboral p\u00fablica de SC. Su objetivo es ayudar a los trabajadores a conseguir nuevos puestos de trabajo lo m\u00e1s r\u00e1pido posible. Cuando los cierres de plantas y los despidos afectan a 50 o m\u00e1s trabajadores, la Unidad de Trabajadores Desplazados (DWU) entra en acci\u00f3n por estas razones:<\/p>\n<ul>\n<li>Impacto comercial<\/li>\n<li>Reducci\u00f3n \/ reestructuraci\u00f3n de empresas<\/li>\n<li>Desastre natural<\/li>\n<li>Reubicaci\u00f3n de la planta<\/li>\n<li>Bancarrota<\/li>\n<li>Otros factores<\/li>\n<\/ul>\n<p>DWU se comunica r\u00e1pidamente con un empleador para ofrecer y coordinar los servicios de Respuesta R\u00e1pida:<\/p>\n<ul>\n<li>Cuando recibe un aviso de despido o cierre de planta seg\u00fan lo ordena la Ley de Notificaci\u00f3n de Ajuste y Reentrenamiento de Trabajadores (WARN)<\/li>\n<li>Cuando un empleador notifica voluntariamente a un centro local de SC Works o DWU<\/li>\n<li>Cuando el DWU se entera de tal evento.<\/li>\n<li>Lo primero es una reuni\u00f3n con el personal directivo de la empresa. (Para las empresas sindicalizadas, es fundamental que un representante de los empleados asista a la reuni\u00f3n).<\/li>\n<\/ul>\n<p>Esta reuni\u00f3n cubre informaci\u00f3n crucial:<\/p>\n<ul>\n<li>Calendario de despidos anticipados<\/li>\n<li>Datos demogr\u00e1ficos de los empleados<\/li>\n<li>Servicios de reempleo<\/li>\n<li>Beneficios de desempleado<\/li>\n<li>Programas de reentrenamiento<\/li>\n<\/ul>\n<p>A continuaci\u00f3n, seg\u00fan un cronograma acordado, el equipo de Respuesta R\u00e1pida informa a los trabajadores afectados en una Sesi\u00f3n de Orientaci\u00f3n del Grupo de Empleados en el lugar antes del primer despido.<\/p>\n<h4>Beneficios de la respuesta r\u00e1pida<\/h4>\n<p>La intervenci\u00f3n temprana ayuda a los trabajadores afectados a tomar decisiones informadas sobre su futuro. Brindar informaci\u00f3n a los trabajadores y servicios de ajuste \/ reempleo antes de los despidos tambi\u00e9n genera una actitud m\u00e1s positiva hacia los empleadores. Tambi\u00e9n mantiene mejor los niveles de producci\u00f3n. Las reuniones previas al despido benefician a los empleadores, los empleados, el sistema de la fuerza laboral y la comunidad en general, lo que garantiza una transici\u00f3n m\u00e1s fluida y un mejor \u00e9xito de reempleo para los empleados y familias afectados por el despido.<\/p>\n<h3>\u00bfNecesitas m\u00e1s informaci\u00f3n?<\/h3>\n<p>Departamento de Empleo y Fuerza Laboral de Carolina del Sur<br \/>\nUnidad de trabajadores desplazados<br \/>\nPO Box 1406 Columbia, SC 29202<br \/>\nTel\u00e9fono: (866) 721-7867<br \/>\nFax: (803) 737-2119<br \/>\nFor more information on DWU or Rapid Response, contact Nina Staggers. For more information on Rapid Response services, contact Kimberly Burke.<\/p>\n\n\t\t<\/div>\n\t<\/div>\n<\/div><\/div><\/div><\/div>\n<\/div>","protected":false},"excerpt":{"rendered":"If you think your business may be downsizing or even shutting its doors, SC Works can help. Employer Resources for Layoff Aversion Try layoff aversion through SCMEP reviews Apply for...  <a class=\"excerpt-read-more\" href=\"https:\/\/worklinkweb.com\/es\/empleadores\/reduccion-de-personal\/\" title=\"ReadDownsizing\">Read more &raquo;<\/a>","protected":false},"author":1,"featured_media":0,"parent":226,"menu_order":0,"comment_status":"closed","ping_status":"closed","template":"page-employers.php","meta":{"footnotes":""},"class_list":["post-282","page","type-page","status-publish","hentry"],"yoast_head":"<!-- This site is optimized with the Yoast SEO plugin v27.4 - https:\/\/yoast.com\/product\/yoast-seo-wordpress\/ -->\n<title>Downsizing - SC Works Worklink<\/title>\n<meta name=\"robots\" content=\"index, follow, max-snippet:-1, max-image-preview:large, max-video-preview:-1\" \/>\n<link rel=\"canonical\" href=\"https:\/\/worklinkweb.com\/es\/employers\/downsizing\/\" \/>\n<meta property=\"og:locale\" content=\"es_MX\" \/>\n<meta property=\"og:type\" content=\"article\" \/>\n<meta property=\"og:title\" content=\"Downsizing - SC Works Worklink\" \/>\n<meta property=\"og:url\" content=\"https:\/\/worklinkweb.com\/es\/employers\/downsizing\/\" \/>\n<meta property=\"og:site_name\" content=\"SC Works Worklink\" \/>\n<meta property=\"article:publisher\" content=\"https:\/\/www.facebook.com\/SCWorksWorkLink\/\" \/>\n<meta property=\"article:modified_time\" content=\"2023-11-07T19:47:58+00:00\" \/>\n<meta property=\"og:image\" content=\"https:\/\/worklinkweb.com\/wp-content\/uploads\/2021\/06\/AdobeStock_202193944_Preview-300x200.jpeg\" \/>\n<meta name=\"twitter:card\" content=\"summary_large_image\" \/>\n<meta name=\"twitter:site\" content=\"@SCWorksWorkLink\" \/>\n<meta name=\"twitter:label1\" content=\"Tiempo de lectura\" \/>\n\t<meta name=\"twitter:data1\" content=\"3 minutos\" \/>\n<script type=\"application\/ld+json\" class=\"yoast-schema-graph\">{\"@context\":\"https:\\\/\\\/schema.org\",\"@graph\":[{\"@type\":\"WebPage\",\"@id\":\"https:\\\/\\\/worklinkweb.com\\\/employers\\\/downsizing\\\/\",\"url\":\"https:\\\/\\\/worklinkweb.com\\\/employers\\\/downsizing\\\/\",\"name\":\"Downsizing - SC Works Worklink\",\"isPartOf\":{\"@id\":\"https:\\\/\\\/worklinkweb.com\\\/en\\\/#website\"},\"primaryImageOfPage\":{\"@id\":\"https:\\\/\\\/worklinkweb.com\\\/employers\\\/downsizing\\\/#primaryimage\"},\"image\":{\"@id\":\"https:\\\/\\\/worklinkweb.com\\\/employers\\\/downsizing\\\/#primaryimage\"},\"thumbnailUrl\":\"https:\\\/\\\/worklinkweb.com\\\/wp-content\\\/uploads\\\/2021\\\/06\\\/AdobeStock_202193944_Preview-300x200.jpeg\",\"datePublished\":\"2015-10-28T02:20:12+00:00\",\"dateModified\":\"2023-11-07T19:47:58+00:00\",\"breadcrumb\":{\"@id\":\"https:\\\/\\\/worklinkweb.com\\\/employers\\\/downsizing\\\/#breadcrumb\"},\"inLanguage\":\"es\",\"potentialAction\":[{\"@type\":\"ReadAction\",\"target\":[\"https:\\\/\\\/worklinkweb.com\\\/employers\\\/downsizing\\\/\"]}]},{\"@type\":\"ImageObject\",\"inLanguage\":\"es\",\"@id\":\"https:\\\/\\\/worklinkweb.com\\\/employers\\\/downsizing\\\/#primaryimage\",\"url\":\"https:\\\/\\\/worklinkweb.com\\\/wp-content\\\/uploads\\\/2021\\\/06\\\/AdobeStock_202193944_Preview-300x200.jpeg\",\"contentUrl\":\"https:\\\/\\\/worklinkweb.com\\\/wp-content\\\/uploads\\\/2021\\\/06\\\/AdobeStock_202193944_Preview-300x200.jpeg\"},{\"@type\":\"BreadcrumbList\",\"@id\":\"https:\\\/\\\/worklinkweb.com\\\/employers\\\/downsizing\\\/#breadcrumb\",\"itemListElement\":[{\"@type\":\"ListItem\",\"position\":1,\"name\":\"Home\",\"item\":\"https:\\\/\\\/worklinkweb.com\\\/\"},{\"@type\":\"ListItem\",\"position\":2,\"name\":\"Employers\",\"item\":\"https:\\\/\\\/worklinkweb.com\\\/employers\\\/\"},{\"@type\":\"ListItem\",\"position\":3,\"name\":\"Downsizing\"}]},{\"@type\":\"WebSite\",\"@id\":\"https:\\\/\\\/worklinkweb.com\\\/en\\\/#website\",\"url\":\"https:\\\/\\\/worklinkweb.com\\\/en\\\/\",\"name\":\"SC Works Worklink\",\"description\":\"Bringing Employers &amp; Job Seekers Together\",\"publisher\":{\"@id\":\"https:\\\/\\\/worklinkweb.com\\\/en\\\/#organization\"},\"potentialAction\":[{\"@type\":\"SearchAction\",\"target\":{\"@type\":\"EntryPoint\",\"urlTemplate\":\"https:\\\/\\\/worklinkweb.com\\\/en\\\/?s={search_term_string}\"},\"query-input\":{\"@type\":\"PropertyValueSpecification\",\"valueRequired\":true,\"valueName\":\"search_term_string\"}}],\"inLanguage\":\"es\"},{\"@type\":\"Organization\",\"@id\":\"https:\\\/\\\/worklinkweb.com\\\/en\\\/#organization\",\"name\":\"SC Works Worklink\",\"url\":\"https:\\\/\\\/worklinkweb.com\\\/en\\\/\",\"logo\":{\"@type\":\"ImageObject\",\"inLanguage\":\"es\",\"@id\":\"https:\\\/\\\/worklinkweb.com\\\/en\\\/#\\\/schema\\\/logo\\\/image\\\/\",\"url\":\"https:\\\/\\\/worklinkweb.com\\\/wp-content\\\/uploads\\\/2021\\\/05\\\/logo.jpeg\",\"contentUrl\":\"https:\\\/\\\/worklinkweb.com\\\/wp-content\\\/uploads\\\/2021\\\/05\\\/logo.jpeg\",\"width\":582,\"height\":115,\"caption\":\"SC Works Worklink\"},\"image\":{\"@id\":\"https:\\\/\\\/worklinkweb.com\\\/en\\\/#\\\/schema\\\/logo\\\/image\\\/\"},\"sameAs\":[\"https:\\\/\\\/www.facebook.com\\\/SCWorksWorkLink\\\/\",\"https:\\\/\\\/x.com\\\/SCWorksWorkLink\",\"http:\\\/\\\/www.youtube.com\\\/user\\\/WorkLinkWeb\"]}]}<\/script>\n<!-- \/ Yoast SEO plugin. -->","yoast_head_json":{"title":"Reducci\u00f3n de personal - SC Works Worklink","robots":{"index":"index","follow":"follow","max-snippet":"max-snippet:-1","max-image-preview":"max-image-preview:large","max-video-preview":"max-video-preview:-1"},"canonical":"https:\/\/worklinkweb.com\/es\/employers\/downsizing\/","og_locale":"es_MX","og_type":"article","og_title":"Downsizing - SC Works Worklink","og_url":"https:\/\/worklinkweb.com\/es\/employers\/downsizing\/","og_site_name":"SC Works Worklink","article_publisher":"https:\/\/www.facebook.com\/SCWorksWorkLink\/","article_modified_time":"2023-11-07T19:47:58+00:00","og_image":[{"url":"https:\/\/worklinkweb.com\/wp-content\/uploads\/2021\/06\/AdobeStock_202193944_Preview-300x200.jpeg","type":"","width":"","height":""}],"twitter_card":"summary_large_image","twitter_site":"@SCWorksWorkLink","twitter_misc":{"Tiempo de lectura":"3 minutos"},"schema":{"@context":"https:\/\/schema.org","@graph":[{"@type":"WebPage","@id":"https:\/\/worklinkweb.com\/employers\/downsizing\/","url":"https:\/\/worklinkweb.com\/employers\/downsizing\/","name":"Reducci\u00f3n de personal - SC Works Worklink","isPartOf":{"@id":"https:\/\/worklinkweb.com\/en\/#website"},"primaryImageOfPage":{"@id":"https:\/\/worklinkweb.com\/employers\/downsizing\/#primaryimage"},"image":{"@id":"https:\/\/worklinkweb.com\/employers\/downsizing\/#primaryimage"},"thumbnailUrl":"https:\/\/worklinkweb.com\/wp-content\/uploads\/2021\/06\/AdobeStock_202193944_Preview-300x200.jpeg","datePublished":"2015-10-28T02:20:12+00:00","dateModified":"2023-11-07T19:47:58+00:00","breadcrumb":{"@id":"https:\/\/worklinkweb.com\/employers\/downsizing\/#breadcrumb"},"inLanguage":"es","potentialAction":[{"@type":"ReadAction","target":["https:\/\/worklinkweb.com\/employers\/downsizing\/"]}]},{"@type":"ImageObject","inLanguage":"es","@id":"https:\/\/worklinkweb.com\/employers\/downsizing\/#primaryimage","url":"https:\/\/worklinkweb.com\/wp-content\/uploads\/2021\/06\/AdobeStock_202193944_Preview-300x200.jpeg","contentUrl":"https:\/\/worklinkweb.com\/wp-content\/uploads\/2021\/06\/AdobeStock_202193944_Preview-300x200.jpeg"},{"@type":"BreadcrumbList","@id":"https:\/\/worklinkweb.com\/employers\/downsizing\/#breadcrumb","itemListElement":[{"@type":"ListItem","position":1,"name":"Home","item":"https:\/\/worklinkweb.com\/"},{"@type":"ListItem","position":2,"name":"Employers","item":"https:\/\/worklinkweb.com\/employers\/"},{"@type":"ListItem","position":3,"name":"Downsizing"}]},{"@type":"WebSite","@id":"https:\/\/worklinkweb.com\/en\/#website","url":"https:\/\/worklinkweb.com\/en\/","name":"SC Works Worklink","description":"Reunir a empleadores y solicitantes de empleo","publisher":{"@id":"https:\/\/worklinkweb.com\/en\/#organization"},"potentialAction":[{"@type":"SearchAction","target":{"@type":"EntryPoint","urlTemplate":"https:\/\/worklinkweb.com\/en\/?s={search_term_string}"},"query-input":{"@type":"PropertyValueSpecification","valueRequired":true,"valueName":"search_term_string"}}],"inLanguage":"es"},{"@type":"Organization","@id":"https:\/\/worklinkweb.com\/en\/#organization","name":"SC Works Worklink","url":"https:\/\/worklinkweb.com\/en\/","logo":{"@type":"ImageObject","inLanguage":"es","@id":"https:\/\/worklinkweb.com\/en\/#\/schema\/logo\/image\/","url":"https:\/\/worklinkweb.com\/wp-content\/uploads\/2021\/05\/logo.jpeg","contentUrl":"https:\/\/worklinkweb.com\/wp-content\/uploads\/2021\/05\/logo.jpeg","width":582,"height":115,"caption":"SC Works Worklink"},"image":{"@id":"https:\/\/worklinkweb.com\/en\/#\/schema\/logo\/image\/"},"sameAs":["https:\/\/www.facebook.com\/SCWorksWorkLink\/","https:\/\/x.com\/SCWorksWorkLink","http:\/\/www.youtube.com\/user\/WorkLinkWeb"]}]}},"_links":{"self":[{"href":"https:\/\/worklinkweb.com\/es\/wp-json\/wp\/v2\/pages\/282","targetHints":{"allow":["GET"]}}],"collection":[{"href":"https:\/\/worklinkweb.com\/es\/wp-json\/wp\/v2\/pages"}],"about":[{"href":"https:\/\/worklinkweb.com\/es\/wp-json\/wp\/v2\/types\/page"}],"author":[{"embeddable":true,"href":"https:\/\/worklinkweb.com\/es\/wp-json\/wp\/v2\/users\/1"}],"replies":[{"embeddable":true,"href":"https:\/\/worklinkweb.com\/es\/wp-json\/wp\/v2\/comments?post=282"}],"version-history":[{"count":12,"href":"https:\/\/worklinkweb.com\/es\/wp-json\/wp\/v2\/pages\/282\/revisions"}],"predecessor-version":[{"id":5848,"href":"https:\/\/worklinkweb.com\/es\/wp-json\/wp\/v2\/pages\/282\/revisions\/5848"}],"up":[{"embeddable":true,"href":"https:\/\/worklinkweb.com\/es\/wp-json\/wp\/v2\/pages\/226"}],"wp:attachment":[{"href":"https:\/\/worklinkweb.com\/es\/wp-json\/wp\/v2\/media?parent=282"}],"curies":[{"name":"wp","href":"https:\/\/api.w.org\/{rel}","templated":true}]}}