{"id":4199,"date":"2021-05-26T13:19:22","date_gmt":"2021-05-26T17:19:22","guid":{"rendered":"https:\/\/worklinkweb.com\/?page_id=4199"},"modified":"2026-03-27T16:40:14","modified_gmt":"2026-03-27T20:40:14","slug":"funding-opportunities","status":"publish","type":"page","link":"https:\/\/worklinkweb.com\/es\/bienvenidos\/oportunidades-de-financiamiento\/","title":{"rendered":"Partner"},"content":{"rendered":"<div class=\"wpb-content-wrapper\"><div class=\"vc_row wpb_row vc_row-fluid\"><div class=\"wpb_column vc_column_container vc_col-sm-12\"><div class=\"vc_column-inner\"><div class=\"wpb_wrapper\">\n\t<div class=\"wpb_text_column wpb_content_element\" >\n\t\t<div class=\"wpb_wrapper\">\n\t\t\t<h4><strong><a href=\"https:\/\/worklinkweb.com\/wp-content\/uploads\/2024\/12\/Stevens-Amendment-12.17.2024.pdf\">WorkLink Funding Sources (Stevens Amendment)<\/a><\/strong><\/h4>\n<p>WorkLink is funded by the Employment and Training Administration of the US Department of Labor. SC Department of Employment and Workforce serves as the pass-through agency for all local WIOA allocations. WorkLink also receives WIOA funding from the State Workforce Development Board through State Reserve initiatives. These funds are used to support employment and training activities authorized by the Workforce and Innovation Opportunity Act of 2014.<\/p>\n<h4>Solicitud de cotizaciones \/ propuestas<\/h4>\n<p>WorkLink es una organizaci\u00f3n financiada con fondos federales y est\u00e1 sujeta a las pautas de adquisici\u00f3n establecidas por el estado de Carolina del Sur y nuestra legislaci\u00f3n vigente, la Ley de Oportunidades e Innovaci\u00f3n de la Fuerza Laboral de 2014. Se publicar\u00e1n las oportunidades para que los proveedores y proveedores de servicios presenten cotizaciones y propuestas. <strong><a href=\"https:\/\/worklinkweb.com\/es\/about-worklink\/request-for-proposals\/\">aqu\u00ed.<\/a><\/strong><\/p>\n<h4><a href=\"http:\/\/scpath.org\">Convi\u00e9rtase en un proveedor de formaci\u00f3n elegible<\/a><\/h4>\n<p>Los proveedores de capacitaci\u00f3n o las instituciones de educaci\u00f3n superior pueden recibir un reembolso para los estudiantes elegibles de WIOA.<\/p>\n<p>Para recibir el reembolso, WIOA requiere que los Proveedores de Capacitaci\u00f3n presenten una solicitud para ser aceptados en una lista estatal de Proveedores de Capacitaci\u00f3n certificados, referidos principalmente como la Lista de Proveedores de Capacitaci\u00f3n Elegibles (ETPL), a la Junta de Desarrollo de la Fuerza Laboral de WorkLink.<\/p>\n<p>La inclusi\u00f3n en el ETPL no garantiza que un proveedor de capacitaci\u00f3n reciba el reembolso de fondos de la WIOA para todos los programas de estudio que ofrece. La disponibilidad limitada de financiamiento de becas, el costo del programa de estudio, la participaci\u00f3n de un estudiante en el programa WIOA antes de comenzar su capacitaci\u00f3n y si los programas conducen o no a una credencial reconocida a nivel nacional en una ocupaci\u00f3n en demanda, todos juegan un factor en si un Proveedor de Capacitaci\u00f3n podr\u00e1 o no recibir un reembolso por los costos de capacitaci\u00f3n del estudiante.<\/p>\n<p>Si usted es un proveedor de capacitaci\u00f3n y est\u00e1 interesado en saber si puede ser incluido en el ETPL para el \u00e1rea de WorkLink, visite el sitio web de Palmetto Academic and Training Hub. <strong><a href=\"http:\/\/scpath.org\">scpath.org<\/a><\/strong>, o comun\u00edquese con Windy Graham al\u00a0<a href=\"mailto:wgraham@worklinkweb.com\">wgraham@worklinkweb.com<\/a> o al (864) 646-1826.<\/p>\n<h4>Solicite subvenciones para la formaci\u00f3n de trabajadores titulares<\/h4>\n<p><strong><a href=\"https:\/\/worklinkweb.com\/es\/about-worklink\/apply-for-incumbent-worker-training-grants\/\">Ver aplicaciones actuales de IWT<\/a><\/strong><\/p>\n<p><img loading=\"lazy\" decoding=\"async\" class=\"alignright size-medium wp-image-4423\" src=\"https:\/\/worklinkweb.com\/wp-content\/uploads\/2021\/06\/AdobeStock_113707628-team-is-working-and-looking-a-tablet-300x200.jpeg\" alt=\"\" width=\"300\" height=\"200\" srcset=\"https:\/\/worklinkweb.com\/wp-content\/uploads\/2021\/06\/AdobeStock_113707628-team-is-working-and-looking-a-tablet-300x200.jpeg 300w, https:\/\/worklinkweb.com\/wp-content\/uploads\/2021\/06\/AdobeStock_113707628-team-is-working-and-looking-a-tablet-768x512.jpeg 768w, https:\/\/worklinkweb.com\/wp-content\/uploads\/2021\/06\/AdobeStock_113707628-team-is-working-and-looking-a-tablet-16x12.jpeg 16w, https:\/\/worklinkweb.com\/wp-content\/uploads\/2021\/06\/AdobeStock_113707628-team-is-working-and-looking-a-tablet.jpeg 800w\" sizes=\"auto, (max-width: 300px) 100vw, 300px\" \/>La Capacitaci\u00f3n para trabajadores titulares (IWT) proporciona recursos para que las empresas capaciten a los trabajadores actualmente empleados en un esfuerzo por mantener la competitividad de las empresas y los trabajadores. IWT financia la capacitaci\u00f3n necesaria en los negocios actuales debido a la expansi\u00f3n, nueva tecnolog\u00eda, reequipamiento, nuevos servicios \/ l\u00edneas de productos y nueva estructura organizacional o como parte de una estrategia de aversi\u00f3n al despido. IWT tambi\u00e9n puede financiar la capacitaci\u00f3n en nuevos negocios si esos trabajos no son elegibles para recibir asistencia a trav\u00e9s de readySC \u2122. Sin embargo, habr\u00e1 un per\u00edodo de espera de 120 d\u00edas para empresas nuevas o en expansi\u00f3n que hayan desplazado a trabajadores a otras partes de los Estados Unidos.<\/p>\n<p>Las empresas que tienen al menos un empleado de tiempo completo y est\u00e1n al d\u00eda con todas las obligaciones fiscales estatales pueden recibir reembolsos por gastos de capacitaci\u00f3n que van desde habilidades acad\u00e9micas b\u00e1sicas hasta habilidades espec\u00edficas de la empresa y certificaciones de la industria.<\/p>\n<p>WorkLink solicita solicitudes anualmente. Vuelva a consultar aqu\u00ed para conocer las solicitudes actuales.<\/p>\n<p>To learn more about the IWT Program or to inquire if WorkLink is currently accepting IWT Applications, contact Victoria Britton at (864) 646-5898.<\/p>\n<h3>Oportunidades de becas<\/h3>\n<p>If you are interested in scholarship opportunities, please contact the SC Works WIOA program, serving adults 18 and older, at (864) 722-9275, or the Palmetto Youth Connections Program, serving youth 17-24 year olds, at (864) 633-6354.<\/p>\n<p>Servicio de retransmisi\u00f3n Marque 711 (TTY).<\/p>\n\n\t\t<\/div>\n\t<\/div>\n<\/div><\/div><\/div><\/div>\n<\/div>","protected":false},"excerpt":{"rendered":"WorkLink Funding Sources (Stevens Amendment) WorkLink is funded by the Employment and Training Administration of the US Department of Labor. SC Department of Employment and Workforce serves as the pass-through...  <a class=\"excerpt-read-more\" href=\"https:\/\/worklinkweb.com\/es\/bienvenidos\/oportunidades-de-financiamiento\/\" title=\"ReadPartner\">Read more &raquo;<\/a>","protected":false},"author":1,"featured_media":0,"parent":87,"menu_order":0,"comment_status":"closed","ping_status":"closed","template":"page-about.php","meta":{"footnotes":""},"class_list":["post-4199","page","type-page","status-publish","hentry"],"yoast_head":"<!-- This site is optimized with the Yoast SEO plugin v27.4 - https:\/\/yoast.com\/product\/yoast-seo-wordpress\/ -->\n<title>Partner - SC Works Worklink<\/title>\n<meta name=\"robots\" content=\"index, follow, max-snippet:-1, max-image-preview:large, max-video-preview:-1\" \/>\n<link rel=\"canonical\" href=\"https:\/\/worklinkweb.com\/es\/about-worklink\/funding-opportunities\/\" \/>\n<meta property=\"og:locale\" content=\"es_MX\" \/>\n<meta property=\"og:type\" content=\"article\" \/>\n<meta property=\"og:title\" content=\"Partner - SC Works Worklink\" \/>\n<meta property=\"og:url\" content=\"https:\/\/worklinkweb.com\/es\/about-worklink\/funding-opportunities\/\" \/>\n<meta property=\"og:site_name\" content=\"SC Works Worklink\" \/>\n<meta property=\"article:publisher\" content=\"https:\/\/www.facebook.com\/SCWorksWorkLink\/\" \/>\n<meta property=\"article:modified_time\" content=\"2026-03-27T20:40:14+00:00\" \/>\n<meta property=\"og:image\" content=\"https:\/\/worklinkweb.com\/wp-content\/uploads\/2021\/06\/AdobeStock_113707628-team-is-working-and-looking-a-tablet.jpeg\" \/>\n\t<meta property=\"og:image:width\" content=\"800\" \/>\n\t<meta property=\"og:image:height\" content=\"533\" \/>\n\t<meta property=\"og:image:type\" content=\"image\/jpeg\" \/>\n<meta name=\"twitter:card\" content=\"summary_large_image\" \/>\n<meta name=\"twitter:site\" content=\"@SCWorksWorkLink\" \/>\n<meta name=\"twitter:label1\" content=\"Tiempo de lectura\" \/>\n\t<meta name=\"twitter:data1\" content=\"3 minutos\" \/>\n<script type=\"application\/ld+json\" class=\"yoast-schema-graph\">{\"@context\":\"https:\\\/\\\/schema.org\",\"@graph\":[{\"@type\":\"WebPage\",\"@id\":\"https:\\\/\\\/worklinkweb.com\\\/about-worklink\\\/funding-opportunities\\\/\",\"url\":\"https:\\\/\\\/worklinkweb.com\\\/about-worklink\\\/funding-opportunities\\\/\",\"name\":\"Partner - SC Works Worklink\",\"isPartOf\":{\"@id\":\"https:\\\/\\\/worklinkweb.com\\\/en\\\/#website\"},\"primaryImageOfPage\":{\"@id\":\"https:\\\/\\\/worklinkweb.com\\\/about-worklink\\\/funding-opportunities\\\/#primaryimage\"},\"image\":{\"@id\":\"https:\\\/\\\/worklinkweb.com\\\/about-worklink\\\/funding-opportunities\\\/#primaryimage\"},\"thumbnailUrl\":\"https:\\\/\\\/worklinkweb.com\\\/wp-content\\\/uploads\\\/2021\\\/06\\\/AdobeStock_113707628-team-is-working-and-looking-a-tablet-300x200.jpeg\",\"datePublished\":\"2021-05-26T17:19:22+00:00\",\"dateModified\":\"2026-03-27T20:40:14+00:00\",\"breadcrumb\":{\"@id\":\"https:\\\/\\\/worklinkweb.com\\\/about-worklink\\\/funding-opportunities\\\/#breadcrumb\"},\"inLanguage\":\"es\",\"potentialAction\":[{\"@type\":\"ReadAction\",\"target\":[\"https:\\\/\\\/worklinkweb.com\\\/about-worklink\\\/funding-opportunities\\\/\"]}]},{\"@type\":\"ImageObject\",\"inLanguage\":\"es\",\"@id\":\"https:\\\/\\\/worklinkweb.com\\\/about-worklink\\\/funding-opportunities\\\/#primaryimage\",\"url\":\"https:\\\/\\\/worklinkweb.com\\\/wp-content\\\/uploads\\\/2021\\\/06\\\/AdobeStock_113707628-team-is-working-and-looking-a-tablet-300x200.jpeg\",\"contentUrl\":\"https:\\\/\\\/worklinkweb.com\\\/wp-content\\\/uploads\\\/2021\\\/06\\\/AdobeStock_113707628-team-is-working-and-looking-a-tablet-300x200.jpeg\"},{\"@type\":\"BreadcrumbList\",\"@id\":\"https:\\\/\\\/worklinkweb.com\\\/about-worklink\\\/funding-opportunities\\\/#breadcrumb\",\"itemListElement\":[{\"@type\":\"ListItem\",\"position\":1,\"name\":\"Home\",\"item\":\"https:\\\/\\\/worklinkweb.com\\\/\"},{\"@type\":\"ListItem\",\"position\":2,\"name\":\"About Worklink\",\"item\":\"https:\\\/\\\/worklinkweb.com\\\/about-worklink\\\/\"},{\"@type\":\"ListItem\",\"position\":3,\"name\":\"Partner\"}]},{\"@type\":\"WebSite\",\"@id\":\"https:\\\/\\\/worklinkweb.com\\\/en\\\/#website\",\"url\":\"https:\\\/\\\/worklinkweb.com\\\/en\\\/\",\"name\":\"SC Works Worklink\",\"description\":\"Bringing Employers &amp; Job Seekers Together\",\"publisher\":{\"@id\":\"https:\\\/\\\/worklinkweb.com\\\/en\\\/#organization\"},\"potentialAction\":[{\"@type\":\"SearchAction\",\"target\":{\"@type\":\"EntryPoint\",\"urlTemplate\":\"https:\\\/\\\/worklinkweb.com\\\/en\\\/?s={search_term_string}\"},\"query-input\":{\"@type\":\"PropertyValueSpecification\",\"valueRequired\":true,\"valueName\":\"search_term_string\"}}],\"inLanguage\":\"es\"},{\"@type\":\"Organization\",\"@id\":\"https:\\\/\\\/worklinkweb.com\\\/en\\\/#organization\",\"name\":\"SC Works Worklink\",\"url\":\"https:\\\/\\\/worklinkweb.com\\\/en\\\/\",\"logo\":{\"@type\":\"ImageObject\",\"inLanguage\":\"es\",\"@id\":\"https:\\\/\\\/worklinkweb.com\\\/en\\\/#\\\/schema\\\/logo\\\/image\\\/\",\"url\":\"https:\\\/\\\/worklinkweb.com\\\/wp-content\\\/uploads\\\/2021\\\/05\\\/logo.jpeg\",\"contentUrl\":\"https:\\\/\\\/worklinkweb.com\\\/wp-content\\\/uploads\\\/2021\\\/05\\\/logo.jpeg\",\"width\":582,\"height\":115,\"caption\":\"SC Works Worklink\"},\"image\":{\"@id\":\"https:\\\/\\\/worklinkweb.com\\\/en\\\/#\\\/schema\\\/logo\\\/image\\\/\"},\"sameAs\":[\"https:\\\/\\\/www.facebook.com\\\/SCWorksWorkLink\\\/\",\"https:\\\/\\\/x.com\\\/SCWorksWorkLink\",\"http:\\\/\\\/www.youtube.com\\\/user\\\/WorkLinkWeb\"]}]}<\/script>\n<!-- \/ Yoast SEO plugin. -->","yoast_head_json":{"title":"Partner - SC Works Worklink","robots":{"index":"index","follow":"follow","max-snippet":"max-snippet:-1","max-image-preview":"max-image-preview:large","max-video-preview":"max-video-preview:-1"},"canonical":"https:\/\/worklinkweb.com\/es\/about-worklink\/funding-opportunities\/","og_locale":"es_MX","og_type":"article","og_title":"Partner - SC Works Worklink","og_url":"https:\/\/worklinkweb.com\/es\/about-worklink\/funding-opportunities\/","og_site_name":"SC Works Worklink","article_publisher":"https:\/\/www.facebook.com\/SCWorksWorkLink\/","article_modified_time":"2026-03-27T20:40:14+00:00","og_image":[{"width":800,"height":533,"url":"https:\/\/worklinkweb.com\/wp-content\/uploads\/2021\/06\/AdobeStock_113707628-team-is-working-and-looking-a-tablet.jpeg","type":"image\/jpeg"}],"twitter_card":"summary_large_image","twitter_site":"@SCWorksWorkLink","twitter_misc":{"Tiempo de lectura":"3 minutos"},"schema":{"@context":"https:\/\/schema.org","@graph":[{"@type":"WebPage","@id":"https:\/\/worklinkweb.com\/about-worklink\/funding-opportunities\/","url":"https:\/\/worklinkweb.com\/about-worklink\/funding-opportunities\/","name":"Partner - SC Works Worklink","isPartOf":{"@id":"https:\/\/worklinkweb.com\/en\/#website"},"primaryImageOfPage":{"@id":"https:\/\/worklinkweb.com\/about-worklink\/funding-opportunities\/#primaryimage"},"image":{"@id":"https:\/\/worklinkweb.com\/about-worklink\/funding-opportunities\/#primaryimage"},"thumbnailUrl":"https:\/\/worklinkweb.com\/wp-content\/uploads\/2021\/06\/AdobeStock_113707628-team-is-working-and-looking-a-tablet-300x200.jpeg","datePublished":"2021-05-26T17:19:22+00:00","dateModified":"2026-03-27T20:40:14+00:00","breadcrumb":{"@id":"https:\/\/worklinkweb.com\/about-worklink\/funding-opportunities\/#breadcrumb"},"inLanguage":"es","potentialAction":[{"@type":"ReadAction","target":["https:\/\/worklinkweb.com\/about-worklink\/funding-opportunities\/"]}]},{"@type":"ImageObject","inLanguage":"es","@id":"https:\/\/worklinkweb.com\/about-worklink\/funding-opportunities\/#primaryimage","url":"https:\/\/worklinkweb.com\/wp-content\/uploads\/2021\/06\/AdobeStock_113707628-team-is-working-and-looking-a-tablet-300x200.jpeg","contentUrl":"https:\/\/worklinkweb.com\/wp-content\/uploads\/2021\/06\/AdobeStock_113707628-team-is-working-and-looking-a-tablet-300x200.jpeg"},{"@type":"BreadcrumbList","@id":"https:\/\/worklinkweb.com\/about-worklink\/funding-opportunities\/#breadcrumb","itemListElement":[{"@type":"ListItem","position":1,"name":"Home","item":"https:\/\/worklinkweb.com\/"},{"@type":"ListItem","position":2,"name":"About Worklink","item":"https:\/\/worklinkweb.com\/about-worklink\/"},{"@type":"ListItem","position":3,"name":"Partner"}]},{"@type":"WebSite","@id":"https:\/\/worklinkweb.com\/en\/#website","url":"https:\/\/worklinkweb.com\/en\/","name":"SC Works Worklink","description":"Reunir a empleadores y solicitantes de empleo","publisher":{"@id":"https:\/\/worklinkweb.com\/en\/#organization"},"potentialAction":[{"@type":"SearchAction","target":{"@type":"EntryPoint","urlTemplate":"https:\/\/worklinkweb.com\/en\/?s={search_term_string}"},"query-input":{"@type":"PropertyValueSpecification","valueRequired":true,"valueName":"search_term_string"}}],"inLanguage":"es"},{"@type":"Organization","@id":"https:\/\/worklinkweb.com\/en\/#organization","name":"SC Works Worklink","url":"https:\/\/worklinkweb.com\/en\/","logo":{"@type":"ImageObject","inLanguage":"es","@id":"https:\/\/worklinkweb.com\/en\/#\/schema\/logo\/image\/","url":"https:\/\/worklinkweb.com\/wp-content\/uploads\/2021\/05\/logo.jpeg","contentUrl":"https:\/\/worklinkweb.com\/wp-content\/uploads\/2021\/05\/logo.jpeg","width":582,"height":115,"caption":"SC Works Worklink"},"image":{"@id":"https:\/\/worklinkweb.com\/en\/#\/schema\/logo\/image\/"},"sameAs":["https:\/\/www.facebook.com\/SCWorksWorkLink\/","https:\/\/x.com\/SCWorksWorkLink","http:\/\/www.youtube.com\/user\/WorkLinkWeb"]}]}},"_links":{"self":[{"href":"https:\/\/worklinkweb.com\/es\/wp-json\/wp\/v2\/pages\/4199","targetHints":{"allow":["GET"]}}],"collection":[{"href":"https:\/\/worklinkweb.com\/es\/wp-json\/wp\/v2\/pages"}],"about":[{"href":"https:\/\/worklinkweb.com\/es\/wp-json\/wp\/v2\/types\/page"}],"author":[{"embeddable":true,"href":"https:\/\/worklinkweb.com\/es\/wp-json\/wp\/v2\/users\/1"}],"replies":[{"embeddable":true,"href":"https:\/\/worklinkweb.com\/es\/wp-json\/wp\/v2\/comments?post=4199"}],"version-history":[{"count":26,"href":"https:\/\/worklinkweb.com\/es\/wp-json\/wp\/v2\/pages\/4199\/revisions"}],"predecessor-version":[{"id":5259,"href":"https:\/\/worklinkweb.com\/es\/wp-json\/wp\/v2\/pages\/4199\/revisions\/5259"}],"up":[{"embeddable":true,"href":"https:\/\/worklinkweb.com\/es\/wp-json\/wp\/v2\/pages\/87"}],"wp:attachment":[{"href":"https:\/\/worklinkweb.com\/es\/wp-json\/wp\/v2\/media?parent=4199"}],"curies":[{"name":"wp","href":"https:\/\/api.w.org\/{rel}","templated":true}]}}