{"id":4557,"date":"2021-06-24T14:53:14","date_gmt":"2021-06-24T18:53:14","guid":{"rendered":"https:\/\/worklinkweb.com\/?page_id=4557"},"modified":"2021-06-24T15:02:21","modified_gmt":"2021-06-24T19:02:21","slug":"completes-nurses-aid-certification","status":"publish","type":"page","link":"https:\/\/worklinkweb.com\/es\/juventud\/completa-certificacion-de-ayuda-de-enfermeras\/","title":{"rendered":"Completa la certificaci\u00f3n de ayuda de enfermer\u00eda"},"content":{"rendered":"<p><img loading=\"lazy\" decoding=\"async\" class=\"alignright size-medium wp-image-4546\" src=\"https:\/\/worklinkweb.com\/wp-content\/uploads\/2021\/06\/CameronGantt-225x300.jpg\" alt=\"\" width=\"225\" height=\"300\" srcset=\"https:\/\/worklinkweb.com\/wp-content\/uploads\/2021\/06\/CameronGantt-225x300.jpg 225w, https:\/\/worklinkweb.com\/wp-content\/uploads\/2021\/06\/CameronGantt-9x12.jpg 9w, https:\/\/worklinkweb.com\/wp-content\/uploads\/2021\/06\/CameronGantt.jpg 270w\" sizes=\"auto, (max-width: 225px) 100vw, 225px\" \/>Cameron abandon\u00f3 la escuela secundaria a los 16 a\u00f1os durante los 10<sup>th<\/sup> calificaci\u00f3n. Hubo cuestiones delicadas que llevaron a este hecho. Hab\u00eda cambiado de escuela despu\u00e9s de una mudanza y surgieron situaciones que hicieron que abandonara la escuela. Durante este tiempo, los acontecimientos de la vida de Cameron lo llevaron a decidir seguir su GED, lo que lo llev\u00f3 a Anderson Adult Education y Palmetto Youth Connections (PYC). Cameron tambi\u00e9n tuvo un gran apoyo familiar para respaldarlo y hacer posible este objetivo. PYC fue y se siente honrado de ser parte de sus \u00e9xitos. Su apoyo familiar junto con PYC fue lo que realmente lo motiv\u00f3 a completar su GED y promover sus metas profesionales. PYC estuvo all\u00ed para apoyar todos los objetivos y ayudar a Cameron mientras obten\u00eda su GED.<\/p>\n<p>Mientras Cameron estaba cursando su GED, tambi\u00e9n estaba trabajando en habilidades que lo llevaban al empleo y al progreso de su educaci\u00f3n. Mejor\u00f3 sus habilidades en lectura y matem\u00e1ticas progresando en matem\u00e1ticas mientras sub\u00eda la lectura en dos niveles. Tambi\u00e9n complet\u00f3 las clases Career Smart y tambi\u00e9n obtuvo un certificado en Servicios de apoyo hotelero. Cameron fue colocado en el United Way del condado de Anderson para recibir capacitaci\u00f3n en experiencia laboral. Afirm\u00f3 que est\u00e1 agradecido por la formaci\u00f3n en experiencia laboral que tanto ha ganado con la formaci\u00f3n y disfruta del entorno profesional. Tiene una mejor comprensi\u00f3n de las necesidades de nuestras comunidades y su deseo de ayudar a las personas ha aumentado. La capacitaci\u00f3n en experiencia laboral ayud\u00f3 a confirmarle que desea seguir una carrera m\u00e9dica. Con la ayuda de PYC, Cameron obtuvo una certificaci\u00f3n de asistente de enfermer\u00eda a trav\u00e9s de Tri County Technical College y planea obtener una certificaci\u00f3n de asistente m\u00e9dico para ampliar sus opciones profesionales.<\/p>\n<p>Despu\u00e9s de completar su certificaci\u00f3n de Auxiliar de enfermer\u00eda, Cameron pudo obtener un puesto de Auxiliar de enfermer\u00eda y un empleo de tiempo completo en Clemson Downs. Cameron afirma que est\u00e1 agradecido por la ayuda que ha recibido de PYC y agradece el apoyo adicional que se le ha brindado. PYC se enorgullece de los logros de Cameron y es un honor para nosotros haber podido apoyarlo mientras persigue una vida productiva y exitosa para s\u00ed mismo.<\/p>","protected":false},"excerpt":{"rendered":"<p>Cameron dropped out of high school at age 16 during the 10th grade. There were sensitive issues that led up to this occurrence. He had changed schools after a move&#8230;  <a class=\"excerpt-read-more\" href=\"https:\/\/worklinkweb.com\/es\/juventud\/completa-certificacion-de-ayuda-de-enfermeras\/\" title=\"ReadCompletes Nurses Aid Certification\">Read more &raquo;<\/a><\/p>","protected":false},"author":1,"featured_media":0,"parent":96,"menu_order":0,"comment_status":"closed","ping_status":"closed","template":"page-youth.php","meta":{"footnotes":""},"class_list":["post-4557","page","type-page","status-publish","hentry"],"yoast_head":"<!-- This site is optimized with the Yoast SEO plugin v27.4 - https:\/\/yoast.com\/product\/yoast-seo-wordpress\/ -->\n<title>Completes Nurses Aid Certification - SC Works Worklink<\/title>\n<meta name=\"robots\" content=\"index, follow, max-snippet:-1, max-image-preview:large, max-video-preview:-1\" \/>\n<link rel=\"canonical\" href=\"https:\/\/worklinkweb.com\/es\/youth\/completes-nurses-aid-certification\/\" \/>\n<meta property=\"og:locale\" content=\"es_MX\" \/>\n<meta property=\"og:type\" content=\"article\" \/>\n<meta property=\"og:title\" content=\"Completes Nurses Aid Certification - SC Works Worklink\" \/>\n<meta property=\"og:description\" content=\"Cameron dropped out of high school at age 16 during the 10th grade. There were sensitive issues that led up to this occurrence. He had changed schools after a move... Read more &raquo;\" \/>\n<meta property=\"og:url\" content=\"https:\/\/worklinkweb.com\/es\/youth\/completes-nurses-aid-certification\/\" \/>\n<meta property=\"og:site_name\" content=\"SC Works Worklink\" \/>\n<meta property=\"article:publisher\" content=\"https:\/\/www.facebook.com\/SCWorksWorkLink\/\" \/>\n<meta property=\"article:modified_time\" content=\"2021-06-24T19:02:21+00:00\" \/>\n<meta property=\"og:image\" content=\"https:\/\/worklinkweb.com\/wp-content\/uploads\/2021\/06\/CameronGantt-225x300.jpg\" \/>\n<meta name=\"twitter:card\" content=\"summary_large_image\" \/>\n<meta name=\"twitter:site\" content=\"@SCWorksWorkLink\" \/>\n<meta name=\"twitter:label1\" content=\"Tiempo de lectura\" \/>\n\t<meta name=\"twitter:data1\" content=\"2 minutos\" \/>\n<script type=\"application\/ld+json\" class=\"yoast-schema-graph\">{\"@context\":\"https:\\\/\\\/schema.org\",\"@graph\":[{\"@type\":\"WebPage\",\"@id\":\"https:\\\/\\\/worklinkweb.com\\\/youth\\\/completes-nurses-aid-certification\\\/\",\"url\":\"https:\\\/\\\/worklinkweb.com\\\/youth\\\/completes-nurses-aid-certification\\\/\",\"name\":\"Completes Nurses Aid Certification - SC Works Worklink\",\"isPartOf\":{\"@id\":\"https:\\\/\\\/worklinkweb.com\\\/en\\\/#website\"},\"primaryImageOfPage\":{\"@id\":\"https:\\\/\\\/worklinkweb.com\\\/youth\\\/completes-nurses-aid-certification\\\/#primaryimage\"},\"image\":{\"@id\":\"https:\\\/\\\/worklinkweb.com\\\/youth\\\/completes-nurses-aid-certification\\\/#primaryimage\"},\"thumbnailUrl\":\"https:\\\/\\\/worklinkweb.com\\\/wp-content\\\/uploads\\\/2021\\\/06\\\/CameronGantt-225x300.jpg\",\"datePublished\":\"2021-06-24T18:53:14+00:00\",\"dateModified\":\"2021-06-24T19:02:21+00:00\",\"breadcrumb\":{\"@id\":\"https:\\\/\\\/worklinkweb.com\\\/youth\\\/completes-nurses-aid-certification\\\/#breadcrumb\"},\"inLanguage\":\"es\",\"potentialAction\":[{\"@type\":\"ReadAction\",\"target\":[\"https:\\\/\\\/worklinkweb.com\\\/youth\\\/completes-nurses-aid-certification\\\/\"]}]},{\"@type\":\"ImageObject\",\"inLanguage\":\"es\",\"@id\":\"https:\\\/\\\/worklinkweb.com\\\/youth\\\/completes-nurses-aid-certification\\\/#primaryimage\",\"url\":\"https:\\\/\\\/worklinkweb.com\\\/wp-content\\\/uploads\\\/2021\\\/06\\\/CameronGantt-225x300.jpg\",\"contentUrl\":\"https:\\\/\\\/worklinkweb.com\\\/wp-content\\\/uploads\\\/2021\\\/06\\\/CameronGantt-225x300.jpg\"},{\"@type\":\"BreadcrumbList\",\"@id\":\"https:\\\/\\\/worklinkweb.com\\\/youth\\\/completes-nurses-aid-certification\\\/#breadcrumb\",\"itemListElement\":[{\"@type\":\"ListItem\",\"position\":1,\"name\":\"Home\",\"item\":\"https:\\\/\\\/worklinkweb.com\\\/\"},{\"@type\":\"ListItem\",\"position\":2,\"name\":\"Youth\",\"item\":\"https:\\\/\\\/worklinkweb.com\\\/youth\\\/\"},{\"@type\":\"ListItem\",\"position\":3,\"name\":\"Completes Nurses Aid Certification\"}]},{\"@type\":\"WebSite\",\"@id\":\"https:\\\/\\\/worklinkweb.com\\\/en\\\/#website\",\"url\":\"https:\\\/\\\/worklinkweb.com\\\/en\\\/\",\"name\":\"SC Works Worklink\",\"description\":\"Bringing Employers &amp; Job Seekers Together\",\"publisher\":{\"@id\":\"https:\\\/\\\/worklinkweb.com\\\/en\\\/#organization\"},\"potentialAction\":[{\"@type\":\"SearchAction\",\"target\":{\"@type\":\"EntryPoint\",\"urlTemplate\":\"https:\\\/\\\/worklinkweb.com\\\/en\\\/?s={search_term_string}\"},\"query-input\":{\"@type\":\"PropertyValueSpecification\",\"valueRequired\":true,\"valueName\":\"search_term_string\"}}],\"inLanguage\":\"es\"},{\"@type\":\"Organization\",\"@id\":\"https:\\\/\\\/worklinkweb.com\\\/en\\\/#organization\",\"name\":\"SC Works Worklink\",\"url\":\"https:\\\/\\\/worklinkweb.com\\\/en\\\/\",\"logo\":{\"@type\":\"ImageObject\",\"inLanguage\":\"es\",\"@id\":\"https:\\\/\\\/worklinkweb.com\\\/en\\\/#\\\/schema\\\/logo\\\/image\\\/\",\"url\":\"https:\\\/\\\/worklinkweb.com\\\/wp-content\\\/uploads\\\/2021\\\/05\\\/logo.jpeg\",\"contentUrl\":\"https:\\\/\\\/worklinkweb.com\\\/wp-content\\\/uploads\\\/2021\\\/05\\\/logo.jpeg\",\"width\":582,\"height\":115,\"caption\":\"SC Works Worklink\"},\"image\":{\"@id\":\"https:\\\/\\\/worklinkweb.com\\\/en\\\/#\\\/schema\\\/logo\\\/image\\\/\"},\"sameAs\":[\"https:\\\/\\\/www.facebook.com\\\/SCWorksWorkLink\\\/\",\"https:\\\/\\\/x.com\\\/SCWorksWorkLink\",\"http:\\\/\\\/www.youtube.com\\\/user\\\/WorkLinkWeb\"]}]}<\/script>\n<!-- \/ Yoast SEO plugin. -->","yoast_head_json":{"title":"Completa la certificaci\u00f3n de ayuda de enfermer\u00eda - SC Works Worklink","robots":{"index":"index","follow":"follow","max-snippet":"max-snippet:-1","max-image-preview":"max-image-preview:large","max-video-preview":"max-video-preview:-1"},"canonical":"https:\/\/worklinkweb.com\/es\/youth\/completes-nurses-aid-certification\/","og_locale":"es_MX","og_type":"article","og_title":"Completes Nurses Aid Certification - SC Works Worklink","og_description":"Cameron dropped out of high school at age 16 during the 10th grade. There were sensitive issues that led up to this occurrence. He had changed schools after a move... Read more &raquo;","og_url":"https:\/\/worklinkweb.com\/es\/youth\/completes-nurses-aid-certification\/","og_site_name":"SC Works Worklink","article_publisher":"https:\/\/www.facebook.com\/SCWorksWorkLink\/","article_modified_time":"2021-06-24T19:02:21+00:00","og_image":[{"url":"https:\/\/worklinkweb.com\/wp-content\/uploads\/2021\/06\/CameronGantt-225x300.jpg","type":"","width":"","height":""}],"twitter_card":"summary_large_image","twitter_site":"@SCWorksWorkLink","twitter_misc":{"Tiempo de lectura":"2 minutos"},"schema":{"@context":"https:\/\/schema.org","@graph":[{"@type":"WebPage","@id":"https:\/\/worklinkweb.com\/youth\/completes-nurses-aid-certification\/","url":"https:\/\/worklinkweb.com\/youth\/completes-nurses-aid-certification\/","name":"Completa la certificaci\u00f3n de ayuda de enfermer\u00eda - SC Works Worklink","isPartOf":{"@id":"https:\/\/worklinkweb.com\/en\/#website"},"primaryImageOfPage":{"@id":"https:\/\/worklinkweb.com\/youth\/completes-nurses-aid-certification\/#primaryimage"},"image":{"@id":"https:\/\/worklinkweb.com\/youth\/completes-nurses-aid-certification\/#primaryimage"},"thumbnailUrl":"https:\/\/worklinkweb.com\/wp-content\/uploads\/2021\/06\/CameronGantt-225x300.jpg","datePublished":"2021-06-24T18:53:14+00:00","dateModified":"2021-06-24T19:02:21+00:00","breadcrumb":{"@id":"https:\/\/worklinkweb.com\/youth\/completes-nurses-aid-certification\/#breadcrumb"},"inLanguage":"es","potentialAction":[{"@type":"ReadAction","target":["https:\/\/worklinkweb.com\/youth\/completes-nurses-aid-certification\/"]}]},{"@type":"ImageObject","inLanguage":"es","@id":"https:\/\/worklinkweb.com\/youth\/completes-nurses-aid-certification\/#primaryimage","url":"https:\/\/worklinkweb.com\/wp-content\/uploads\/2021\/06\/CameronGantt-225x300.jpg","contentUrl":"https:\/\/worklinkweb.com\/wp-content\/uploads\/2021\/06\/CameronGantt-225x300.jpg"},{"@type":"BreadcrumbList","@id":"https:\/\/worklinkweb.com\/youth\/completes-nurses-aid-certification\/#breadcrumb","itemListElement":[{"@type":"ListItem","position":1,"name":"Home","item":"https:\/\/worklinkweb.com\/"},{"@type":"ListItem","position":2,"name":"Youth","item":"https:\/\/worklinkweb.com\/youth\/"},{"@type":"ListItem","position":3,"name":"Completes Nurses Aid Certification"}]},{"@type":"WebSite","@id":"https:\/\/worklinkweb.com\/en\/#website","url":"https:\/\/worklinkweb.com\/en\/","name":"SC Works Worklink","description":"Reunir a empleadores y solicitantes de empleo","publisher":{"@id":"https:\/\/worklinkweb.com\/en\/#organization"},"potentialAction":[{"@type":"SearchAction","target":{"@type":"EntryPoint","urlTemplate":"https:\/\/worklinkweb.com\/en\/?s={search_term_string}"},"query-input":{"@type":"PropertyValueSpecification","valueRequired":true,"valueName":"search_term_string"}}],"inLanguage":"es"},{"@type":"Organization","@id":"https:\/\/worklinkweb.com\/en\/#organization","name":"SC Works Worklink","url":"https:\/\/worklinkweb.com\/en\/","logo":{"@type":"ImageObject","inLanguage":"es","@id":"https:\/\/worklinkweb.com\/en\/#\/schema\/logo\/image\/","url":"https:\/\/worklinkweb.com\/wp-content\/uploads\/2021\/05\/logo.jpeg","contentUrl":"https:\/\/worklinkweb.com\/wp-content\/uploads\/2021\/05\/logo.jpeg","width":582,"height":115,"caption":"SC Works Worklink"},"image":{"@id":"https:\/\/worklinkweb.com\/en\/#\/schema\/logo\/image\/"},"sameAs":["https:\/\/www.facebook.com\/SCWorksWorkLink\/","https:\/\/x.com\/SCWorksWorkLink","http:\/\/www.youtube.com\/user\/WorkLinkWeb"]}]}},"_links":{"self":[{"href":"https:\/\/worklinkweb.com\/es\/wp-json\/wp\/v2\/pages\/4557","targetHints":{"allow":["GET"]}}],"collection":[{"href":"https:\/\/worklinkweb.com\/es\/wp-json\/wp\/v2\/pages"}],"about":[{"href":"https:\/\/worklinkweb.com\/es\/wp-json\/wp\/v2\/types\/page"}],"author":[{"embeddable":true,"href":"https:\/\/worklinkweb.com\/es\/wp-json\/wp\/v2\/users\/1"}],"replies":[{"embeddable":true,"href":"https:\/\/worklinkweb.com\/es\/wp-json\/wp\/v2\/comments?post=4557"}],"version-history":[{"count":3,"href":"https:\/\/worklinkweb.com\/es\/wp-json\/wp\/v2\/pages\/4557\/revisions"}],"predecessor-version":[{"id":4667,"href":"https:\/\/worklinkweb.com\/es\/wp-json\/wp\/v2\/pages\/4557\/revisions\/4667"}],"up":[{"embeddable":true,"href":"https:\/\/worklinkweb.com\/es\/wp-json\/wp\/v2\/pages\/96"}],"wp:attachment":[{"href":"https:\/\/worklinkweb.com\/es\/wp-json\/wp\/v2\/media?parent=4557"}],"curies":[{"name":"wp","href":"https:\/\/api.w.org\/{rel}","templated":true}]}}