{"id":4560,"date":"2021-06-24T14:50:36","date_gmt":"2021-06-24T18:50:36","guid":{"rendered":"https:\/\/worklinkweb.com\/?page_id=4560"},"modified":"2021-06-24T14:56:46","modified_gmt":"2021-06-24T18:56:46","slug":"achieves-hvac-career-pathway","status":"publish","type":"page","link":"https:\/\/worklinkweb.com\/es\/juventud\/logra-la-trayectoria-de-carrera-hvac\/","title":{"rendered":"Logra la trayectoria profesional de HVAC"},"content":{"rendered":"<p><img loading=\"lazy\" decoding=\"async\" class=\"alignright size-medium wp-image-4551\" src=\"https:\/\/worklinkweb.com\/wp-content\/uploads\/2021\/06\/MichaelThrasher-224x300.jpg\" alt=\"\" width=\"224\" height=\"300\" srcset=\"https:\/\/worklinkweb.com\/wp-content\/uploads\/2021\/06\/MichaelThrasher-224x300.jpg 224w, https:\/\/worklinkweb.com\/wp-content\/uploads\/2021\/06\/MichaelThrasher-9x12.jpg 9w, https:\/\/worklinkweb.com\/wp-content\/uploads\/2021\/06\/MichaelThrasher.jpg 324w\" sizes=\"auto, (max-width: 224px) 100vw, 224px\" \/>Michael \u201cCruz\u201d Thrasher se inscribi\u00f3 en Palmetto Youth Connections a la edad de 17 a\u00f1os. Cruz abandon\u00f3 la escuela secundaria. Cuando se inscribi\u00f3 en Palmetto Youth Connections, no ten\u00eda experiencia laboral. Cruz ha estado viviendo con sus abuelos durante varios a\u00f1os debido a la inestabilidad y falta de cuidado de su familia. Gracias a Palmetto Youth Connections, Cruz pudo obtener su GED sin la carga de pagar el examen. Cruz tambi\u00e9n recibi\u00f3 premios durante la graduaci\u00f3n para incluir; College Ready obtuvo puntajes en tres de las pruebas y obtuvo el segundo puntaje m\u00e1s alto en matem\u00e1ticas de todos los graduados. Cruz tambi\u00e9n complet\u00f3 las clases Career Ready y particip\u00f3 con \u00e9xito en la capacitaci\u00f3n de experiencia laboral remunerada. Cruz aprendi\u00f3 muchas cosas que le ayudaron a tener \u00e9xito en el lugar de trabajo. Lo colocaron en Haven of Rest en Williamston, donde obtuvo altas calificaciones en su evaluaci\u00f3n. Siempre llegaba a tiempo, tomaba bien la direcci\u00f3n, se motivaba a s\u00ed mismo y era respetuoso.<\/p>\n<p>Cruz particip\u00f3 en el programa I-Best \/ Manufacturing en Tri County Tech. Despu\u00e9s de participar en esta capacitaci\u00f3n, fue contratado de inmediato a tiempo completo con Southern MEP como t\u00e9cnico de HVAC haciendo $13 por hora. Su trayectoria profesional es HVAC y est\u00e1 recibiendo capacitaci\u00f3n con este empleador que lo llevar\u00e1 a salarios m\u00e1s altos a medida que adquiera habilidades y experiencia. Cruz tambi\u00e9n asiste a Tri County Technical College mientras trabaja a tiempo completo para obtener su certificaci\u00f3n de HVAC.<\/p>\n<p>Cruz es un joven muy motivado y ha aprovechado todas las oportunidades que se le ofrecen. El camino que ha tomado en el \u00faltimo a\u00f1o cambiar\u00e1 la trayectoria de su vida.<\/p>","protected":false},"excerpt":{"rendered":"<p>Michael \u201cCruz\u201d Thrasher enrolled with Palmetto Youth Connections at the age of 17. Cruz was a high school dropout. When he enrolled in Palmetto Youth Connections, he had no work&#8230;  <a class=\"excerpt-read-more\" href=\"https:\/\/worklinkweb.com\/es\/juventud\/logra-la-trayectoria-de-carrera-hvac\/\" title=\"ReadAchieves HVAC Career Pathway\">Read more &raquo;<\/a><\/p>","protected":false},"author":1,"featured_media":0,"parent":96,"menu_order":0,"comment_status":"closed","ping_status":"closed","template":"page-youth.php","meta":{"footnotes":""},"class_list":["post-4560","page","type-page","status-publish","hentry"],"yoast_head":"<!-- This site is optimized with the Yoast SEO plugin v27.4 - https:\/\/yoast.com\/product\/yoast-seo-wordpress\/ -->\n<title>Achieves HVAC Career Pathway - SC Works Worklink<\/title>\n<meta name=\"robots\" content=\"index, follow, max-snippet:-1, max-image-preview:large, max-video-preview:-1\" \/>\n<link rel=\"canonical\" href=\"https:\/\/worklinkweb.com\/es\/youth\/achieves-hvac-career-pathway\/\" \/>\n<meta property=\"og:locale\" content=\"es_MX\" \/>\n<meta property=\"og:type\" content=\"article\" \/>\n<meta property=\"og:title\" content=\"Achieves HVAC Career Pathway - SC Works Worklink\" \/>\n<meta property=\"og:description\" content=\"Michael \u201cCruz\u201d Thrasher enrolled with Palmetto Youth Connections at the age of 17. Cruz was a high school dropout. When he enrolled in Palmetto Youth Connections, he had no work... Read more &raquo;\" \/>\n<meta property=\"og:url\" content=\"https:\/\/worklinkweb.com\/es\/youth\/achieves-hvac-career-pathway\/\" \/>\n<meta property=\"og:site_name\" content=\"SC Works Worklink\" \/>\n<meta property=\"article:publisher\" content=\"https:\/\/www.facebook.com\/SCWorksWorkLink\/\" \/>\n<meta property=\"article:modified_time\" content=\"2021-06-24T18:56:46+00:00\" \/>\n<meta property=\"og:image\" content=\"https:\/\/worklinkweb.com\/wp-content\/uploads\/2021\/06\/MichaelThrasher-224x300.jpg\" \/>\n<meta name=\"twitter:card\" content=\"summary_large_image\" \/>\n<meta name=\"twitter:site\" content=\"@SCWorksWorkLink\" \/>\n<meta name=\"twitter:label1\" content=\"Tiempo de lectura\" \/>\n\t<meta name=\"twitter:data1\" content=\"2 minutos\" \/>\n<script type=\"application\/ld+json\" class=\"yoast-schema-graph\">{\"@context\":\"https:\\\/\\\/schema.org\",\"@graph\":[{\"@type\":\"WebPage\",\"@id\":\"https:\\\/\\\/worklinkweb.com\\\/youth\\\/achieves-hvac-career-pathway\\\/\",\"url\":\"https:\\\/\\\/worklinkweb.com\\\/youth\\\/achieves-hvac-career-pathway\\\/\",\"name\":\"Achieves HVAC Career Pathway - SC Works Worklink\",\"isPartOf\":{\"@id\":\"https:\\\/\\\/worklinkweb.com\\\/en\\\/#website\"},\"primaryImageOfPage\":{\"@id\":\"https:\\\/\\\/worklinkweb.com\\\/youth\\\/achieves-hvac-career-pathway\\\/#primaryimage\"},\"image\":{\"@id\":\"https:\\\/\\\/worklinkweb.com\\\/youth\\\/achieves-hvac-career-pathway\\\/#primaryimage\"},\"thumbnailUrl\":\"https:\\\/\\\/worklinkweb.com\\\/wp-content\\\/uploads\\\/2021\\\/06\\\/MichaelThrasher-224x300.jpg\",\"datePublished\":\"2021-06-24T18:50:36+00:00\",\"dateModified\":\"2021-06-24T18:56:46+00:00\",\"breadcrumb\":{\"@id\":\"https:\\\/\\\/worklinkweb.com\\\/youth\\\/achieves-hvac-career-pathway\\\/#breadcrumb\"},\"inLanguage\":\"es\",\"potentialAction\":[{\"@type\":\"ReadAction\",\"target\":[\"https:\\\/\\\/worklinkweb.com\\\/youth\\\/achieves-hvac-career-pathway\\\/\"]}]},{\"@type\":\"ImageObject\",\"inLanguage\":\"es\",\"@id\":\"https:\\\/\\\/worklinkweb.com\\\/youth\\\/achieves-hvac-career-pathway\\\/#primaryimage\",\"url\":\"https:\\\/\\\/worklinkweb.com\\\/wp-content\\\/uploads\\\/2021\\\/06\\\/MichaelThrasher-224x300.jpg\",\"contentUrl\":\"https:\\\/\\\/worklinkweb.com\\\/wp-content\\\/uploads\\\/2021\\\/06\\\/MichaelThrasher-224x300.jpg\"},{\"@type\":\"BreadcrumbList\",\"@id\":\"https:\\\/\\\/worklinkweb.com\\\/youth\\\/achieves-hvac-career-pathway\\\/#breadcrumb\",\"itemListElement\":[{\"@type\":\"ListItem\",\"position\":1,\"name\":\"Home\",\"item\":\"https:\\\/\\\/worklinkweb.com\\\/\"},{\"@type\":\"ListItem\",\"position\":2,\"name\":\"Youth\",\"item\":\"https:\\\/\\\/worklinkweb.com\\\/youth\\\/\"},{\"@type\":\"ListItem\",\"position\":3,\"name\":\"Achieves HVAC Career Pathway\"}]},{\"@type\":\"WebSite\",\"@id\":\"https:\\\/\\\/worklinkweb.com\\\/en\\\/#website\",\"url\":\"https:\\\/\\\/worklinkweb.com\\\/en\\\/\",\"name\":\"SC Works Worklink\",\"description\":\"Bringing Employers &amp; Job Seekers Together\",\"publisher\":{\"@id\":\"https:\\\/\\\/worklinkweb.com\\\/en\\\/#organization\"},\"potentialAction\":[{\"@type\":\"SearchAction\",\"target\":{\"@type\":\"EntryPoint\",\"urlTemplate\":\"https:\\\/\\\/worklinkweb.com\\\/en\\\/?s={search_term_string}\"},\"query-input\":{\"@type\":\"PropertyValueSpecification\",\"valueRequired\":true,\"valueName\":\"search_term_string\"}}],\"inLanguage\":\"es\"},{\"@type\":\"Organization\",\"@id\":\"https:\\\/\\\/worklinkweb.com\\\/en\\\/#organization\",\"name\":\"SC Works Worklink\",\"url\":\"https:\\\/\\\/worklinkweb.com\\\/en\\\/\",\"logo\":{\"@type\":\"ImageObject\",\"inLanguage\":\"es\",\"@id\":\"https:\\\/\\\/worklinkweb.com\\\/en\\\/#\\\/schema\\\/logo\\\/image\\\/\",\"url\":\"https:\\\/\\\/worklinkweb.com\\\/wp-content\\\/uploads\\\/2021\\\/05\\\/logo.jpeg\",\"contentUrl\":\"https:\\\/\\\/worklinkweb.com\\\/wp-content\\\/uploads\\\/2021\\\/05\\\/logo.jpeg\",\"width\":582,\"height\":115,\"caption\":\"SC Works Worklink\"},\"image\":{\"@id\":\"https:\\\/\\\/worklinkweb.com\\\/en\\\/#\\\/schema\\\/logo\\\/image\\\/\"},\"sameAs\":[\"https:\\\/\\\/www.facebook.com\\\/SCWorksWorkLink\\\/\",\"https:\\\/\\\/x.com\\\/SCWorksWorkLink\",\"http:\\\/\\\/www.youtube.com\\\/user\\\/WorkLinkWeb\"]}]}<\/script>\n<!-- \/ Yoast SEO plugin. -->","yoast_head_json":{"title":"Logra la trayectoria profesional de HVAC - SC Works Worklink","robots":{"index":"index","follow":"follow","max-snippet":"max-snippet:-1","max-image-preview":"max-image-preview:large","max-video-preview":"max-video-preview:-1"},"canonical":"https:\/\/worklinkweb.com\/es\/youth\/achieves-hvac-career-pathway\/","og_locale":"es_MX","og_type":"article","og_title":"Achieves HVAC Career Pathway - SC Works Worklink","og_description":"Michael \u201cCruz\u201d Thrasher enrolled with Palmetto Youth Connections at the age of 17. Cruz was a high school dropout. When he enrolled in Palmetto Youth Connections, he had no work... Read more &raquo;","og_url":"https:\/\/worklinkweb.com\/es\/youth\/achieves-hvac-career-pathway\/","og_site_name":"SC Works Worklink","article_publisher":"https:\/\/www.facebook.com\/SCWorksWorkLink\/","article_modified_time":"2021-06-24T18:56:46+00:00","og_image":[{"url":"https:\/\/worklinkweb.com\/wp-content\/uploads\/2021\/06\/MichaelThrasher-224x300.jpg","type":"","width":"","height":""}],"twitter_card":"summary_large_image","twitter_site":"@SCWorksWorkLink","twitter_misc":{"Tiempo de lectura":"2 minutos"},"schema":{"@context":"https:\/\/schema.org","@graph":[{"@type":"WebPage","@id":"https:\/\/worklinkweb.com\/youth\/achieves-hvac-career-pathway\/","url":"https:\/\/worklinkweb.com\/youth\/achieves-hvac-career-pathway\/","name":"Logra la trayectoria profesional de HVAC - SC Works Worklink","isPartOf":{"@id":"https:\/\/worklinkweb.com\/en\/#website"},"primaryImageOfPage":{"@id":"https:\/\/worklinkweb.com\/youth\/achieves-hvac-career-pathway\/#primaryimage"},"image":{"@id":"https:\/\/worklinkweb.com\/youth\/achieves-hvac-career-pathway\/#primaryimage"},"thumbnailUrl":"https:\/\/worklinkweb.com\/wp-content\/uploads\/2021\/06\/MichaelThrasher-224x300.jpg","datePublished":"2021-06-24T18:50:36+00:00","dateModified":"2021-06-24T18:56:46+00:00","breadcrumb":{"@id":"https:\/\/worklinkweb.com\/youth\/achieves-hvac-career-pathway\/#breadcrumb"},"inLanguage":"es","potentialAction":[{"@type":"ReadAction","target":["https:\/\/worklinkweb.com\/youth\/achieves-hvac-career-pathway\/"]}]},{"@type":"ImageObject","inLanguage":"es","@id":"https:\/\/worklinkweb.com\/youth\/achieves-hvac-career-pathway\/#primaryimage","url":"https:\/\/worklinkweb.com\/wp-content\/uploads\/2021\/06\/MichaelThrasher-224x300.jpg","contentUrl":"https:\/\/worklinkweb.com\/wp-content\/uploads\/2021\/06\/MichaelThrasher-224x300.jpg"},{"@type":"BreadcrumbList","@id":"https:\/\/worklinkweb.com\/youth\/achieves-hvac-career-pathway\/#breadcrumb","itemListElement":[{"@type":"ListItem","position":1,"name":"Home","item":"https:\/\/worklinkweb.com\/"},{"@type":"ListItem","position":2,"name":"Youth","item":"https:\/\/worklinkweb.com\/youth\/"},{"@type":"ListItem","position":3,"name":"Achieves HVAC Career Pathway"}]},{"@type":"WebSite","@id":"https:\/\/worklinkweb.com\/en\/#website","url":"https:\/\/worklinkweb.com\/en\/","name":"SC Works Worklink","description":"Reunir a empleadores y solicitantes de empleo","publisher":{"@id":"https:\/\/worklinkweb.com\/en\/#organization"},"potentialAction":[{"@type":"SearchAction","target":{"@type":"EntryPoint","urlTemplate":"https:\/\/worklinkweb.com\/en\/?s={search_term_string}"},"query-input":{"@type":"PropertyValueSpecification","valueRequired":true,"valueName":"search_term_string"}}],"inLanguage":"es"},{"@type":"Organization","@id":"https:\/\/worklinkweb.com\/en\/#organization","name":"SC Works Worklink","url":"https:\/\/worklinkweb.com\/en\/","logo":{"@type":"ImageObject","inLanguage":"es","@id":"https:\/\/worklinkweb.com\/en\/#\/schema\/logo\/image\/","url":"https:\/\/worklinkweb.com\/wp-content\/uploads\/2021\/05\/logo.jpeg","contentUrl":"https:\/\/worklinkweb.com\/wp-content\/uploads\/2021\/05\/logo.jpeg","width":582,"height":115,"caption":"SC Works Worklink"},"image":{"@id":"https:\/\/worklinkweb.com\/en\/#\/schema\/logo\/image\/"},"sameAs":["https:\/\/www.facebook.com\/SCWorksWorkLink\/","https:\/\/x.com\/SCWorksWorkLink","http:\/\/www.youtube.com\/user\/WorkLinkWeb"]}]}},"_links":{"self":[{"href":"https:\/\/worklinkweb.com\/es\/wp-json\/wp\/v2\/pages\/4560","targetHints":{"allow":["GET"]}}],"collection":[{"href":"https:\/\/worklinkweb.com\/es\/wp-json\/wp\/v2\/pages"}],"about":[{"href":"https:\/\/worklinkweb.com\/es\/wp-json\/wp\/v2\/types\/page"}],"author":[{"embeddable":true,"href":"https:\/\/worklinkweb.com\/es\/wp-json\/wp\/v2\/users\/1"}],"replies":[{"embeddable":true,"href":"https:\/\/worklinkweb.com\/es\/wp-json\/wp\/v2\/comments?post=4560"}],"version-history":[{"count":1,"href":"https:\/\/worklinkweb.com\/es\/wp-json\/wp\/v2\/pages\/4560\/revisions"}],"predecessor-version":[{"id":4561,"href":"https:\/\/worklinkweb.com\/es\/wp-json\/wp\/v2\/pages\/4560\/revisions\/4561"}],"up":[{"embeddable":true,"href":"https:\/\/worklinkweb.com\/es\/wp-json\/wp\/v2\/pages\/96"}],"wp:attachment":[{"href":"https:\/\/worklinkweb.com\/es\/wp-json\/wp\/v2\/media?parent=4560"}],"curies":[{"name":"wp","href":"https:\/\/api.w.org\/{rel}","templated":true}]}}