{"id":5380,"date":"2022-12-14T20:39:47","date_gmt":"2022-12-15T01:39:47","guid":{"rendered":"https:\/\/worklinkweb.com\/?page_id=5380"},"modified":"2026-04-28T12:47:31","modified_gmt":"2026-04-28T16:47:31","slug":"home","status":"publish","type":"page","link":"https:\/\/worklinkweb.com\/es\/","title":{"rendered":"Casa"},"content":{"rendered":"<p><strong>Language Interpretation Services<\/strong><\/p>\n<p><a href=\"https:\/\/worklinkweb.com\/wp-content\/uploads\/2025\/05\/Babel-Notice.docx\">https:\/\/worklinkweb.com\/wp-content\/uploads\/2025\/05\/Babel-Notice.docx<\/a><\/p>\n<p><a href=\"https:\/\/worklinkweb.com\/wp-content\/uploads\/2025\/05\/Babel-Notice-1.docx\">https:\/\/worklinkweb.com\/wp-content\/uploads\/2025\/05\/Babel-Notice-1.docx<\/a><\/p>\n<p><a href=\"https:\/\/worklinkweb.com\/wp-content\/uploads\/2025\/05\/Babel-Notice-2.docx\">https:\/\/worklinkweb.com\/wp-content\/uploads\/2025\/05\/Babel-Notice-2.docx<\/a><\/p>\n<p><strong>Babel Notice<\/strong><\/p>\n<p><em>In accordance with 29 CFR 38.9 (g)(3), Limited English Proficient (LEP) individuals will receive language assistance in all communications of vital information.<\/em><\/p>\n<p><em>Vital information is defined as information, whether written, oral, or electronic, that is necessary for an individual to understand how to obtain any aid, benefit, service, and\/or training; necessary for an individual to obtain any aid, benefit, service, and\/or training; or required by law.<\/em><\/p>\n<p><em>An interpreter, as well as the availability of free language assistance such as rulebooks; written tests that do not access English language competency but rather assess competency for a particular license, job, or skill for which English proficiency is not required; and letters or notices that require a response from the beneficiary or applicant, participant, or employee will be provided to all LEP individuals at no cost to the individual.\u00a0 (29 CFR \u00a7 38.4(ttt))<\/em><\/p>\n<p><strong>ingl\u00e9s<\/strong><br \/>\nIMPORTANT! There are documents that contain important information about WIOA training services, how to apply for training services, and your rights, responsibilities, and\/or benefits. It is critical that you understand the information in these documents. You can request translation of any documents by emailing wgraham@worklinkweb.com.<\/p>\n<p><strong>Espa\u00f1ol<\/strong><br \/>\n\u00a1IMPORTANTE! Hay documentos que contienen informaci\u00f3n importante sobre los servicios de formaci\u00f3n de WIOA, c\u00f3mo solicitar servicios de formaci\u00f3n y sus derechos, responsabilidades, y\/o beneficios. Es fundamental que usted entienda la informaci\u00f3n contenida en estos documentos. Puede solicitar la traducci\u00f3n de cualquier documento enviando un correo electr\u00f3nico a\u00a0wgraham@worklinkweb.com.<\/p>\n<p><strong>Deutsche<\/strong><br \/>\nWICHTIG! Es gibt Dokumente, die wichtige Informationen \u00fcber WIOA-Ausbildungsdienste, die Beantragung von Ausbildungsdiensten und Ihre Rechte, Pflichten und\/oder Vorteile enthalten. Es ist wichtig, dass Sie die Informationen in diesen Dokumenten verstehen. Sie k\u00f6nnen die \u00dcbersetzung aller Dokumente per E-Mail an\u00a0\u00a0wgraham@worklinkweb.com\u00a0anfordern.<\/p>\n<p><strong>\u4e2d\u6587<\/strong><br \/>\n\u91cd\u8981\uff01\u6709\u4e9b\u6587\u4ef6\u5305\u542b\u6709\u5173 WIOA \u57f9\u8bad\u670d\u52a1\u3001\u5982\u4f55\u7533\u8bf7\u57f9\u8bad\u670d\u52a1\u4ee5\u53ca\u60a8\u7684\u6743\u5229\u3001\u8d23\u4efb\u548c\/\u6216\u798f\u5229\u7684\u91cd\u8981\u4fe1\u606f\u3002\u60a8\u5fc5\u987b\u4e86\u89e3\u8fd9\u4e9b\u6587\u4ef6\u4e2d\u7684\u4fe1\u606f\u3002\u60a8\u53ef\u4ee5\u53d1\u9001\u7535\u5b50\u90ae\u4ef6\u81f3\u00a0wgraham@worklinkweb.com, \u8981\u6c42\u7ffb\u8bd1\u4efb\u4f55\u6587\u4ef6\u3002<\/p>\n<p><strong>\ud55c\uad6d\uc778<\/strong><br \/>\n\uc911\uc694! WIOA \uad50\uc721 \uc11c\ube44\uc2a4, \uad50\uc721 \uc11c\ube44\uc2a4 \uc2e0\uccad \ubc29\ubc95, \uadc0\ud558\uc758 \uad8c\ub9ac, \ucc45\uc784 \ubc0f\/\ub610\ub294 \ud61c\ud0dd\uc5d0 \ub300\ud55c \uc911\uc694\ud55c \uc815\ubcf4\uac00 \ud3ec\ud568\ub41c \ubb38\uc11c\uac00 \uc788\uc2b5\ub2c8\ub2e4. \uc774\ub7ec\ud55c \ubb38\uc11c\uc5d0 \ud3ec\ud568\ub41c \uc815\ubcf4\ub97c \uc774\ud574\ud558\ub294 \uac83\uc774 \uc911\uc694\ud569\ub2c8\ub2e4. \uc774\uba54\uc77c(<a href=\"mailto:\u00a0wgraham@worklinkweb.com)\u00a0\">\u00a0wgraham@worklinkweb.com)\u00a0<\/a>\ub85c \ubb38\uc11c \ubc88\uc5ed\uc744 \uc694\uccad\ud560 \uc218 \uc788\uc2b5\ub2c8\ub2e4.<\/p>\n<p><strong>Tagalog<\/strong><br \/>\nMAHALAGA! May mga dokumentong naglalaman ng mahalagang impormasyon tungkol sa mga serbisyo ng pagsasanay ng WIOA, kung paano mag-apply para sa mga serbisyo ng pagsasanay, at ang iyong mga karapatan, responsibilidad, at\/o mga benepisyo. Mahalagang maunawaan mo ang impormasyon sa mga dokumentong ito. Maaari kang humiling ng pagsasalin ng anumang mga dokumento sa pamamagitan ng pag-email sa\u00a0wgraham@worklinkweb.com.<\/p>\n<p><strong>\u0627\u0644\u0639\u0631\u0628\u064a\u0629<\/strong><br \/>\n\u0647\u0627\u0645! \u0647\u0646\u0627\u0643 \u0645\u0633\u062a\u0646\u062f\u0627\u062a \u062a\u062d\u062a\u0648\u064a \u0639\u0644\u0649 \u0645\u0639\u0644\u0648\u0645\u0627\u062a \u0645\u0647\u0645\u0629 \u062d\u0648\u0644 \u062e\u062f\u0645\u0627\u062a \u0627\u0644\u062a\u062f\u0631\u064a\u0628 \u0641\u064a \u0625\u0637\u0627\u0631 \u0642\u0627\u0646\u0648\u0646 \u0627\u0644\u062a\u062f\u0631\u064a\u0628 \u0641\u064a \u0645\u062c\u0627\u0644 \u0627\u0644\u0639\u0645\u0644 \u0641\u064a \u0645\u062c\u0627\u0644 \u0627\u0644\u0639\u0645\u0627\u0644\u0629 \u0627\u0644\u0648\u0627\u0641\u062f\u0629 (WIOA)\u060c \u0648\u0643\u064a\u0641\u064a\u0629 \u0627\u0644\u062a\u0642\u062f\u0645 \u0628\u0637\u0644\u0628 \u0644\u0644\u062d\u0635\u0648\u0644 \u0639\u0644\u0649 \u062e\u062f\u0645\u0627\u062a \u0627\u0644\u062a\u062f\u0631\u064a\u0628\u060c \u0648\u062d\u0642\u0648\u0642\u0643 \u0648\u0645\u0633\u0624\u0648\u0644\u064a\u0627\u062a\u0643 \u0648\/\u0623\u0648 \u0645\u0632\u0627\u064a\u0627\u0643. \u0645\u0646 \u0627\u0644\u0645\u0647\u0645 \u0623\u0646 \u062a\u0641\u0647\u0645 \u0627\u0644\u0645\u0639\u0644\u0648\u0645\u0627\u062a \u0627\u0644\u0648\u0627\u0631\u062f\u0629 \u0641\u064a \u0647\u0630\u0647 \u0627\u0644\u0648\u062b\u0627\u0626\u0642. \u064a\u0645\u0643\u0646\u0643 \u0637\u0644\u0628 \u062a\u0631\u062c\u0645\u0629 \u0623\u064a \u0645\u0633\u062a\u0646\u062f\u0627\u062a \u0639\u0646 \u0637\u0631\u064a\u0642 \u0625\u0631\u0633\u0627\u0644 \u0628\u0631\u064a\u062f \u0625\u0644\u0643\u062a\u0631\u0648\u0646\u064a \u0625\u0644\u0649\u00a0wgraham@worklinkweb.com.<\/p>\n<p><strong>Fran\u00e7ais<\/strong><br \/>\nIMPORTANT ! Certains documents contiennent des informations importantes sur les services de formation WIOA, sur la mani\u00e8re de demander des services de formation et sur vos droits, responsabilit\u00e9s et\/ou avantages. Il est essentiel que vous compreniez les informations contenues dans ces documents. Vous pouvez demander la traduction de tout document en envoyant un courriel \u00e0 wgraham@worklinkweb.com.<\/p>\n<p><strong>\u65e5\u672c\u8a9e<\/strong><br \/>\n\u91cd\u8981 WIOA\u8a13\u7df4\u30b5\u30fc\u30d3\u30b9\u3001\u8a13\u7df4\u30b5\u30fc\u30d3\u30b9\u306e\u7533\u8acb\u65b9\u6cd5\u3001\u3042\u306a\u305f\u306e\u6a29\u5229\u3001\u8cac\u4efb\u3001\u304a\u3088\u3073\/\u307e\u305f\u306f\u7279\u5178\u306b\u95a2\u3059\u308b\u91cd\u8981\u306a\u60c5\u5831\u304c\u8a18\u8f09\u3055\u308c\u305f\u6587\u66f8\u304c\u3042\u308a\u307e\u3059\u3002\u3053\u308c\u3089\u306e\u66f8\u985e\u306e\u60c5\u5831\u3092\u7406\u89e3\u3059\u308b\u3053\u3068\u306f\u975e\u5e38\u306b\u91cd\u8981\u3067\u3059\u3002\u6587\u66f8\u306e\u7ffb\u8a33\u3092\u3054\u5e0c\u671b\u306e\u5834\u5408\u306f\u3001wgraham@worklinkweb.com.<\/p>\n<p>&nbsp;<\/p>\n<p>&nbsp;<\/p>\n<p>&nbsp;<\/p>","protected":false},"excerpt":{"rendered":"<p>Language Interpretation Services https:\/\/worklinkweb.com\/wp-content\/uploads\/2025\/05\/Babel-Notice.docx https:\/\/worklinkweb.com\/wp-content\/uploads\/2025\/05\/Babel-Notice-1.docx https:\/\/worklinkweb.com\/wp-content\/uploads\/2025\/05\/Babel-Notice-2.docx Babel Notice In accordance with 29 CFR 38.9 (g)(3), Limited English Proficient (LEP) individuals will receive language assistance in all communications of vital information&#8230;.  <a class=\"excerpt-read-more\" href=\"https:\/\/worklinkweb.com\/es\/\" title=\"ReadHome\">Read more &raquo;<\/a><\/p>","protected":false},"author":1,"featured_media":0,"parent":0,"menu_order":0,"comment_status":"closed","ping_status":"closed","template":"front-page.php","meta":{"footnotes":""},"class_list":["post-5380","page","type-page","status-publish","hentry"],"yoast_head":"<!-- This site is optimized with the Yoast SEO plugin v27.6 - https:\/\/yoast.com\/product\/yoast-seo-wordpress\/ -->\n<title>Home - SC Works Worklink<\/title>\n<meta name=\"robots\" content=\"index, follow, max-snippet:-1, max-image-preview:large, max-video-preview:-1\" \/>\n<link rel=\"canonical\" href=\"https:\/\/worklinkweb.com\/es\/\" \/>\n<meta property=\"og:locale\" content=\"es_MX\" \/>\n<meta property=\"og:type\" content=\"article\" \/>\n<meta property=\"og:title\" content=\"Home - SC Works Worklink\" \/>\n<meta property=\"og:description\" content=\"Language Interpretation Services https:\/\/worklinkweb.com\/wp-content\/uploads\/2025\/05\/Babel-Notice.docx https:\/\/worklinkweb.com\/wp-content\/uploads\/2025\/05\/Babel-Notice-1.docx https:\/\/worklinkweb.com\/wp-content\/uploads\/2025\/05\/Babel-Notice-2.docx Babel Notice In accordance with 29 CFR 38.9 (g)(3), Limited English Proficient (LEP) individuals will receive language assistance in all communications of vital information.... Read more &raquo;\" \/>\n<meta property=\"og:url\" content=\"https:\/\/worklinkweb.com\/es\/\" \/>\n<meta property=\"og:site_name\" content=\"SC Works Worklink\" \/>\n<meta property=\"article:publisher\" content=\"https:\/\/www.facebook.com\/SCWorksWorkLink\/\" \/>\n<meta property=\"article:modified_time\" content=\"2026-04-28T16:47:31+00:00\" \/>\n<meta name=\"twitter:card\" content=\"summary_large_image\" \/>\n<meta name=\"twitter:site\" content=\"@SCWorksWorkLink\" \/>\n<meta name=\"twitter:label1\" content=\"Tiempo de lectura\" \/>\n\t<meta name=\"twitter:data1\" content=\"3 minutos\" \/>\n<script type=\"application\/ld+json\" class=\"yoast-schema-graph\">{\"@context\":\"https:\\\/\\\/schema.org\",\"@graph\":[{\"@type\":\"WebPage\",\"@id\":\"https:\\\/\\\/worklinkweb.com\\\/\",\"url\":\"https:\\\/\\\/worklinkweb.com\\\/\",\"name\":\"Home - SC Works Worklink\",\"isPartOf\":{\"@id\":\"https:\\\/\\\/worklinkweb.com\\\/en\\\/#website\"},\"datePublished\":\"2022-12-15T01:39:47+00:00\",\"dateModified\":\"2026-04-28T16:47:31+00:00\",\"breadcrumb\":{\"@id\":\"https:\\\/\\\/worklinkweb.com\\\/#breadcrumb\"},\"inLanguage\":\"es\",\"potentialAction\":[{\"@type\":\"ReadAction\",\"target\":[\"https:\\\/\\\/worklinkweb.com\\\/\"]}]},{\"@type\":\"BreadcrumbList\",\"@id\":\"https:\\\/\\\/worklinkweb.com\\\/#breadcrumb\",\"itemListElement\":[{\"@type\":\"ListItem\",\"position\":1,\"name\":\"Home\",\"item\":\"https:\\\/\\\/worklinkweb.com\\\/\"},{\"@type\":\"ListItem\",\"position\":2,\"name\":\"Home\"}]},{\"@type\":\"WebSite\",\"@id\":\"https:\\\/\\\/worklinkweb.com\\\/en\\\/#website\",\"url\":\"https:\\\/\\\/worklinkweb.com\\\/en\\\/\",\"name\":\"SC Works Worklink\",\"description\":\"Bringing Employers &amp; Job Seekers Together\",\"publisher\":{\"@id\":\"https:\\\/\\\/worklinkweb.com\\\/en\\\/#organization\"},\"potentialAction\":[{\"@type\":\"SearchAction\",\"target\":{\"@type\":\"EntryPoint\",\"urlTemplate\":\"https:\\\/\\\/worklinkweb.com\\\/en\\\/?s={search_term_string}\"},\"query-input\":{\"@type\":\"PropertyValueSpecification\",\"valueRequired\":true,\"valueName\":\"search_term_string\"}}],\"inLanguage\":\"es\"},{\"@type\":\"Organization\",\"@id\":\"https:\\\/\\\/worklinkweb.com\\\/en\\\/#organization\",\"name\":\"SC Works Worklink\",\"url\":\"https:\\\/\\\/worklinkweb.com\\\/en\\\/\",\"logo\":{\"@type\":\"ImageObject\",\"inLanguage\":\"es\",\"@id\":\"https:\\\/\\\/worklinkweb.com\\\/en\\\/#\\\/schema\\\/logo\\\/image\\\/\",\"url\":\"https:\\\/\\\/worklinkweb.com\\\/wp-content\\\/uploads\\\/2021\\\/05\\\/logo.jpeg\",\"contentUrl\":\"https:\\\/\\\/worklinkweb.com\\\/wp-content\\\/uploads\\\/2021\\\/05\\\/logo.jpeg\",\"width\":582,\"height\":115,\"caption\":\"SC Works Worklink\"},\"image\":{\"@id\":\"https:\\\/\\\/worklinkweb.com\\\/en\\\/#\\\/schema\\\/logo\\\/image\\\/\"},\"sameAs\":[\"https:\\\/\\\/www.facebook.com\\\/SCWorksWorkLink\\\/\",\"https:\\\/\\\/x.com\\\/SCWorksWorkLink\",\"http:\\\/\\\/www.youtube.com\\\/user\\\/WorkLinkWeb\"]}]}<\/script>\n<!-- \/ Yoast SEO plugin. -->","yoast_head_json":{"title":"Home - SC Works Worklink","robots":{"index":"index","follow":"follow","max-snippet":"max-snippet:-1","max-image-preview":"max-image-preview:large","max-video-preview":"max-video-preview:-1"},"canonical":"https:\/\/worklinkweb.com\/es\/","og_locale":"es_MX","og_type":"article","og_title":"Home - SC Works Worklink","og_description":"Language Interpretation Services https:\/\/worklinkweb.com\/wp-content\/uploads\/2025\/05\/Babel-Notice.docx https:\/\/worklinkweb.com\/wp-content\/uploads\/2025\/05\/Babel-Notice-1.docx https:\/\/worklinkweb.com\/wp-content\/uploads\/2025\/05\/Babel-Notice-2.docx Babel Notice In accordance with 29 CFR 38.9 (g)(3), Limited English Proficient (LEP) individuals will receive language assistance in all communications of vital information.... Read more &raquo;","og_url":"https:\/\/worklinkweb.com\/es\/","og_site_name":"SC Works Worklink","article_publisher":"https:\/\/www.facebook.com\/SCWorksWorkLink\/","article_modified_time":"2026-04-28T16:47:31+00:00","twitter_card":"summary_large_image","twitter_site":"@SCWorksWorkLink","twitter_misc":{"Tiempo de lectura":"3 minutos"},"schema":{"@context":"https:\/\/schema.org","@graph":[{"@type":"WebPage","@id":"https:\/\/worklinkweb.com\/","url":"https:\/\/worklinkweb.com\/","name":"Home - SC Works Worklink","isPartOf":{"@id":"https:\/\/worklinkweb.com\/en\/#website"},"datePublished":"2022-12-15T01:39:47+00:00","dateModified":"2026-04-28T16:47:31+00:00","breadcrumb":{"@id":"https:\/\/worklinkweb.com\/#breadcrumb"},"inLanguage":"es","potentialAction":[{"@type":"ReadAction","target":["https:\/\/worklinkweb.com\/"]}]},{"@type":"BreadcrumbList","@id":"https:\/\/worklinkweb.com\/#breadcrumb","itemListElement":[{"@type":"ListItem","position":1,"name":"Home","item":"https:\/\/worklinkweb.com\/"},{"@type":"ListItem","position":2,"name":"Home"}]},{"@type":"WebSite","@id":"https:\/\/worklinkweb.com\/en\/#website","url":"https:\/\/worklinkweb.com\/en\/","name":"SC Works Worklink","description":"Reunir a empleadores y solicitantes de empleo","publisher":{"@id":"https:\/\/worklinkweb.com\/en\/#organization"},"potentialAction":[{"@type":"SearchAction","target":{"@type":"EntryPoint","urlTemplate":"https:\/\/worklinkweb.com\/en\/?s={search_term_string}"},"query-input":{"@type":"PropertyValueSpecification","valueRequired":true,"valueName":"search_term_string"}}],"inLanguage":"es"},{"@type":"Organization","@id":"https:\/\/worklinkweb.com\/en\/#organization","name":"SC Works Worklink","url":"https:\/\/worklinkweb.com\/en\/","logo":{"@type":"ImageObject","inLanguage":"es","@id":"https:\/\/worklinkweb.com\/en\/#\/schema\/logo\/image\/","url":"https:\/\/worklinkweb.com\/wp-content\/uploads\/2021\/05\/logo.jpeg","contentUrl":"https:\/\/worklinkweb.com\/wp-content\/uploads\/2021\/05\/logo.jpeg","width":582,"height":115,"caption":"SC Works Worklink"},"image":{"@id":"https:\/\/worklinkweb.com\/en\/#\/schema\/logo\/image\/"},"sameAs":["https:\/\/www.facebook.com\/SCWorksWorkLink\/","https:\/\/x.com\/SCWorksWorkLink","http:\/\/www.youtube.com\/user\/WorkLinkWeb"]}]}},"_links":{"self":[{"href":"https:\/\/worklinkweb.com\/es\/wp-json\/wp\/v2\/pages\/5380","targetHints":{"allow":["GET"]}}],"collection":[{"href":"https:\/\/worklinkweb.com\/es\/wp-json\/wp\/v2\/pages"}],"about":[{"href":"https:\/\/worklinkweb.com\/es\/wp-json\/wp\/v2\/types\/page"}],"author":[{"embeddable":true,"href":"https:\/\/worklinkweb.com\/es\/wp-json\/wp\/v2\/users\/1"}],"replies":[{"embeddable":true,"href":"https:\/\/worklinkweb.com\/es\/wp-json\/wp\/v2\/comments?post=5380"}],"version-history":[{"count":3,"href":"https:\/\/worklinkweb.com\/es\/wp-json\/wp\/v2\/pages\/5380\/revisions"}],"predecessor-version":[{"id":7181,"href":"https:\/\/worklinkweb.com\/es\/wp-json\/wp\/v2\/pages\/5380\/revisions\/7181"}],"wp:attachment":[{"href":"https:\/\/worklinkweb.com\/es\/wp-json\/wp\/v2\/media?parent=5380"}],"curies":[{"name":"wp","href":"https:\/\/api.w.org\/{rel}","templated":true}]}}