{"id":86,"date":"2015-10-26T04:12:07","date_gmt":"2015-10-26T04:12:07","guid":{"rendered":"http:\/\/new.worklinkweb.com\/?page_id=9"},"modified":"2015-10-26T04:12:07","modified_gmt":"2015-10-26T04:12:07","slug":"ada","status":"publish","type":"page","link":"https:\/\/worklinkweb.com\/es\/ada\/","title":{"rendered":"Junta de desarrollo de la fuerza laboral de WorkLink (WDB)"},"content":{"rendered":"<p>WorkLink Workforce Development Board (WDB) desarrolla el v\u00ednculo entre empleadores y empleados en los condados de Anderson, Oconee y Pickens. La junta de voluntarios de 25 directores garantiza que el sistema de desarrollo de la fuerza laboral local est\u00e9 impulsado por el mercado y sea responsable de satisfacer las necesidades de empleo y capacitaci\u00f3n de las empresas y los solicitantes de empleo. La junta implementa la Ley de Oportunidades e Innovaci\u00f3n de la Fuerza Laboral de 2014 en asociaci\u00f3n con proveedores de servicios locales y a trav\u00e9s de un completo sistema OneStop que proporciona puntos de acceso para servicios de empleo y capacitaci\u00f3n.<\/p>\n<p>Nuestro objetivo es tener una fuerza laboral capacitada y totalmente empleada y, con ese fin, ayudamos a los solicitantes de empleo a encontrar las herramientas para desarrollar sus carreras, y trabajamos con empresas para contratar empleados de calidad. WorkLink financia programas para adultos, trabajadores desplazados y j\u00f3venes, y apoya a los empleadores a trav\u00e9s de programas de capacitaci\u00f3n para trabajadores titulares y en el lugar de trabajo.<\/p>\n<p><strong>Declaraci\u00f3n de la visi\u00f3n<\/strong> - Disponer de una plantilla cualificada y en pleno empleo.<br \/>\n<strong>Estado de la misi\u00f3n<\/strong> - Desarrollar el v\u00ednculo entre empleadores y mano de obra.<br \/>\n<strong>Prop\u00f3sito central<\/strong> - Mejorar la fuerza laboral y la calidad de vida en la regi\u00f3n de los tres condados y ser el veh\u00edculo para el desarrollo de la fuerza laboral en la regi\u00f3n de los tres condados.<\/p>\n<div id=\"feature2\"><\/div>","protected":false},"excerpt":{"rendered":"<p>WorkLink Workforce Development Board (WDB) develops the link between employers and employees in Anderson, Oconee and Pickens counties. The volunteer board of 25 directors ensures that the local workforce development&#8230;  <a class=\"excerpt-read-more\" href=\"https:\/\/worklinkweb.com\/es\/ada\/\" title=\"ReadWorkLink Workforce Development Board (WDB)\">Read more &raquo;<\/a><\/p>","protected":false},"author":1,"featured_media":0,"parent":0,"menu_order":0,"comment_status":"closed","ping_status":"closed","template":"page-ada.php","meta":{"footnotes":""},"class_list":["post-86","page","type-page","status-publish","hentry"],"yoast_head":"<!-- This site is optimized with the Yoast SEO plugin v27.4 - https:\/\/yoast.com\/product\/yoast-seo-wordpress\/ -->\n<title>WorkLink Workforce Development Board (WDB) - SC Works Worklink<\/title>\n<meta name=\"robots\" content=\"index, follow, max-snippet:-1, max-image-preview:large, max-video-preview:-1\" \/>\n<link rel=\"canonical\" href=\"https:\/\/worklinkweb.com\/es\/ada\/\" \/>\n<meta property=\"og:locale\" content=\"es_MX\" \/>\n<meta property=\"og:type\" content=\"article\" \/>\n<meta property=\"og:title\" content=\"WorkLink Workforce Development Board (WDB) - SC Works Worklink\" \/>\n<meta property=\"og:description\" content=\"WorkLink Workforce Development Board (WDB) develops the link between employers and employees in Anderson, Oconee and Pickens counties. The volunteer board of 25 directors ensures that the local workforce development... Read more &raquo;\" \/>\n<meta property=\"og:url\" content=\"https:\/\/worklinkweb.com\/es\/ada\/\" \/>\n<meta property=\"og:site_name\" content=\"SC Works Worklink\" \/>\n<meta property=\"article:publisher\" content=\"https:\/\/www.facebook.com\/SCWorksWorkLink\/\" \/>\n<meta name=\"twitter:card\" content=\"summary_large_image\" \/>\n<meta name=\"twitter:site\" content=\"@SCWorksWorkLink\" \/>\n<meta name=\"twitter:label1\" content=\"Tiempo de lectura\" \/>\n\t<meta name=\"twitter:data1\" content=\"1 minuto\" \/>\n<script type=\"application\/ld+json\" class=\"yoast-schema-graph\">{\"@context\":\"https:\\\/\\\/schema.org\",\"@graph\":[{\"@type\":\"WebPage\",\"@id\":\"https:\\\/\\\/worklinkweb.com\\\/en\\\/ada\\\/\",\"url\":\"https:\\\/\\\/worklinkweb.com\\\/en\\\/ada\\\/\",\"name\":\"WorkLink Workforce Development Board (WDB) - SC Works Worklink\",\"isPartOf\":{\"@id\":\"https:\\\/\\\/worklinkweb.com\\\/en\\\/#website\"},\"datePublished\":\"2015-10-26T04:12:07+00:00\",\"breadcrumb\":{\"@id\":\"https:\\\/\\\/worklinkweb.com\\\/en\\\/ada\\\/#breadcrumb\"},\"inLanguage\":\"es\",\"potentialAction\":[{\"@type\":\"ReadAction\",\"target\":[\"https:\\\/\\\/worklinkweb.com\\\/en\\\/ada\\\/\"]}]},{\"@type\":\"BreadcrumbList\",\"@id\":\"https:\\\/\\\/worklinkweb.com\\\/en\\\/ada\\\/#breadcrumb\",\"itemListElement\":[{\"@type\":\"ListItem\",\"position\":1,\"name\":\"Home\",\"item\":\"https:\\\/\\\/worklinkweb.com\\\/\"},{\"@type\":\"ListItem\",\"position\":2,\"name\":\"WorkLink Workforce Development Board (WDB)\"}]},{\"@type\":\"WebSite\",\"@id\":\"https:\\\/\\\/worklinkweb.com\\\/en\\\/#website\",\"url\":\"https:\\\/\\\/worklinkweb.com\\\/en\\\/\",\"name\":\"SC Works Worklink\",\"description\":\"Bringing Employers &amp; Job Seekers Together\",\"publisher\":{\"@id\":\"https:\\\/\\\/worklinkweb.com\\\/en\\\/#organization\"},\"potentialAction\":[{\"@type\":\"SearchAction\",\"target\":{\"@type\":\"EntryPoint\",\"urlTemplate\":\"https:\\\/\\\/worklinkweb.com\\\/en\\\/?s={search_term_string}\"},\"query-input\":{\"@type\":\"PropertyValueSpecification\",\"valueRequired\":true,\"valueName\":\"search_term_string\"}}],\"inLanguage\":\"es\"},{\"@type\":\"Organization\",\"@id\":\"https:\\\/\\\/worklinkweb.com\\\/en\\\/#organization\",\"name\":\"SC Works Worklink\",\"url\":\"https:\\\/\\\/worklinkweb.com\\\/en\\\/\",\"logo\":{\"@type\":\"ImageObject\",\"inLanguage\":\"es\",\"@id\":\"https:\\\/\\\/worklinkweb.com\\\/en\\\/#\\\/schema\\\/logo\\\/image\\\/\",\"url\":\"https:\\\/\\\/worklinkweb.com\\\/wp-content\\\/uploads\\\/2021\\\/05\\\/logo.jpeg\",\"contentUrl\":\"https:\\\/\\\/worklinkweb.com\\\/wp-content\\\/uploads\\\/2021\\\/05\\\/logo.jpeg\",\"width\":582,\"height\":115,\"caption\":\"SC Works Worklink\"},\"image\":{\"@id\":\"https:\\\/\\\/worklinkweb.com\\\/en\\\/#\\\/schema\\\/logo\\\/image\\\/\"},\"sameAs\":[\"https:\\\/\\\/www.facebook.com\\\/SCWorksWorkLink\\\/\",\"https:\\\/\\\/x.com\\\/SCWorksWorkLink\",\"http:\\\/\\\/www.youtube.com\\\/user\\\/WorkLinkWeb\"]}]}<\/script>\n<!-- \/ Yoast SEO plugin. -->","yoast_head_json":{"title":"WorkLink Workforce Development Board (WDB) - SC Works Worklink","robots":{"index":"index","follow":"follow","max-snippet":"max-snippet:-1","max-image-preview":"max-image-preview:large","max-video-preview":"max-video-preview:-1"},"canonical":"https:\/\/worklinkweb.com\/es\/ada\/","og_locale":"es_MX","og_type":"article","og_title":"WorkLink Workforce Development Board (WDB) - SC Works Worklink","og_description":"WorkLink Workforce Development Board (WDB) develops the link between employers and employees in Anderson, Oconee and Pickens counties. The volunteer board of 25 directors ensures that the local workforce development... Read more &raquo;","og_url":"https:\/\/worklinkweb.com\/es\/ada\/","og_site_name":"SC Works Worklink","article_publisher":"https:\/\/www.facebook.com\/SCWorksWorkLink\/","twitter_card":"summary_large_image","twitter_site":"@SCWorksWorkLink","twitter_misc":{"Tiempo de lectura":"1 minuto"},"schema":{"@context":"https:\/\/schema.org","@graph":[{"@type":"WebPage","@id":"https:\/\/worklinkweb.com\/en\/ada\/","url":"https:\/\/worklinkweb.com\/en\/ada\/","name":"WorkLink Workforce Development Board (WDB) - SC Works Worklink","isPartOf":{"@id":"https:\/\/worklinkweb.com\/en\/#website"},"datePublished":"2015-10-26T04:12:07+00:00","breadcrumb":{"@id":"https:\/\/worklinkweb.com\/en\/ada\/#breadcrumb"},"inLanguage":"es","potentialAction":[{"@type":"ReadAction","target":["https:\/\/worklinkweb.com\/en\/ada\/"]}]},{"@type":"BreadcrumbList","@id":"https:\/\/worklinkweb.com\/en\/ada\/#breadcrumb","itemListElement":[{"@type":"ListItem","position":1,"name":"Home","item":"https:\/\/worklinkweb.com\/"},{"@type":"ListItem","position":2,"name":"WorkLink Workforce Development Board (WDB)"}]},{"@type":"WebSite","@id":"https:\/\/worklinkweb.com\/en\/#website","url":"https:\/\/worklinkweb.com\/en\/","name":"SC Works Worklink","description":"Reunir a empleadores y solicitantes de empleo","publisher":{"@id":"https:\/\/worklinkweb.com\/en\/#organization"},"potentialAction":[{"@type":"SearchAction","target":{"@type":"EntryPoint","urlTemplate":"https:\/\/worklinkweb.com\/en\/?s={search_term_string}"},"query-input":{"@type":"PropertyValueSpecification","valueRequired":true,"valueName":"search_term_string"}}],"inLanguage":"es"},{"@type":"Organization","@id":"https:\/\/worklinkweb.com\/en\/#organization","name":"SC Works Worklink","url":"https:\/\/worklinkweb.com\/en\/","logo":{"@type":"ImageObject","inLanguage":"es","@id":"https:\/\/worklinkweb.com\/en\/#\/schema\/logo\/image\/","url":"https:\/\/worklinkweb.com\/wp-content\/uploads\/2021\/05\/logo.jpeg","contentUrl":"https:\/\/worklinkweb.com\/wp-content\/uploads\/2021\/05\/logo.jpeg","width":582,"height":115,"caption":"SC Works Worklink"},"image":{"@id":"https:\/\/worklinkweb.com\/en\/#\/schema\/logo\/image\/"},"sameAs":["https:\/\/www.facebook.com\/SCWorksWorkLink\/","https:\/\/x.com\/SCWorksWorkLink","http:\/\/www.youtube.com\/user\/WorkLinkWeb"]}]}},"_links":{"self":[{"href":"https:\/\/worklinkweb.com\/es\/wp-json\/wp\/v2\/pages\/86","targetHints":{"allow":["GET"]}}],"collection":[{"href":"https:\/\/worklinkweb.com\/es\/wp-json\/wp\/v2\/pages"}],"about":[{"href":"https:\/\/worklinkweb.com\/es\/wp-json\/wp\/v2\/types\/page"}],"author":[{"embeddable":true,"href":"https:\/\/worklinkweb.com\/es\/wp-json\/wp\/v2\/users\/1"}],"replies":[{"embeddable":true,"href":"https:\/\/worklinkweb.com\/es\/wp-json\/wp\/v2\/comments?post=86"}],"version-history":[{"count":0,"href":"https:\/\/worklinkweb.com\/es\/wp-json\/wp\/v2\/pages\/86\/revisions"}],"wp:attachment":[{"href":"https:\/\/worklinkweb.com\/es\/wp-json\/wp\/v2\/media?parent=86"}],"curies":[{"name":"wp","href":"https:\/\/api.w.org\/{rel}","templated":true}]}}