{"id":87,"date":"2015-10-27T21:48:05","date_gmt":"2015-10-28T01:48:05","guid":{"rendered":"http:\/\/new.worklinkweb.com\/?page_id=30"},"modified":"2026-03-27T17:10:02","modified_gmt":"2026-03-27T21:10:02","slug":"about-worklink","status":"publish","type":"page","link":"https:\/\/worklinkweb.com\/es\/bienvenidos\/","title":{"rendered":"Acerca de Worklink"},"content":{"rendered":"<h2>Descripci\u00f3n general de la Junta de desarrollo de la fuerza laboral de WorkLink<\/h2>\n<p><img loading=\"lazy\" decoding=\"async\" class=\"alignright size-medium wp-image-4474\" src=\"https:\/\/worklinkweb.com\/wp-content\/uploads\/2021\/06\/AdobeStock_316055335-woman-mgr-300x247.jpg\" alt=\"\" width=\"300\" height=\"247\" srcset=\"https:\/\/worklinkweb.com\/wp-content\/uploads\/2021\/06\/AdobeStock_316055335-woman-mgr-300x247.jpg 300w, https:\/\/worklinkweb.com\/wp-content\/uploads\/2021\/06\/AdobeStock_316055335-woman-mgr-768x633.jpg 768w, https:\/\/worklinkweb.com\/wp-content\/uploads\/2021\/06\/AdobeStock_316055335-woman-mgr-16x12.jpg 16w, https:\/\/worklinkweb.com\/wp-content\/uploads\/2021\/06\/AdobeStock_316055335-woman-mgr.jpg 800w\" sizes=\"auto, (max-width: 300px) 100vw, 300px\" \/>WorkLink Workforce Development Board (WDB) desarrolla el v\u00ednculo entre empleadores y empleados en <em>Condados de Anderson, Oconee y Pickens.<\/em><\/p>\n<p>Nuestra junta directiva de voluntarios garantiza que el sistema de desarrollo de la fuerza laboral local est\u00e9 impulsado por el mercado y sea responsable de satisfacer las necesidades de empleo y capacitaci\u00f3n de las empresas y los solicitantes de empleo. La junta implementa la &quot;Ley de Oportunidades e Innovaci\u00f3n de la Fuerza Laboral de 2014&quot; en asociaci\u00f3n con los proveedores de servicios locales y a trav\u00e9s de un<strong> SC Works System<\/strong> que proporciona ubicaciones para que los solicitantes de empleo y los empleadores accedan\u00a0<strong>servicios de empleo y formaci\u00f3n.\u00a0<\/strong><\/p>\n<p>Nuestro objetivo es tener una fuerza laboral capacitada y plenamente empleada y, para ello, <strong>ayudar a los solicitantes de empleo<\/strong> encontrar las herramientas para\u00a0<em>construir sus carreras<\/em>, y nosotros <strong>trabajar con empresas<\/strong> contratar empleados de calidad. WorkLink financia programas para adultos, trabajadores desplazados, j\u00f3venes y apoya a los empleadores a trav\u00e9s de programas de capacitaci\u00f3n para trabajadores titulares y en el lugar de trabajo.<\/p>\n<p><strong>Declaraci\u00f3n de la visi\u00f3n<\/strong> &#8211; Our vision is to have a fully employed, skilled workforce in Anderson, Oconee, and Pickens Counties, SC.<br \/>\n<strong>Estado de la misi\u00f3n<\/strong> \u2013 We collaborate with partners to develop services that link employers and the workforce in Anderson, Oconee, and Pickens Counties, SC.<\/p>\n<p><strong>Junta de desarrollo de la fuerza laboral de WorkLink<\/strong><br \/>\n1376 Tiger Blvd, Suite 102<br \/>\nClemson, SC 29631<br \/>\nN\u00famero principal: (864) 643-0071<br \/>\nFax de la oficina: (864) 646-2814<\/p>","protected":false},"excerpt":{"rendered":"<p>WorkLink Workforce Development Board Overview WorkLink Workforce Development Board (WDB) develops the link between employers and employees in Anderson, Oconee and Pickens counties. Our volunteer board of directors ensures that&#8230;  <a class=\"excerpt-read-more\" href=\"https:\/\/worklinkweb.com\/es\/bienvenidos\/\" title=\"ReadAbout Worklink\">Read more &raquo;<\/a><\/p>","protected":false},"author":1,"featured_media":0,"parent":0,"menu_order":0,"comment_status":"closed","ping_status":"closed","template":"page-about.php","meta":{"footnotes":""},"class_list":["post-87","page","type-page","status-publish","hentry"],"yoast_head":"<!-- This site is optimized with the Yoast SEO plugin v27.4 - https:\/\/yoast.com\/product\/yoast-seo-wordpress\/ -->\n<title>About Worklink - SC Works Worklink<\/title>\n<meta name=\"robots\" content=\"index, follow, max-snippet:-1, max-image-preview:large, max-video-preview:-1\" \/>\n<link rel=\"canonical\" href=\"https:\/\/worklinkweb.com\/es\/about-worklink\/\" \/>\n<meta property=\"og:locale\" content=\"es_MX\" \/>\n<meta property=\"og:type\" content=\"article\" \/>\n<meta property=\"og:title\" content=\"About Worklink - SC Works Worklink\" \/>\n<meta property=\"og:description\" content=\"WorkLink Workforce Development Board Overview WorkLink Workforce Development Board (WDB) develops the link between employers and employees in Anderson, Oconee and Pickens counties. Our volunteer board of directors ensures that... Read more &raquo;\" \/>\n<meta property=\"og:url\" content=\"https:\/\/worklinkweb.com\/es\/about-worklink\/\" \/>\n<meta property=\"og:site_name\" content=\"SC Works Worklink\" \/>\n<meta property=\"article:publisher\" content=\"https:\/\/www.facebook.com\/SCWorksWorkLink\/\" \/>\n<meta property=\"article:modified_time\" content=\"2026-03-27T21:10:02+00:00\" \/>\n<meta property=\"og:image\" content=\"https:\/\/worklinkweb.com\/wp-content\/uploads\/2021\/06\/AdobeStock_316055335-woman-mgr.jpg\" \/>\n\t<meta property=\"og:image:width\" content=\"800\" \/>\n\t<meta property=\"og:image:height\" content=\"659\" \/>\n\t<meta property=\"og:image:type\" content=\"image\/jpeg\" \/>\n<meta name=\"twitter:card\" content=\"summary_large_image\" \/>\n<meta name=\"twitter:site\" content=\"@SCWorksWorkLink\" \/>\n<meta name=\"twitter:label1\" content=\"Tiempo de lectura\" \/>\n\t<meta name=\"twitter:data1\" content=\"2 minutos\" \/>\n<script type=\"application\/ld+json\" class=\"yoast-schema-graph\">{\"@context\":\"https:\\\/\\\/schema.org\",\"@graph\":[{\"@type\":\"WebPage\",\"@id\":\"https:\\\/\\\/worklinkweb.com\\\/about-worklink\\\/\",\"url\":\"https:\\\/\\\/worklinkweb.com\\\/about-worklink\\\/\",\"name\":\"About Worklink - SC Works Worklink\",\"isPartOf\":{\"@id\":\"https:\\\/\\\/worklinkweb.com\\\/en\\\/#website\"},\"primaryImageOfPage\":{\"@id\":\"https:\\\/\\\/worklinkweb.com\\\/about-worklink\\\/#primaryimage\"},\"image\":{\"@id\":\"https:\\\/\\\/worklinkweb.com\\\/about-worklink\\\/#primaryimage\"},\"thumbnailUrl\":\"https:\\\/\\\/worklinkweb.com\\\/wp-content\\\/uploads\\\/2021\\\/06\\\/AdobeStock_316055335-woman-mgr-300x247.jpg\",\"datePublished\":\"2015-10-28T01:48:05+00:00\",\"dateModified\":\"2026-03-27T21:10:02+00:00\",\"breadcrumb\":{\"@id\":\"https:\\\/\\\/worklinkweb.com\\\/about-worklink\\\/#breadcrumb\"},\"inLanguage\":\"es\",\"potentialAction\":[{\"@type\":\"ReadAction\",\"target\":[\"https:\\\/\\\/worklinkweb.com\\\/about-worklink\\\/\"]}]},{\"@type\":\"ImageObject\",\"inLanguage\":\"es\",\"@id\":\"https:\\\/\\\/worklinkweb.com\\\/about-worklink\\\/#primaryimage\",\"url\":\"https:\\\/\\\/worklinkweb.com\\\/wp-content\\\/uploads\\\/2021\\\/06\\\/AdobeStock_316055335-woman-mgr-300x247.jpg\",\"contentUrl\":\"https:\\\/\\\/worklinkweb.com\\\/wp-content\\\/uploads\\\/2021\\\/06\\\/AdobeStock_316055335-woman-mgr-300x247.jpg\"},{\"@type\":\"BreadcrumbList\",\"@id\":\"https:\\\/\\\/worklinkweb.com\\\/about-worklink\\\/#breadcrumb\",\"itemListElement\":[{\"@type\":\"ListItem\",\"position\":1,\"name\":\"Home\",\"item\":\"https:\\\/\\\/worklinkweb.com\\\/\"},{\"@type\":\"ListItem\",\"position\":2,\"name\":\"About Worklink\"}]},{\"@type\":\"WebSite\",\"@id\":\"https:\\\/\\\/worklinkweb.com\\\/en\\\/#website\",\"url\":\"https:\\\/\\\/worklinkweb.com\\\/en\\\/\",\"name\":\"SC Works Worklink\",\"description\":\"Bringing Employers &amp; Job Seekers Together\",\"publisher\":{\"@id\":\"https:\\\/\\\/worklinkweb.com\\\/en\\\/#organization\"},\"potentialAction\":[{\"@type\":\"SearchAction\",\"target\":{\"@type\":\"EntryPoint\",\"urlTemplate\":\"https:\\\/\\\/worklinkweb.com\\\/en\\\/?s={search_term_string}\"},\"query-input\":{\"@type\":\"PropertyValueSpecification\",\"valueRequired\":true,\"valueName\":\"search_term_string\"}}],\"inLanguage\":\"es\"},{\"@type\":\"Organization\",\"@id\":\"https:\\\/\\\/worklinkweb.com\\\/en\\\/#organization\",\"name\":\"SC Works Worklink\",\"url\":\"https:\\\/\\\/worklinkweb.com\\\/en\\\/\",\"logo\":{\"@type\":\"ImageObject\",\"inLanguage\":\"es\",\"@id\":\"https:\\\/\\\/worklinkweb.com\\\/en\\\/#\\\/schema\\\/logo\\\/image\\\/\",\"url\":\"https:\\\/\\\/worklinkweb.com\\\/wp-content\\\/uploads\\\/2021\\\/05\\\/logo.jpeg\",\"contentUrl\":\"https:\\\/\\\/worklinkweb.com\\\/wp-content\\\/uploads\\\/2021\\\/05\\\/logo.jpeg\",\"width\":582,\"height\":115,\"caption\":\"SC Works Worklink\"},\"image\":{\"@id\":\"https:\\\/\\\/worklinkweb.com\\\/en\\\/#\\\/schema\\\/logo\\\/image\\\/\"},\"sameAs\":[\"https:\\\/\\\/www.facebook.com\\\/SCWorksWorkLink\\\/\",\"https:\\\/\\\/x.com\\\/SCWorksWorkLink\",\"http:\\\/\\\/www.youtube.com\\\/user\\\/WorkLinkWeb\"]}]}<\/script>\n<!-- \/ Yoast SEO plugin. -->","yoast_head_json":{"title":"Acerca de Worklink - SC Works Worklink","robots":{"index":"index","follow":"follow","max-snippet":"max-snippet:-1","max-image-preview":"max-image-preview:large","max-video-preview":"max-video-preview:-1"},"canonical":"https:\/\/worklinkweb.com\/es\/about-worklink\/","og_locale":"es_MX","og_type":"article","og_title":"About Worklink - SC Works Worklink","og_description":"WorkLink Workforce Development Board Overview WorkLink Workforce Development Board (WDB) develops the link between employers and employees in Anderson, Oconee and Pickens counties. Our volunteer board of directors ensures that... Read more &raquo;","og_url":"https:\/\/worklinkweb.com\/es\/about-worklink\/","og_site_name":"SC Works Worklink","article_publisher":"https:\/\/www.facebook.com\/SCWorksWorkLink\/","article_modified_time":"2026-03-27T21:10:02+00:00","og_image":[{"width":800,"height":659,"url":"https:\/\/worklinkweb.com\/wp-content\/uploads\/2021\/06\/AdobeStock_316055335-woman-mgr.jpg","type":"image\/jpeg"}],"twitter_card":"summary_large_image","twitter_site":"@SCWorksWorkLink","twitter_misc":{"Tiempo de lectura":"2 minutos"},"schema":{"@context":"https:\/\/schema.org","@graph":[{"@type":"WebPage","@id":"https:\/\/worklinkweb.com\/about-worklink\/","url":"https:\/\/worklinkweb.com\/about-worklink\/","name":"Acerca de Worklink - SC Works Worklink","isPartOf":{"@id":"https:\/\/worklinkweb.com\/en\/#website"},"primaryImageOfPage":{"@id":"https:\/\/worklinkweb.com\/about-worklink\/#primaryimage"},"image":{"@id":"https:\/\/worklinkweb.com\/about-worklink\/#primaryimage"},"thumbnailUrl":"https:\/\/worklinkweb.com\/wp-content\/uploads\/2021\/06\/AdobeStock_316055335-woman-mgr-300x247.jpg","datePublished":"2015-10-28T01:48:05+00:00","dateModified":"2026-03-27T21:10:02+00:00","breadcrumb":{"@id":"https:\/\/worklinkweb.com\/about-worklink\/#breadcrumb"},"inLanguage":"es","potentialAction":[{"@type":"ReadAction","target":["https:\/\/worklinkweb.com\/about-worklink\/"]}]},{"@type":"ImageObject","inLanguage":"es","@id":"https:\/\/worklinkweb.com\/about-worklink\/#primaryimage","url":"https:\/\/worklinkweb.com\/wp-content\/uploads\/2021\/06\/AdobeStock_316055335-woman-mgr-300x247.jpg","contentUrl":"https:\/\/worklinkweb.com\/wp-content\/uploads\/2021\/06\/AdobeStock_316055335-woman-mgr-300x247.jpg"},{"@type":"BreadcrumbList","@id":"https:\/\/worklinkweb.com\/about-worklink\/#breadcrumb","itemListElement":[{"@type":"ListItem","position":1,"name":"Home","item":"https:\/\/worklinkweb.com\/"},{"@type":"ListItem","position":2,"name":"About Worklink"}]},{"@type":"WebSite","@id":"https:\/\/worklinkweb.com\/en\/#website","url":"https:\/\/worklinkweb.com\/en\/","name":"SC Works Worklink","description":"Reunir a empleadores y solicitantes de empleo","publisher":{"@id":"https:\/\/worklinkweb.com\/en\/#organization"},"potentialAction":[{"@type":"SearchAction","target":{"@type":"EntryPoint","urlTemplate":"https:\/\/worklinkweb.com\/en\/?s={search_term_string}"},"query-input":{"@type":"PropertyValueSpecification","valueRequired":true,"valueName":"search_term_string"}}],"inLanguage":"es"},{"@type":"Organization","@id":"https:\/\/worklinkweb.com\/en\/#organization","name":"SC Works Worklink","url":"https:\/\/worklinkweb.com\/en\/","logo":{"@type":"ImageObject","inLanguage":"es","@id":"https:\/\/worklinkweb.com\/en\/#\/schema\/logo\/image\/","url":"https:\/\/worklinkweb.com\/wp-content\/uploads\/2021\/05\/logo.jpeg","contentUrl":"https:\/\/worklinkweb.com\/wp-content\/uploads\/2021\/05\/logo.jpeg","width":582,"height":115,"caption":"SC Works Worklink"},"image":{"@id":"https:\/\/worklinkweb.com\/en\/#\/schema\/logo\/image\/"},"sameAs":["https:\/\/www.facebook.com\/SCWorksWorkLink\/","https:\/\/x.com\/SCWorksWorkLink","http:\/\/www.youtube.com\/user\/WorkLinkWeb"]}]}},"_links":{"self":[{"href":"https:\/\/worklinkweb.com\/es\/wp-json\/wp\/v2\/pages\/87","targetHints":{"allow":["GET"]}}],"collection":[{"href":"https:\/\/worklinkweb.com\/es\/wp-json\/wp\/v2\/pages"}],"about":[{"href":"https:\/\/worklinkweb.com\/es\/wp-json\/wp\/v2\/types\/page"}],"author":[{"embeddable":true,"href":"https:\/\/worklinkweb.com\/es\/wp-json\/wp\/v2\/users\/1"}],"replies":[{"embeddable":true,"href":"https:\/\/worklinkweb.com\/es\/wp-json\/wp\/v2\/comments?post=87"}],"version-history":[{"count":12,"href":"https:\/\/worklinkweb.com\/es\/wp-json\/wp\/v2\/pages\/87\/revisions"}],"predecessor-version":[{"id":7111,"href":"https:\/\/worklinkweb.com\/es\/wp-json\/wp\/v2\/pages\/87\/revisions\/7111"}],"wp:attachment":[{"href":"https:\/\/worklinkweb.com\/es\/wp-json\/wp\/v2\/media?parent=87"}],"curies":[{"name":"wp","href":"https:\/\/api.w.org\/{rel}","templated":true}]}}