{"id":928,"date":"2016-02-23T01:02:59","date_gmt":"2016-02-23T01:02:59","guid":{"rendered":"http:\/\/new.worklinkweb.com\/?page_id=928"},"modified":"2016-02-23T01:02:59","modified_gmt":"2016-02-23T01:02:59","slug":"access-point","status":"publish","type":"page","link":"https:\/\/worklinkweb.com\/es\/punto-de-acceso\/","title":{"rendered":"Punto de acceso"},"content":{"rendered":"<p>&nbsp;<\/p>\n<p>La Junta de Desarrollo de la Fuerza Laboral de WorkLink se asocia con varias agencias comunitarias para proporcionar puntos de acceso a los servicios de b\u00fasqueda de empleo. Como parte de la red SHARE, estos puntos de acceso ofrecen acceso a una computadora y muchos de los servicios b\u00e1sicos que encontrar\u00e1 en los completos y sat\u00e9lites SC Works Workforce Centers en los condados de Anderson, Oconee y Pickens.<\/p>\n<p>Los puntos de acceso est\u00e1n disponibles en las siguientes ubicaciones:<\/p>\n<h3>Educaci\u00f3n para adultos<\/h3>\n<ul>\n<li>Educaci\u00f3n para adultos de Anderson - Distritos 1 y 2<\/li>\n<li>Condado de Anderson (distritos 3, 4 y 5)<\/li>\n<\/ul>\n<h3>Biblioteca P\u00fablica<\/h3>\n<ul>\n<li>Condado de Anderson<\/li>\n<li>Condado de Oconee<\/li>\n<li>Condado de Pickens<\/li>\n<\/ul>\n<h3>Centros de trabajo SC<\/h3>\n<ul>\n<li>Anderson<\/li>\n<li>Clemson<\/li>\n<li>Easley<\/li>\n<li>S\u00e9neca<\/li>\n<\/ul>\n<h3>Otras Ubicaciones<\/h3>\n<ul>\n<li>Ministerios Anderson Interfaith<\/li>\n<li>Foothills Pregnancy Care Center en el condado de Oconee<\/li>\n<li>Industrias de buena voluntad de Upstate \/ Midlands<\/li>\n<li>PARTE del condado de Oconee<\/li>\n<li>El centro de ensue\u00f1o del condado de Pickens<\/li>\n<li>The Parenting Place - Condado de Pickens<\/li>\n<li>United Way de Anderson<\/li>\n<li>United Way de Oconee<\/li>\n<li>United Way of Pickens<\/li>\n<\/ul>\n<p>Para configurar un punto de acceso en su organizaci\u00f3n, comun\u00edquese con WorkLink en\u00a0<a href=\"tel:%28864%29%20646-1515\" target=\"_blank\" rel=\"noopener noreferrer\">(864) 646-1515<\/a>, Servicio de retransmisi\u00f3n Marque 711 (TTY).<\/p>","protected":false},"excerpt":{"rendered":"<p>&nbsp; WorkLink Workforce Development Board partners with several community agencies to provide access points for job search services. As part of the SHARE Network, these Access Points offer access to&#8230;  <a class=\"excerpt-read-more\" href=\"https:\/\/worklinkweb.com\/es\/punto-de-acceso\/\" title=\"ReadAccess Point\">Read more &raquo;<\/a><\/p>","protected":false},"author":1,"featured_media":0,"parent":0,"menu_order":0,"comment_status":"closed","ping_status":"closed","template":"","meta":{"footnotes":""},"class_list":["post-928","page","type-page","status-publish","hentry"],"yoast_head":"<!-- This site is optimized with the Yoast SEO plugin v27.4 - https:\/\/yoast.com\/product\/yoast-seo-wordpress\/ -->\n<title>Access Point - SC Works Worklink<\/title>\n<meta name=\"description\" content=\"Access Points for Job Search\" \/>\n<meta name=\"robots\" content=\"index, follow, max-snippet:-1, max-image-preview:large, max-video-preview:-1\" \/>\n<link rel=\"canonical\" href=\"https:\/\/worklinkweb.com\/es\/access-point\/\" \/>\n<meta property=\"og:locale\" content=\"es_MX\" \/>\n<meta property=\"og:type\" content=\"article\" \/>\n<meta property=\"og:title\" content=\"Access Point - SC Works Worklink\" \/>\n<meta property=\"og:description\" content=\"Access Points for Job Search\" \/>\n<meta property=\"og:url\" content=\"https:\/\/worklinkweb.com\/es\/access-point\/\" \/>\n<meta property=\"og:site_name\" content=\"SC Works Worklink\" \/>\n<meta property=\"article:publisher\" content=\"https:\/\/www.facebook.com\/SCWorksWorkLink\/\" \/>\n<meta name=\"twitter:card\" content=\"summary_large_image\" \/>\n<meta name=\"twitter:site\" content=\"@SCWorksWorkLink\" \/>\n<meta name=\"twitter:label1\" content=\"Tiempo de lectura\" \/>\n\t<meta name=\"twitter:data1\" content=\"1 minuto\" \/>\n<script type=\"application\/ld+json\" class=\"yoast-schema-graph\">{\"@context\":\"https:\\\/\\\/schema.org\",\"@graph\":[{\"@type\":\"WebPage\",\"@id\":\"https:\\\/\\\/worklinkweb.com\\\/en\\\/access-point\\\/\",\"url\":\"https:\\\/\\\/worklinkweb.com\\\/en\\\/access-point\\\/\",\"name\":\"Access Point - SC Works Worklink\",\"isPartOf\":{\"@id\":\"https:\\\/\\\/worklinkweb.com\\\/en\\\/#website\"},\"datePublished\":\"2016-02-23T01:02:59+00:00\",\"description\":\"Access Points for Job Search\",\"breadcrumb\":{\"@id\":\"https:\\\/\\\/worklinkweb.com\\\/en\\\/access-point\\\/#breadcrumb\"},\"inLanguage\":\"es\",\"potentialAction\":[{\"@type\":\"ReadAction\",\"target\":[\"https:\\\/\\\/worklinkweb.com\\\/en\\\/access-point\\\/\"]}]},{\"@type\":\"BreadcrumbList\",\"@id\":\"https:\\\/\\\/worklinkweb.com\\\/en\\\/access-point\\\/#breadcrumb\",\"itemListElement\":[{\"@type\":\"ListItem\",\"position\":1,\"name\":\"Home\",\"item\":\"https:\\\/\\\/worklinkweb.com\\\/\"},{\"@type\":\"ListItem\",\"position\":2,\"name\":\"Access Point\"}]},{\"@type\":\"WebSite\",\"@id\":\"https:\\\/\\\/worklinkweb.com\\\/en\\\/#website\",\"url\":\"https:\\\/\\\/worklinkweb.com\\\/en\\\/\",\"name\":\"SC Works Worklink\",\"description\":\"Bringing Employers &amp; Job Seekers Together\",\"publisher\":{\"@id\":\"https:\\\/\\\/worklinkweb.com\\\/en\\\/#organization\"},\"potentialAction\":[{\"@type\":\"SearchAction\",\"target\":{\"@type\":\"EntryPoint\",\"urlTemplate\":\"https:\\\/\\\/worklinkweb.com\\\/en\\\/?s={search_term_string}\"},\"query-input\":{\"@type\":\"PropertyValueSpecification\",\"valueRequired\":true,\"valueName\":\"search_term_string\"}}],\"inLanguage\":\"es\"},{\"@type\":\"Organization\",\"@id\":\"https:\\\/\\\/worklinkweb.com\\\/en\\\/#organization\",\"name\":\"SC Works Worklink\",\"url\":\"https:\\\/\\\/worklinkweb.com\\\/en\\\/\",\"logo\":{\"@type\":\"ImageObject\",\"inLanguage\":\"es\",\"@id\":\"https:\\\/\\\/worklinkweb.com\\\/en\\\/#\\\/schema\\\/logo\\\/image\\\/\",\"url\":\"https:\\\/\\\/worklinkweb.com\\\/wp-content\\\/uploads\\\/2021\\\/05\\\/logo.jpeg\",\"contentUrl\":\"https:\\\/\\\/worklinkweb.com\\\/wp-content\\\/uploads\\\/2021\\\/05\\\/logo.jpeg\",\"width\":582,\"height\":115,\"caption\":\"SC Works Worklink\"},\"image\":{\"@id\":\"https:\\\/\\\/worklinkweb.com\\\/en\\\/#\\\/schema\\\/logo\\\/image\\\/\"},\"sameAs\":[\"https:\\\/\\\/www.facebook.com\\\/SCWorksWorkLink\\\/\",\"https:\\\/\\\/x.com\\\/SCWorksWorkLink\",\"http:\\\/\\\/www.youtube.com\\\/user\\\/WorkLinkWeb\"]}]}<\/script>\n<!-- \/ Yoast SEO plugin. -->","yoast_head_json":{"title":"Punto de acceso - SC Works Worklink","description":"Puntos de acceso para la b\u00fasqueda de empleo","robots":{"index":"index","follow":"follow","max-snippet":"max-snippet:-1","max-image-preview":"max-image-preview:large","max-video-preview":"max-video-preview:-1"},"canonical":"https:\/\/worklinkweb.com\/es\/access-point\/","og_locale":"es_MX","og_type":"article","og_title":"Access Point - SC Works Worklink","og_description":"Access Points for Job Search","og_url":"https:\/\/worklinkweb.com\/es\/access-point\/","og_site_name":"SC Works Worklink","article_publisher":"https:\/\/www.facebook.com\/SCWorksWorkLink\/","twitter_card":"summary_large_image","twitter_site":"@SCWorksWorkLink","twitter_misc":{"Tiempo de lectura":"1 minuto"},"schema":{"@context":"https:\/\/schema.org","@graph":[{"@type":"WebPage","@id":"https:\/\/worklinkweb.com\/en\/access-point\/","url":"https:\/\/worklinkweb.com\/en\/access-point\/","name":"Punto de acceso - SC Works Worklink","isPartOf":{"@id":"https:\/\/worklinkweb.com\/en\/#website"},"datePublished":"2016-02-23T01:02:59+00:00","description":"Puntos de acceso para la b\u00fasqueda de empleo","breadcrumb":{"@id":"https:\/\/worklinkweb.com\/en\/access-point\/#breadcrumb"},"inLanguage":"es","potentialAction":[{"@type":"ReadAction","target":["https:\/\/worklinkweb.com\/en\/access-point\/"]}]},{"@type":"BreadcrumbList","@id":"https:\/\/worklinkweb.com\/en\/access-point\/#breadcrumb","itemListElement":[{"@type":"ListItem","position":1,"name":"Home","item":"https:\/\/worklinkweb.com\/"},{"@type":"ListItem","position":2,"name":"Access Point"}]},{"@type":"WebSite","@id":"https:\/\/worklinkweb.com\/en\/#website","url":"https:\/\/worklinkweb.com\/en\/","name":"SC Works Worklink","description":"Reunir a empleadores y solicitantes de empleo","publisher":{"@id":"https:\/\/worklinkweb.com\/en\/#organization"},"potentialAction":[{"@type":"SearchAction","target":{"@type":"EntryPoint","urlTemplate":"https:\/\/worklinkweb.com\/en\/?s={search_term_string}"},"query-input":{"@type":"PropertyValueSpecification","valueRequired":true,"valueName":"search_term_string"}}],"inLanguage":"es"},{"@type":"Organization","@id":"https:\/\/worklinkweb.com\/en\/#organization","name":"SC Works Worklink","url":"https:\/\/worklinkweb.com\/en\/","logo":{"@type":"ImageObject","inLanguage":"es","@id":"https:\/\/worklinkweb.com\/en\/#\/schema\/logo\/image\/","url":"https:\/\/worklinkweb.com\/wp-content\/uploads\/2021\/05\/logo.jpeg","contentUrl":"https:\/\/worklinkweb.com\/wp-content\/uploads\/2021\/05\/logo.jpeg","width":582,"height":115,"caption":"SC Works Worklink"},"image":{"@id":"https:\/\/worklinkweb.com\/en\/#\/schema\/logo\/image\/"},"sameAs":["https:\/\/www.facebook.com\/SCWorksWorkLink\/","https:\/\/x.com\/SCWorksWorkLink","http:\/\/www.youtube.com\/user\/WorkLinkWeb"]}]}},"_links":{"self":[{"href":"https:\/\/worklinkweb.com\/es\/wp-json\/wp\/v2\/pages\/928","targetHints":{"allow":["GET"]}}],"collection":[{"href":"https:\/\/worklinkweb.com\/es\/wp-json\/wp\/v2\/pages"}],"about":[{"href":"https:\/\/worklinkweb.com\/es\/wp-json\/wp\/v2\/types\/page"}],"author":[{"embeddable":true,"href":"https:\/\/worklinkweb.com\/es\/wp-json\/wp\/v2\/users\/1"}],"replies":[{"embeddable":true,"href":"https:\/\/worklinkweb.com\/es\/wp-json\/wp\/v2\/comments?post=928"}],"version-history":[{"count":0,"href":"https:\/\/worklinkweb.com\/es\/wp-json\/wp\/v2\/pages\/928\/revisions"}],"wp:attachment":[{"href":"https:\/\/worklinkweb.com\/es\/wp-json\/wp\/v2\/media?parent=928"}],"curies":[{"name":"wp","href":"https:\/\/api.w.org\/{rel}","templated":true}]}}