{"id":937,"date":"2016-02-23T02:53:30","date_gmt":"2016-02-23T02:53:30","guid":{"rendered":"http:\/\/new.worklinkweb.com\/?page_id=937"},"modified":"2026-04-08T11:40:41","modified_gmt":"2026-04-08T15:40:41","slug":"meetings","status":"publish","type":"page","link":"https:\/\/worklinkweb.com\/es\/bienvenidos\/reuniones\/","title":{"rendered":"Reuniones"},"content":{"rendered":"<h3>Junta de Desarrollo de la Fuerza Laboral<\/h3>\n<p>Staff Liaison: Victoria Britton<\/p>\n<p>Las reuniones se llevar\u00e1n a cabo a la 1:00 pm en el Madren Center en Clemson, a menos que se indique lo contrario. El almuerzo se llevar\u00e1 a cabo a las 12:00 pm (mediod\u00eda) inmediatamente antes de la reuni\u00f3n.\u00a0 <strong>Upcoming Meetings for 2026: Feb 4, Apr 1, June 3, Sept 9, Nov 4.<\/strong><\/p>\n<p><strong><a href=\"https:\/\/worklinkweb.com\/meetings\/workforce-development-board\/\">Materiales \/ Archivo<\/a><\/strong><\/p>\n<h3>Comit\u00e9 Ejecutivo<\/h3>\n<p>Staff Liaison: Victoria Britton<\/p>\n<p>Las reuniones se llevar\u00e1n a cabo seg\u00fan sea necesario.<\/p>\n<p><strong><a href=\"https:\/\/worklinkweb.com\/meetings\/executive-committee\/\">Materiales \/ Archivo<\/a><\/strong><\/p>\n<h3>Comite de finanzas<\/h3>\n<p>Staff Liaison: Victoria Britton<\/p>\n<p>This committee establishes an annual budget; serves as the audit and monitoring committee; establishes and implements a plan to leverage and increase the funds within the organization; establishes strategies for the development of organizational products and services that can be sold to generate unrestricted resources for the organization; and develops personnel policies for the organization.<\/p>\n<p>Las reuniones se llevar\u00e1n a cabo a las 3:00 pm en el Clemson SC Works Center. <strong>Upcoming Meetings for 2026: Jan 21, March 25, May 27, Aug 26, Oct 21.<\/strong><\/p>\n<p><strong><a href=\"https:\/\/worklinkweb.com\/meetings\/finance-committee\/\">Materiales \/ Archivo<\/a><\/strong><\/p>\n<h3>Comit\u00e9 de Juventud<\/h3>\n<p>Staff Liaison: Victoria Britton<\/p>\n<p>The Youth Council serves as the WDB\u2019s architect for a comprehensive youth service delivery system in the WorkLink region.<\/p>\n<p>Las reuniones se llevar\u00e1n a cabo a las 11:00 am en el Clemson SC Works Center. <strong>Upcoming Meetings for 2026: Jan 20, Mar , May 5, Aug 11, Oct 6.<\/strong><\/p>\n<p><strong><a href=\"https:\/\/worklinkweb.com\/meetings\/youth-committee\/\">Materiales \/ Archivo<\/a><\/strong><\/p>\n<h3>One-Stop Operations Committee<\/h3>\n<p>Staff Liaison: Victoria Britton<\/p>\n<p>This committee supports the alignment of entities that work in partnership to promote, develop and organize on-going activities and services to continually advance the skills of the regional workforce as well as develops actions and implements strategies to address business needs and increase business involvement in workforce development activities.<\/p>\n<p>Las reuniones se llevar\u00e1n a cabo a las 3:00 pm en el Clemson SC Works Center.\u00a0 <strong>Upcoming Meetings for 2026: Jan 14, Mar 18, May 20, Aug 19, Oct 14.<\/strong><\/p>\n<p><strong><a href=\"https:\/\/worklinkweb.com\/meetings\/onestop-operations-committee\/\">Materiales \/ Archivo<\/a><\/strong><\/p>\n<h3>Comit\u00e9 de poblaciones prioritarias<\/h3>\n<p>Staff Liaison: Windy Graham<\/p>\n<p>This committee provides information and assists with operational and other issues related to compliance with non-discrimination and applicable accessibility requirements as outlined in WIOA Section 188 Disability Reference Guide.<\/p>\n<p>Las reuniones se llevar\u00e1n a cabo a las 3:00 pm en el Clemson SC Works Center. <strong>Upcoming Meetings for 2026: Jan 13, Mar 10, May 12, Aug 11, and Oct 13.<\/strong><\/p>\n<p><strong><a href=\"https:\/\/worklinkweb.com\/meetings\/priority-populations-committee\/\">Materiales \/ Archivo<\/a><\/strong><\/p>","protected":false},"excerpt":{"rendered":"<p>Workforce Development Board Staff Liaison: Victoria Britton Meetings will be held at 1:00 p.m. at the Madren Center in Clemson unless otherwise noted. Lunch will be held at 12:00 p.m&#8230;.  <a class=\"excerpt-read-more\" href=\"https:\/\/worklinkweb.com\/es\/bienvenidos\/reuniones\/\" title=\"ReadMeetings\">Read more &raquo;<\/a><\/p>","protected":false},"author":1,"featured_media":0,"parent":87,"menu_order":0,"comment_status":"closed","ping_status":"closed","template":"page-about.php","meta":{"footnotes":""},"class_list":["post-937","page","type-page","status-publish","hentry"],"yoast_head":"<!-- This site is optimized with the Yoast SEO plugin v27.4 - https:\/\/yoast.com\/product\/yoast-seo-wordpress\/ -->\n<title>Meetings - SC Works Worklink<\/title>\n<meta name=\"robots\" content=\"index, follow, max-snippet:-1, max-image-preview:large, max-video-preview:-1\" \/>\n<link rel=\"canonical\" href=\"https:\/\/worklinkweb.com\/es\/about-worklink\/meetings\/\" \/>\n<meta property=\"og:locale\" content=\"es_MX\" \/>\n<meta property=\"og:type\" content=\"article\" \/>\n<meta property=\"og:title\" content=\"Meetings - SC Works Worklink\" \/>\n<meta property=\"og:description\" content=\"Workforce Development Board Staff Liaison: Victoria Britton Meetings will be held at 1:00 p.m. at the Madren Center in Clemson unless otherwise noted. Lunch will be held at 12:00 p.m.... Read more &raquo;\" \/>\n<meta property=\"og:url\" content=\"https:\/\/worklinkweb.com\/es\/about-worklink\/meetings\/\" \/>\n<meta property=\"og:site_name\" content=\"SC Works Worklink\" \/>\n<meta property=\"article:publisher\" content=\"https:\/\/www.facebook.com\/SCWorksWorkLink\/\" \/>\n<meta property=\"article:modified_time\" content=\"2026-04-08T15:40:41+00:00\" \/>\n<meta name=\"twitter:card\" content=\"summary_large_image\" \/>\n<meta name=\"twitter:site\" content=\"@SCWorksWorkLink\" \/>\n<meta name=\"twitter:label1\" content=\"Tiempo de lectura\" \/>\n\t<meta name=\"twitter:data1\" content=\"2 minutos\" \/>\n<script type=\"application\/ld+json\" class=\"yoast-schema-graph\">{\"@context\":\"https:\\\/\\\/schema.org\",\"@graph\":[{\"@type\":\"WebPage\",\"@id\":\"https:\\\/\\\/worklinkweb.com\\\/about-worklink\\\/meetings\\\/\",\"url\":\"https:\\\/\\\/worklinkweb.com\\\/about-worklink\\\/meetings\\\/\",\"name\":\"Meetings - SC Works Worklink\",\"isPartOf\":{\"@id\":\"https:\\\/\\\/worklinkweb.com\\\/en\\\/#website\"},\"datePublished\":\"2016-02-23T02:53:30+00:00\",\"dateModified\":\"2026-04-08T15:40:41+00:00\",\"breadcrumb\":{\"@id\":\"https:\\\/\\\/worklinkweb.com\\\/about-worklink\\\/meetings\\\/#breadcrumb\"},\"inLanguage\":\"es\",\"potentialAction\":[{\"@type\":\"ReadAction\",\"target\":[\"https:\\\/\\\/worklinkweb.com\\\/about-worklink\\\/meetings\\\/\"]}]},{\"@type\":\"BreadcrumbList\",\"@id\":\"https:\\\/\\\/worklinkweb.com\\\/about-worklink\\\/meetings\\\/#breadcrumb\",\"itemListElement\":[{\"@type\":\"ListItem\",\"position\":1,\"name\":\"Home\",\"item\":\"https:\\\/\\\/worklinkweb.com\\\/\"},{\"@type\":\"ListItem\",\"position\":2,\"name\":\"About Worklink\",\"item\":\"https:\\\/\\\/worklinkweb.com\\\/about-worklink\\\/\"},{\"@type\":\"ListItem\",\"position\":3,\"name\":\"Meetings\"}]},{\"@type\":\"WebSite\",\"@id\":\"https:\\\/\\\/worklinkweb.com\\\/en\\\/#website\",\"url\":\"https:\\\/\\\/worklinkweb.com\\\/en\\\/\",\"name\":\"SC Works Worklink\",\"description\":\"Bringing Employers &amp; Job Seekers Together\",\"publisher\":{\"@id\":\"https:\\\/\\\/worklinkweb.com\\\/en\\\/#organization\"},\"potentialAction\":[{\"@type\":\"SearchAction\",\"target\":{\"@type\":\"EntryPoint\",\"urlTemplate\":\"https:\\\/\\\/worklinkweb.com\\\/en\\\/?s={search_term_string}\"},\"query-input\":{\"@type\":\"PropertyValueSpecification\",\"valueRequired\":true,\"valueName\":\"search_term_string\"}}],\"inLanguage\":\"es\"},{\"@type\":\"Organization\",\"@id\":\"https:\\\/\\\/worklinkweb.com\\\/en\\\/#organization\",\"name\":\"SC Works Worklink\",\"url\":\"https:\\\/\\\/worklinkweb.com\\\/en\\\/\",\"logo\":{\"@type\":\"ImageObject\",\"inLanguage\":\"es\",\"@id\":\"https:\\\/\\\/worklinkweb.com\\\/en\\\/#\\\/schema\\\/logo\\\/image\\\/\",\"url\":\"https:\\\/\\\/worklinkweb.com\\\/wp-content\\\/uploads\\\/2021\\\/05\\\/logo.jpeg\",\"contentUrl\":\"https:\\\/\\\/worklinkweb.com\\\/wp-content\\\/uploads\\\/2021\\\/05\\\/logo.jpeg\",\"width\":582,\"height\":115,\"caption\":\"SC Works Worklink\"},\"image\":{\"@id\":\"https:\\\/\\\/worklinkweb.com\\\/en\\\/#\\\/schema\\\/logo\\\/image\\\/\"},\"sameAs\":[\"https:\\\/\\\/www.facebook.com\\\/SCWorksWorkLink\\\/\",\"https:\\\/\\\/x.com\\\/SCWorksWorkLink\",\"http:\\\/\\\/www.youtube.com\\\/user\\\/WorkLinkWeb\"]}]}<\/script>\n<!-- \/ Yoast SEO plugin. -->","yoast_head_json":{"title":"Reuniones - SC Works Worklink","robots":{"index":"index","follow":"follow","max-snippet":"max-snippet:-1","max-image-preview":"max-image-preview:large","max-video-preview":"max-video-preview:-1"},"canonical":"https:\/\/worklinkweb.com\/es\/about-worklink\/meetings\/","og_locale":"es_MX","og_type":"article","og_title":"Meetings - SC Works Worklink","og_description":"Workforce Development Board Staff Liaison: Victoria Britton Meetings will be held at 1:00 p.m. at the Madren Center in Clemson unless otherwise noted. Lunch will be held at 12:00 p.m.... Read more &raquo;","og_url":"https:\/\/worklinkweb.com\/es\/about-worklink\/meetings\/","og_site_name":"SC Works Worklink","article_publisher":"https:\/\/www.facebook.com\/SCWorksWorkLink\/","article_modified_time":"2026-04-08T15:40:41+00:00","twitter_card":"summary_large_image","twitter_site":"@SCWorksWorkLink","twitter_misc":{"Tiempo de lectura":"2 minutos"},"schema":{"@context":"https:\/\/schema.org","@graph":[{"@type":"WebPage","@id":"https:\/\/worklinkweb.com\/about-worklink\/meetings\/","url":"https:\/\/worklinkweb.com\/about-worklink\/meetings\/","name":"Reuniones - SC Works Worklink","isPartOf":{"@id":"https:\/\/worklinkweb.com\/en\/#website"},"datePublished":"2016-02-23T02:53:30+00:00","dateModified":"2026-04-08T15:40:41+00:00","breadcrumb":{"@id":"https:\/\/worklinkweb.com\/about-worklink\/meetings\/#breadcrumb"},"inLanguage":"es","potentialAction":[{"@type":"ReadAction","target":["https:\/\/worklinkweb.com\/about-worklink\/meetings\/"]}]},{"@type":"BreadcrumbList","@id":"https:\/\/worklinkweb.com\/about-worklink\/meetings\/#breadcrumb","itemListElement":[{"@type":"ListItem","position":1,"name":"Home","item":"https:\/\/worklinkweb.com\/"},{"@type":"ListItem","position":2,"name":"About Worklink","item":"https:\/\/worklinkweb.com\/about-worklink\/"},{"@type":"ListItem","position":3,"name":"Meetings"}]},{"@type":"WebSite","@id":"https:\/\/worklinkweb.com\/en\/#website","url":"https:\/\/worklinkweb.com\/en\/","name":"SC Works Worklink","description":"Reunir a empleadores y solicitantes de empleo","publisher":{"@id":"https:\/\/worklinkweb.com\/en\/#organization"},"potentialAction":[{"@type":"SearchAction","target":{"@type":"EntryPoint","urlTemplate":"https:\/\/worklinkweb.com\/en\/?s={search_term_string}"},"query-input":{"@type":"PropertyValueSpecification","valueRequired":true,"valueName":"search_term_string"}}],"inLanguage":"es"},{"@type":"Organization","@id":"https:\/\/worklinkweb.com\/en\/#organization","name":"SC Works Worklink","url":"https:\/\/worklinkweb.com\/en\/","logo":{"@type":"ImageObject","inLanguage":"es","@id":"https:\/\/worklinkweb.com\/en\/#\/schema\/logo\/image\/","url":"https:\/\/worklinkweb.com\/wp-content\/uploads\/2021\/05\/logo.jpeg","contentUrl":"https:\/\/worklinkweb.com\/wp-content\/uploads\/2021\/05\/logo.jpeg","width":582,"height":115,"caption":"SC Works Worklink"},"image":{"@id":"https:\/\/worklinkweb.com\/en\/#\/schema\/logo\/image\/"},"sameAs":["https:\/\/www.facebook.com\/SCWorksWorkLink\/","https:\/\/x.com\/SCWorksWorkLink","http:\/\/www.youtube.com\/user\/WorkLinkWeb"]}]}},"_links":{"self":[{"href":"https:\/\/worklinkweb.com\/es\/wp-json\/wp\/v2\/pages\/937","targetHints":{"allow":["GET"]}}],"collection":[{"href":"https:\/\/worklinkweb.com\/es\/wp-json\/wp\/v2\/pages"}],"about":[{"href":"https:\/\/worklinkweb.com\/es\/wp-json\/wp\/v2\/types\/page"}],"author":[{"embeddable":true,"href":"https:\/\/worklinkweb.com\/es\/wp-json\/wp\/v2\/users\/1"}],"replies":[{"embeddable":true,"href":"https:\/\/worklinkweb.com\/es\/wp-json\/wp\/v2\/comments?post=937"}],"version-history":[{"count":55,"href":"https:\/\/worklinkweb.com\/es\/wp-json\/wp\/v2\/pages\/937\/revisions"}],"predecessor-version":[{"id":7146,"href":"https:\/\/worklinkweb.com\/es\/wp-json\/wp\/v2\/pages\/937\/revisions\/7146"}],"up":[{"embeddable":true,"href":"https:\/\/worklinkweb.com\/es\/wp-json\/wp\/v2\/pages\/87"}],"wp:attachment":[{"href":"https:\/\/worklinkweb.com\/es\/wp-json\/wp\/v2\/media?parent=937"}],"curies":[{"name":"wp","href":"https:\/\/api.w.org\/{rel}","templated":true}]}}