{"id":943,"date":"2016-02-23T16:25:57","date_gmt":"2016-02-23T16:25:57","guid":{"rendered":"http:\/\/new.worklinkweb.com\/?page_id=943"},"modified":"2026-03-27T16:48:12","modified_gmt":"2026-03-27T20:48:12","slug":"employers","status":"publish","type":"page","link":"https:\/\/worklinkweb.com\/es\/ada\/empleadores-2\/","title":{"rendered":"Empleadores"},"content":{"rendered":"<p>WorkLink Workforce Development Board ofrece una variedad de servicios comerciales a la regi\u00f3n de los tres condados de los condados de Anderson, Oconee y Pickens a trav\u00e9s de la Ley de Oportunidad e Innovaci\u00f3n de la Fuerza Laboral (WIOA) y los Centros de Fuerza Laboral OneStop. Los empleadores se benefician de los servicios empresariales personalizados para las necesidades de cada empresa individual, desde asistencia en formaci\u00f3n hasta cuestiones de recursos humanos. WorkLink proporciona los recursos para ayudarlo a monitorear el mercado laboral, expandir su negocio, mejorar la efectividad de su inversi\u00f3n en capacitaci\u00f3n y responder r\u00e1pidamente a cambios potencialmente adversos en la empresa.<\/p>\n<p>La capacitaci\u00f3n est\u00e1 disponible para las nuevas contrataciones y los trabajadores titulares con reembolso o costos reducidos para las empresas que cumplen con los requisitos de elegibilidad para cada programa. A trav\u00e9s de asociaciones con organizaciones locales y estatales, WorkLink puede ofrecer una variedad de opciones de capacitaci\u00f3n y brindar servicios adicionales para ayudarlo a evaluar a sus solicitantes utilizando la Prueba estandarizada de educaci\u00f3n b\u00e1sica para adultos (TABE) y la evaluaci\u00f3n WIN.<\/p>\n<p>To learn more about WIOA Business Services, contact Victoria Britton at 864-646-5898 or <a href=\"mailto:mdurham@worklinkweb.com\">vbritton@worklinkweb.com<\/a>.<\/p>\n<p>\u00bfNecesita ayuda para desarrollar una descripci\u00f3n del trabajo? \u00a1El Centro de Recursos O * Net tiene descripciones de trabajo para casi todos los puestos! Tambi\u00e9n tiene niveles de intensidad y requisitos educativos y de habilidades. Para acceder a la caja de herramientas, <a href=\"https:\/\/www.onetcenter.org\/online.html\" target=\"_blank\" rel=\"noopener noreferrer\">HAGA CLIC AQU\u00cd.<\/a><\/p>","protected":false},"excerpt":{"rendered":"<p>WorkLink Workforce Development Board offers an array of business services to the Tri-County region of Anderson, Oconee, and Pickens counties through the Workforce Innovation and Opportunity Act (WIOA) and OneStop&#8230;  <a class=\"excerpt-read-more\" href=\"https:\/\/worklinkweb.com\/es\/ada\/empleadores-2\/\" title=\"ReadEmployers\">Read more &raquo;<\/a><\/p>","protected":false},"author":1,"featured_media":0,"parent":86,"menu_order":0,"comment_status":"closed","ping_status":"closed","template":"page-ada.php","meta":{"footnotes":""},"class_list":["post-943","page","type-page","status-publish","hentry"],"yoast_head":"<!-- This site is optimized with the Yoast SEO plugin v27.4 - https:\/\/yoast.com\/product\/yoast-seo-wordpress\/ -->\n<title>Employers - SC Works Worklink<\/title>\n<meta name=\"robots\" content=\"index, follow, max-snippet:-1, max-image-preview:large, max-video-preview:-1\" \/>\n<link rel=\"canonical\" href=\"https:\/\/worklinkweb.com\/es\/ada\/employers\/\" \/>\n<meta property=\"og:locale\" content=\"es_MX\" \/>\n<meta property=\"og:type\" content=\"article\" \/>\n<meta property=\"og:title\" content=\"Employers - SC Works Worklink\" \/>\n<meta property=\"og:description\" content=\"WorkLink Workforce Development Board offers an array of business services to the Tri-County region of Anderson, Oconee, and Pickens counties through the Workforce Innovation and Opportunity Act (WIOA) and OneStop... Read more &raquo;\" \/>\n<meta property=\"og:url\" content=\"https:\/\/worklinkweb.com\/es\/ada\/employers\/\" \/>\n<meta property=\"og:site_name\" content=\"SC Works Worklink\" \/>\n<meta property=\"article:publisher\" content=\"https:\/\/www.facebook.com\/SCWorksWorkLink\/\" \/>\n<meta property=\"article:modified_time\" content=\"2026-03-27T20:48:12+00:00\" \/>\n<meta name=\"twitter:card\" content=\"summary_large_image\" \/>\n<meta name=\"twitter:site\" content=\"@SCWorksWorkLink\" \/>\n<meta name=\"twitter:label1\" content=\"Tiempo de lectura\" \/>\n\t<meta name=\"twitter:data1\" content=\"1 minuto\" \/>\n<script type=\"application\/ld+json\" class=\"yoast-schema-graph\">{\"@context\":\"https:\\\/\\\/schema.org\",\"@graph\":[{\"@type\":\"WebPage\",\"@id\":\"https:\\\/\\\/worklinkweb.com\\\/ada\\\/employers\\\/\",\"url\":\"https:\\\/\\\/worklinkweb.com\\\/ada\\\/employers\\\/\",\"name\":\"Employers - SC Works Worklink\",\"isPartOf\":{\"@id\":\"https:\\\/\\\/worklinkweb.com\\\/en\\\/#website\"},\"datePublished\":\"2016-02-23T16:25:57+00:00\",\"dateModified\":\"2026-03-27T20:48:12+00:00\",\"breadcrumb\":{\"@id\":\"https:\\\/\\\/worklinkweb.com\\\/ada\\\/employers\\\/#breadcrumb\"},\"inLanguage\":\"es\",\"potentialAction\":[{\"@type\":\"ReadAction\",\"target\":[\"https:\\\/\\\/worklinkweb.com\\\/ada\\\/employers\\\/\"]}]},{\"@type\":\"BreadcrumbList\",\"@id\":\"https:\\\/\\\/worklinkweb.com\\\/ada\\\/employers\\\/#breadcrumb\",\"itemListElement\":[{\"@type\":\"ListItem\",\"position\":1,\"name\":\"Home\",\"item\":\"https:\\\/\\\/worklinkweb.com\\\/\"},{\"@type\":\"ListItem\",\"position\":2,\"name\":\"WorkLink Workforce Development Board (WDB)\",\"item\":\"https:\\\/\\\/worklinkweb.com\\\/en\\\/ada\\\/\"},{\"@type\":\"ListItem\",\"position\":3,\"name\":\"Employers\"}]},{\"@type\":\"WebSite\",\"@id\":\"https:\\\/\\\/worklinkweb.com\\\/en\\\/#website\",\"url\":\"https:\\\/\\\/worklinkweb.com\\\/en\\\/\",\"name\":\"SC Works Worklink\",\"description\":\"Bringing Employers &amp; Job Seekers Together\",\"publisher\":{\"@id\":\"https:\\\/\\\/worklinkweb.com\\\/en\\\/#organization\"},\"potentialAction\":[{\"@type\":\"SearchAction\",\"target\":{\"@type\":\"EntryPoint\",\"urlTemplate\":\"https:\\\/\\\/worklinkweb.com\\\/en\\\/?s={search_term_string}\"},\"query-input\":{\"@type\":\"PropertyValueSpecification\",\"valueRequired\":true,\"valueName\":\"search_term_string\"}}],\"inLanguage\":\"es\"},{\"@type\":\"Organization\",\"@id\":\"https:\\\/\\\/worklinkweb.com\\\/en\\\/#organization\",\"name\":\"SC Works Worklink\",\"url\":\"https:\\\/\\\/worklinkweb.com\\\/en\\\/\",\"logo\":{\"@type\":\"ImageObject\",\"inLanguage\":\"es\",\"@id\":\"https:\\\/\\\/worklinkweb.com\\\/en\\\/#\\\/schema\\\/logo\\\/image\\\/\",\"url\":\"https:\\\/\\\/worklinkweb.com\\\/wp-content\\\/uploads\\\/2021\\\/05\\\/logo.jpeg\",\"contentUrl\":\"https:\\\/\\\/worklinkweb.com\\\/wp-content\\\/uploads\\\/2021\\\/05\\\/logo.jpeg\",\"width\":582,\"height\":115,\"caption\":\"SC Works Worklink\"},\"image\":{\"@id\":\"https:\\\/\\\/worklinkweb.com\\\/en\\\/#\\\/schema\\\/logo\\\/image\\\/\"},\"sameAs\":[\"https:\\\/\\\/www.facebook.com\\\/SCWorksWorkLink\\\/\",\"https:\\\/\\\/x.com\\\/SCWorksWorkLink\",\"http:\\\/\\\/www.youtube.com\\\/user\\\/WorkLinkWeb\"]}]}<\/script>\n<!-- \/ Yoast SEO plugin. -->","yoast_head_json":{"title":"Empleadores - SC Works Worklink","robots":{"index":"index","follow":"follow","max-snippet":"max-snippet:-1","max-image-preview":"max-image-preview:large","max-video-preview":"max-video-preview:-1"},"canonical":"https:\/\/worklinkweb.com\/es\/ada\/employers\/","og_locale":"es_MX","og_type":"article","og_title":"Employers - SC Works Worklink","og_description":"WorkLink Workforce Development Board offers an array of business services to the Tri-County region of Anderson, Oconee, and Pickens counties through the Workforce Innovation and Opportunity Act (WIOA) and OneStop... Read more &raquo;","og_url":"https:\/\/worklinkweb.com\/es\/ada\/employers\/","og_site_name":"SC Works Worklink","article_publisher":"https:\/\/www.facebook.com\/SCWorksWorkLink\/","article_modified_time":"2026-03-27T20:48:12+00:00","twitter_card":"summary_large_image","twitter_site":"@SCWorksWorkLink","twitter_misc":{"Tiempo de lectura":"1 minuto"},"schema":{"@context":"https:\/\/schema.org","@graph":[{"@type":"WebPage","@id":"https:\/\/worklinkweb.com\/ada\/employers\/","url":"https:\/\/worklinkweb.com\/ada\/employers\/","name":"Empleadores - SC Works Worklink","isPartOf":{"@id":"https:\/\/worklinkweb.com\/en\/#website"},"datePublished":"2016-02-23T16:25:57+00:00","dateModified":"2026-03-27T20:48:12+00:00","breadcrumb":{"@id":"https:\/\/worklinkweb.com\/ada\/employers\/#breadcrumb"},"inLanguage":"es","potentialAction":[{"@type":"ReadAction","target":["https:\/\/worklinkweb.com\/ada\/employers\/"]}]},{"@type":"BreadcrumbList","@id":"https:\/\/worklinkweb.com\/ada\/employers\/#breadcrumb","itemListElement":[{"@type":"ListItem","position":1,"name":"Home","item":"https:\/\/worklinkweb.com\/"},{"@type":"ListItem","position":2,"name":"WorkLink Workforce Development Board (WDB)","item":"https:\/\/worklinkweb.com\/en\/ada\/"},{"@type":"ListItem","position":3,"name":"Employers"}]},{"@type":"WebSite","@id":"https:\/\/worklinkweb.com\/en\/#website","url":"https:\/\/worklinkweb.com\/en\/","name":"SC Works Worklink","description":"Reunir a empleadores y solicitantes de empleo","publisher":{"@id":"https:\/\/worklinkweb.com\/en\/#organization"},"potentialAction":[{"@type":"SearchAction","target":{"@type":"EntryPoint","urlTemplate":"https:\/\/worklinkweb.com\/en\/?s={search_term_string}"},"query-input":{"@type":"PropertyValueSpecification","valueRequired":true,"valueName":"search_term_string"}}],"inLanguage":"es"},{"@type":"Organization","@id":"https:\/\/worklinkweb.com\/en\/#organization","name":"SC Works Worklink","url":"https:\/\/worklinkweb.com\/en\/","logo":{"@type":"ImageObject","inLanguage":"es","@id":"https:\/\/worklinkweb.com\/en\/#\/schema\/logo\/image\/","url":"https:\/\/worklinkweb.com\/wp-content\/uploads\/2021\/05\/logo.jpeg","contentUrl":"https:\/\/worklinkweb.com\/wp-content\/uploads\/2021\/05\/logo.jpeg","width":582,"height":115,"caption":"SC Works Worklink"},"image":{"@id":"https:\/\/worklinkweb.com\/en\/#\/schema\/logo\/image\/"},"sameAs":["https:\/\/www.facebook.com\/SCWorksWorkLink\/","https:\/\/x.com\/SCWorksWorkLink","http:\/\/www.youtube.com\/user\/WorkLinkWeb"]}]}},"_links":{"self":[{"href":"https:\/\/worklinkweb.com\/es\/wp-json\/wp\/v2\/pages\/943","targetHints":{"allow":["GET"]}}],"collection":[{"href":"https:\/\/worklinkweb.com\/es\/wp-json\/wp\/v2\/pages"}],"about":[{"href":"https:\/\/worklinkweb.com\/es\/wp-json\/wp\/v2\/types\/page"}],"author":[{"embeddable":true,"href":"https:\/\/worklinkweb.com\/es\/wp-json\/wp\/v2\/users\/1"}],"replies":[{"embeddable":true,"href":"https:\/\/worklinkweb.com\/es\/wp-json\/wp\/v2\/comments?post=943"}],"version-history":[{"count":1,"href":"https:\/\/worklinkweb.com\/es\/wp-json\/wp\/v2\/pages\/943\/revisions"}],"predecessor-version":[{"id":7106,"href":"https:\/\/worklinkweb.com\/es\/wp-json\/wp\/v2\/pages\/943\/revisions\/7106"}],"up":[{"embeddable":true,"href":"https:\/\/worklinkweb.com\/es\/wp-json\/wp\/v2\/pages\/86"}],"wp:attachment":[{"href":"https:\/\/worklinkweb.com\/es\/wp-json\/wp\/v2\/media?parent=943"}],"curies":[{"name":"wp","href":"https:\/\/api.w.org\/{rel}","templated":true}]}}