{"id":947,"date":"2016-02-23T16:26:59","date_gmt":"2016-02-23T16:26:59","guid":{"rendered":"http:\/\/new.worklinkweb.com\/?page_id=947"},"modified":"2016-02-23T16:26:59","modified_gmt":"2016-02-23T16:26:59","slug":"looking-for-a-job","status":"publish","type":"page","link":"https:\/\/worklinkweb.com\/es\/ada\/en-busca-de-un-trabajo\/","title":{"rendered":"\u00bfEn busca de un trabajo?"},"content":{"rendered":"<p>Los SC Works Centers en los condados de Anderson, Oconee y Pickens ofrecen f\u00e1cil acceso a la informaci\u00f3n, los servicios, la capacitaci\u00f3n y otras herramientas que necesita para ingresar y avanzar en la fuerza laboral. Ya sea que est\u00e9 en transici\u00f3n, en la escuela, despedido de su trabajo, desempleado o incluso subempleado, podemos ayudarlo a obtener una base s\u00f3lida para su pr\u00f3ximo puesto o carrera o, en \u00faltima instancia, conectarlo con un trabajo. Nuestros servicios le ayudan a averiguar cu\u00e1les son sus habilidades, le brindan asistencia con la b\u00fasqueda de empleo y a desarrollar un plan para que vuelva a trabajar.<\/p>\n<p>Los servicios para personas que buscan empleo est\u00e1n disponibles a trav\u00e9s de la Ley de Oportunidades e Innovaci\u00f3n de la Fuerza Laboral (WIOA). Los servicios profesionales b\u00e1sicos est\u00e1n disponibles para todos, mientras que los servicios profesionales individualizados y los servicios de capacitaci\u00f3n para adultos (mayores de 18 a\u00f1os) y trabajadores desplazados (trabajadores despedidos) que no pueden encontrar un trabajo adecuado o est\u00e1n trabajando pero a\u00fan necesitan habilidades adicionales.<\/p>\n<p>Tambi\u00e9n puede acceder a los servicios b\u00e1sicos en varias agencias asociadas y puntos de acceso en toda la comunidad.<\/p>","protected":false},"excerpt":{"rendered":"<p>The SC Works Centers in Anderson, Oconee and Pickens counties offer easy access to the information, services, training and other tools you need to enter and move ahead in the&#8230;  <a class=\"excerpt-read-more\" href=\"https:\/\/worklinkweb.com\/es\/ada\/en-busca-de-un-trabajo\/\" title=\"ReadLooking for a Job?\">Read more &raquo;<\/a><\/p>","protected":false},"author":1,"featured_media":0,"parent":86,"menu_order":0,"comment_status":"closed","ping_status":"closed","template":"page-ada.php","meta":{"footnotes":""},"class_list":["post-947","page","type-page","status-publish","hentry"],"yoast_head":"<!-- This site is optimized with the Yoast SEO plugin v27.4 - https:\/\/yoast.com\/product\/yoast-seo-wordpress\/ -->\n<title>Looking for a Job? - SC Works Worklink<\/title>\n<meta name=\"robots\" content=\"index, follow, max-snippet:-1, max-image-preview:large, max-video-preview:-1\" \/>\n<link rel=\"canonical\" href=\"https:\/\/worklinkweb.com\/es\/ada\/looking-for-a-job\/\" \/>\n<meta property=\"og:locale\" content=\"es_MX\" \/>\n<meta property=\"og:type\" content=\"article\" \/>\n<meta property=\"og:title\" content=\"Looking for a Job? - SC Works Worklink\" \/>\n<meta property=\"og:description\" content=\"The SC Works Centers in Anderson, Oconee and Pickens counties offer easy access to the information, services, training and other tools you need to enter and move ahead in the... Read more &raquo;\" \/>\n<meta property=\"og:url\" content=\"https:\/\/worklinkweb.com\/es\/ada\/looking-for-a-job\/\" \/>\n<meta property=\"og:site_name\" content=\"SC Works Worklink\" \/>\n<meta property=\"article:publisher\" content=\"https:\/\/www.facebook.com\/SCWorksWorkLink\/\" \/>\n<meta name=\"twitter:card\" content=\"summary_large_image\" \/>\n<meta name=\"twitter:site\" content=\"@SCWorksWorkLink\" \/>\n<meta name=\"twitter:label1\" content=\"Tiempo de lectura\" \/>\n\t<meta name=\"twitter:data1\" content=\"1 minuto\" \/>\n<script type=\"application\/ld+json\" class=\"yoast-schema-graph\">{\"@context\":\"https:\\\/\\\/schema.org\",\"@graph\":[{\"@type\":\"WebPage\",\"@id\":\"https:\\\/\\\/worklinkweb.com\\\/en\\\/ada\\\/looking-for-a-job\\\/\",\"url\":\"https:\\\/\\\/worklinkweb.com\\\/en\\\/ada\\\/looking-for-a-job\\\/\",\"name\":\"Looking for a Job? - SC Works Worklink\",\"isPartOf\":{\"@id\":\"https:\\\/\\\/worklinkweb.com\\\/en\\\/#website\"},\"datePublished\":\"2016-02-23T16:26:59+00:00\",\"breadcrumb\":{\"@id\":\"https:\\\/\\\/worklinkweb.com\\\/en\\\/ada\\\/looking-for-a-job\\\/#breadcrumb\"},\"inLanguage\":\"es\",\"potentialAction\":[{\"@type\":\"ReadAction\",\"target\":[\"https:\\\/\\\/worklinkweb.com\\\/en\\\/ada\\\/looking-for-a-job\\\/\"]}]},{\"@type\":\"BreadcrumbList\",\"@id\":\"https:\\\/\\\/worklinkweb.com\\\/en\\\/ada\\\/looking-for-a-job\\\/#breadcrumb\",\"itemListElement\":[{\"@type\":\"ListItem\",\"position\":1,\"name\":\"Home\",\"item\":\"https:\\\/\\\/worklinkweb.com\\\/\"},{\"@type\":\"ListItem\",\"position\":2,\"name\":\"WorkLink Workforce Development Board (WDB)\",\"item\":\"https:\\\/\\\/worklinkweb.com\\\/en\\\/ada\\\/\"},{\"@type\":\"ListItem\",\"position\":3,\"name\":\"Looking for a Job?\"}]},{\"@type\":\"WebSite\",\"@id\":\"https:\\\/\\\/worklinkweb.com\\\/en\\\/#website\",\"url\":\"https:\\\/\\\/worklinkweb.com\\\/en\\\/\",\"name\":\"SC Works Worklink\",\"description\":\"Bringing Employers &amp; Job Seekers Together\",\"publisher\":{\"@id\":\"https:\\\/\\\/worklinkweb.com\\\/en\\\/#organization\"},\"potentialAction\":[{\"@type\":\"SearchAction\",\"target\":{\"@type\":\"EntryPoint\",\"urlTemplate\":\"https:\\\/\\\/worklinkweb.com\\\/en\\\/?s={search_term_string}\"},\"query-input\":{\"@type\":\"PropertyValueSpecification\",\"valueRequired\":true,\"valueName\":\"search_term_string\"}}],\"inLanguage\":\"es\"},{\"@type\":\"Organization\",\"@id\":\"https:\\\/\\\/worklinkweb.com\\\/en\\\/#organization\",\"name\":\"SC Works Worklink\",\"url\":\"https:\\\/\\\/worklinkweb.com\\\/en\\\/\",\"logo\":{\"@type\":\"ImageObject\",\"inLanguage\":\"es\",\"@id\":\"https:\\\/\\\/worklinkweb.com\\\/en\\\/#\\\/schema\\\/logo\\\/image\\\/\",\"url\":\"https:\\\/\\\/worklinkweb.com\\\/wp-content\\\/uploads\\\/2021\\\/05\\\/logo.jpeg\",\"contentUrl\":\"https:\\\/\\\/worklinkweb.com\\\/wp-content\\\/uploads\\\/2021\\\/05\\\/logo.jpeg\",\"width\":582,\"height\":115,\"caption\":\"SC Works Worklink\"},\"image\":{\"@id\":\"https:\\\/\\\/worklinkweb.com\\\/en\\\/#\\\/schema\\\/logo\\\/image\\\/\"},\"sameAs\":[\"https:\\\/\\\/www.facebook.com\\\/SCWorksWorkLink\\\/\",\"https:\\\/\\\/x.com\\\/SCWorksWorkLink\",\"http:\\\/\\\/www.youtube.com\\\/user\\\/WorkLinkWeb\"]}]}<\/script>\n<!-- \/ Yoast SEO plugin. -->","yoast_head_json":{"title":"\u00bfEn busca de un trabajo? - SC Works Worklink","robots":{"index":"index","follow":"follow","max-snippet":"max-snippet:-1","max-image-preview":"max-image-preview:large","max-video-preview":"max-video-preview:-1"},"canonical":"https:\/\/worklinkweb.com\/es\/ada\/looking-for-a-job\/","og_locale":"es_MX","og_type":"article","og_title":"Looking for a Job? - SC Works Worklink","og_description":"The SC Works Centers in Anderson, Oconee and Pickens counties offer easy access to the information, services, training and other tools you need to enter and move ahead in the... Read more &raquo;","og_url":"https:\/\/worklinkweb.com\/es\/ada\/looking-for-a-job\/","og_site_name":"SC Works Worklink","article_publisher":"https:\/\/www.facebook.com\/SCWorksWorkLink\/","twitter_card":"summary_large_image","twitter_site":"@SCWorksWorkLink","twitter_misc":{"Tiempo de lectura":"1 minuto"},"schema":{"@context":"https:\/\/schema.org","@graph":[{"@type":"WebPage","@id":"https:\/\/worklinkweb.com\/en\/ada\/looking-for-a-job\/","url":"https:\/\/worklinkweb.com\/en\/ada\/looking-for-a-job\/","name":"\u00bfEn busca de un trabajo? - SC Works Worklink","isPartOf":{"@id":"https:\/\/worklinkweb.com\/en\/#website"},"datePublished":"2016-02-23T16:26:59+00:00","breadcrumb":{"@id":"https:\/\/worklinkweb.com\/en\/ada\/looking-for-a-job\/#breadcrumb"},"inLanguage":"es","potentialAction":[{"@type":"ReadAction","target":["https:\/\/worklinkweb.com\/en\/ada\/looking-for-a-job\/"]}]},{"@type":"BreadcrumbList","@id":"https:\/\/worklinkweb.com\/en\/ada\/looking-for-a-job\/#breadcrumb","itemListElement":[{"@type":"ListItem","position":1,"name":"Home","item":"https:\/\/worklinkweb.com\/"},{"@type":"ListItem","position":2,"name":"WorkLink Workforce Development Board (WDB)","item":"https:\/\/worklinkweb.com\/en\/ada\/"},{"@type":"ListItem","position":3,"name":"Looking for a Job?"}]},{"@type":"WebSite","@id":"https:\/\/worklinkweb.com\/en\/#website","url":"https:\/\/worklinkweb.com\/en\/","name":"SC Works Worklink","description":"Reunir a empleadores y solicitantes de empleo","publisher":{"@id":"https:\/\/worklinkweb.com\/en\/#organization"},"potentialAction":[{"@type":"SearchAction","target":{"@type":"EntryPoint","urlTemplate":"https:\/\/worklinkweb.com\/en\/?s={search_term_string}"},"query-input":{"@type":"PropertyValueSpecification","valueRequired":true,"valueName":"search_term_string"}}],"inLanguage":"es"},{"@type":"Organization","@id":"https:\/\/worklinkweb.com\/en\/#organization","name":"SC Works Worklink","url":"https:\/\/worklinkweb.com\/en\/","logo":{"@type":"ImageObject","inLanguage":"es","@id":"https:\/\/worklinkweb.com\/en\/#\/schema\/logo\/image\/","url":"https:\/\/worklinkweb.com\/wp-content\/uploads\/2021\/05\/logo.jpeg","contentUrl":"https:\/\/worklinkweb.com\/wp-content\/uploads\/2021\/05\/logo.jpeg","width":582,"height":115,"caption":"SC Works Worklink"},"image":{"@id":"https:\/\/worklinkweb.com\/en\/#\/schema\/logo\/image\/"},"sameAs":["https:\/\/www.facebook.com\/SCWorksWorkLink\/","https:\/\/x.com\/SCWorksWorkLink","http:\/\/www.youtube.com\/user\/WorkLinkWeb"]}]}},"_links":{"self":[{"href":"https:\/\/worklinkweb.com\/es\/wp-json\/wp\/v2\/pages\/947","targetHints":{"allow":["GET"]}}],"collection":[{"href":"https:\/\/worklinkweb.com\/es\/wp-json\/wp\/v2\/pages"}],"about":[{"href":"https:\/\/worklinkweb.com\/es\/wp-json\/wp\/v2\/types\/page"}],"author":[{"embeddable":true,"href":"https:\/\/worklinkweb.com\/es\/wp-json\/wp\/v2\/users\/1"}],"replies":[{"embeddable":true,"href":"https:\/\/worklinkweb.com\/es\/wp-json\/wp\/v2\/comments?post=947"}],"version-history":[{"count":0,"href":"https:\/\/worklinkweb.com\/es\/wp-json\/wp\/v2\/pages\/947\/revisions"}],"up":[{"embeddable":true,"href":"https:\/\/worklinkweb.com\/es\/wp-json\/wp\/v2\/pages\/86"}],"wp:attachment":[{"href":"https:\/\/worklinkweb.com\/es\/wp-json\/wp\/v2\/media?parent=947"}],"curies":[{"name":"wp","href":"https:\/\/api.w.org\/{rel}","templated":true}]}}