{"id":95,"date":"2015-10-27T23:42:51","date_gmt":"2015-10-27T23:42:51","guid":{"rendered":"http:\/\/new.worklinkweb.com\/?page_id=80"},"modified":"2021-05-25T21:10:09","modified_gmt":"2021-05-26T01:10:09","slug":"board-criteria","status":"publish","type":"page","link":"https:\/\/worklinkweb.com\/es\/bienvenidos\/criterios-de-la-junta\/","title":{"rendered":"Criterios de la junta"},"content":{"rendered":"<p>La Junta de Desarrollo de la Fuerza Laboral de WorkLink es una organizaci\u00f3n gobernada por una junta directiva voluntaria responsable de desarrollar pol\u00edticas y supervisar las iniciativas de desarrollo de la fuerza laboral local en asociaci\u00f3n con los funcionarios electos locales. En Carolina del Sur, hay 12 Juntas de \u00c1rea de Desarrollo de la Fuerza Laboral con representantes designados de los 46 condados.<\/p>\n<p><strong>C\u00f3mo conseguir una designaci\u00f3n<\/strong><br \/>\nLos miembros de la Junta son nombrados por los principales funcionarios electos de sus respectivos condados de acuerdo con los criterios establecidos por el Gobernador. La membres\u00eda de WDB incluye representantes de empresas e industrias, agencias de educaci\u00f3n, organizaciones comunitarias, agencias de desarrollo econ\u00f3mico, servicio p\u00fablico de empleo, agencias de asistencia p\u00fablica, rehabilitaci\u00f3n vocacional y organizaciones laborales.<\/p>\n<p>Si desea obtener m\u00e1s informaci\u00f3n sobre c\u00f3mo unirse a la junta, comun\u00edquese con WorkLink al (864) 646-1515, Servicio de retransmisi\u00f3n Marque 711 (TTY).<\/p>\n<p><strong>La funci\u00f3n de la junta <\/strong><br \/>\nLa funci\u00f3n principal de la Junta es servir como punto de contacto para las empresas, la industria y los trabajadores para comunicar las necesidades de su fuerza laboral. El servicio en la Junta tambi\u00e9n incluye lo siguiente:<\/p>\n<ul>\n<li>Proporcionar un foro donde los l\u00edderes de los sectores p\u00fablico y privado consideren conjuntamente las necesidades de desarrollo de la fuerza laboral de la regi\u00f3n;<\/li>\n<li>Promover estrategias para fomentar el aprendizaje a lo largo de la vida para mejorar las habilidades en el lugar de trabajo;<\/li>\n<li>Ayudar en el desarrollo de nuevos programas de capacitaci\u00f3n en beneficio de la fuerza laboral de la regi\u00f3n;<\/li>\n<li>Llevar a cabo la planificaci\u00f3n, supervisi\u00f3n y evaluaci\u00f3n de los programas de desarrollo de la fuerza laboral local, incluido el Sistema de Centro de Carreras \u00danico local;<\/li>\n<li>Ofrecer asesoramiento sobre pol\u00edticas y programas de fuerza laboral a funcionarios locales electos, empleadores, agencias de educaci\u00f3n y empleo y ciudadanos;<\/li>\n<li>Coordinar con los esfuerzos y actividades de desarrollo econ\u00f3mico para promover la disponibilidad de trabajadores calificados en la regi\u00f3n y promover la cooperaci\u00f3n y coordinaci\u00f3n entre organismos p\u00fablicos, agencias de educaci\u00f3n y empresas privadas;<\/li>\n<li>Revisar los planes de las agencias locales y las solicitudes de subvenciones para los programas de desarrollo de la fuerza laboral a fin de garantizar que se pueda lograr la coordinaci\u00f3n de los servicios y el logro de las metas locales.<\/li>\n<\/ul>","protected":false},"excerpt":{"rendered":"<p>The WorkLink Workforce Development Board is an organization governed by a volunteer board of directors responsible for developing policy and overseeing local workforce development initiatives in partnership with the local&#8230;  <a class=\"excerpt-read-more\" href=\"https:\/\/worklinkweb.com\/es\/bienvenidos\/criterios-de-la-junta\/\" title=\"ReadBoard Criteria\">Read more &raquo;<\/a><\/p>","protected":false},"author":1,"featured_media":0,"parent":87,"menu_order":0,"comment_status":"closed","ping_status":"closed","template":"page-about.php","meta":{"footnotes":""},"class_list":["post-95","page","type-page","status-publish","hentry"],"yoast_head":"<!-- This site is optimized with the Yoast SEO plugin v27.4 - https:\/\/yoast.com\/product\/yoast-seo-wordpress\/ -->\n<title>Board Criteria - SC Works Worklink<\/title>\n<meta name=\"robots\" content=\"index, follow, max-snippet:-1, max-image-preview:large, max-video-preview:-1\" \/>\n<link rel=\"canonical\" href=\"https:\/\/worklinkweb.com\/es\/about-worklink\/board-criteria\/\" \/>\n<meta property=\"og:locale\" content=\"es_MX\" \/>\n<meta property=\"og:type\" content=\"article\" \/>\n<meta property=\"og:title\" content=\"Board Criteria - SC Works Worklink\" \/>\n<meta property=\"og:description\" content=\"The WorkLink Workforce Development Board is an organization governed by a volunteer board of directors responsible for developing policy and overseeing local workforce development initiatives in partnership with the local... Read more &raquo;\" \/>\n<meta property=\"og:url\" content=\"https:\/\/worklinkweb.com\/es\/about-worklink\/board-criteria\/\" \/>\n<meta property=\"og:site_name\" content=\"SC Works Worklink\" \/>\n<meta property=\"article:publisher\" content=\"https:\/\/www.facebook.com\/SCWorksWorkLink\/\" \/>\n<meta property=\"article:modified_time\" content=\"2021-05-26T01:10:09+00:00\" \/>\n<meta name=\"twitter:card\" content=\"summary_large_image\" \/>\n<meta name=\"twitter:site\" content=\"@SCWorksWorkLink\" \/>\n<meta name=\"twitter:label1\" content=\"Tiempo de lectura\" \/>\n\t<meta name=\"twitter:data1\" content=\"1 minuto\" \/>\n<script type=\"application\/ld+json\" class=\"yoast-schema-graph\">{\"@context\":\"https:\\\/\\\/schema.org\",\"@graph\":[{\"@type\":\"WebPage\",\"@id\":\"https:\\\/\\\/worklinkweb.com\\\/about-worklink\\\/board-criteria\\\/\",\"url\":\"https:\\\/\\\/worklinkweb.com\\\/about-worklink\\\/board-criteria\\\/\",\"name\":\"Board Criteria - SC Works Worklink\",\"isPartOf\":{\"@id\":\"https:\\\/\\\/worklinkweb.com\\\/en\\\/#website\"},\"datePublished\":\"2015-10-27T23:42:51+00:00\",\"dateModified\":\"2021-05-26T01:10:09+00:00\",\"breadcrumb\":{\"@id\":\"https:\\\/\\\/worklinkweb.com\\\/about-worklink\\\/board-criteria\\\/#breadcrumb\"},\"inLanguage\":\"es\",\"potentialAction\":[{\"@type\":\"ReadAction\",\"target\":[\"https:\\\/\\\/worklinkweb.com\\\/about-worklink\\\/board-criteria\\\/\"]}]},{\"@type\":\"BreadcrumbList\",\"@id\":\"https:\\\/\\\/worklinkweb.com\\\/about-worklink\\\/board-criteria\\\/#breadcrumb\",\"itemListElement\":[{\"@type\":\"ListItem\",\"position\":1,\"name\":\"Home\",\"item\":\"https:\\\/\\\/worklinkweb.com\\\/\"},{\"@type\":\"ListItem\",\"position\":2,\"name\":\"About Worklink\",\"item\":\"https:\\\/\\\/worklinkweb.com\\\/about-worklink\\\/\"},{\"@type\":\"ListItem\",\"position\":3,\"name\":\"Board Criteria\"}]},{\"@type\":\"WebSite\",\"@id\":\"https:\\\/\\\/worklinkweb.com\\\/en\\\/#website\",\"url\":\"https:\\\/\\\/worklinkweb.com\\\/en\\\/\",\"name\":\"SC Works Worklink\",\"description\":\"Bringing Employers &amp; Job Seekers Together\",\"publisher\":{\"@id\":\"https:\\\/\\\/worklinkweb.com\\\/en\\\/#organization\"},\"potentialAction\":[{\"@type\":\"SearchAction\",\"target\":{\"@type\":\"EntryPoint\",\"urlTemplate\":\"https:\\\/\\\/worklinkweb.com\\\/en\\\/?s={search_term_string}\"},\"query-input\":{\"@type\":\"PropertyValueSpecification\",\"valueRequired\":true,\"valueName\":\"search_term_string\"}}],\"inLanguage\":\"es\"},{\"@type\":\"Organization\",\"@id\":\"https:\\\/\\\/worklinkweb.com\\\/en\\\/#organization\",\"name\":\"SC Works Worklink\",\"url\":\"https:\\\/\\\/worklinkweb.com\\\/en\\\/\",\"logo\":{\"@type\":\"ImageObject\",\"inLanguage\":\"es\",\"@id\":\"https:\\\/\\\/worklinkweb.com\\\/en\\\/#\\\/schema\\\/logo\\\/image\\\/\",\"url\":\"https:\\\/\\\/worklinkweb.com\\\/wp-content\\\/uploads\\\/2021\\\/05\\\/logo.jpeg\",\"contentUrl\":\"https:\\\/\\\/worklinkweb.com\\\/wp-content\\\/uploads\\\/2021\\\/05\\\/logo.jpeg\",\"width\":582,\"height\":115,\"caption\":\"SC Works Worklink\"},\"image\":{\"@id\":\"https:\\\/\\\/worklinkweb.com\\\/en\\\/#\\\/schema\\\/logo\\\/image\\\/\"},\"sameAs\":[\"https:\\\/\\\/www.facebook.com\\\/SCWorksWorkLink\\\/\",\"https:\\\/\\\/x.com\\\/SCWorksWorkLink\",\"http:\\\/\\\/www.youtube.com\\\/user\\\/WorkLinkWeb\"]}]}<\/script>\n<!-- \/ Yoast SEO plugin. -->","yoast_head_json":{"title":"Criterios de la junta: SC Works Worklink","robots":{"index":"index","follow":"follow","max-snippet":"max-snippet:-1","max-image-preview":"max-image-preview:large","max-video-preview":"max-video-preview:-1"},"canonical":"https:\/\/worklinkweb.com\/es\/about-worklink\/board-criteria\/","og_locale":"es_MX","og_type":"article","og_title":"Board Criteria - SC Works Worklink","og_description":"The WorkLink Workforce Development Board is an organization governed by a volunteer board of directors responsible for developing policy and overseeing local workforce development initiatives in partnership with the local... Read more &raquo;","og_url":"https:\/\/worklinkweb.com\/es\/about-worklink\/board-criteria\/","og_site_name":"SC Works Worklink","article_publisher":"https:\/\/www.facebook.com\/SCWorksWorkLink\/","article_modified_time":"2021-05-26T01:10:09+00:00","twitter_card":"summary_large_image","twitter_site":"@SCWorksWorkLink","twitter_misc":{"Tiempo de lectura":"1 minuto"},"schema":{"@context":"https:\/\/schema.org","@graph":[{"@type":"WebPage","@id":"https:\/\/worklinkweb.com\/about-worklink\/board-criteria\/","url":"https:\/\/worklinkweb.com\/about-worklink\/board-criteria\/","name":"Criterios de la junta: SC Works Worklink","isPartOf":{"@id":"https:\/\/worklinkweb.com\/en\/#website"},"datePublished":"2015-10-27T23:42:51+00:00","dateModified":"2021-05-26T01:10:09+00:00","breadcrumb":{"@id":"https:\/\/worklinkweb.com\/about-worklink\/board-criteria\/#breadcrumb"},"inLanguage":"es","potentialAction":[{"@type":"ReadAction","target":["https:\/\/worklinkweb.com\/about-worklink\/board-criteria\/"]}]},{"@type":"BreadcrumbList","@id":"https:\/\/worklinkweb.com\/about-worklink\/board-criteria\/#breadcrumb","itemListElement":[{"@type":"ListItem","position":1,"name":"Home","item":"https:\/\/worklinkweb.com\/"},{"@type":"ListItem","position":2,"name":"About Worklink","item":"https:\/\/worklinkweb.com\/about-worklink\/"},{"@type":"ListItem","position":3,"name":"Board Criteria"}]},{"@type":"WebSite","@id":"https:\/\/worklinkweb.com\/en\/#website","url":"https:\/\/worklinkweb.com\/en\/","name":"SC Works Worklink","description":"Reunir a empleadores y solicitantes de empleo","publisher":{"@id":"https:\/\/worklinkweb.com\/en\/#organization"},"potentialAction":[{"@type":"SearchAction","target":{"@type":"EntryPoint","urlTemplate":"https:\/\/worklinkweb.com\/en\/?s={search_term_string}"},"query-input":{"@type":"PropertyValueSpecification","valueRequired":true,"valueName":"search_term_string"}}],"inLanguage":"es"},{"@type":"Organization","@id":"https:\/\/worklinkweb.com\/en\/#organization","name":"SC Works Worklink","url":"https:\/\/worklinkweb.com\/en\/","logo":{"@type":"ImageObject","inLanguage":"es","@id":"https:\/\/worklinkweb.com\/en\/#\/schema\/logo\/image\/","url":"https:\/\/worklinkweb.com\/wp-content\/uploads\/2021\/05\/logo.jpeg","contentUrl":"https:\/\/worklinkweb.com\/wp-content\/uploads\/2021\/05\/logo.jpeg","width":582,"height":115,"caption":"SC Works Worklink"},"image":{"@id":"https:\/\/worklinkweb.com\/en\/#\/schema\/logo\/image\/"},"sameAs":["https:\/\/www.facebook.com\/SCWorksWorkLink\/","https:\/\/x.com\/SCWorksWorkLink","http:\/\/www.youtube.com\/user\/WorkLinkWeb"]}]}},"_links":{"self":[{"href":"https:\/\/worklinkweb.com\/es\/wp-json\/wp\/v2\/pages\/95","targetHints":{"allow":["GET"]}}],"collection":[{"href":"https:\/\/worklinkweb.com\/es\/wp-json\/wp\/v2\/pages"}],"about":[{"href":"https:\/\/worklinkweb.com\/es\/wp-json\/wp\/v2\/types\/page"}],"author":[{"embeddable":true,"href":"https:\/\/worklinkweb.com\/es\/wp-json\/wp\/v2\/users\/1"}],"replies":[{"embeddable":true,"href":"https:\/\/worklinkweb.com\/es\/wp-json\/wp\/v2\/comments?post=95"}],"version-history":[{"count":1,"href":"https:\/\/worklinkweb.com\/es\/wp-json\/wp\/v2\/pages\/95\/revisions"}],"predecessor-version":[{"id":4111,"href":"https:\/\/worklinkweb.com\/es\/wp-json\/wp\/v2\/pages\/95\/revisions\/4111"}],"up":[{"embeddable":true,"href":"https:\/\/worklinkweb.com\/es\/wp-json\/wp\/v2\/pages\/87"}],"wp:attachment":[{"href":"https:\/\/worklinkweb.com\/es\/wp-json\/wp\/v2\/media?parent=95"}],"curies":[{"name":"wp","href":"https:\/\/api.w.org\/{rel}","templated":true}]}}