{"id":951,"date":"2016-02-23T16:28:53","date_gmt":"2016-02-23T16:28:53","guid":{"rendered":"http:\/\/new.worklinkweb.com\/?page_id=951"},"modified":"2016-02-23T16:28:53","modified_gmt":"2016-02-23T16:28:53","slug":"community-impact","status":"publish","type":"page","link":"https:\/\/worklinkweb.com\/es\/ada\/impacto-en-la-comunidad\/","title":{"rendered":"Impacto en la comunidad"},"content":{"rendered":"<h2>Aspectos destacados de WorkLink, SC Works y los programas para adultos y j\u00f3venes de WIOA<\/h2>\n<h3>Personas con discapacidades<\/h3>\n<p>Celebrado cada octubre, el Mes Nacional de Concientizaci\u00f3n sobre el Empleo para Personas con Discapacidades (NDEAM, por sus siglas en ingl\u00e9s) es un momento para celebrar las muchas y variadas contribuciones de los trabajadores estadounidenses con discapacidades. El tema de este a\u00f1o, que marca los 70 a\u00f1os (1945-2015) desde la primera celebraci\u00f3n, es &quot;Mi discapacidad es una parte de qui\u00e9n soy&quot;.<\/p>\n<p>\u00a1Octubre es el mes de concientizaci\u00f3n sobre el empleo para discapacitados! Hacer clic <a href=\"http:\/\/www.worklinkweb.com\/wp-content\/uploads\/2015\/10\/3-Disability-Employment-Awareness-Month-2015.pdf\" target=\"_blank\" rel=\"noopener noreferrer\">aqu\u00ed<\/a> para ver la Proclamaci\u00f3n del Gobernador de Carolina del Sur que declara octubre de 2015 como el Mes de Concientizaci\u00f3n sobre el Empleo para Discapacitados en todo el estado. Esta proclamaci\u00f3n alienta a todos los habitantes de Carolina del Sur a identificar las barreras al empleo para las personas con discapacidades y a continuar trabajando para lograr mejoras para garantizar un salario competitivo en un entorno integrado para todos los ciudadanos de Carolina del Sur.<\/p>\n<p>SC Works y ClemsonLIFE, un programa de la Universidad de Clemson para personas con discapacidades, colaboraron juntos como parte del Mes de Concientizaci\u00f3n sobre el Empleo de Discapacidades en octubre de 2015. ClemsonLIFE coordina cursos de estudio que incluyen exploraci\u00f3n y preparaci\u00f3n de carreras junto con autoconciencia, descubrimiento y mejoramiento a trav\u00e9s de un marco de cursos, pasant\u00edas laborales y participaci\u00f3n comunitaria. Los estudiantes se convierten en adultos j\u00f3venes autosuficientes al aprender sobre el empleo y la vida independiente mientras desarrollan habilidades sociales, de ocio y de salud y bienestar. Como parte de la colaboraci\u00f3n con SC Works, los estudiantes de ClemsonLIFE participaron en talleres de entrevistas, desarrollaron curr\u00edculums y recorrieron la oficina de SC Works.<\/p>\n<p>Hacer clic <a href=\"http:\/\/www.worklinkweb.com\/wp-content\/uploads\/2015\/10\/4-ClemsonLIFE-students-learn-the-ropes-at-SC-Works.pdf\" target=\"_blank\" rel=\"noopener noreferrer\">aqu\u00ed<\/a> para el art\u00edculo completo presentado en el Seneca Journal.<\/p>\n<h3>Escaparate de la industria y los negocios de Anderson-Oconee-Pickens<\/h3>\n<p>El Comit\u00e9 de J\u00f3venes de WorkLink ha apoyado y proporcionado fondos de transporte para estudiantes de octavo grado en los condados de Anderson, Oconee y Pickens para que asistan a la Exhibici\u00f3n de Negocios e Industria de AOP desde septiembre de 2010. Este evento ofrece a estudiantes, padres y educadores la oportunidad de aprender qu\u00e9 hacen las empresas del \u00e1rea. , qu\u00e9 carreras est\u00e1n en demanda y qu\u00e9 educaci\u00f3n se necesita para varias carreras profesionales. Los estudiantes exploran sus opciones profesionales y pueden responder mejor a la pregunta: &quot;\u00bfQu\u00e9 quieres ser de mayor?&quot;.<\/p>\n<p>Los estudiantes deben responder a esta pregunta a medida que desarrollan los planes de graduaci\u00f3n individuales requeridos por el <strong>Ley de Educaci\u00f3n y Desarrollo Econ\u00f3mico<\/strong>, un proceso que incluye la selecci\u00f3n de un campo de estudio o un grupo de carreras para orientar sus estudios acad\u00e9micos.<\/p>\n<p>Las asociaciones de eventos patrocinados son con el Desarrollo Econ\u00f3mico del Condado de Anderson, la Comisi\u00f3n de Desarrollo Econ\u00f3mico del Condado de Oconee, Alliance Pickens, las empresas locales, el Centro de Educaci\u00f3n Regional Tri-County y los distritos escolares en los Condados de Anderson, Oconee y Pickens.<strong>.<\/strong> El Showcase ampli\u00f3 el \u00e9xito del Industrial Product Showcase organizado anualmente por el <strong>Grupo Industrial del Condado de Oconee (OCIG)<\/strong> mostrar los productos elaborados por empresas locales e informar a los ciudadanos sobre la importancia de la fabricaci\u00f3n.<\/p>","protected":false},"excerpt":{"rendered":"<p>Highlights from WorkLink, SC Works and the WIOA Adult and Youth Programs Persons with Disabilities Held each October, National Disability Employment Awareness Month (NDEAM) is a time to celebrate the&#8230;  <a class=\"excerpt-read-more\" href=\"https:\/\/worklinkweb.com\/es\/ada\/impacto-en-la-comunidad\/\" title=\"ReadCommunity Impact\">Read more &raquo;<\/a><\/p>","protected":false},"author":1,"featured_media":0,"parent":86,"menu_order":0,"comment_status":"closed","ping_status":"closed","template":"page-ada.php","meta":{"footnotes":""},"class_list":["post-951","page","type-page","status-publish","hentry"],"yoast_head":"<!-- This site is optimized with the Yoast SEO plugin v27.4 - https:\/\/yoast.com\/product\/yoast-seo-wordpress\/ -->\n<title>Community Impact - SC Works Worklink<\/title>\n<meta name=\"robots\" content=\"index, follow, max-snippet:-1, max-image-preview:large, max-video-preview:-1\" \/>\n<link rel=\"canonical\" href=\"https:\/\/worklinkweb.com\/es\/ada\/community-impact\/\" \/>\n<meta property=\"og:locale\" content=\"es_MX\" \/>\n<meta property=\"og:type\" content=\"article\" \/>\n<meta property=\"og:title\" content=\"Community Impact - SC Works Worklink\" \/>\n<meta property=\"og:description\" content=\"Highlights from WorkLink, SC Works and the WIOA Adult and Youth Programs Persons with Disabilities Held each October, National Disability Employment Awareness Month (NDEAM) is a time to celebrate the... Read more &raquo;\" \/>\n<meta property=\"og:url\" content=\"https:\/\/worklinkweb.com\/es\/ada\/community-impact\/\" \/>\n<meta property=\"og:site_name\" content=\"SC Works Worklink\" \/>\n<meta property=\"article:publisher\" content=\"https:\/\/www.facebook.com\/SCWorksWorkLink\/\" \/>\n<meta name=\"twitter:card\" content=\"summary_large_image\" \/>\n<meta name=\"twitter:site\" content=\"@SCWorksWorkLink\" \/>\n<meta name=\"twitter:label1\" content=\"Tiempo de lectura\" \/>\n\t<meta name=\"twitter:data1\" content=\"2 minutos\" \/>\n<script type=\"application\/ld+json\" class=\"yoast-schema-graph\">{\"@context\":\"https:\\\/\\\/schema.org\",\"@graph\":[{\"@type\":\"WebPage\",\"@id\":\"https:\\\/\\\/worklinkweb.com\\\/en\\\/ada\\\/community-impact\\\/\",\"url\":\"https:\\\/\\\/worklinkweb.com\\\/en\\\/ada\\\/community-impact\\\/\",\"name\":\"Community Impact - SC Works Worklink\",\"isPartOf\":{\"@id\":\"https:\\\/\\\/worklinkweb.com\\\/en\\\/#website\"},\"datePublished\":\"2016-02-23T16:28:53+00:00\",\"breadcrumb\":{\"@id\":\"https:\\\/\\\/worklinkweb.com\\\/en\\\/ada\\\/community-impact\\\/#breadcrumb\"},\"inLanguage\":\"es\",\"potentialAction\":[{\"@type\":\"ReadAction\",\"target\":[\"https:\\\/\\\/worklinkweb.com\\\/en\\\/ada\\\/community-impact\\\/\"]}]},{\"@type\":\"BreadcrumbList\",\"@id\":\"https:\\\/\\\/worklinkweb.com\\\/en\\\/ada\\\/community-impact\\\/#breadcrumb\",\"itemListElement\":[{\"@type\":\"ListItem\",\"position\":1,\"name\":\"Home\",\"item\":\"https:\\\/\\\/worklinkweb.com\\\/\"},{\"@type\":\"ListItem\",\"position\":2,\"name\":\"WorkLink Workforce Development Board (WDB)\",\"item\":\"https:\\\/\\\/worklinkweb.com\\\/en\\\/ada\\\/\"},{\"@type\":\"ListItem\",\"position\":3,\"name\":\"Community Impact\"}]},{\"@type\":\"WebSite\",\"@id\":\"https:\\\/\\\/worklinkweb.com\\\/en\\\/#website\",\"url\":\"https:\\\/\\\/worklinkweb.com\\\/en\\\/\",\"name\":\"SC Works Worklink\",\"description\":\"Bringing Employers &amp; Job Seekers Together\",\"publisher\":{\"@id\":\"https:\\\/\\\/worklinkweb.com\\\/en\\\/#organization\"},\"potentialAction\":[{\"@type\":\"SearchAction\",\"target\":{\"@type\":\"EntryPoint\",\"urlTemplate\":\"https:\\\/\\\/worklinkweb.com\\\/en\\\/?s={search_term_string}\"},\"query-input\":{\"@type\":\"PropertyValueSpecification\",\"valueRequired\":true,\"valueName\":\"search_term_string\"}}],\"inLanguage\":\"es\"},{\"@type\":\"Organization\",\"@id\":\"https:\\\/\\\/worklinkweb.com\\\/en\\\/#organization\",\"name\":\"SC Works Worklink\",\"url\":\"https:\\\/\\\/worklinkweb.com\\\/en\\\/\",\"logo\":{\"@type\":\"ImageObject\",\"inLanguage\":\"es\",\"@id\":\"https:\\\/\\\/worklinkweb.com\\\/en\\\/#\\\/schema\\\/logo\\\/image\\\/\",\"url\":\"https:\\\/\\\/worklinkweb.com\\\/wp-content\\\/uploads\\\/2021\\\/05\\\/logo.jpeg\",\"contentUrl\":\"https:\\\/\\\/worklinkweb.com\\\/wp-content\\\/uploads\\\/2021\\\/05\\\/logo.jpeg\",\"width\":582,\"height\":115,\"caption\":\"SC Works Worklink\"},\"image\":{\"@id\":\"https:\\\/\\\/worklinkweb.com\\\/en\\\/#\\\/schema\\\/logo\\\/image\\\/\"},\"sameAs\":[\"https:\\\/\\\/www.facebook.com\\\/SCWorksWorkLink\\\/\",\"https:\\\/\\\/x.com\\\/SCWorksWorkLink\",\"http:\\\/\\\/www.youtube.com\\\/user\\\/WorkLinkWeb\"]}]}<\/script>\n<!-- \/ Yoast SEO plugin. -->","yoast_head_json":{"title":"Impacto en la comunidad - SC Works Worklink","robots":{"index":"index","follow":"follow","max-snippet":"max-snippet:-1","max-image-preview":"max-image-preview:large","max-video-preview":"max-video-preview:-1"},"canonical":"https:\/\/worklinkweb.com\/es\/ada\/community-impact\/","og_locale":"es_MX","og_type":"article","og_title":"Community Impact - SC Works Worklink","og_description":"Highlights from WorkLink, SC Works and the WIOA Adult and Youth Programs Persons with Disabilities Held each October, National Disability Employment Awareness Month (NDEAM) is a time to celebrate the... Read more &raquo;","og_url":"https:\/\/worklinkweb.com\/es\/ada\/community-impact\/","og_site_name":"SC Works Worklink","article_publisher":"https:\/\/www.facebook.com\/SCWorksWorkLink\/","twitter_card":"summary_large_image","twitter_site":"@SCWorksWorkLink","twitter_misc":{"Tiempo de lectura":"2 minutos"},"schema":{"@context":"https:\/\/schema.org","@graph":[{"@type":"WebPage","@id":"https:\/\/worklinkweb.com\/en\/ada\/community-impact\/","url":"https:\/\/worklinkweb.com\/en\/ada\/community-impact\/","name":"Impacto en la comunidad - SC Works Worklink","isPartOf":{"@id":"https:\/\/worklinkweb.com\/en\/#website"},"datePublished":"2016-02-23T16:28:53+00:00","breadcrumb":{"@id":"https:\/\/worklinkweb.com\/en\/ada\/community-impact\/#breadcrumb"},"inLanguage":"es","potentialAction":[{"@type":"ReadAction","target":["https:\/\/worklinkweb.com\/en\/ada\/community-impact\/"]}]},{"@type":"BreadcrumbList","@id":"https:\/\/worklinkweb.com\/en\/ada\/community-impact\/#breadcrumb","itemListElement":[{"@type":"ListItem","position":1,"name":"Home","item":"https:\/\/worklinkweb.com\/"},{"@type":"ListItem","position":2,"name":"WorkLink Workforce Development Board (WDB)","item":"https:\/\/worklinkweb.com\/en\/ada\/"},{"@type":"ListItem","position":3,"name":"Community Impact"}]},{"@type":"WebSite","@id":"https:\/\/worklinkweb.com\/en\/#website","url":"https:\/\/worklinkweb.com\/en\/","name":"SC Works Worklink","description":"Reunir a empleadores y solicitantes de empleo","publisher":{"@id":"https:\/\/worklinkweb.com\/en\/#organization"},"potentialAction":[{"@type":"SearchAction","target":{"@type":"EntryPoint","urlTemplate":"https:\/\/worklinkweb.com\/en\/?s={search_term_string}"},"query-input":{"@type":"PropertyValueSpecification","valueRequired":true,"valueName":"search_term_string"}}],"inLanguage":"es"},{"@type":"Organization","@id":"https:\/\/worklinkweb.com\/en\/#organization","name":"SC Works Worklink","url":"https:\/\/worklinkweb.com\/en\/","logo":{"@type":"ImageObject","inLanguage":"es","@id":"https:\/\/worklinkweb.com\/en\/#\/schema\/logo\/image\/","url":"https:\/\/worklinkweb.com\/wp-content\/uploads\/2021\/05\/logo.jpeg","contentUrl":"https:\/\/worklinkweb.com\/wp-content\/uploads\/2021\/05\/logo.jpeg","width":582,"height":115,"caption":"SC Works Worklink"},"image":{"@id":"https:\/\/worklinkweb.com\/en\/#\/schema\/logo\/image\/"},"sameAs":["https:\/\/www.facebook.com\/SCWorksWorkLink\/","https:\/\/x.com\/SCWorksWorkLink","http:\/\/www.youtube.com\/user\/WorkLinkWeb"]}]}},"_links":{"self":[{"href":"https:\/\/worklinkweb.com\/es\/wp-json\/wp\/v2\/pages\/951","targetHints":{"allow":["GET"]}}],"collection":[{"href":"https:\/\/worklinkweb.com\/es\/wp-json\/wp\/v2\/pages"}],"about":[{"href":"https:\/\/worklinkweb.com\/es\/wp-json\/wp\/v2\/types\/page"}],"author":[{"embeddable":true,"href":"https:\/\/worklinkweb.com\/es\/wp-json\/wp\/v2\/users\/1"}],"replies":[{"embeddable":true,"href":"https:\/\/worklinkweb.com\/es\/wp-json\/wp\/v2\/comments?post=951"}],"version-history":[{"count":0,"href":"https:\/\/worklinkweb.com\/es\/wp-json\/wp\/v2\/pages\/951\/revisions"}],"up":[{"embeddable":true,"href":"https:\/\/worklinkweb.com\/es\/wp-json\/wp\/v2\/pages\/86"}],"wp:attachment":[{"href":"https:\/\/worklinkweb.com\/es\/wp-json\/wp\/v2\/media?parent=951"}],"curies":[{"name":"wp","href":"https:\/\/api.w.org\/{rel}","templated":true}]}}