{"id":954,"date":"2016-02-23T16:30:29","date_gmt":"2016-02-23T16:30:29","guid":{"rendered":"http:\/\/new.worklinkweb.com\/?page_id=954"},"modified":"2024-12-20T10:28:06","modified_gmt":"2024-12-20T15:28:06","slug":"contact-us","status":"publish","type":"page","link":"https:\/\/worklinkweb.com\/es\/ada\/contactenos\/","title":{"rendered":"Cont\u00e1ctenos"},"content":{"rendered":"<p><em>Para obtener m\u00e1s informaci\u00f3n sobre WorkLink Workforce Development Board, comun\u00edquese con:<\/em><\/p>\n<p><strong>Junta de desarrollo de la fuerza laboral de WorkLink<\/strong><br \/>\n1376 Tiger Blvd, Suite 102<br \/>\nClemson, SC 29631<br \/>\nN\u00famero principal: (864) 643-0071<br \/>\nFax de la oficina: (864) 646-2814<\/p>\n<p>&nbsp;<\/p>\n<p><em>Para obtener m\u00e1s informaci\u00f3n sobre los servicios que brindamos a empleadores y solicitantes de empleo, comun\u00edquese con su Centro de Trabajo de SC local:<\/em><\/p>\n<p><strong>SC trabaja Anderson<\/strong><br \/>\nCentro QuickJob<br \/>\n512 Michelin Blvd<br \/>\nAnderson, SC 29626<br \/>\nFrente al Tri-County Technical College, Anderson Campus<br \/>\nN\u00famero principal: (864) 260-6780<\/p>\n<p><strong>SC Works Clemson<\/strong><br \/>\nEn East Park Plaza<br \/>\n1376 Tiger Blvd, Suite 102<br \/>\nClemson, SC 29631<br \/>\nN\u00famero principal: (864) 643-0071<\/p>\n<p><strong>SC Works Easley<\/strong><br \/>\nCentro QuickJob<br \/>\n1776 Powdersville Hwy<br \/>\nEasley, SC 29642<br \/>\nJunto al Tri-County Technical College, Easley Campus<br \/>\nN\u00famero principal: (864) 220-8990<\/p>\n<p><strong>SC Works Seneca<\/strong><br \/>\nCentro QuickJob<br \/>\n104 Impulso vocacional<br \/>\nS\u00e9neca, SC 29672<br \/>\nJunto al Hamilton Career Center<br \/>\nN\u00famero principal: (864) 646-1741<\/p>\n<p>Servicio de retransmisi\u00f3n Marque 711 (TTY)<\/p>","protected":false},"excerpt":{"rendered":"<p>To find out more about the WorkLink Workforce Development Board, contact: WorkLink Workforce Development Board 1376\u00a0Tiger Blvd, Suite 102 Clemson, SC 29631 Main Number: (864) 643-0071 Office fax: (864) 646-2814&#8230;  <a class=\"excerpt-read-more\" href=\"https:\/\/worklinkweb.com\/es\/ada\/contactenos\/\" title=\"ReadContact Us\">Read more &raquo;<\/a><\/p>","protected":false},"author":1,"featured_media":0,"parent":86,"menu_order":0,"comment_status":"closed","ping_status":"closed","template":"page-ada.php","meta":{"footnotes":""},"class_list":["post-954","page","type-page","status-publish","hentry"],"yoast_head":"<!-- This site is optimized with the Yoast SEO plugin v27.4 - https:\/\/yoast.com\/product\/yoast-seo-wordpress\/ -->\n<title>Contact Us - SC Works Worklink<\/title>\n<meta name=\"robots\" content=\"index, follow, max-snippet:-1, max-image-preview:large, max-video-preview:-1\" \/>\n<link rel=\"canonical\" href=\"https:\/\/worklinkweb.com\/es\/ada\/contact-us\/\" \/>\n<meta property=\"og:locale\" content=\"es_MX\" \/>\n<meta property=\"og:type\" content=\"article\" \/>\n<meta property=\"og:title\" content=\"Contact Us - SC Works Worklink\" \/>\n<meta property=\"og:description\" content=\"To find out more about the WorkLink Workforce Development Board, contact: WorkLink Workforce Development Board 1376\u00a0Tiger Blvd, Suite 102 Clemson, SC 29631 Main Number: (864) 643-0071 Office fax: (864) 646-2814... Read more &raquo;\" \/>\n<meta property=\"og:url\" content=\"https:\/\/worklinkweb.com\/es\/ada\/contact-us\/\" \/>\n<meta property=\"og:site_name\" content=\"SC Works Worklink\" \/>\n<meta property=\"article:publisher\" content=\"https:\/\/www.facebook.com\/SCWorksWorkLink\/\" \/>\n<meta property=\"article:modified_time\" content=\"2024-12-20T15:28:06+00:00\" \/>\n<meta name=\"twitter:card\" content=\"summary_large_image\" \/>\n<meta name=\"twitter:site\" content=\"@SCWorksWorkLink\" \/>\n<meta name=\"twitter:label1\" content=\"Tiempo de lectura\" \/>\n\t<meta name=\"twitter:data1\" content=\"1 minuto\" \/>\n<script type=\"application\/ld+json\" class=\"yoast-schema-graph\">{\"@context\":\"https:\\\/\\\/schema.org\",\"@graph\":[{\"@type\":\"WebPage\",\"@id\":\"https:\\\/\\\/worklinkweb.com\\\/ada\\\/contact-us\\\/\",\"url\":\"https:\\\/\\\/worklinkweb.com\\\/ada\\\/contact-us\\\/\",\"name\":\"Contact Us - SC Works Worklink\",\"isPartOf\":{\"@id\":\"https:\\\/\\\/worklinkweb.com\\\/en\\\/#website\"},\"datePublished\":\"2016-02-23T16:30:29+00:00\",\"dateModified\":\"2024-12-20T15:28:06+00:00\",\"breadcrumb\":{\"@id\":\"https:\\\/\\\/worklinkweb.com\\\/ada\\\/contact-us\\\/#breadcrumb\"},\"inLanguage\":\"es\",\"potentialAction\":[{\"@type\":\"ReadAction\",\"target\":[\"https:\\\/\\\/worklinkweb.com\\\/ada\\\/contact-us\\\/\"]}]},{\"@type\":\"BreadcrumbList\",\"@id\":\"https:\\\/\\\/worklinkweb.com\\\/ada\\\/contact-us\\\/#breadcrumb\",\"itemListElement\":[{\"@type\":\"ListItem\",\"position\":1,\"name\":\"Home\",\"item\":\"https:\\\/\\\/worklinkweb.com\\\/\"},{\"@type\":\"ListItem\",\"position\":2,\"name\":\"WorkLink Workforce Development Board (WDB)\",\"item\":\"https:\\\/\\\/worklinkweb.com\\\/en\\\/ada\\\/\"},{\"@type\":\"ListItem\",\"position\":3,\"name\":\"Contact Us\"}]},{\"@type\":\"WebSite\",\"@id\":\"https:\\\/\\\/worklinkweb.com\\\/en\\\/#website\",\"url\":\"https:\\\/\\\/worklinkweb.com\\\/en\\\/\",\"name\":\"SC Works Worklink\",\"description\":\"Bringing Employers &amp; Job Seekers Together\",\"publisher\":{\"@id\":\"https:\\\/\\\/worklinkweb.com\\\/en\\\/#organization\"},\"potentialAction\":[{\"@type\":\"SearchAction\",\"target\":{\"@type\":\"EntryPoint\",\"urlTemplate\":\"https:\\\/\\\/worklinkweb.com\\\/en\\\/?s={search_term_string}\"},\"query-input\":{\"@type\":\"PropertyValueSpecification\",\"valueRequired\":true,\"valueName\":\"search_term_string\"}}],\"inLanguage\":\"es\"},{\"@type\":\"Organization\",\"@id\":\"https:\\\/\\\/worklinkweb.com\\\/en\\\/#organization\",\"name\":\"SC Works Worklink\",\"url\":\"https:\\\/\\\/worklinkweb.com\\\/en\\\/\",\"logo\":{\"@type\":\"ImageObject\",\"inLanguage\":\"es\",\"@id\":\"https:\\\/\\\/worklinkweb.com\\\/en\\\/#\\\/schema\\\/logo\\\/image\\\/\",\"url\":\"https:\\\/\\\/worklinkweb.com\\\/wp-content\\\/uploads\\\/2021\\\/05\\\/logo.jpeg\",\"contentUrl\":\"https:\\\/\\\/worklinkweb.com\\\/wp-content\\\/uploads\\\/2021\\\/05\\\/logo.jpeg\",\"width\":582,\"height\":115,\"caption\":\"SC Works Worklink\"},\"image\":{\"@id\":\"https:\\\/\\\/worklinkweb.com\\\/en\\\/#\\\/schema\\\/logo\\\/image\\\/\"},\"sameAs\":[\"https:\\\/\\\/www.facebook.com\\\/SCWorksWorkLink\\\/\",\"https:\\\/\\\/x.com\\\/SCWorksWorkLink\",\"http:\\\/\\\/www.youtube.com\\\/user\\\/WorkLinkWeb\"]}]}<\/script>\n<!-- \/ Yoast SEO plugin. -->","yoast_head_json":{"title":"Cont\u00e1ctenos - SC Works Worklink","robots":{"index":"index","follow":"follow","max-snippet":"max-snippet:-1","max-image-preview":"max-image-preview:large","max-video-preview":"max-video-preview:-1"},"canonical":"https:\/\/worklinkweb.com\/es\/ada\/contact-us\/","og_locale":"es_MX","og_type":"article","og_title":"Contact Us - SC Works Worklink","og_description":"To find out more about the WorkLink Workforce Development Board, contact: WorkLink Workforce Development Board 1376\u00a0Tiger Blvd, Suite 102 Clemson, SC 29631 Main Number: (864) 643-0071 Office fax: (864) 646-2814... Read more &raquo;","og_url":"https:\/\/worklinkweb.com\/es\/ada\/contact-us\/","og_site_name":"SC Works Worklink","article_publisher":"https:\/\/www.facebook.com\/SCWorksWorkLink\/","article_modified_time":"2024-12-20T15:28:06+00:00","twitter_card":"summary_large_image","twitter_site":"@SCWorksWorkLink","twitter_misc":{"Tiempo de lectura":"1 minuto"},"schema":{"@context":"https:\/\/schema.org","@graph":[{"@type":"WebPage","@id":"https:\/\/worklinkweb.com\/ada\/contact-us\/","url":"https:\/\/worklinkweb.com\/ada\/contact-us\/","name":"Cont\u00e1ctenos - SC Works Worklink","isPartOf":{"@id":"https:\/\/worklinkweb.com\/en\/#website"},"datePublished":"2016-02-23T16:30:29+00:00","dateModified":"2024-12-20T15:28:06+00:00","breadcrumb":{"@id":"https:\/\/worklinkweb.com\/ada\/contact-us\/#breadcrumb"},"inLanguage":"es","potentialAction":[{"@type":"ReadAction","target":["https:\/\/worklinkweb.com\/ada\/contact-us\/"]}]},{"@type":"BreadcrumbList","@id":"https:\/\/worklinkweb.com\/ada\/contact-us\/#breadcrumb","itemListElement":[{"@type":"ListItem","position":1,"name":"Home","item":"https:\/\/worklinkweb.com\/"},{"@type":"ListItem","position":2,"name":"WorkLink Workforce Development Board (WDB)","item":"https:\/\/worklinkweb.com\/en\/ada\/"},{"@type":"ListItem","position":3,"name":"Contact Us"}]},{"@type":"WebSite","@id":"https:\/\/worklinkweb.com\/en\/#website","url":"https:\/\/worklinkweb.com\/en\/","name":"SC Works Worklink","description":"Reunir a empleadores y solicitantes de empleo","publisher":{"@id":"https:\/\/worklinkweb.com\/en\/#organization"},"potentialAction":[{"@type":"SearchAction","target":{"@type":"EntryPoint","urlTemplate":"https:\/\/worklinkweb.com\/en\/?s={search_term_string}"},"query-input":{"@type":"PropertyValueSpecification","valueRequired":true,"valueName":"search_term_string"}}],"inLanguage":"es"},{"@type":"Organization","@id":"https:\/\/worklinkweb.com\/en\/#organization","name":"SC Works Worklink","url":"https:\/\/worklinkweb.com\/en\/","logo":{"@type":"ImageObject","inLanguage":"es","@id":"https:\/\/worklinkweb.com\/en\/#\/schema\/logo\/image\/","url":"https:\/\/worklinkweb.com\/wp-content\/uploads\/2021\/05\/logo.jpeg","contentUrl":"https:\/\/worklinkweb.com\/wp-content\/uploads\/2021\/05\/logo.jpeg","width":582,"height":115,"caption":"SC Works Worklink"},"image":{"@id":"https:\/\/worklinkweb.com\/en\/#\/schema\/logo\/image\/"},"sameAs":["https:\/\/www.facebook.com\/SCWorksWorkLink\/","https:\/\/x.com\/SCWorksWorkLink","http:\/\/www.youtube.com\/user\/WorkLinkWeb"]}]}},"_links":{"self":[{"href":"https:\/\/worklinkweb.com\/es\/wp-json\/wp\/v2\/pages\/954","targetHints":{"allow":["GET"]}}],"collection":[{"href":"https:\/\/worklinkweb.com\/es\/wp-json\/wp\/v2\/pages"}],"about":[{"href":"https:\/\/worklinkweb.com\/es\/wp-json\/wp\/v2\/types\/page"}],"author":[{"embeddable":true,"href":"https:\/\/worklinkweb.com\/es\/wp-json\/wp\/v2\/users\/1"}],"replies":[{"embeddable":true,"href":"https:\/\/worklinkweb.com\/es\/wp-json\/wp\/v2\/comments?post=954"}],"version-history":[{"count":2,"href":"https:\/\/worklinkweb.com\/es\/wp-json\/wp\/v2\/pages\/954\/revisions"}],"predecessor-version":[{"id":6373,"href":"https:\/\/worklinkweb.com\/es\/wp-json\/wp\/v2\/pages\/954\/revisions\/6373"}],"up":[{"embeddable":true,"href":"https:\/\/worklinkweb.com\/es\/wp-json\/wp\/v2\/pages\/86"}],"wp:attachment":[{"href":"https:\/\/worklinkweb.com\/es\/wp-json\/wp\/v2\/media?parent=954"}],"curies":[{"name":"wp","href":"https:\/\/api.w.org\/{rel}","templated":true}]}}