{"id":97,"date":"2015-10-28T00:04:01","date_gmt":"2015-10-28T00:04:01","guid":{"rendered":"http:\/\/new.worklinkweb.com\/?page_id=92"},"modified":"2023-11-14T17:03:46","modified_gmt":"2023-11-14T22:03:46","slug":"palmetto-youth-connections","status":"publish","type":"page","link":"https:\/\/worklinkweb.com\/es\/juventud\/conexiones-juveniles-palmetto\/","title":{"rendered":"Conexiones juveniles de Palmetto"},"content":{"rendered":"<div class=\"wpb-content-wrapper\"><div class=\"vc_row wpb_row vc_row-fluid\"><div class=\"wpb_column vc_column_container vc_col-sm-12\"><div class=\"vc_column-inner\"><div class=\"wpb_wrapper\">\n\t<div class=\"wpb_text_column wpb_content_element\" >\n\t\t<div class=\"wpb_wrapper\">\n\t\t\t<p><strong><img loading=\"lazy\" decoding=\"async\" class=\"wp-image-5882 size-full alignright\" src=\"https:\/\/worklinkweb.com\/wp-content\/uploads\/2023\/11\/Josh.jpg\" alt=\"\" width=\"224\" height=\"284\" srcset=\"https:\/\/worklinkweb.com\/wp-content\/uploads\/2023\/11\/Josh.jpg 224w, https:\/\/worklinkweb.com\/wp-content\/uploads\/2023\/11\/Josh-9x12.jpg 9w\" sizes=\"auto, (max-width: 224px) 100vw, 224px\" \/>Conexiones juveniles de Palmetto<\/strong> (PYC) es una asociaci\u00f3n comunitaria administrada por Eckerd Workforce Development Services que se enfoca en atender a j\u00f3venes no escolarizados de 17 a 24 a\u00f1os de edad en todo Carolina del Sur. La empresa privada brinda administraci\u00f3n de casos, asesoramiento, capacitaci\u00f3n, desarrollo de trayectorias profesionales y servicios de empleo para j\u00f3venes que no asisten a la escuela. PYC ofrece servicios de apoyo a los participantes j\u00f3venes de la Ley de Oportunidades e Innovaci\u00f3n de la Fuerza Laboral (WIOA) en forma de costos de cursos \/ capacitaci\u00f3n, asistencia de transporte, cuidado de ni\u00f1os, herramientas, uniformes, libros e incentivos monetarios para la consecuci\u00f3n de la meta<\/p>\n<p>A trav\u00e9s de este programa, los estudiantes obtienen un diploma de escuela secundaria o GED de los Centros de educaci\u00f3n para adultos en los condados de Anderson, Oconee y Pickens o los estudiantes pueden ingresar a este programa con un diploma de escuela secundaria. PYC prepara a los estudiantes para ingresar a la educaci\u00f3n postsecundaria, capacitaci\u00f3n basada en el trabajo y brinda capacitaci\u00f3n en habilidades ocupacionales para ayudar con el desarrollo de la trayectoria profesional y la colocaci\u00f3n laboral.<\/p>\n<p>Palmetto Youth Connections solo acepta estudiantes que califiquen para la asistencia de WIOA. Para obtener m\u00e1s informaci\u00f3n sobre los requisitos de elegibilidad y el proceso de solicitud, comun\u00edquese con la gerente del programa Palmetto Youth Connections, Karen Craven, al (864) 633-6354 o <a href=\"mailto:kcraven@eckerd.org\">kcraven@eckerd.org<\/a> para obtener m\u00e1s ayuda.<\/p>\n\n\t\t<\/div>\n\t<\/div>\n<\/div><\/div><\/div><\/div><div class=\"vc_row wpb_row vc_row-fluid\"><div class=\"wpb_column vc_column_container vc_col-sm-12\"><div class=\"vc_column-inner\"><div class=\"wpb_wrapper\">\n\t<div class=\"wpb_video_widget wpb_content_element vc_clearfix   vc_video-aspect-ratio-169 vc_video-el-width-100 vc_video-align-left\" >\n\t\t<div class=\"wpb_wrapper\">\n\t\t\t<h2 class=\"wpb_heading wpb_video_heading\">Karlee Keaton Impact Award<\/h2>\n\t\t\t<div class=\"wpb_video_wrapper\"><iframe loading=\"lazy\" title=\"Karlee Keaton Impact Award REV\" src=\"https:\/\/player.vimeo.com\/video\/882686487?dnt=1&amp;app_id=122963\" width=\"500\" height=\"281\" frameborder=\"0\" allow=\"autoplay; fullscreen; picture-in-picture\"><\/iframe><\/div>\n\t\t<\/div>\n\t<\/div>\n<\/div><\/div><\/div><\/div>\n<\/div>","protected":false},"excerpt":{"rendered":"Palmetto Youth Connections (PYC) is a community partnership administered by Eckerd Workforce Development Services that focuses on serving out-of-school youth ages 17-24 years old throughout South Carolina. The private company...  <a class=\"excerpt-read-more\" href=\"https:\/\/worklinkweb.com\/es\/juventud\/conexiones-juveniles-palmetto\/\" title=\"ReadPalmetto Youth Connections\">Read more &raquo;<\/a>","protected":false},"author":1,"featured_media":0,"parent":96,"menu_order":0,"comment_status":"closed","ping_status":"closed","template":"page-youth.php","meta":{"footnotes":""},"class_list":["post-97","page","type-page","status-publish","hentry"],"yoast_head":"<!-- This site is optimized with the Yoast SEO plugin v27.4 - https:\/\/yoast.com\/product\/yoast-seo-wordpress\/ -->\n<title>Palmetto Youth Connections - SC Works Worklink<\/title>\n<meta name=\"robots\" content=\"index, follow, max-snippet:-1, max-image-preview:large, max-video-preview:-1\" \/>\n<link rel=\"canonical\" href=\"https:\/\/worklinkweb.com\/es\/youth\/palmetto-youth-connections\/\" \/>\n<meta property=\"og:locale\" content=\"es_MX\" \/>\n<meta property=\"og:type\" content=\"article\" \/>\n<meta property=\"og:title\" content=\"Palmetto Youth Connections - SC Works Worklink\" \/>\n<meta property=\"og:url\" content=\"https:\/\/worklinkweb.com\/es\/youth\/palmetto-youth-connections\/\" \/>\n<meta property=\"og:site_name\" content=\"SC Works Worklink\" \/>\n<meta property=\"article:publisher\" content=\"https:\/\/www.facebook.com\/SCWorksWorkLink\/\" \/>\n<meta property=\"article:modified_time\" content=\"2023-11-14T22:03:46+00:00\" \/>\n<meta property=\"og:image\" content=\"https:\/\/worklinkweb.com\/wp-content\/uploads\/2023\/11\/Josh.jpg\" \/>\n<meta name=\"twitter:card\" content=\"summary_large_image\" \/>\n<meta name=\"twitter:site\" content=\"@SCWorksWorkLink\" \/>\n<meta name=\"twitter:label1\" content=\"Tiempo de lectura\" \/>\n\t<meta name=\"twitter:data1\" content=\"2 minutos\" \/>\n<script type=\"application\/ld+json\" class=\"yoast-schema-graph\">{\"@context\":\"https:\\\/\\\/schema.org\",\"@graph\":[{\"@type\":\"WebPage\",\"@id\":\"https:\\\/\\\/worklinkweb.com\\\/youth\\\/palmetto-youth-connections\\\/\",\"url\":\"https:\\\/\\\/worklinkweb.com\\\/youth\\\/palmetto-youth-connections\\\/\",\"name\":\"Palmetto Youth Connections - SC Works Worklink\",\"isPartOf\":{\"@id\":\"https:\\\/\\\/worklinkweb.com\\\/en\\\/#website\"},\"primaryImageOfPage\":{\"@id\":\"https:\\\/\\\/worklinkweb.com\\\/youth\\\/palmetto-youth-connections\\\/#primaryimage\"},\"image\":{\"@id\":\"https:\\\/\\\/worklinkweb.com\\\/youth\\\/palmetto-youth-connections\\\/#primaryimage\"},\"thumbnailUrl\":\"https:\\\/\\\/worklinkweb.com\\\/wp-content\\\/uploads\\\/2023\\\/11\\\/Josh.jpg\",\"datePublished\":\"2015-10-28T00:04:01+00:00\",\"dateModified\":\"2023-11-14T22:03:46+00:00\",\"breadcrumb\":{\"@id\":\"https:\\\/\\\/worklinkweb.com\\\/youth\\\/palmetto-youth-connections\\\/#breadcrumb\"},\"inLanguage\":\"es\",\"potentialAction\":[{\"@type\":\"ReadAction\",\"target\":[\"https:\\\/\\\/worklinkweb.com\\\/youth\\\/palmetto-youth-connections\\\/\"]}]},{\"@type\":\"ImageObject\",\"inLanguage\":\"es\",\"@id\":\"https:\\\/\\\/worklinkweb.com\\\/youth\\\/palmetto-youth-connections\\\/#primaryimage\",\"url\":\"https:\\\/\\\/worklinkweb.com\\\/wp-content\\\/uploads\\\/2023\\\/11\\\/Josh.jpg\",\"contentUrl\":\"https:\\\/\\\/worklinkweb.com\\\/wp-content\\\/uploads\\\/2023\\\/11\\\/Josh.jpg\"},{\"@type\":\"BreadcrumbList\",\"@id\":\"https:\\\/\\\/worklinkweb.com\\\/youth\\\/palmetto-youth-connections\\\/#breadcrumb\",\"itemListElement\":[{\"@type\":\"ListItem\",\"position\":1,\"name\":\"Home\",\"item\":\"https:\\\/\\\/worklinkweb.com\\\/\"},{\"@type\":\"ListItem\",\"position\":2,\"name\":\"Youth\",\"item\":\"https:\\\/\\\/worklinkweb.com\\\/youth\\\/\"},{\"@type\":\"ListItem\",\"position\":3,\"name\":\"Palmetto Youth Connections\"}]},{\"@type\":\"WebSite\",\"@id\":\"https:\\\/\\\/worklinkweb.com\\\/en\\\/#website\",\"url\":\"https:\\\/\\\/worklinkweb.com\\\/en\\\/\",\"name\":\"SC Works Worklink\",\"description\":\"Bringing Employers &amp; Job Seekers Together\",\"publisher\":{\"@id\":\"https:\\\/\\\/worklinkweb.com\\\/en\\\/#organization\"},\"potentialAction\":[{\"@type\":\"SearchAction\",\"target\":{\"@type\":\"EntryPoint\",\"urlTemplate\":\"https:\\\/\\\/worklinkweb.com\\\/en\\\/?s={search_term_string}\"},\"query-input\":{\"@type\":\"PropertyValueSpecification\",\"valueRequired\":true,\"valueName\":\"search_term_string\"}}],\"inLanguage\":\"es\"},{\"@type\":\"Organization\",\"@id\":\"https:\\\/\\\/worklinkweb.com\\\/en\\\/#organization\",\"name\":\"SC Works Worklink\",\"url\":\"https:\\\/\\\/worklinkweb.com\\\/en\\\/\",\"logo\":{\"@type\":\"ImageObject\",\"inLanguage\":\"es\",\"@id\":\"https:\\\/\\\/worklinkweb.com\\\/en\\\/#\\\/schema\\\/logo\\\/image\\\/\",\"url\":\"https:\\\/\\\/worklinkweb.com\\\/wp-content\\\/uploads\\\/2021\\\/05\\\/logo.jpeg\",\"contentUrl\":\"https:\\\/\\\/worklinkweb.com\\\/wp-content\\\/uploads\\\/2021\\\/05\\\/logo.jpeg\",\"width\":582,\"height\":115,\"caption\":\"SC Works Worklink\"},\"image\":{\"@id\":\"https:\\\/\\\/worklinkweb.com\\\/en\\\/#\\\/schema\\\/logo\\\/image\\\/\"},\"sameAs\":[\"https:\\\/\\\/www.facebook.com\\\/SCWorksWorkLink\\\/\",\"https:\\\/\\\/x.com\\\/SCWorksWorkLink\",\"http:\\\/\\\/www.youtube.com\\\/user\\\/WorkLinkWeb\"]}]}<\/script>\n<!-- \/ Yoast SEO plugin. -->","yoast_head_json":{"title":"Conexiones juveniles de Palmetto - SC Works Worklink","robots":{"index":"index","follow":"follow","max-snippet":"max-snippet:-1","max-image-preview":"max-image-preview:large","max-video-preview":"max-video-preview:-1"},"canonical":"https:\/\/worklinkweb.com\/es\/youth\/palmetto-youth-connections\/","og_locale":"es_MX","og_type":"article","og_title":"Palmetto Youth Connections - SC Works Worklink","og_url":"https:\/\/worklinkweb.com\/es\/youth\/palmetto-youth-connections\/","og_site_name":"SC Works Worklink","article_publisher":"https:\/\/www.facebook.com\/SCWorksWorkLink\/","article_modified_time":"2023-11-14T22:03:46+00:00","og_image":[{"url":"https:\/\/worklinkweb.com\/wp-content\/uploads\/2023\/11\/Josh.jpg","type":"","width":"","height":""}],"twitter_card":"summary_large_image","twitter_site":"@SCWorksWorkLink","twitter_misc":{"Tiempo de lectura":"2 minutos"},"schema":{"@context":"https:\/\/schema.org","@graph":[{"@type":"WebPage","@id":"https:\/\/worklinkweb.com\/youth\/palmetto-youth-connections\/","url":"https:\/\/worklinkweb.com\/youth\/palmetto-youth-connections\/","name":"Conexiones juveniles de Palmetto - SC Works Worklink","isPartOf":{"@id":"https:\/\/worklinkweb.com\/en\/#website"},"primaryImageOfPage":{"@id":"https:\/\/worklinkweb.com\/youth\/palmetto-youth-connections\/#primaryimage"},"image":{"@id":"https:\/\/worklinkweb.com\/youth\/palmetto-youth-connections\/#primaryimage"},"thumbnailUrl":"https:\/\/worklinkweb.com\/wp-content\/uploads\/2023\/11\/Josh.jpg","datePublished":"2015-10-28T00:04:01+00:00","dateModified":"2023-11-14T22:03:46+00:00","breadcrumb":{"@id":"https:\/\/worklinkweb.com\/youth\/palmetto-youth-connections\/#breadcrumb"},"inLanguage":"es","potentialAction":[{"@type":"ReadAction","target":["https:\/\/worklinkweb.com\/youth\/palmetto-youth-connections\/"]}]},{"@type":"ImageObject","inLanguage":"es","@id":"https:\/\/worklinkweb.com\/youth\/palmetto-youth-connections\/#primaryimage","url":"https:\/\/worklinkweb.com\/wp-content\/uploads\/2023\/11\/Josh.jpg","contentUrl":"https:\/\/worklinkweb.com\/wp-content\/uploads\/2023\/11\/Josh.jpg"},{"@type":"BreadcrumbList","@id":"https:\/\/worklinkweb.com\/youth\/palmetto-youth-connections\/#breadcrumb","itemListElement":[{"@type":"ListItem","position":1,"name":"Home","item":"https:\/\/worklinkweb.com\/"},{"@type":"ListItem","position":2,"name":"Youth","item":"https:\/\/worklinkweb.com\/youth\/"},{"@type":"ListItem","position":3,"name":"Palmetto Youth Connections"}]},{"@type":"WebSite","@id":"https:\/\/worklinkweb.com\/en\/#website","url":"https:\/\/worklinkweb.com\/en\/","name":"SC Works Worklink","description":"Reunir a empleadores y solicitantes de empleo","publisher":{"@id":"https:\/\/worklinkweb.com\/en\/#organization"},"potentialAction":[{"@type":"SearchAction","target":{"@type":"EntryPoint","urlTemplate":"https:\/\/worklinkweb.com\/en\/?s={search_term_string}"},"query-input":{"@type":"PropertyValueSpecification","valueRequired":true,"valueName":"search_term_string"}}],"inLanguage":"es"},{"@type":"Organization","@id":"https:\/\/worklinkweb.com\/en\/#organization","name":"SC Works Worklink","url":"https:\/\/worklinkweb.com\/en\/","logo":{"@type":"ImageObject","inLanguage":"es","@id":"https:\/\/worklinkweb.com\/en\/#\/schema\/logo\/image\/","url":"https:\/\/worklinkweb.com\/wp-content\/uploads\/2021\/05\/logo.jpeg","contentUrl":"https:\/\/worklinkweb.com\/wp-content\/uploads\/2021\/05\/logo.jpeg","width":582,"height":115,"caption":"SC Works Worklink"},"image":{"@id":"https:\/\/worklinkweb.com\/en\/#\/schema\/logo\/image\/"},"sameAs":["https:\/\/www.facebook.com\/SCWorksWorkLink\/","https:\/\/x.com\/SCWorksWorkLink","http:\/\/www.youtube.com\/user\/WorkLinkWeb"]}]}},"_links":{"self":[{"href":"https:\/\/worklinkweb.com\/es\/wp-json\/wp\/v2\/pages\/97","targetHints":{"allow":["GET"]}}],"collection":[{"href":"https:\/\/worklinkweb.com\/es\/wp-json\/wp\/v2\/pages"}],"about":[{"href":"https:\/\/worklinkweb.com\/es\/wp-json\/wp\/v2\/types\/page"}],"author":[{"embeddable":true,"href":"https:\/\/worklinkweb.com\/es\/wp-json\/wp\/v2\/users\/1"}],"replies":[{"embeddable":true,"href":"https:\/\/worklinkweb.com\/es\/wp-json\/wp\/v2\/comments?post=97"}],"version-history":[{"count":17,"href":"https:\/\/worklinkweb.com\/es\/wp-json\/wp\/v2\/pages\/97\/revisions"}],"predecessor-version":[{"id":5883,"href":"https:\/\/worklinkweb.com\/es\/wp-json\/wp\/v2\/pages\/97\/revisions\/5883"}],"up":[{"embeddable":true,"href":"https:\/\/worklinkweb.com\/es\/wp-json\/wp\/v2\/pages\/96"}],"wp:attachment":[{"href":"https:\/\/worklinkweb.com\/es\/wp-json\/wp\/v2\/media?parent=97"}],"curies":[{"name":"wp","href":"https:\/\/api.w.org\/{rel}","templated":true}]}}